{"id":6322,"date":"2026-04-23T18:16:43","date_gmt":"2026-04-23T18:16:43","guid":{"rendered":"https:\/\/laurafinocchiaro.com.br\/site\/?page_id=6322"},"modified":"2026-04-24T19:17:54","modified_gmt":"2026-04-24T19:17:54","slug":"release-notas-solares","status":"publish","type":"page","link":"https:\/\/laurafinocchiaro.com.br\/site\/release-notas-solares\/","title":{"rendered":"Release Notas solares"},"content":{"rendered":"<div class=\"vce-row-container\"><div class=\"vce-row vce-row--col-gap-30 vce-row-content--top\" data-vce-full-width=\"true\" id=\"el-5e0b5acd\" data-vce-do-apply=\"all el-5e0b5acd\"><div class=\"vce-content-background-container\"><\/div><div class=\"vce-row-content\" data-vce-element-content=\"true\"><div class=\"vce-col vce-col--md-auto vce-col--xs-1 vce-col--xs-last vce-col--xs-first vce-col--sm-last vce-col--sm-first vce-col--md-last vce-col--lg-last vce-col--xl-last vce-col--md-first vce-col--lg-first vce-col--xl-first\" id=\"el-38562e7e\"><div class=\"vce-col-inner\" data-vce-do-apply=\"border margin background  el-38562e7e\"><div class=\"vce-content-background-container\"><\/div><div class=\"vce-col-content\" data-vce-element-content=\"true\" data-vce-do-apply=\"padding el-38562e7e\"><div class=\"vce-yt-video-player vce-yt-video-player--align-left vce-yt-video-player--size-853x480\"><div class=\"vce vce-yt-video-player-wrapper\" id=\"el-8d5033c7\" data-vce-do-apply=\"all el-8d5033c7\" style=\"width: 853px;\"><div class=\"vce-yt-video-player-inner\"><iframe class=\"vce-yt-video-player-iframe\" src=\"https:\/\/www.youtube.com\/embed\/Dutw7LXFPUw?autoplay=0&amp;mute=0&amp;color=red&amp;controls=1&amp;loop=0&amp;rel=0&amp;start=0&amp;cc_load_policy=0&amp;iv_load_policy=3&amp;enablejsapi=1\" width=\"640\" height=\"390\" allowfullscreen=\"\" title=\"YouTube video\"><\/iframe><\/div><\/div><\/div><div class=\"vce-text-block\"><div class=\"vce-text-block-wrapper vce\" id=\"el-001a735f\" data-vce-do-apply=\"all el-001a735f\"><p><span style=\"font-size: 24pt;\"><strong>Notas solares&nbsp;<br><\/strong><\/span><\/p>\n<h3 style=\"line-height: 1;\"><span style=\"font-size: 12pt;\"><strong>Lan\u00e7amento novo single Laura Finocchiaro com participa\u00e7\u00f5es especiais de V\u00e2nia Bastos, Ronaldo Rayol, Jo\u00e3o Parahyba e Artur Rodrigues&nbsp;<\/strong><\/span><span style=\"font-size: 24pt;\"><strong><br><\/strong><\/span><\/h3>\n<p>A cantora, compositora e produtora Laura Finocchiaro vai lan\u00e7ar o single \u201cNotas Solares\u201d no pr\u00f3ximo dia 1\u00ba de maio. A inspira\u00e7\u00e3o veio de um econtro inusitado com Dona Olga, uma senhora de 90 anos que ela conheceu num show da cantora V\u00e2nia Bastos. \u201cCome\u00e7amos a conversar sobre a guerra, os conflitos e acontecimentos da \u00e9poca no Brasil. Ela foi t\u00e3o delicada, t\u00e3o suave ao lamentar a viol\u00eancia e a falta de respeito entre as pessoas\u201d, comentou Laura. \u201cFiquei muito tocada com ela, a forma como ela se colocou\u201d. Laura disse que era compositora e que faria uma can\u00e7\u00e3o para Dona Olga.<\/p>\n<p>Assim foi. Chegando em casa, emocionada com o encontro e com o show de V\u00e2nia Bastos, de quem Laura \u00e9 muito f\u00e3, ela comp\u00f4s a delicada \u201cNotas Solares\u201d. Depois mostrou para a pr\u00f3pria V\u00e2nia Bastos e a convidou para participar.<\/p>\n<p>Para enriquecer ainda mais a obra, o m\u00fasico e arranjador Ronaldo Rayol gravou as cordas, conferindo densidade e sofistica\u00e7\u00e3o \u00e0 composi\u00e7\u00e3o.<\/p>\n<p>A produ\u00e7\u00e3o musical ficou a cargo da pr\u00f3pria Laura Finocchiaro, que programou a base eletr\u00f4nica, gravou os sintetizadores, voz e viol\u00f5es. O single ainda conta com a participa\u00e7\u00e3o especial do hist\u00f3rico percussionista Jo\u00e3o Parahyba e do talentoso flautista Artur Rodrigues, que imprimem identidade e personalidade \u00e0 grava\u00e7\u00e3o.<\/p>\n<p>\u201cNotas Solares\u201d ser\u00e1 lan\u00e7ado dia 1\u00ba de maio pelo selo Sorte Produ\u00e7\u00f5es com distribui\u00e7\u00e3o da Tratore.<\/p>\n<h3><\/h3><\/div><\/div><div class=\"vce-row-container\" data-vce-boxed-width=\"true\"><div class=\"vce-row vce-row--col-gap-30 vce-row-equal-height vce-row-content--top\" id=\"el-73214020\" data-vce-do-apply=\"all el-73214020\"><div class=\"vce-row-content\" data-vce-element-content=\"true\"><div class=\"vce-col vce-col--md-auto vce-col--xs-1 vce-col--xs-last vce-col--xs-first vce-col--sm-last vce-col--sm-first vce-col--md-first vce-col--lg-first vce-col--xl-first\" id=\"el-2cea0cea\"><div class=\"vce-col-inner\" data-vce-do-apply=\"border margin background  el-2cea0cea\"><div class=\"vce-col-content\" data-vce-element-content=\"true\" data-vce-do-apply=\"padding el-2cea0cea\"><div class=\"vce-single-image-container vce-single-image--align-left\"><div class=\"vce vce-single-image-wrapper\" id=\"el-88a9a2f8\" data-vce-do-apply=\"all el-88a9a2f8\"><figure><div class=\"vce-single-image-figure-inner\" style=\"width: 638px;\"><div class=\"vce-single-image-inner vce-single-image--absolute\" style=\"width: 100%; padding-bottom: 160.502%;\"><img fetchpriority=\"high\" decoding=\"async\" class=\"vce-single-image\"  width=\"638\" height=\"1024\" srcset=\"https:\/\/laurafinocchiaro.com.br\/site\/wp-content\/uploads\/2026\/04\/07.LAURA-FINOCCHIARO_FOTO-low-638x1024.jpg 638w, https:\/\/laurafinocchiaro.com.br\/site\/wp-content\/uploads\/2026\/04\/07.LAURA-FINOCCHIARO_FOTO-low-320x513.jpg 320w, https:\/\/laurafinocchiaro.com.br\/site\/wp-content\/uploads\/2026\/04\/07.LAURA-FINOCCHIARO_FOTO-low-480x770.jpg 480w, https:\/\/laurafinocchiaro.com.br\/site\/wp-content\/uploads\/2026\/04\/07.LAURA-FINOCCHIARO_FOTO-low-800x1283.jpg 800w\" src=\"https:\/\/laurafinocchiaro.com.br\/site\/wp-content\/uploads\/2026\/04\/07.LAURA-FINOCCHIARO_FOTO-low-638x1024.jpg\" data-img-src=\"https:\/\/laurafinocchiaro.com.br\/site\/wp-content\/uploads\/2026\/04\/07.LAURA-FINOCCHIARO_FOTO-low.jpg\" data-attachment-id=\"6328\"  alt=\"\" title=\"07.LAURA FINOCCHIARO_FOTO low\" \/><\/div><\/div><figcaption hidden=\"\"><\/figcaption><\/figure><\/div><\/div><div class=\"vce-text-block\"><div class=\"vce-text-block-wrapper vce\" id=\"el-9dc907b9\" data-vce-do-apply=\"all el-9dc907b9\"><h2><span style=\"font-size: 12pt;\">Laura Finocchiaro<\/span><\/h2><\/div><\/div><\/div><\/div><\/div><div class=\"vce-col vce-col--md-auto vce-col--xs-1 vce-col--xs-last vce-col--xs-first vce-col--sm-last vce-col--sm-first vce-col--md-last vce-col--lg-last vce-col--xl-last\" id=\"el-599c9e88\"><div class=\"vce-col-inner\" data-vce-do-apply=\"border margin background  el-599c9e88\"><div class=\"vce-col-content\" data-vce-element-content=\"true\" data-vce-do-apply=\"padding el-599c9e88\"><div class=\"vce-single-image-container vce-single-image--align-left\"><div class=\"vce vce-single-image-wrapper\" id=\"el-4bb067aa\" data-vce-do-apply=\"all el-4bb067aa\"><figure><div class=\"vce-single-image-figure-inner\" style=\"width: 638px;\"><div class=\"vce-single-image-inner vce-single-image--absolute\" style=\"width: 100%; padding-bottom: 160.502%;\"><img decoding=\"async\" class=\"vce-single-image\"  width=\"638\" height=\"1024\" srcset=\"https:\/\/laurafinocchiaro.com.br\/site\/wp-content\/uploads\/2026\/04\/06.VANIA-BASTOS_Fotodivulgacao-638x1024.jpeg 638w, https:\/\/laurafinocchiaro.com.br\/site\/wp-content\/uploads\/2026\/04\/06.VANIA-BASTOS_Fotodivulgacao-320x513.jpeg 320w, https:\/\/laurafinocchiaro.com.br\/site\/wp-content\/uploads\/2026\/04\/06.VANIA-BASTOS_Fotodivulgacao-480x770.jpeg 480w, https:\/\/laurafinocchiaro.com.br\/site\/wp-content\/uploads\/2026\/04\/06.VANIA-BASTOS_Fotodivulgacao-800x1283.jpeg 800w\" src=\"https:\/\/laurafinocchiaro.com.br\/site\/wp-content\/uploads\/2026\/04\/06.VANIA-BASTOS_Fotodivulgacao-638x1024.jpeg\" data-img-src=\"https:\/\/laurafinocchiaro.com.br\/site\/wp-content\/uploads\/2026\/04\/06.VANIA-BASTOS_Fotodivulgacao.jpeg\" data-attachment-id=\"6327\"  alt=\"\" title=\"06.V\u00c2NIA BASTOS_Foto(divulga\u00e7\u00e3o)\" \/><\/div><\/div><figcaption hidden=\"\"><\/figcaption><\/figure><\/div><\/div><div class=\"vce-text-block\"><div class=\"vce-text-block-wrapper vce\" id=\"el-6df798a7\" data-vce-do-apply=\"all el-6df798a7\"><h2><span style=\"font-size: 12pt;\">V\u00e2nia Bastos<\/span><\/h2><\/div><\/div><\/div><\/div><\/div><\/div><\/div><\/div><div class=\"vce-text-block\"><div class=\"vce-text-block-wrapper vce\" id=\"el-be79cfd8\" data-vce-do-apply=\"all el-be79cfd8\"><h2>Letra<\/h2>\n<p><a href=\"https:\/\/laurafinocchiaro.com.br\/site\/wp-content\/uploads\/2026\/04\/05.LETRACIFRASNotas-Solares_05.10.25.pdf\" class=\"pdfemb-viewer\" style=\"\" data-width=\"max\" data-height=\"max\" data-toolbar=\"bottom\" data-toolbar-fixed=\"off\">05.LETRA+CIFRAS(Notas-Solares)_05.10.25<\/a><\/p><\/div><\/div><div class=\"vce-text-block\"><div class=\"vce-text-block-wrapper vce\" id=\"el-cc0552ae\" data-vce-do-apply=\"all el-cc0552ae\"><h2>Ficha t\u00e9cnica<\/h2>\n<p>Laura Finocchiaro: Composi\u00e7\u00e3o, Arranjo, Produ\u00e7\u00e3o Musical, Programa\u00e7\u00f5es, Viol\u00e3o e voz&nbsp;<\/p>\n<p>V\u00e2nia Bastos: Voz&nbsp;<\/p>\n<p>Ronaldo Rayol: Cordas&nbsp;<\/p>\n<p>Jo\u00e3o Parahyba: Percuss\u00e3o&nbsp;<\/p>\n<p>Artur Rodrigues: Flauta&nbsp;<\/p>\n<p>Edi\u00e7\u00e3o Vocal: Enrico Romano<\/p>\n<p>Mixagem e Masteriza\u00e7\u00e3o: Alex Angeloni&nbsp;<\/p>\n<p>Capa: Thiago dos Reis&nbsp;<\/p>\n<p>Videoclipe (anima\u00e7\u00e3o): Alessandro Santos&nbsp;<\/p>\n<p>Lan\u00e7amento: Sorte Produ\u00e7\u00f5es&nbsp;<\/p>\n<p>Distribui\u00e7\u00e3o: Tratore<\/p>\n<p><strong>Contato para imprensa:<\/strong><\/p>\n<p><em><strong>Piky Candeias Comunica\u00e7\u00e3o&nbsp;<br><\/strong>+55 (11) 982023804<br><a href=\"mailto:pikycandeias@gmail.com\">pikycandeias@gmail.com<\/a><br>Instagram: @pikycandeias.comunica\u00e7\u00e3o&nbsp; &nbsp; &nbsp; &nbsp; &nbsp; &nbsp; &nbsp; &nbsp; &nbsp; &nbsp; &nbsp; &nbsp; &nbsp; &nbsp; &nbsp; &nbsp; &nbsp; &nbsp; &nbsp; &nbsp; &nbsp; &nbsp; &nbsp; &nbsp; &nbsp; &nbsp; &nbsp; &nbsp; &nbsp; &nbsp; &nbsp; &nbsp;<\/em><\/p>\n<p><span><em>Links:&nbsp;<\/em><\/span><\/p>\n<p><span><em><a href=\"https:\/\/linktr.ee\/laurafinocchiaro_\">https:\/\/linktr.ee\/laurafinocchiaro_<\/a>&nbsp;&nbsp;<\/em><\/span><\/p>\n<p><span><em>Site Oficial:&nbsp; &nbsp; &nbsp; &nbsp; &nbsp; &nbsp; &nbsp; &nbsp; &nbsp; &nbsp; &nbsp; &nbsp; &nbsp; &nbsp; &nbsp; &nbsp;&nbsp;<\/em><\/span><\/p>\n<p><a href=\"https:\/\/laurafinocchiaro.com.br\/\"><span><em>www.laurafinocchiaro.com.br<\/em><\/span><\/a><\/p>\n<p><span><em>Selo: Sorte Produ\u00e7\u00f5es&nbsp;&nbsp;<\/em><\/span><\/p>\n<p><span><em>Distribui\u00e7\u00e3o: Tratore<\/em><\/span><span><em>&nbsp;<\/em><\/span><\/p>\n<p><span><em>Realiza\u00e7\u00e3o: Sorte Produ\u00e7\u00f5es&nbsp;&nbsp;<\/em><\/span><\/p><\/div><\/div><\/div><\/div><\/div><\/div><\/div><\/div><div class=\"vce-row-container\" data-vce-boxed-width=\"true\"><div class=\"vce-row vce-row--col-gap-30 vce-row-content--top\" id=\"el-f25d7fc0\" data-vce-do-apply=\"all el-f25d7fc0\"><div class=\"vce-row-content\" data-vce-element-content=\"true\"><div class=\"vce-col vce-col--md-100p vce-col--xs-1 vce-col--xs-last vce-col--xs-first vce-col--sm-last vce-col--sm-first vce-col--md-last vce-col--lg-last vce-col--xl-last vce-col--md-first vce-col--lg-first vce-col--xl-first\" id=\"el-307edc8d\"><div class=\"vce-col-inner\" data-vce-do-apply=\"border margin background  el-307edc8d\"><div class=\"vce-col-content\" data-vce-element-content=\"true\" data-vce-do-apply=\"padding el-307edc8d\"><div class=\"vce vce-separator-container vce-separator--align-center vce-separator--style-solid\" id=\"el-b03ac2f0\" data-vce-do-apply=\"margin el-b03ac2f0\"><div class=\"vce-separator vce-separator--color-bfc0c1 vce-separator--width-100 vce-separator--thickness-1\" data-vce-do-apply=\"border padding background  el-b03ac2f0\"><\/div><\/div><\/div><\/div><\/div><\/div><\/div><\/div><div class=\"vce-row-container\" data-vce-boxed-width=\"true\"><div class=\"vce-row vce-row--col-gap-30 vce-row-content--top\" id=\"el-003ba51d\" data-vce-do-apply=\"all el-003ba51d\"><div class=\"vce-row-content\" data-vce-element-content=\"true\"><div class=\"vce-col vce-col--md-100p vce-col--xs-1 vce-col--xs-last vce-col--xs-first vce-col--sm-last vce-col--sm-first vce-col--md-last vce-col--lg-last vce-col--xl-last vce-col--md-first vce-col--lg-first vce-col--xl-first\" id=\"el-7d5ce7b3\"><div class=\"vce-col-inner\" data-vce-do-apply=\"border margin background  el-7d5ce7b3\"><div class=\"vce-col-content\" data-vce-element-content=\"true\" data-vce-do-apply=\"padding el-7d5ce7b3\"><div class=\"vcv-row-control-wrapper\"><\/div><\/div><\/div><\/div><\/div><\/div><\/div><div class=\"vce-row-container\"><div class=\"vce-row vce-row--col-gap-30 vce-row-equal-height vce-row-content--top\" data-vce-full-width=\"true\" id=\"el-f78aa36d\" data-vce-do-apply=\"all el-f78aa36d\"><div class=\"vce-content-background-container\"><\/div><div class=\"vce-row-content\" data-vce-element-content=\"true\"><div class=\"vce-col vce-col--md-auto vce-col--xs-1 vce-col--xs-last vce-col--xs-first vce-col--sm-last vce-col--sm-first vce-col--md-last vce-col--lg-last vce-col--xl-last vce-col--md-first vce-col--lg-first vce-col--xl-first\" id=\"el-35091094\"><div class=\"vce-col-inner\" data-vce-do-apply=\"border margin background  el-35091094\"><div class=\"vce-col-content\" data-vce-element-content=\"true\" data-vce-do-apply=\"padding el-35091094\"><div class=\"vce-row-container\"><div class=\"vce-row vce-row--col-gap-30 vce-row-equal-height vce-row-content--top\" data-vce-full-width=\"true\" id=\"el-5a79cf26\" data-vce-do-apply=\"all el-5a79cf26\"><div class=\"vce-content-background-container\"><\/div><div class=\"vce-row-content\" data-vce-element-content=\"true\"><div class=\"vce-col vce-col--md-auto vce-col--xs-1 vce-col--xs-last vce-col--xs-first vce-col--sm-last vce-col--sm-first vce-col--md-last vce-col--lg-last vce-col--xl-last vce-col--md-first vce-col--lg-first vce-col--xl-first\" id=\"el-d61c76ac\"><div class=\"vce-col-inner\" data-vce-do-apply=\"border margin background  el-d61c76ac\"><div class=\"vce-col-content\" data-vce-element-content=\"true\" data-vce-do-apply=\"padding el-d61c76ac\"><div class=\"vce-row-container\"><div class=\"vce-row vce-row--col-gap-40 vce-row-content--top\" data-vce-full-width=\"true\" id=\"el-00ee0b70\" data-vce-do-apply=\"all el-00ee0b70\"><div class=\"vce-content-background-container\"><\/div><div class=\"vce-row-content\" data-vce-element-content=\"true\"><div class=\"vce-col vce-col--md-20p vce-col--xs-1 vce-col--xs-last vce-col--xs-first vce-col--sm-last vce-col--sm-first vce-col--md-first vce-col--lg-first vce-col--xl-first\" id=\"el-a644b128\"><div class=\"vce-col-inner\" data-vce-do-apply=\"border margin background  el-a644b128\"><div class=\"vce-col-content\" data-vce-element-content=\"true\" data-vce-do-apply=\"padding el-a644b128\"><div class=\"vcv-row-control-wrapper\"><\/div><\/div><\/div><\/div><div class=\"vce-col vce-col--md-20p vce-col--xs-1 vce-col--xs-last vce-col--xs-first vce-col--sm-last vce-col--sm-first\" id=\"el-e022aab8\"><div class=\"vce-col-inner\" data-vce-do-apply=\"border margin background  el-e022aab8\"><div class=\"vce-col-content\" data-vce-element-content=\"true\" data-vce-do-apply=\"padding el-e022aab8\"><div class=\"vcv-row-control-wrapper\"><\/div><\/div><\/div><\/div><div class=\"vce-col vce-col--md-20p vce-col--xs-1 vce-col--xs-last vce-col--xs-first vce-col--sm-last vce-col--sm-first vce-col--md-last vce-col--lg-last vce-col--xl-last\" id=\"el-cb0567dd\"><div class=\"vce-col-inner\" data-vce-do-apply=\"border margin background  el-cb0567dd\"><div class=\"vce-col-content\" data-vce-element-content=\"true\" data-vce-do-apply=\"padding el-cb0567dd\"><div class=\"vcv-row-control-wrapper\"><\/div><\/div><\/div><\/div><\/div><\/div><\/div><\/div><\/div><\/div><\/div><\/div><\/div><\/div><\/div><\/div><\/div><\/div><\/div><div class=\"vce-row-container\" data-vce-boxed-width=\"true\"><div class=\"vce-row vce-row--col-gap-30 vce-row-equal-height vce-row-content--top\" id=\"el-a0f3b15b\" data-vce-do-apply=\"all el-a0f3b15b\"><div class=\"vce-row-content\" data-vce-element-content=\"true\"><div class=\"vce-col vce-col--md-auto vce-col--xs-1 vce-col--xs-last vce-col--xs-first vce-col--sm-last vce-col--sm-first vce-col--md-last vce-col--lg-last vce-col--xl-last vce-col--md-first vce-col--lg-first vce-col--xl-first\" id=\"el-ba2ae356\"><div class=\"vce-col-inner\" data-vce-do-apply=\"border margin background  el-ba2ae356\"><div class=\"vce-col-content\" data-vce-element-content=\"true\" data-vce-do-apply=\"padding el-ba2ae356\"><div class=\"vcv-row-control-wrapper\"><\/div><\/div><\/div><\/div><\/div><\/div><\/div><p><\/p>","protected":false},"excerpt":{"rendered":"<p>Notas solares&nbsp; Lan\u00e7amento novo single Laura Finocchiaro com participa\u00e7\u00f5es especiais de V\u00e2nia Bastos, Ronaldo Rayol, Jo\u00e3o Parahyba e Artur Rodrigues&nbsp; A cantora, compositora e produtora Laura Finocchiaro vai lan\u00e7ar o single \u201cNotas Solares\u201d no pr\u00f3ximo dia 1\u00ba de maio. A inspira\u00e7\u00e3o veio de um econtro inusitado com Dona Olga, uma [&hellip;]<\/p>\n","protected":false},"author":6,"featured_media":0,"parent":0,"menu_order":0,"comment_status":"closed","ping_status":"closed","template":"","meta":{"footnotes":""},"class_list":["post-6322","page","type-page","status-publish","hentry"],"_links":{"self":[{"href":"https:\/\/laurafinocchiaro.com.br\/site\/wp-json\/wp\/v2\/pages\/6322","targetHints":{"allow":["GET"]}}],"collection":[{"href":"https:\/\/laurafinocchiaro.com.br\/site\/wp-json\/wp\/v2\/pages"}],"about":[{"href":"https:\/\/laurafinocchiaro.com.br\/site\/wp-json\/wp\/v2\/types\/page"}],"author":[{"embeddable":true,"href":"https:\/\/laurafinocchiaro.com.br\/site\/wp-json\/wp\/v2\/users\/6"}],"replies":[{"embeddable":true,"href":"https:\/\/laurafinocchiaro.com.br\/site\/wp-json\/wp\/v2\/comments?post=6322"}],"version-history":[{"count":3,"href":"https:\/\/laurafinocchiaro.com.br\/site\/wp-json\/wp\/v2\/pages\/6322\/revisions"}],"predecessor-version":[{"id":6332,"href":"https:\/\/laurafinocchiaro.com.br\/site\/wp-json\/wp\/v2\/pages\/6322\/revisions\/6332"}],"wp:attachment":[{"href":"https:\/\/laurafinocchiaro.com.br\/site\/wp-json\/wp\/v2\/media?parent=6322"}],"curies":[{"name":"wp","href":"https:\/\/api.w.org\/{rel}","templated":true}]}}