{"id":6093,"date":"2025-03-27T14:57:46","date_gmt":"2025-03-27T14:57:46","guid":{"rendered":"https:\/\/laurafinocchiaro.com.br\/site\/?page_id=6093"},"modified":"2025-03-27T14:57:46","modified_gmt":"2025-03-27T14:57:46","slug":"onda-nova","status":"publish","type":"page","link":"https:\/\/laurafinocchiaro.com.br\/site\/onda-nova\/","title":{"rendered":"Onda Nova"},"content":{"rendered":"<div class=\"vce-row-container\"><div class=\"vce-row vce-row--col-gap-30 vce-row-content--top\" data-vce-full-width=\"true\" id=\"el-5e0b5acd\" data-vce-do-apply=\"all el-5e0b5acd\"><div class=\"vce-content-background-container\"><\/div><div class=\"vce-row-content\" data-vce-element-content=\"true\"><div class=\"vce-col vce-col--md-auto vce-col--xs-1 vce-col--xs-last vce-col--xs-first vce-col--sm-last vce-col--sm-first vce-col--md-last vce-col--lg-last vce-col--xl-last vce-col--md-first vce-col--lg-first vce-col--xl-first\" id=\"el-38562e7e\"><div class=\"vce-col-inner\" data-vce-do-apply=\"border margin background  el-38562e7e\"><div class=\"vce-content-background-container\"><\/div><div class=\"vce-col-content\" data-vce-element-content=\"true\" data-vce-do-apply=\"padding el-38562e7e\"><div class=\"vce-text-block\"><div class=\"vce-text-block-wrapper vce\" id=\"el-001a735f\" data-vce-do-apply=\"all el-001a735f\"><p><span style=\"font-size: 24pt;\"><strong><img fetchpriority=\"high\" decoding=\"async\" src=\"https:\/\/laurafinocchiaro.com.br\/site\/wp-content\/uploads\/2025\/03\/WhatsApp-Image-2025-03-11-at-15.20.34.jpeg\" alt=\"\" width=\"640\" height=\"640\" class=\"aligncenter wp-image-6069 size-full\" srcset=\"https:\/\/laurafinocchiaro.com.br\/site\/wp-content\/uploads\/2025\/03\/WhatsApp-Image-2025-03-11-at-15.20.34.jpeg 640w, https:\/\/laurafinocchiaro.com.br\/site\/wp-content\/uploads\/2025\/03\/WhatsApp-Image-2025-03-11-at-15.20.34-300x300.jpeg 300w, https:\/\/laurafinocchiaro.com.br\/site\/wp-content\/uploads\/2025\/03\/WhatsApp-Image-2025-03-11-at-15.20.34-150x150.jpeg 150w, https:\/\/laurafinocchiaro.com.br\/site\/wp-content\/uploads\/2025\/03\/WhatsApp-Image-2025-03-11-at-15.20.34-320x320.jpeg 320w, https:\/\/laurafinocchiaro.com.br\/site\/wp-content\/uploads\/2025\/03\/WhatsApp-Image-2025-03-11-at-15.20.34-480x480.jpeg 480w\" sizes=\"(max-width: 640px) 100vw, 640px\" \/><br><span style=\"font-size: 16pt;\">M\u00fasica: Laura Finocchiaro \/ <\/span><span style=\"font-size: 16pt;\">Letra: <span> Cristina Santeiro<\/span><\/span><\/strong><\/span><\/p>\n<p><strong><span style=\"font-size: 24pt;\">Letra<\/span><\/strong><\/p>\n<p>Gayvotas Futebol Clube (Onda Nova)<br>(Laura Finocchiaro e Cristina Santeiro)<\/p>\n<p>\"Onda nova<br>jogar com o cora\u00e7\u00e3o na frente<br>Onda nova<br>chutar a emo\u00e7\u00e3o pra cima<br>Onda nova<br>avan\u00e7ar, no espa\u00e7o, gol!<br>O centro e o gramado<br>10 corpos suados<br>Fonte do prazer...<br>Gaivotas Futebol Clube<br>Gaivotas Futebol...<br>No brilho dos jardins<br>Rola coisa fina<br>Beijos de purpurina<br>Abra\u00e7os de cetim<br>Lil\u00e1s cora\u00e7\u00e3o lazer<br>Mordaz sorriso gay<br>Gaivotas Futebol Clube<br>Gaivotas Futebol...\"<span><em><\/em><\/span><span><em>&nbsp; &nbsp;&nbsp;<\/em><\/span><\/p>\n<p>Canal oficial no YouTube:&nbsp;<a href=\"https:\/\/www.youtube.com\/@laurafinocchiaro\">https:\/\/www.youtube.com\/@laurafinocchiaro<\/a><\/p>\n<p>Instagram:&nbsp;<a href=\"https:\/\/www.instagram.com\/laurafinocchiaro\/\">https:\/\/www.instagram.com\/laurafinocchiaro\/<\/a><\/p><\/div><\/div><\/div><\/div><\/div><\/div><\/div><\/div><div class=\"vce-row-container\" data-vce-boxed-width=\"true\"><div class=\"vce-row vce-row--col-gap-30 vce-row-content--top\" id=\"el-f25d7fc0\" data-vce-do-apply=\"all el-f25d7fc0\"><div class=\"vce-row-content\" data-vce-element-content=\"true\"><div class=\"vce-col vce-col--md-100p vce-col--xs-1 vce-col--xs-last vce-col--xs-first vce-col--sm-last vce-col--sm-first vce-col--md-last vce-col--lg-last vce-col--xl-last vce-col--md-first vce-col--lg-first vce-col--xl-first\" id=\"el-307edc8d\"><div class=\"vce-col-inner\" data-vce-do-apply=\"border margin background  el-307edc8d\"><div class=\"vce-col-content\" data-vce-element-content=\"true\" data-vce-do-apply=\"padding el-307edc8d\"><div class=\"vce vce-separator-container vce-separator--align-center vce-separator--style-solid\" id=\"el-b03ac2f0\" data-vce-do-apply=\"margin el-b03ac2f0\"><div class=\"vce-separator vce-separator--color-bfc0c1 vce-separator--width-100 vce-separator--thickness-1\" data-vce-do-apply=\"border padding background  el-b03ac2f0\"><\/div><\/div><\/div><\/div><\/div><\/div><\/div><\/div><div class=\"vce-row-container\" data-vce-boxed-width=\"true\"><div class=\"vce-row vce-row--col-gap-30 vce-row-content--top\" id=\"el-003ba51d\" data-vce-do-apply=\"all el-003ba51d\"><div class=\"vce-row-content\" data-vce-element-content=\"true\"><div class=\"vce-col vce-col--md-100p vce-col--xs-1 vce-col--xs-last vce-col--xs-first vce-col--sm-last vce-col--sm-first vce-col--md-last vce-col--lg-last vce-col--xl-last vce-col--md-first vce-col--lg-first vce-col--xl-first\" id=\"el-7d5ce7b3\"><div class=\"vce-col-inner\" data-vce-do-apply=\"border margin background  el-7d5ce7b3\"><div class=\"vce-col-content\" data-vce-element-content=\"true\" data-vce-do-apply=\"padding el-7d5ce7b3\"><div><\/div><\/div><\/div><\/div><\/div><\/div><\/div><div class=\"vce-row-container\"><div class=\"vce-row vce-row--col-gap-30 vce-row-equal-height vce-row-content--top\" data-vce-full-width=\"true\" id=\"el-f78aa36d\" data-vce-do-apply=\"all el-f78aa36d\"><div class=\"vce-content-background-container\"><\/div><div class=\"vce-row-content\" data-vce-element-content=\"true\"><div class=\"vce-col vce-col--md-auto vce-col--xs-1 vce-col--xs-last vce-col--xs-first vce-col--sm-last vce-col--sm-first vce-col--md-last vce-col--lg-last vce-col--xl-last vce-col--md-first vce-col--lg-first vce-col--xl-first\" id=\"el-35091094\"><div class=\"vce-col-inner\" data-vce-do-apply=\"border margin background  el-35091094\"><div class=\"vce-col-content\" data-vce-element-content=\"true\" data-vce-do-apply=\"padding el-35091094\"><div class=\"vce-row-container\"><div class=\"vce-row vce-row--col-gap-30 vce-row-equal-height vce-row-content--top\" data-vce-full-width=\"true\" id=\"el-5a79cf26\" data-vce-do-apply=\"all el-5a79cf26\"><div class=\"vce-content-background-container\"><\/div><div class=\"vce-row-content\" data-vce-element-content=\"true\"><div class=\"vce-col vce-col--md-auto vce-col--xs-1 vce-col--xs-last vce-col--xs-first vce-col--sm-last vce-col--sm-first vce-col--md-last vce-col--lg-last vce-col--xl-last vce-col--md-first vce-col--lg-first vce-col--xl-first\" id=\"el-d61c76ac\"><div class=\"vce-col-inner\" data-vce-do-apply=\"border margin background  el-d61c76ac\"><div class=\"vce-col-content\" data-vce-element-content=\"true\" data-vce-do-apply=\"padding el-d61c76ac\"><div class=\"vce-row-container\"><div class=\"vce-row vce-row--col-gap-40 vce-row-content--top\" data-vce-full-width=\"true\" id=\"el-00ee0b70\" data-vce-do-apply=\"all el-00ee0b70\"><div class=\"vce-content-background-container\"><\/div><div class=\"vce-row-content\" data-vce-element-content=\"true\"><div class=\"vce-col vce-col--md-20p vce-col--xs-1 vce-col--xs-last vce-col--xs-first vce-col--sm-last vce-col--sm-first vce-col--md-first vce-col--lg-first vce-col--xl-first\" id=\"el-a644b128\"><div class=\"vce-col-inner\" data-vce-do-apply=\"border margin background  el-a644b128\"><div class=\"vce-col-content\" data-vce-element-content=\"true\" data-vce-do-apply=\"padding el-a644b128\"><div><\/div><\/div><\/div><\/div><div class=\"vce-col vce-col--md-20p vce-col--xs-1 vce-col--xs-last vce-col--xs-first vce-col--sm-last vce-col--sm-first\" id=\"el-e022aab8\"><div class=\"vce-col-inner\" data-vce-do-apply=\"border margin background  el-e022aab8\"><div class=\"vce-col-content\" data-vce-element-content=\"true\" data-vce-do-apply=\"padding el-e022aab8\"><div><\/div><\/div><\/div><\/div><div class=\"vce-col vce-col--md-20p vce-col--xs-1 vce-col--xs-last vce-col--xs-first vce-col--sm-last vce-col--sm-first vce-col--md-last vce-col--lg-last vce-col--xl-last\" id=\"el-cb0567dd\"><div class=\"vce-col-inner\" data-vce-do-apply=\"border margin background  el-cb0567dd\"><div class=\"vce-col-content\" data-vce-element-content=\"true\" data-vce-do-apply=\"padding el-cb0567dd\"><div><\/div><\/div><\/div><\/div><\/div><\/div><\/div><\/div><\/div><\/div><\/div><\/div><\/div><\/div><\/div><\/div><\/div><\/div><\/div><div class=\"vce-row-container\" data-vce-boxed-width=\"true\"><div class=\"vce-row vce-row--col-gap-30 vce-row-equal-height vce-row-content--top\" id=\"el-a0f3b15b\" data-vce-do-apply=\"all el-a0f3b15b\"><div class=\"vce-row-content\" data-vce-element-content=\"true\"><div class=\"vce-col vce-col--md-auto vce-col--xs-1 vce-col--xs-last vce-col--xs-first vce-col--sm-last vce-col--sm-first vce-col--md-last vce-col--lg-last vce-col--xl-last vce-col--md-first vce-col--lg-first vce-col--xl-first\" id=\"el-ba2ae356\"><div class=\"vce-col-inner\" data-vce-do-apply=\"border margin background  el-ba2ae356\"><div class=\"vce-col-content\" data-vce-element-content=\"true\" data-vce-do-apply=\"padding el-ba2ae356\"><div><\/div><\/div><\/div><\/div><\/div><\/div><\/div><p><\/p>","protected":false},"excerpt":{"rendered":"<p>M\u00fasica: Laura Finocchiaro \/ Letra: Cristina Santeiro Letra Gayvotas Futebol Clube (Onda Nova)(Laura Finocchiaro e Cristina Santeiro) &#8220;Onda novajogar com o cora\u00e7\u00e3o na frenteOnda novachutar a emo\u00e7\u00e3o pra cimaOnda novaavan\u00e7ar, no espa\u00e7o, gol!O centro e o gramado10 corpos suadosFonte do prazer&#8230;Gaivotas Futebol ClubeGaivotas Futebol&#8230;No brilho dos jardinsRola coisa finaBeijos de [&hellip;]<\/p>\n","protected":false},"author":6,"featured_media":0,"parent":0,"menu_order":0,"comment_status":"closed","ping_status":"closed","template":"","meta":{"footnotes":""},"class_list":["post-6093","page","type-page","status-publish","hentry"],"_links":{"self":[{"href":"https:\/\/laurafinocchiaro.com.br\/site\/wp-json\/wp\/v2\/pages\/6093","targetHints":{"allow":["GET"]}}],"collection":[{"href":"https:\/\/laurafinocchiaro.com.br\/site\/wp-json\/wp\/v2\/pages"}],"about":[{"href":"https:\/\/laurafinocchiaro.com.br\/site\/wp-json\/wp\/v2\/types\/page"}],"author":[{"embeddable":true,"href":"https:\/\/laurafinocchiaro.com.br\/site\/wp-json\/wp\/v2\/users\/6"}],"replies":[{"embeddable":true,"href":"https:\/\/laurafinocchiaro.com.br\/site\/wp-json\/wp\/v2\/comments?post=6093"}],"version-history":[{"count":2,"href":"https:\/\/laurafinocchiaro.com.br\/site\/wp-json\/wp\/v2\/pages\/6093\/revisions"}],"predecessor-version":[{"id":6095,"href":"https:\/\/laurafinocchiaro.com.br\/site\/wp-json\/wp\/v2\/pages\/6093\/revisions\/6095"}],"wp:attachment":[{"href":"https:\/\/laurafinocchiaro.com.br\/site\/wp-json\/wp\/v2\/media?parent=6093"}],"curies":[{"name":"wp","href":"https:\/\/api.w.org\/{rel}","templated":true}]}}