{"id":6071,"date":"2025-03-27T12:29:54","date_gmt":"2025-03-27T12:29:54","guid":{"rendered":"https:\/\/laurafinocchiaro.com.br\/site\/?page_id=6071"},"modified":"2025-03-27T12:39:41","modified_gmt":"2025-03-27T12:39:41","slug":"release-gayvotas","status":"publish","type":"page","link":"https:\/\/laurafinocchiaro.com.br\/site\/release-gayvotas\/","title":{"rendered":"Release &#8220;Onda Nova&#8221;"},"content":{"rendered":"<div class=\"vce-row-container\"><div class=\"vce-row vce-row--col-gap-30 vce-row-equal-height vce-row-content--top\" data-vce-full-width=\"true\" id=\"el-39550c5a\" data-vce-do-apply=\"all el-39550c5a\"><div class=\"vce-content-background-container\"><\/div><div class=\"vce-row-content\" data-vce-element-content=\"true\"><div class=\"vce-col vce-col--md-auto vce-col--xs-1 vce-col--xs-last vce-col--xs-first vce-col--sm-last vce-col--sm-first vce-col--md-last vce-col--lg-last vce-col--xl-last vce-col--md-first vce-col--lg-first vce-col--xl-first\" id=\"el-50f5b5e9\"><div class=\"vce-col-inner\" data-vce-do-apply=\"border margin background  el-50f5b5e9\"><div class=\"vce-content-background-container\"><\/div><div class=\"vce-col-content\" data-vce-element-content=\"true\" data-vce-do-apply=\"padding el-50f5b5e9\"><div class=\"vce-single-image-container vce-single-image--align-left\"><div class=\"vce vce-single-image-wrapper\" id=\"el-c363bfe0\" data-vce-do-apply=\"all el-c363bfe0\"><figure><div class=\"vce-single-image-figure-inner\" style=\"width: 1024px;\"><div class=\"vce-single-image-inner vce-single-image--absolute\" style=\"width: 100%; padding-bottom: 37.9883%;\"><img fetchpriority=\"high\" decoding=\"async\" class=\"vce-single-image\"  width=\"1024\" height=\"389\" srcset=\"https:\/\/laurafinocchiaro.com.br\/site\/wp-content\/uploads\/2025\/03\/banner-onda-nova-1024x389.jpg 1024w, https:\/\/laurafinocchiaro.com.br\/site\/wp-content\/uploads\/2025\/03\/banner-onda-nova-320x122.jpg 320w, https:\/\/laurafinocchiaro.com.br\/site\/wp-content\/uploads\/2025\/03\/banner-onda-nova-480x182.jpg 480w, https:\/\/laurafinocchiaro.com.br\/site\/wp-content\/uploads\/2025\/03\/banner-onda-nova-800x304.jpg 800w\" src=\"https:\/\/laurafinocchiaro.com.br\/site\/wp-content\/uploads\/2025\/03\/banner-onda-nova-1024x389.jpg\" data-img-src=\"https:\/\/laurafinocchiaro.com.br\/site\/wp-content\/uploads\/2025\/03\/banner-onda-nova.jpg\" data-attachment-id=\"6076\"  alt=\"\" title=\"banner onda nova\" \/><\/div><\/div><figcaption hidden=\"\"><\/figcaption><\/figure><\/div><\/div><\/div><\/div><\/div><\/div><\/div><\/div><div class=\"vce-row-container\"><div class=\"vce-row vce-row--col-gap-30 vce-row-equal-height vce-row-content--top\" data-vce-full-width=\"true\" id=\"el-357c33a9\" data-vce-do-apply=\"all el-357c33a9\"><div class=\"vce-row-content\" data-vce-element-content=\"true\"><div class=\"vce-col vce-col--md-94p vce-col--xs-1 vce-col--xs-last vce-col--xs-first vce-col--sm-last vce-col--sm-first vce-col--md-first vce-col--lg-first vce-col--xl-first\" id=\"el-a9a80922\"><div class=\"vce-col-inner\" data-vce-do-apply=\"border margin background  el-a9a80922\"><div class=\"vce-col-content\" data-vce-element-content=\"true\" data-vce-do-apply=\"padding el-a9a80922\"><div class=\"vce-text-block\"><div class=\"vce-text-block-wrapper vce\" id=\"el-98f7acd0\" data-vce-do-apply=\"all el-98f7acd0\"><div><!-- Enter your scripts here --><noscript><style>.vce-row-container .vcv-lozad {display: none}<\/style><\/noscript><\/div>\n<p><\/p>\n<div>\n<p><strong><span style=\"font-size: 16px;\">LAURA FINOCCHIARO LAN\u00c7A NESTE 27 DE MAR\u00c7O O SINGLE \u201cONDA NOVA\u201d<br><em><br><a href=\"https:\/\/laurafinocchiaro.com.br\/site\/wp-content\/uploads\/2025\/03\/releaseGayvotas-Futebol-Clube.pdf\" class=\"pdfemb-viewer\" style=\"\" data-width=\"max\" data-height=\"max\" data-toolbar=\"bottom\" data-toolbar-fixed=\"off\">releaseGayvotas Futebol Clube<\/a><\/em><\/span><\/strong><span style=\"font-size: 16px;\"><em><\/em><\/span><\/p>\n<p>Gayvotas Futebol Clube (Onda Nova)<br>(Laura Finocchiaro e Cristina Santeiro)<\/p>\n<p>Onda nova <br>jogar com o cora\u00e7\u00e3o na frente<br>Onda nova <br>chutar a emo\u00e7\u00e3o pra cima<br>Onda nova <br>avan\u00e7ar, no espa\u00e7o, gol!<br>O centro e o gramado<br>10 corpos suados<br>Fonte do prazer...<br>Gaivotas Futebol Clube<br>Gaivotas Futebol...<br>No brilho dos jardins<br>Rola coisa fina<br>Beijos de purpurina<br>Abra\u00e7os de cetim<br>Lil\u00e1s cora\u00e7\u00e3o lazer<br>Mordaz sorriso gay<br>Gaivotas Futebol Clube<br>Gaivotas Futebol...<span style=\"font-size: 16px;\"><em><\/em><\/span><span style=\"font-size: 16px;\"><em>&nbsp; &nbsp; &nbsp; &nbsp; &nbsp; &nbsp; &nbsp; &nbsp; &nbsp; &nbsp; &nbsp; &nbsp; &nbsp; &nbsp; &nbsp; &nbsp; &nbsp; &nbsp; &nbsp; &nbsp; &nbsp; &nbsp; &nbsp; &nbsp; &nbsp; &nbsp;&nbsp;<\/em><\/span><\/p>\n<p><span style=\"font-size: 16px;\"><em>Links:&nbsp;<\/em><\/span><\/p>\n<p><span style=\"font-size: 16px;\"><em><a href=\"https:\/\/tratore.ffm.to\/ondanovahttps:\/\/linktr.ee\/laurafinocchiaro_\">https:\/\/tratore.ffm.to\/ondanovahttps:\/\/linktr.ee\/laurafinocchiaro_<\/a>&nbsp;&nbsp;<\/em><\/span><\/p>\n<p><span style=\"font-size: 16px;\"><em>Site Oficial:&nbsp; &nbsp; &nbsp; &nbsp; &nbsp; &nbsp; &nbsp; &nbsp; &nbsp; &nbsp; &nbsp; &nbsp; &nbsp; &nbsp; &nbsp; &nbsp;&nbsp;<\/em><\/span><\/p>\n<p><a href=\"https:\/\/laurafinocchiaro.com.br\/\"><span style=\"font-size: 16px;\"><em>www.laurafinocchiaro.com.br<\/em><\/span><\/a><\/p>\n<p><span style=\"font-size: 16px;\"><em>Selo: Sorte Produ\u00e7\u00f5es&nbsp;&nbsp;<\/em><\/span><\/p>\n<p><span style=\"font-size: 16px;\"><em>Distribui\u00e7\u00e3o: Tratore<\/em><\/span><span style=\"font-size: 16px;\"><em>&nbsp;<\/em><\/span><\/p>\n<p><span style=\"font-size: 16px;\"><em>Realiza\u00e7\u00e3o: Sorte Produ\u00e7\u00f5es&nbsp;&nbsp;<\/em><\/span><\/p>\n<p><\/p>\n<\/div>\n<div><!-- Enter your scripts here --><\/div><\/div><\/div><\/div><\/div><\/div><div class=\"vce-col vce-col--md-6p vce-col--xs-1 vce-col--xs-last vce-col--xs-first vce-col--sm-last vce-col--sm-first vce-col--md-last vce-col--lg-last vce-col--xl-last\" id=\"el-d955bf30\"><div class=\"vce-col-inner\" data-vce-do-apply=\"border margin background  el-d955bf30\"><div class=\"vce-col-content\" data-vce-element-content=\"true\" data-vce-do-apply=\"padding el-d955bf30\"><div><\/div><\/div><\/div><\/div><\/div><\/div><\/div><div class=\"vce-row-container\" data-vce-boxed-width=\"true\"><div class=\"vce-row vce-row--col-gap-30 vce-row-equal-height vce-row-content--top\" id=\"el-18cb1a30\" data-vce-do-apply=\"all el-18cb1a30\"><div class=\"vce-row-content\" data-vce-element-content=\"true\"><div class=\"vce-col vce-col--md-auto vce-col--xs-1 vce-col--xs-last vce-col--xs-first vce-col--sm-last vce-col--sm-first vce-col--md-first vce-col--lg-first vce-col--xl-first\" id=\"el-7420a0de\"><div class=\"vce-col-inner\" data-vce-do-apply=\"border margin background  el-7420a0de\"><div class=\"vce-col-content\" data-vce-element-content=\"true\" data-vce-do-apply=\"padding el-7420a0de\"><div><\/div><\/div><\/div><\/div><div class=\"vce-col vce-col--md-auto vce-col--xs-1 vce-col--xs-last vce-col--xs-first vce-col--sm-last vce-col--sm-first\" id=\"el-d8e0e6b5\"><div class=\"vce-col-inner\" data-vce-do-apply=\"border margin background  el-d8e0e6b5\"><div class=\"vce-col-content\" data-vce-element-content=\"true\" data-vce-do-apply=\"padding el-d8e0e6b5\"><div><\/div><\/div><\/div><\/div><div class=\"vce-col vce-col--md-auto vce-col--xs-1 vce-col--xs-last vce-col--xs-first vce-col--sm-last vce-col--sm-first vce-col--md-last vce-col--lg-last vce-col--xl-last\" id=\"el-723f7038\"><div class=\"vce-col-inner\" data-vce-do-apply=\"border margin background  el-723f7038\"><div class=\"vce-col-content\" data-vce-element-content=\"true\" data-vce-do-apply=\"padding el-723f7038\"><div><\/div><\/div><\/div><\/div><\/div><\/div><\/div><p><\/p>","protected":false},"excerpt":{"rendered":"<p>LAURA FINOCCHIARO LAN\u00c7A NESTE 27 DE MAR\u00c7O O SINGLE \u201cONDA NOVA\u201d Gayvotas Futebol Clube (Onda Nova)(Laura Finocchiaro e Cristina Santeiro) Onda nova jogar com o cora\u00e7\u00e3o na frenteOnda nova chutar a emo\u00e7\u00e3o pra cimaOnda nova avan\u00e7ar, no espa\u00e7o, gol!O centro e o gramado10 corpos suadosFonte do prazer&#8230;Gaivotas Futebol ClubeGaivotas Futebol&#8230;No [&hellip;]<\/p>\n","protected":false},"author":6,"featured_media":0,"parent":0,"menu_order":0,"comment_status":"closed","ping_status":"closed","template":"","meta":{"footnotes":""},"class_list":["post-6071","page","type-page","status-publish","hentry"],"_links":{"self":[{"href":"https:\/\/laurafinocchiaro.com.br\/site\/wp-json\/wp\/v2\/pages\/6071","targetHints":{"allow":["GET"]}}],"collection":[{"href":"https:\/\/laurafinocchiaro.com.br\/site\/wp-json\/wp\/v2\/pages"}],"about":[{"href":"https:\/\/laurafinocchiaro.com.br\/site\/wp-json\/wp\/v2\/types\/page"}],"author":[{"embeddable":true,"href":"https:\/\/laurafinocchiaro.com.br\/site\/wp-json\/wp\/v2\/users\/6"}],"replies":[{"embeddable":true,"href":"https:\/\/laurafinocchiaro.com.br\/site\/wp-json\/wp\/v2\/comments?post=6071"}],"version-history":[{"count":5,"href":"https:\/\/laurafinocchiaro.com.br\/site\/wp-json\/wp\/v2\/pages\/6071\/revisions"}],"predecessor-version":[{"id":6078,"href":"https:\/\/laurafinocchiaro.com.br\/site\/wp-json\/wp\/v2\/pages\/6071\/revisions\/6078"}],"wp:attachment":[{"href":"https:\/\/laurafinocchiaro.com.br\/site\/wp-json\/wp\/v2\/media?parent=6071"}],"curies":[{"name":"wp","href":"https:\/\/api.w.org\/{rel}","templated":true}]}}