{"id":6030,"date":"2025-02-21T23:24:39","date_gmt":"2025-02-21T23:24:39","guid":{"rendered":"https:\/\/laurafinocchiaro.com.br\/site\/?page_id=6030"},"modified":"2025-02-22T03:13:41","modified_gmt":"2025-02-22T03:13:41","slug":"release-mulher-de-purpura-no-boca-cultural","status":"publish","type":"page","link":"https:\/\/laurafinocchiaro.com.br\/site\/imprensa\/release-mulher-de-purpura-no-boca-cultural\/","title":{"rendered":"Release &#8220;Mulher de p\u00farpura&#8221; no Boca Cultural, S\u00e3o Paulo"},"content":{"rendered":"<div class=\"vce-row-container\"><div class=\"vce-row vce-row--col-gap-30 vce-row-equal-height vce-row-content--top\" data-vce-full-width=\"true\" id=\"el-39550c5a\" data-vce-do-apply=\"all el-39550c5a\"><div class=\"vce-content-background-container\"><\/div><div class=\"vce-row-content\" data-vce-element-content=\"true\"><div class=\"vce-col vce-col--md-auto vce-col--xs-1 vce-col--xs-last vce-col--xs-first vce-col--sm-last vce-col--sm-first vce-col--md-last vce-col--lg-last vce-col--xl-last vce-col--md-first vce-col--lg-first vce-col--xl-first\" id=\"el-50f5b5e9\"><div class=\"vce-col-inner\" data-vce-do-apply=\"border margin background  el-50f5b5e9\"><div class=\"vce-content-background-container\"><\/div><div class=\"vce-col-content\" data-vce-element-content=\"true\" data-vce-do-apply=\"padding el-50f5b5e9\"><div class=\"vce-single-image-container vce-single-image--align-left\"><div class=\"vce vce-single-image-wrapper\" id=\"el-c363bfe0\" data-vce-do-apply=\"all el-c363bfe0\"><figure><div class=\"vce-single-image-figure-inner\" style=\"width: 1024px;\"><div class=\"vce-single-image-inner vce-single-image--absolute\" style=\"width: 100%; padding-bottom: 37.9883%;\"><img fetchpriority=\"high\" decoding=\"async\" class=\"vce-single-image\"  width=\"1024\" height=\"389\" srcset=\"https:\/\/laurafinocchiaro.com.br\/site\/wp-content\/uploads\/2025\/02\/banner-mulher-de-purpura-1024x389.jpg 1024w, https:\/\/laurafinocchiaro.com.br\/site\/wp-content\/uploads\/2025\/02\/banner-mulher-de-purpura-320x122.jpg 320w, https:\/\/laurafinocchiaro.com.br\/site\/wp-content\/uploads\/2025\/02\/banner-mulher-de-purpura-480x182.jpg 480w, https:\/\/laurafinocchiaro.com.br\/site\/wp-content\/uploads\/2025\/02\/banner-mulher-de-purpura-800x304.jpg 800w\" src=\"https:\/\/laurafinocchiaro.com.br\/site\/wp-content\/uploads\/2025\/02\/banner-mulher-de-purpura-1024x389.jpg\" data-img-src=\"https:\/\/laurafinocchiaro.com.br\/site\/wp-content\/uploads\/2025\/02\/banner-mulher-de-purpura.jpg\" data-attachment-id=\"6032\"  alt=\"\" title=\"banner mulher de p\u00farpura\" \/><\/div><\/div><figcaption hidden=\"\"><\/figcaption><\/figure><\/div><\/div><\/div><\/div><\/div><\/div><\/div><\/div><div class=\"vce-row-container\"><div class=\"vce-row vce-row--col-gap-30 vce-row-equal-height vce-row-content--top\" data-vce-full-width=\"true\" id=\"el-357c33a9\" data-vce-do-apply=\"all el-357c33a9\"><div class=\"vce-row-content\" data-vce-element-content=\"true\"><div class=\"vce-col vce-col--md-94p vce-col--xs-1 vce-col--xs-last vce-col--xs-first vce-col--sm-last vce-col--sm-first vce-col--md-first vce-col--lg-first vce-col--xl-first\" id=\"el-a9a80922\"><div class=\"vce-col-inner\" data-vce-do-apply=\"border margin background  el-a9a80922\"><div class=\"vce-col-content\" data-vce-element-content=\"true\" data-vce-do-apply=\"padding el-a9a80922\"><div class=\"vce-text-block\"><div class=\"vce-text-block-wrapper vce\" id=\"el-97672397\" data-vce-do-apply=\"all el-97672397\"><p><span style=\"font-size: 18pt;\"><strong>Laura Finocchiaro apresenta o show \"Mulher de p\u00farpura\" no Boca Cultural, SP, no dia 6 de mar\u00e7o para celebrar o Dia Internacional da Mulher<\/strong><\/span><\/p>\n<p><a href=\"https:\/\/laurafinocchiaro.com.br\/site\/wp-content\/uploads\/2025\/02\/LAURA-FINOCCHIARO-RELEASE-BOCA-CULTURAL-060325-4_250219_215026-1.pdf\" class=\"pdfemb-viewer\" style=\"\" data-width=\"max\" data-height=\"max\" data-toolbar=\"bottom\" data-toolbar-fixed=\"off\">LAURA FINOCCHIARO RELEASE BOCA CULTURAL 060325-4_250219_215026 (1)<\/a><\/p><\/div><\/div><\/div><\/div><\/div><div class=\"vce-col vce-col--md-6p vce-col--xs-1 vce-col--xs-last vce-col--xs-first vce-col--sm-last vce-col--sm-first vce-col--md-last vce-col--lg-last vce-col--xl-last\" id=\"el-d955bf30\"><div class=\"vce-col-inner\" data-vce-do-apply=\"border margin background  el-d955bf30\"><div class=\"vce-col-content\" data-vce-element-content=\"true\" data-vce-do-apply=\"padding el-d955bf30\"><div><\/div><\/div><\/div><\/div><\/div><\/div><\/div><div class=\"vce-row-container\" data-vce-boxed-width=\"true\"><div class=\"vce-row vce-row--col-gap-30 vce-row-equal-height vce-row-content--top\" id=\"el-18cb1a30\" data-vce-do-apply=\"all el-18cb1a30\"><div class=\"vce-row-content\" data-vce-element-content=\"true\"><div class=\"vce-col vce-col--md-auto vce-col--xs-1 vce-col--xs-last vce-col--xs-first vce-col--sm-last vce-col--sm-first vce-col--md-first vce-col--lg-first vce-col--xl-first\" id=\"el-7420a0de\"><div class=\"vce-col-inner\" data-vce-do-apply=\"border margin background  el-7420a0de\"><div class=\"vce-col-content\" data-vce-element-content=\"true\" data-vce-do-apply=\"padding el-7420a0de\"><div><\/div><\/div><\/div><\/div><div class=\"vce-col vce-col--md-auto vce-col--xs-1 vce-col--xs-last vce-col--xs-first vce-col--sm-last vce-col--sm-first\" id=\"el-d8e0e6b5\"><div class=\"vce-col-inner\" data-vce-do-apply=\"border margin background  el-d8e0e6b5\"><div class=\"vce-col-content\" data-vce-element-content=\"true\" data-vce-do-apply=\"padding el-d8e0e6b5\"><div><\/div><\/div><\/div><\/div><div class=\"vce-col vce-col--md-auto vce-col--xs-1 vce-col--xs-last vce-col--xs-first vce-col--sm-last vce-col--sm-first vce-col--md-last vce-col--lg-last vce-col--xl-last\" id=\"el-723f7038\"><div class=\"vce-col-inner\" data-vce-do-apply=\"border margin background  el-723f7038\"><div class=\"vce-col-content\" data-vce-element-content=\"true\" data-vce-do-apply=\"padding el-723f7038\"><div><\/div><\/div><\/div><\/div><\/div><\/div><\/div><div class=\"vce-row-container\" data-vce-boxed-width=\"true\"><div class=\"vce-row vce-row--col-gap-30 vce-row-equal-height vce-row-content--top\" id=\"el-bb137cba\" data-vce-do-apply=\"all el-bb137cba\"><div class=\"vce-row-content\" data-vce-element-content=\"true\"><div class=\"vce-col vce-col--md-auto vce-col--xs-1 vce-col--xs-last vce-col--xs-first vce-col--sm-last vce-col--sm-first vce-col--md-last vce-col--lg-last vce-col--xl-last vce-col--md-first vce-col--lg-first vce-col--xl-first\" id=\"el-801ea931\"><div class=\"vce-col-inner\" data-vce-do-apply=\"border margin background  el-801ea931\"><div class=\"vce-col-content\" data-vce-element-content=\"true\" data-vce-do-apply=\"padding el-801ea931\"><div><\/div><\/div><\/div><\/div><\/div><\/div><\/div><div class=\"vce-row-container\" data-vce-boxed-width=\"true\"><div class=\"vce-row vce-row--col-gap-30 vce-row-equal-height vce-row-content--top\" id=\"el-bd81eef3\" data-vce-do-apply=\"all el-bd81eef3\"><div class=\"vce-row-content\" data-vce-element-content=\"true\"><div class=\"vce-col vce-col--md-auto vce-col--xs-1 vce-col--xs-last vce-col--xs-first vce-col--sm-last vce-col--sm-first vce-col--md-last vce-col--lg-last vce-col--xl-last vce-col--md-first vce-col--lg-first vce-col--xl-first\" id=\"el-b41ef489\"><div class=\"vce-col-inner\" data-vce-do-apply=\"border margin background  el-b41ef489\"><div class=\"vce-col-content\" data-vce-element-content=\"true\" data-vce-do-apply=\"padding el-b41ef489\"><div class=\"vce-text-block\"><div class=\"vce-text-block-wrapper vce\" id=\"el-5682da29\" data-vce-do-apply=\"all el-5682da29\"><p><strong>Servi\u00e7o<\/strong><\/p>\n<p>Laura Finocchiaro no show \u201cMulher&nbsp;de p\u00farpura\u201d<\/p>\n<p>Dia 6 de mar\u00e7o, 21h<\/p>\n<p>Boca Cultural \u2013 rua Jesu\u00edno Pascoal 77 \u2013 Santa Cec\u00edlia<\/p>\n<p>Ingressos: R$ 40 no <a href=\"https:\/\/www.sympla.com.br\/evento\/laura-finocchiaro-no-show-mulher-de-purpura-no-boca-cultural\/2842553\">site da Sympla<\/a><\/p><\/div><\/div><\/div><\/div><\/div><\/div><\/div><\/div><p><\/p>","protected":false},"excerpt":{"rendered":"<p>Laura Finocchiaro apresenta o show &#8220;Mulher de p\u00farpura&#8221; no Boca Cultural, SP, no dia 6 de mar\u00e7o para celebrar o Dia Internacional da Mulher Servi\u00e7o Laura Finocchiaro no show \u201cMulher&nbsp;de p\u00farpura\u201d Dia 6 de mar\u00e7o, 21h Boca Cultural \u2013 rua Jesu\u00edno Pascoal 77 \u2013 Santa Cec\u00edlia Ingressos: R$ 40 no [&hellip;]<\/p>\n","protected":false},"author":6,"featured_media":0,"parent":3147,"menu_order":0,"comment_status":"closed","ping_status":"closed","template":"","meta":{"footnotes":""},"class_list":["post-6030","page","type-page","status-publish","hentry"],"_links":{"self":[{"href":"https:\/\/laurafinocchiaro.com.br\/site\/wp-json\/wp\/v2\/pages\/6030","targetHints":{"allow":["GET"]}}],"collection":[{"href":"https:\/\/laurafinocchiaro.com.br\/site\/wp-json\/wp\/v2\/pages"}],"about":[{"href":"https:\/\/laurafinocchiaro.com.br\/site\/wp-json\/wp\/v2\/types\/page"}],"author":[{"embeddable":true,"href":"https:\/\/laurafinocchiaro.com.br\/site\/wp-json\/wp\/v2\/users\/6"}],"replies":[{"embeddable":true,"href":"https:\/\/laurafinocchiaro.com.br\/site\/wp-json\/wp\/v2\/comments?post=6030"}],"version-history":[{"count":3,"href":"https:\/\/laurafinocchiaro.com.br\/site\/wp-json\/wp\/v2\/pages\/6030\/revisions"}],"predecessor-version":[{"id":6044,"href":"https:\/\/laurafinocchiaro.com.br\/site\/wp-json\/wp\/v2\/pages\/6030\/revisions\/6044"}],"up":[{"embeddable":true,"href":"https:\/\/laurafinocchiaro.com.br\/site\/wp-json\/wp\/v2\/pages\/3147"}],"wp:attachment":[{"href":"https:\/\/laurafinocchiaro.com.br\/site\/wp-json\/wp\/v2\/media?parent=6030"}],"curies":[{"name":"wp","href":"https:\/\/api.w.org\/{rel}","templated":true}]}}