{"id":5897,"date":"2024-12-13T12:18:10","date_gmt":"2024-12-13T12:18:10","guid":{"rendered":"https:\/\/laurafinocchiaro.com.br\/site\/?page_id=5897"},"modified":"2025-02-26T21:15:37","modified_gmt":"2025-02-26T21:15:37","slug":"formatos-de-shows","status":"publish","type":"page","link":"https:\/\/laurafinocchiaro.com.br\/site\/formatos-de-shows\/","title":{"rendered":""},"content":{"rendered":"<div class=\"vce-row-container\"><div class=\"vce-row vce-row--col-gap-30 vce-row-equal-height vce-row-content--top\" data-vce-full-width=\"true\" id=\"el-8e75aa1d\" data-vce-do-apply=\"all el-8e75aa1d\"><div class=\"vce-content-background-container\"><\/div><div class=\"vce-row-content\" data-vce-element-content=\"true\"><div class=\"vce-col vce-col--md-auto vce-col--xs-1 vce-col--xs-last vce-col--xs-first vce-col--sm-last vce-col--sm-first vce-col--md-last vce-col--lg-last vce-col--xl-last vce-col--md-first vce-col--lg-first vce-col--xl-first\" id=\"el-f5d43f77\"><div class=\"vce-col-inner\" data-vce-do-apply=\"border margin background  el-f5d43f77\"><div class=\"vce-content-background-container\"><\/div><div class=\"vce-col-content\" data-vce-element-content=\"true\" data-vce-do-apply=\"padding el-f5d43f77\"><div><\/div><\/div><\/div><\/div><\/div><\/div><\/div><div class=\"vce-row-container\"><div class=\"vce-row vce-row--col-gap-30 vce-row-equal-height vce-row-content--top\" data-vce-full-width=\"true\" id=\"el-d871b518\" data-vce-do-apply=\"all el-d871b518\"><div class=\"vce-content-background-container\"><\/div><div class=\"vce-row-content\" data-vce-element-content=\"true\"><div class=\"vce-col vce-col--md-auto vce-col--xs-1 vce-col--xs-last vce-col--xs-first vce-col--sm-last vce-col--sm-first vce-col--md-last vce-col--lg-last vce-col--xl-last vce-col--md-first vce-col--lg-first vce-col--xl-first\" id=\"el-eecfd9fb\"><div class=\"vce-col-inner\" data-vce-do-apply=\"border margin background  el-eecfd9fb\"><div class=\"vce-content-background-container\"><\/div><div class=\"vce-col-content\" data-vce-element-content=\"true\" data-vce-do-apply=\"padding el-eecfd9fb\"><div class=\"vce-text-block\"><div class=\"vce-text-block-wrapper vce\" id=\"el-130d4ef1\" data-vce-do-apply=\"all el-130d4ef1\"><h2>Formatos<\/h2><\/div><\/div><div class=\"vce-text-block\"><div class=\"vce-text-block-wrapper vce\" id=\"el-f11de8ac\" data-vce-do-apply=\"all el-f11de8ac\"><p><span>Realizados para promover o trabalho musical da cantora, compositora, guitarrista, produtora musical e arte-educadora Laura Finocchiaro, a Sorte Produ\u00e7\u00f5es&nbsp; leva seu show e seu repert\u00f3rio original e ecl\u00e9tico em diversos formatos, do <em>pocket<\/em> (Laura solo ou acompanhada por um m\u00fasico) ao <em>band <\/em>(com tr\u00eas integrantes), para palcos e eventos culturais, sempre com \u00e9tica, cuidado est\u00e9tico, originalidade e responsabilidade.<\/span><\/p><\/div><\/div><div class=\"vce-text-block\"><div class=\"vce-text-block-wrapper vce\" id=\"el-699fd75b\" data-vce-do-apply=\"all el-699fd75b\"><h2><strong><span style=\"font-size: 18pt;\">Mapas de palco<\/span><\/strong><\/h2><\/div><\/div><div class=\"vce-text-block\"><div class=\"vce-text-block-wrapper vce\" id=\"el-aaf3ab7f\" data-vce-do-apply=\"all el-aaf3ab7f\"><p><span style=\"font-size: 16pt;\">Forma\u00e7\u00e3o Pocket<\/span><span style=\"font-size: 18pt;\"><\/span><\/p><\/div><\/div><div class=\"vce-single-image-container vce-single-image--align-left\"><div class=\"vce vce-single-image-wrapper\" id=\"el-f5669f3f\" data-vce-do-apply=\"all el-f5669f3f\"><figure><div class=\"vce-single-image-figure-inner\" style=\"width: 1024px;\"><div class=\"vce-single-image-inner vce-single-image--absolute\" style=\"width: 100%; padding-bottom: 66.6992%;\"><img fetchpriority=\"high\" decoding=\"async\" class=\"vce-single-image\"  width=\"1024\" height=\"683\" srcset=\"https:\/\/laurafinocchiaro.com.br\/site\/wp-content\/uploads\/2024\/12\/@Douglas_de_Campos-102-de-362-Large-1024x683.jpg 1024w, https:\/\/laurafinocchiaro.com.br\/site\/wp-content\/uploads\/2024\/12\/@Douglas_de_Campos-102-de-362-Large-320x213.jpg 320w, https:\/\/laurafinocchiaro.com.br\/site\/wp-content\/uploads\/2024\/12\/@Douglas_de_Campos-102-de-362-Large-480x320.jpg 480w, https:\/\/laurafinocchiaro.com.br\/site\/wp-content\/uploads\/2024\/12\/@Douglas_de_Campos-102-de-362-Large-800x534.jpg 800w\" src=\"https:\/\/laurafinocchiaro.com.br\/site\/wp-content\/uploads\/2024\/12\/@Douglas_de_Campos-102-de-362-Large-1024x683.jpg\" data-img-src=\"https:\/\/laurafinocchiaro.com.br\/site\/wp-content\/uploads\/2024\/12\/@Douglas_de_Campos-102-de-362-Large.jpg\" data-attachment-id=\"5903\"  alt=\"\" title=\"@Douglas_de_Campos-102-de-362-Large\" \/><\/div><\/div><figcaption hidden=\"\"><\/figcaption><\/figure><\/div><\/div><div class=\"vce-button--style-basic-container vce-button--style-basic-container--align-left\"><span class=\"vce-button--style-basic-wrapper vce\" id=\"el-d8fd2d8f\" data-vce-do-apply=\"margin el-d8fd2d8f\"><a class=\"vce-button vce-button--style-basic vce-button--style-basic--border-rounded vce-button--style-basic--size-medium vce-button--style-basic--color-b-252-0-150--fff\" href=\"https:\/\/laurafinocchiaro.com.br\/site\/wp-content\/uploads\/2021\/07\/Mapa_de_Palco_Laura-FinocchiaroBases-BX.pdf\" title=\"\" data-vce-do-apply=\"padding border background  el-d8fd2d8f\">BAIXE O PDF<\/a><\/span><\/div><div class=\"vce-button--style-basic-container vce-button--style-basic-container--align-left\"><span class=\"vce-button--style-basic-wrapper vce\" id=\"el-e436ac65\" data-vce-do-apply=\"margin el-e436ac65\"><a class=\"vce-button vce-button--style-basic vce-button--style-basic--border-rounded vce-button--style-basic--size-medium vce-button--style-basic--color-b-252-0-150--fff\" href=\"https:\/\/laurafinocchiaro.com.br\/site\/wp-content\/uploads\/2025\/02\/Mapa_de_Palco_Laura-FinocchiaroBases-GTR.pdf\" title=\"\" data-vce-do-apply=\"padding border background  el-e436ac65\">BASES + GTR<\/a><\/span><\/div><div class=\"vce-button--style-basic-container vce-button--style-basic-container--align-left\"><span class=\"vce-button--style-basic-wrapper vce\" id=\"el-76c1a87a\" data-vce-do-apply=\"margin el-76c1a87a\"><a class=\"vce-button vce-button--style-basic vce-button--style-basic--border-rounded vce-button--style-basic--size-medium vce-button--style-basic--color-b-252-0-150--fff\" href=\"https:\/\/laurafinocchiaro.com.br\/site\/wp-content\/uploads\/2025\/02\/Mapa_de_Palco_Laura-FinocchiaroBases-BX.pdf\" title=\"\" data-vce-do-apply=\"padding border background  el-76c1a87a\">BASES + BX<\/a><\/span><\/div><div class=\"vce-button--style-basic-container vce-button--style-basic-container--align-left\"><span class=\"vce-button--style-basic-wrapper vce\" id=\"el-cf179f10\" data-vce-do-apply=\"margin el-cf179f10\"><a class=\"vce-button vce-button--style-basic vce-button--style-basic--border-rounded vce-button--style-basic--size-medium vce-button--style-basic--color-b-252-0-150--fff\" href=\"https:\/\/laurafinocchiaro.com.br\/site\/wp-content\/uploads\/2025\/02\/Mapa_de_Palco_Laura-FinocchiaroBases-Flauta.pdf\" title=\"\" data-vce-do-apply=\"padding border background  el-cf179f10\">BASES + FLAUTA<\/a><\/span><\/div><div class=\"vce-button--style-basic-container vce-button--style-basic-container--align-left\"><span class=\"vce-button--style-basic-wrapper vce\" id=\"el-2917ebaa\" data-vce-do-apply=\"margin el-2917ebaa\"><a class=\"vce-button vce-button--style-basic vce-button--style-basic--border-rounded vce-button--style-basic--size-medium vce-button--style-basic--color-b-252-0-150--fff\" href=\"https:\/\/laurafinocchiaro.com.br\/site\/wp-content\/uploads\/2025\/02\/MAPA_PALCO_POCKET_HIGH_TECH_SHOW.pdf\" title=\"\" data-vce-do-apply=\"padding border background  el-2917ebaa\">HIGH TECH SHOW<\/a><\/span><\/div><div class=\"vce-text-block\"><div class=\"vce-text-block-wrapper vce\" id=\"el-f08ca697\" data-vce-do-apply=\"all el-f08ca697\"><p><span style=\"font-size: 16pt;\">Forma\u00e7\u00e3o Banda<\/span><span style=\"font-size: 18pt;\"><\/span><\/p><\/div><\/div><div class=\"vce-single-image-container vce-single-image--align-left\"><div class=\"vce vce-single-image-wrapper\" id=\"el-6c2b6eab\" data-vce-do-apply=\"all el-6c2b6eab\"><figure><div class=\"vce-single-image-figure-inner\" style=\"width: 1024px;\"><div class=\"vce-single-image-inner vce-single-image--absolute\" style=\"width: 100%; padding-bottom: 66.6016%;\"><img decoding=\"async\" class=\"vce-single-image\"  width=\"1024\" height=\"682\" srcset=\"https:\/\/laurafinocchiaro.com.br\/site\/wp-content\/uploads\/2024\/12\/L-Editadas_Laura_Finocchiaro-1024x682.jpg 1024w, https:\/\/laurafinocchiaro.com.br\/site\/wp-content\/uploads\/2024\/12\/L-Editadas_Laura_Finocchiaro-320x213.jpg 320w, https:\/\/laurafinocchiaro.com.br\/site\/wp-content\/uploads\/2024\/12\/L-Editadas_Laura_Finocchiaro-480x320.jpg 480w, https:\/\/laurafinocchiaro.com.br\/site\/wp-content\/uploads\/2024\/12\/L-Editadas_Laura_Finocchiaro-800x533.jpg 800w\" src=\"https:\/\/laurafinocchiaro.com.br\/site\/wp-content\/uploads\/2024\/12\/L-Editadas_Laura_Finocchiaro-1024x682.jpg\" data-img-src=\"https:\/\/laurafinocchiaro.com.br\/site\/wp-content\/uploads\/2024\/12\/L-Editadas_Laura_Finocchiaro.jpg\" data-attachment-id=\"5902\"  alt=\"\" title=\"L-Editadas_Laura_Finocchiaro\" \/><\/div><\/div><figcaption hidden=\"\"><\/figcaption><\/figure><\/div><\/div><div class=\"vce-button--style-basic-container vce-button--style-basic-container--align-left\"><span class=\"vce-button--style-basic-wrapper vce\" id=\"el-9edc4550\" data-vce-do-apply=\"margin el-9edc4550\"><a class=\"vce-button vce-button--style-basic vce-button--style-basic--border-rounded vce-button--style-basic--size-medium vce-button--style-basic--color-b-252-0-150--fff\" href=\"https:\/\/laurafinocchiaro.com.br\/site\/wp-content\/uploads\/2021\/07\/Mapa_de_Palco_Laura-FinocchiaroBanda.pdf\" title=\"\" data-vce-do-apply=\"padding border background  el-9edc4550\">BAIXE O PDF<\/a><\/span><\/div><div class=\"vce-text-block\"><div class=\"vce-text-block-wrapper vce\" id=\"el-f1dca702\" data-vce-do-apply=\"all el-f1dca702\"><h2><strong><span style=\"font-size: 18pt;\">Mapas de palco<\/span><\/strong><\/h2><\/div><\/div><div class=\"vce-text-block\"><div class=\"vce-text-block-wrapper vce\" id=\"el-92c0c134\" data-vce-do-apply=\"all el-92c0c134\"><p><span style=\"font-size: 16pt;\">Rider t\u00e9cnico LAURA FINOCCHIARO<\/span><span style=\"font-size: 18pt;\"><\/span><\/p><\/div><\/div><div class=\"vce-button--style-basic-container vce-button--style-basic-container--align-left\"><span class=\"vce-button--style-basic-wrapper vce\" id=\"el-bf774009\" data-vce-do-apply=\"margin el-bf774009\"><a class=\"vce-button vce-button--style-basic vce-button--style-basic--border-rounded vce-button--style-basic--size-medium vce-button--style-basic--color-b-252-0-150--fff\" href=\"https:\/\/laurafinocchiaro.com.br\/site\/wp-content\/uploads\/2025\/02\/Rider-Tecnico-LAURA-FINOCCHIARO-Dia-2-Junho-ATUALIZADO.pdf\" title=\"\" data-vce-do-apply=\"padding border background  el-bf774009\">BAIXE O PDF<\/a><\/span><\/div><div class=\"vce-text-block\"><div class=\"vce-text-block-wrapper vce\" id=\"el-e8e559ee\" data-vce-do-apply=\"all el-e8e559ee\"><p><span style=\"font-size: 16pt;\">Rider t\u00e9cnico MULHER DE P\u00daRPURA<\/span><\/p><\/div><\/div><div class=\"vce-button--style-basic-container vce-button--style-basic-container--align-left\"><span class=\"vce-button--style-basic-wrapper vce\" id=\"el-7430aeb4\" data-vce-do-apply=\"margin el-7430aeb4\"><a class=\"vce-button vce-button--style-basic vce-button--style-basic--border-rounded vce-button--style-basic--size-medium vce-button--style-basic--color-b-252-0-150--fff\" href=\"https:\/\/laurafinocchiaro.com.br\/site\/wp-content\/uploads\/2025\/02\/Rider-Tecnico_Mulher-de-Purpura_Show_Laura-Finocchiaro_Maio_2023.pdf\" title=\"\" data-vce-do-apply=\"padding border background  el-7430aeb4\">BAIXE O PDF<\/a><\/span><\/div><div class=\"vce-button--style-basic-container vce-button--style-basic-container--align-left\"><span class=\"vce-button--style-basic-wrapper vce\" id=\"el-9e4c5bb6\" data-vce-do-apply=\"margin el-9e4c5bb6\"><a class=\"vce-button vce-button--style-basic vce-button--style-basic--border-rounded vce-button--style-basic--size-medium vce-button--style-basic--color-b-252-0-150--fff\" href=\"https:\/\/laurafinocchiaro.com.br\/site\/wp-content\/uploads\/2025\/02\/rider-mulher-de-purpura.pdf\" title=\"\" data-vce-do-apply=\"padding border background  el-9e4c5bb6\">RIDER<\/a><\/span><\/div><div class=\"vce-button--style-basic-container vce-button--style-basic-container--align-left\"><span class=\"vce-button--style-basic-wrapper vce\" id=\"el-5c79946f\" data-vce-do-apply=\"margin el-5c79946f\"><a class=\"vce-button vce-button--style-basic vce-button--style-basic--border-rounded vce-button--style-basic--size-medium vce-button--style-basic--color-b-252-0-150--fff\" href=\"https:\/\/laurafinocchiaro.com.br\/site\/wp-content\/uploads\/2025\/02\/LF-Mapa-de-Palco_Mulher-de-Purpura_Jun.24.pdf\" title=\"\" data-vce-do-apply=\"padding border background  el-5c79946f\">RIDER DE SOM<\/a><\/span><\/div><\/div><\/div><\/div><\/div><\/div><\/div><div class=\"vce-row-container\" data-vce-boxed-width=\"true\"><div class=\"vce-row vce-row--col-gap-30 vce-row-equal-height vce-row-content--top\" id=\"el-91b7cccc\" data-vce-do-apply=\"all el-91b7cccc\"><div class=\"vce-row-content\" data-vce-element-content=\"true\"><div class=\"vce-col vce-col--md-auto vce-col--xs-1 vce-col--xs-last vce-col--xs-first vce-col--sm-last vce-col--sm-first vce-col--md-last vce-col--lg-last vce-col--xl-last vce-col--md-first vce-col--lg-first vce-col--xl-first\" id=\"el-f237291a\"><div class=\"vce-col-inner\" data-vce-do-apply=\"border margin background  el-f237291a\"><div class=\"vce-col-content\" data-vce-element-content=\"true\" data-vce-do-apply=\"padding el-f237291a\"><div><\/div><\/div><\/div><\/div><\/div><\/div><\/div><p><\/p>","protected":false},"excerpt":{"rendered":"<p>FormatosRealizados para promover o trabalho musical da cantora, compositora, guitarrista, produtora musical e arte-educadora Laura Finocchiaro, a Sorte Produ\u00e7\u00f5es&nbsp; leva seu show e seu repert\u00f3rio original e ecl\u00e9tico em diversos formatos, do pocket (Laura solo ou acompanhada por um m\u00fasico) ao band (com tr\u00eas integrantes), para palcos e eventos culturais, [&hellip;]<\/p>\n","protected":false},"author":6,"featured_media":5899,"parent":0,"menu_order":0,"comment_status":"closed","ping_status":"closed","template":"","meta":{"footnotes":""},"class_list":["post-5897","page","type-page","status-publish","has-post-thumbnail","hentry"],"_links":{"self":[{"href":"https:\/\/laurafinocchiaro.com.br\/site\/wp-json\/wp\/v2\/pages\/5897","targetHints":{"allow":["GET"]}}],"collection":[{"href":"https:\/\/laurafinocchiaro.com.br\/site\/wp-json\/wp\/v2\/pages"}],"about":[{"href":"https:\/\/laurafinocchiaro.com.br\/site\/wp-json\/wp\/v2\/types\/page"}],"author":[{"embeddable":true,"href":"https:\/\/laurafinocchiaro.com.br\/site\/wp-json\/wp\/v2\/users\/6"}],"replies":[{"embeddable":true,"href":"https:\/\/laurafinocchiaro.com.br\/site\/wp-json\/wp\/v2\/comments?post=5897"}],"version-history":[{"count":14,"href":"https:\/\/laurafinocchiaro.com.br\/site\/wp-json\/wp\/v2\/pages\/5897\/revisions"}],"predecessor-version":[{"id":6046,"href":"https:\/\/laurafinocchiaro.com.br\/site\/wp-json\/wp\/v2\/pages\/5897\/revisions\/6046"}],"wp:featuredmedia":[{"embeddable":true,"href":"https:\/\/laurafinocchiaro.com.br\/site\/wp-json\/wp\/v2\/media\/5899"}],"wp:attachment":[{"href":"https:\/\/laurafinocchiaro.com.br\/site\/wp-json\/wp\/v2\/media?parent=5897"}],"curies":[{"name":"wp","href":"https:\/\/api.w.org\/{rel}","templated":true}]}}