{"id":5804,"date":"2024-11-06T21:00:51","date_gmt":"2024-11-06T21:00:51","guid":{"rendered":"https:\/\/laurafinocchiaro.com.br\/site\/?page_id=5804"},"modified":"2024-11-06T21:25:10","modified_gmt":"2024-11-06T21:25:10","slug":"nossa-parceria","status":"publish","type":"page","link":"https:\/\/laurafinocchiaro.com.br\/site\/nossa-parceria\/","title":{"rendered":"Nossa Parceria"},"content":{"rendered":"<div class=\"vce-row-container\"><div class=\"vce-row vce-row--col-gap-30 vce-row-content--top\" data-vce-full-width=\"true\" id=\"el-5e0b5acd\" data-vce-do-apply=\"all el-5e0b5acd\"><div class=\"vce-content-background-container\"><\/div><div class=\"vce-row-content\" data-vce-element-content=\"true\"><div class=\"vce-col vce-col--md-auto vce-col--xs-1 vce-col--xs-last vce-col--xs-first vce-col--sm-last vce-col--sm-first vce-col--md-last vce-col--lg-last vce-col--xl-last vce-col--md-first vce-col--lg-first vce-col--xl-first\" id=\"el-38562e7e\"><div class=\"vce-col-inner\" data-vce-do-apply=\"border margin background  el-38562e7e\"><div class=\"vce-content-background-container\"><\/div><div class=\"vce-col-content\" data-vce-element-content=\"true\" data-vce-do-apply=\"padding el-38562e7e\"><div class=\"vce-text-block\"><div class=\"vce-text-block-wrapper vce\" id=\"el-001a735f\" data-vce-do-apply=\"all el-001a735f\"><p><span style=\"font-size: 24pt;\"><strong><img fetchpriority=\"high\" decoding=\"async\" src=\"https:\/\/laurafinocchiaro.com.br\/site\/wp-content\/uploads\/2024\/11\/NOSSAPARCERIA-24DESET-FINAL.png\" alt=\"\" width=\"316\" height=\"316\" class=\"wp-image-5765 alignnone\" srcset=\"https:\/\/laurafinocchiaro.com.br\/site\/wp-content\/uploads\/2024\/11\/NOSSAPARCERIA-24DESET-FINAL.png 3000w, https:\/\/laurafinocchiaro.com.br\/site\/wp-content\/uploads\/2024\/11\/NOSSAPARCERIA-24DESET-FINAL-300x300.png 300w, https:\/\/laurafinocchiaro.com.br\/site\/wp-content\/uploads\/2024\/11\/NOSSAPARCERIA-24DESET-FINAL-1024x1024.png 1024w, https:\/\/laurafinocchiaro.com.br\/site\/wp-content\/uploads\/2024\/11\/NOSSAPARCERIA-24DESET-FINAL-150x150.png 150w, https:\/\/laurafinocchiaro.com.br\/site\/wp-content\/uploads\/2024\/11\/NOSSAPARCERIA-24DESET-FINAL-768x768.png 768w, https:\/\/laurafinocchiaro.com.br\/site\/wp-content\/uploads\/2024\/11\/NOSSAPARCERIA-24DESET-FINAL-1536x1536.png 1536w, https:\/\/laurafinocchiaro.com.br\/site\/wp-content\/uploads\/2024\/11\/NOSSAPARCERIA-24DESET-FINAL-2048x2048.png 2048w, https:\/\/laurafinocchiaro.com.br\/site\/wp-content\/uploads\/2024\/11\/NOSSAPARCERIA-24DESET-FINAL-320x320.png 320w, https:\/\/laurafinocchiaro.com.br\/site\/wp-content\/uploads\/2024\/11\/NOSSAPARCERIA-24DESET-FINAL-480x480.png 480w, https:\/\/laurafinocchiaro.com.br\/site\/wp-content\/uploads\/2024\/11\/NOSSAPARCERIA-24DESET-FINAL-800x800.png 800w\" sizes=\"(max-width: 316px) 100vw, 316px\" \/><br><span style=\"font-size: 16pt;\">M\u00fasica: Laura Finocchiaro \/ <\/span><span style=\"font-size: 16pt;\">Letra: <span>&nbsp;Jarbas Mariz<\/span><\/span><\/strong><\/span><\/p>\n<p><strong><span style=\"font-size: 24pt;\">Letra<\/span><\/strong><\/p>\n<p>\u201cT\u00f4 aqui \/ T\u00f4 aqui para escrever<\/p>\n<p>Pensamentos e palavras para voc\u00ea<\/p>\n<p>Tu \u00e9 t\u00e3o especial \/ Que eu nem sei como dizer<\/p>\n<p>Sei que voc\u00ea \u00e9 forte \/ \u00c9 forte pra danar<\/p>\n<p>Toda essa fortaleza \/ Nunca pude duvidar<\/p>\n<p>Sua alegria e o seu jeito de viver<\/p>\n<p>\u00c9 bonito de se ver e nessa nova can\u00e7\u00e3o<\/p>\n<p>\u00c9 massa poder falar de um olhar de uma vida<\/p>\n<p>De uma vida vivida \/ Poder falar de amor<\/p>\n<p>De carinho e empatia \/ Falar de uma estrela \/ De uma guerreira<\/p>\n<p>De um ser iluminado \/ Brilhante e verdadeiro<\/p>\n<p>N\u00e3o sei como falar do talento que vejo em voc\u00ea<\/p>\n<p>Viva, viva a vida \/ Viva, viva a voz<\/p>\n<p>Viva nossa correria \/ Viva nossa parceria<\/p>\n<p>Viva, viva a vida \/ E viva, viva a voz<\/p>\n<p>Viva nossa melodia \/ Viva nossa parceria.\u201d<\/p>\n<p><span style=\"font-size: 24pt;\">Ficha t\u00e9cnica<\/span><\/p>\n<p>Laura Finocchiaro \u2013 arranjo, programa\u00e7\u00e3o, produ\u00e7\u00e3o musical, voz, guitarra, synths e grooves eletr\u00f4nicos<\/p>\n<p>Jarbas Mariz \u2013 vocal, zabumba e tri\u00e2ngulo<\/p>\n<p>Daniel Maia \u2013 guitarra solo<\/p>\n<p>Thiago dos Reis \u2013 fotografia e design da capa<\/p>\n<p>Alex Angeloni \u2013 mixagem e masteriza\u00e7\u00e3o<\/p>\n<p>Lan\u00e7amento: GRV e Sorte Produ\u00e7\u00f5es<\/p>\n<p>LINKS:<\/p>\n<p>Pr\u00e9-save<\/p>\n<p><strong>Laura Finocchiaro<\/strong><\/p>\n<p>Canal oficial no YouTube:&nbsp;<a href=\"https:\/\/www.youtube.com\/@laurafinocchiaro\">https:\/\/www.youtube.com\/@laurafinocchiaro<\/a><\/p>\n<p>Instagram:&nbsp;<a href=\"https:\/\/www.instagram.com\/laurafinocchiaro\/\">https:\/\/www.instagram.com\/laurafinocchiaro\/<\/a><\/p>\n<p><strong>Jarbas Mariz<\/strong><\/p>\n<p>Canal oficial no YouTube:&nbsp;<a href=\"https:\/\/www.youtube.com\/@jarbasmarizoficial3683\">https:\/\/www.youtube.com\/@jarbasmarizoficial3683<\/a><\/p>\n<p>Instagram:&nbsp;<a href=\"https:\/\/www.instagram.com\/jarbasmarizoficial\/\">https:\/\/www.instagram.com\/jarbasmarizoficial\/<\/a><\/p>\n<p><strong>GRV M\u00fasica, Media &amp; Entretenimento<\/strong><\/p>\n<p>Canal oficial no YouTube:&nbsp;<a href=\"https:\/\/www.youtube.com\/@grv2014\/featured\">https:\/\/www.youtube.com\/@grv2014\/featured<\/a><\/p>\n<p>Instagram:&nbsp;<a href=\"https:\/\/www.instagram.com\/grvproducoes\/\">https:\/\/www.instagram.com\/grvproducoes\/<\/a><\/p>\n<h3><\/h3><\/div><\/div><\/div><\/div><\/div><\/div><\/div><\/div><div class=\"vce-row-container\" data-vce-boxed-width=\"true\"><div class=\"vce-row vce-row--col-gap-30 vce-row-content--top\" id=\"el-f25d7fc0\" data-vce-do-apply=\"all el-f25d7fc0\"><div class=\"vce-row-content\" data-vce-element-content=\"true\"><div class=\"vce-col vce-col--md-100p vce-col--xs-1 vce-col--xs-last vce-col--xs-first vce-col--sm-last vce-col--sm-first vce-col--md-last vce-col--lg-last vce-col--xl-last vce-col--md-first vce-col--lg-first vce-col--xl-first\" id=\"el-307edc8d\"><div class=\"vce-col-inner\" data-vce-do-apply=\"border margin background  el-307edc8d\"><div class=\"vce-col-content\" data-vce-element-content=\"true\" data-vce-do-apply=\"padding el-307edc8d\"><div class=\"vce vce-separator-container vce-separator--align-center vce-separator--style-solid\" id=\"el-b03ac2f0\" data-vce-do-apply=\"margin el-b03ac2f0\"><div class=\"vce-separator vce-separator--color-bfc0c1 vce-separator--width-100 vce-separator--thickness-1\" data-vce-do-apply=\"border padding background  el-b03ac2f0\"><\/div><\/div><\/div><\/div><\/div><\/div><\/div><\/div><div class=\"vce-row-container\" data-vce-boxed-width=\"true\"><div class=\"vce-row vce-row--col-gap-30 vce-row-content--top\" id=\"el-003ba51d\" data-vce-do-apply=\"all el-003ba51d\"><div class=\"vce-row-content\" data-vce-element-content=\"true\"><div class=\"vce-col vce-col--md-100p vce-col--xs-1 vce-col--xs-last vce-col--xs-first vce-col--sm-last vce-col--sm-first vce-col--md-last vce-col--lg-last vce-col--xl-last vce-col--md-first vce-col--lg-first vce-col--xl-first\" id=\"el-7d5ce7b3\"><div class=\"vce-col-inner\" data-vce-do-apply=\"border margin background  el-7d5ce7b3\"><div class=\"vce-col-content\" data-vce-element-content=\"true\" data-vce-do-apply=\"padding el-7d5ce7b3\"><div><\/div><\/div><\/div><\/div><\/div><\/div><\/div><div class=\"vce-row-container\"><div class=\"vce-row vce-row--col-gap-30 vce-row-equal-height vce-row-content--top\" data-vce-full-width=\"true\" id=\"el-f78aa36d\" data-vce-do-apply=\"all el-f78aa36d\"><div class=\"vce-content-background-container\"><\/div><div class=\"vce-row-content\" data-vce-element-content=\"true\"><div class=\"vce-col vce-col--md-auto vce-col--xs-1 vce-col--xs-last vce-col--xs-first vce-col--sm-last vce-col--sm-first vce-col--md-last vce-col--lg-last vce-col--xl-last vce-col--md-first vce-col--lg-first vce-col--xl-first\" id=\"el-35091094\"><div class=\"vce-col-inner\" data-vce-do-apply=\"border margin background  el-35091094\"><div class=\"vce-col-content\" data-vce-element-content=\"true\" data-vce-do-apply=\"padding el-35091094\"><div class=\"vce-row-container\"><div class=\"vce-row vce-row--col-gap-30 vce-row-equal-height vce-row-content--top\" data-vce-full-width=\"true\" id=\"el-5a79cf26\" data-vce-do-apply=\"all el-5a79cf26\"><div class=\"vce-content-background-container\"><\/div><div class=\"vce-row-content\" data-vce-element-content=\"true\"><div class=\"vce-col vce-col--md-auto vce-col--xs-1 vce-col--xs-last vce-col--xs-first vce-col--sm-last vce-col--sm-first vce-col--md-last vce-col--lg-last vce-col--xl-last vce-col--md-first vce-col--lg-first vce-col--xl-first\" id=\"el-d61c76ac\"><div class=\"vce-col-inner\" data-vce-do-apply=\"border margin background  el-d61c76ac\"><div class=\"vce-col-content\" data-vce-element-content=\"true\" data-vce-do-apply=\"padding el-d61c76ac\"><div class=\"vce-row-container\"><div class=\"vce-row vce-row--col-gap-40 vce-row-content--top\" data-vce-full-width=\"true\" id=\"el-00ee0b70\" data-vce-do-apply=\"all el-00ee0b70\"><div class=\"vce-content-background-container\"><\/div><div class=\"vce-row-content\" data-vce-element-content=\"true\"><div class=\"vce-col vce-col--md-20p vce-col--xs-1 vce-col--xs-last vce-col--xs-first vce-col--sm-last vce-col--sm-first vce-col--md-first vce-col--lg-first vce-col--xl-first\" id=\"el-a644b128\"><div class=\"vce-col-inner\" data-vce-do-apply=\"border margin background  el-a644b128\"><div class=\"vce-col-content\" data-vce-element-content=\"true\" data-vce-do-apply=\"padding el-a644b128\"><div><\/div><\/div><\/div><\/div><div class=\"vce-col vce-col--md-20p vce-col--xs-1 vce-col--xs-last vce-col--xs-first vce-col--sm-last vce-col--sm-first\" id=\"el-e022aab8\"><div class=\"vce-col-inner\" data-vce-do-apply=\"border margin background  el-e022aab8\"><div class=\"vce-col-content\" data-vce-element-content=\"true\" data-vce-do-apply=\"padding el-e022aab8\"><div><\/div><\/div><\/div><\/div><div class=\"vce-col vce-col--md-20p vce-col--xs-1 vce-col--xs-last vce-col--xs-first vce-col--sm-last vce-col--sm-first vce-col--md-last vce-col--lg-last vce-col--xl-last\" id=\"el-cb0567dd\"><div class=\"vce-col-inner\" data-vce-do-apply=\"border margin background  el-cb0567dd\"><div class=\"vce-col-content\" data-vce-element-content=\"true\" data-vce-do-apply=\"padding el-cb0567dd\"><div><\/div><\/div><\/div><\/div><\/div><\/div><\/div><\/div><\/div><\/div><\/div><\/div><\/div><\/div><\/div><\/div><\/div><\/div><\/div><div class=\"vce-row-container\" data-vce-boxed-width=\"true\"><div class=\"vce-row vce-row--col-gap-30 vce-row-equal-height vce-row-content--top\" id=\"el-a0f3b15b\" data-vce-do-apply=\"all el-a0f3b15b\"><div class=\"vce-row-content\" data-vce-element-content=\"true\"><div class=\"vce-col vce-col--md-auto vce-col--xs-1 vce-col--xs-last vce-col--xs-first vce-col--sm-last vce-col--sm-first vce-col--md-last vce-col--lg-last vce-col--xl-last vce-col--md-first vce-col--lg-first vce-col--xl-first\" id=\"el-ba2ae356\"><div class=\"vce-col-inner\" data-vce-do-apply=\"border margin background  el-ba2ae356\"><div class=\"vce-col-content\" data-vce-element-content=\"true\" data-vce-do-apply=\"padding el-ba2ae356\"><div><\/div><\/div><\/div><\/div><\/div><\/div><\/div><p><\/p>","protected":false},"excerpt":{"rendered":"<p>M\u00fasica: Laura Finocchiaro \/ Letra: &nbsp;Jarbas Mariz Letra \u201cT\u00f4 aqui \/ T\u00f4 aqui para escrever Pensamentos e palavras para voc\u00ea Tu \u00e9 t\u00e3o especial \/ Que eu nem sei como dizer Sei que voc\u00ea \u00e9 forte \/ \u00c9 forte pra danar Toda essa fortaleza \/ Nunca pude duvidar Sua alegria [&hellip;]<\/p>\n","protected":false},"author":6,"featured_media":0,"parent":0,"menu_order":0,"comment_status":"closed","ping_status":"closed","template":"","meta":{"footnotes":""},"class_list":["post-5804","page","type-page","status-publish","hentry"],"_links":{"self":[{"href":"https:\/\/laurafinocchiaro.com.br\/site\/wp-json\/wp\/v2\/pages\/5804","targetHints":{"allow":["GET"]}}],"collection":[{"href":"https:\/\/laurafinocchiaro.com.br\/site\/wp-json\/wp\/v2\/pages"}],"about":[{"href":"https:\/\/laurafinocchiaro.com.br\/site\/wp-json\/wp\/v2\/types\/page"}],"author":[{"embeddable":true,"href":"https:\/\/laurafinocchiaro.com.br\/site\/wp-json\/wp\/v2\/users\/6"}],"replies":[{"embeddable":true,"href":"https:\/\/laurafinocchiaro.com.br\/site\/wp-json\/wp\/v2\/comments?post=5804"}],"version-history":[{"count":3,"href":"https:\/\/laurafinocchiaro.com.br\/site\/wp-json\/wp\/v2\/pages\/5804\/revisions"}],"predecessor-version":[{"id":5808,"href":"https:\/\/laurafinocchiaro.com.br\/site\/wp-json\/wp\/v2\/pages\/5804\/revisions\/5808"}],"wp:attachment":[{"href":"https:\/\/laurafinocchiaro.com.br\/site\/wp-json\/wp\/v2\/media?parent=5804"}],"curies":[{"name":"wp","href":"https:\/\/api.w.org\/{rel}","templated":true}]}}