{"id":5767,"date":"2024-11-04T23:20:22","date_gmt":"2024-11-04T23:20:22","guid":{"rendered":"https:\/\/laurafinocchiaro.com.br\/site\/?page_id=5767"},"modified":"2024-11-06T15:33:18","modified_gmt":"2024-11-06T15:33:18","slug":"release-nossa-parceria","status":"publish","type":"page","link":"https:\/\/laurafinocchiaro.com.br\/site\/release-nossa-parceria\/","title":{"rendered":"Release &#8220;Nossa Parceria&#8221;"},"content":{"rendered":"<div class=\"vce-row-container\"><div class=\"vce-row vce-row--col-gap-30 vce-row-equal-height vce-row-content--top\" data-vce-full-width=\"true\" id=\"el-39550c5a\" data-vce-do-apply=\"all el-39550c5a\"><div class=\"vce-content-background-container\"><\/div><div class=\"vce-row-content\" data-vce-element-content=\"true\"><div class=\"vce-col vce-col--md-auto vce-col--xs-1 vce-col--xs-last vce-col--xs-first vce-col--sm-last vce-col--sm-first vce-col--md-last vce-col--lg-last vce-col--xl-last vce-col--md-first vce-col--lg-first vce-col--xl-first\" id=\"el-50f5b5e9\"><div class=\"vce-col-inner\" data-vce-do-apply=\"border margin background  el-50f5b5e9\"><div class=\"vce-content-background-container\"><\/div><div class=\"vce-col-content\" data-vce-element-content=\"true\" data-vce-do-apply=\"padding el-50f5b5e9\"><div class=\"vce-single-image-container vce-single-image--align-left\"><div class=\"vce vce-single-image-wrapper\" id=\"el-c363bfe0\" data-vce-do-apply=\"all el-c363bfe0\"><figure><div class=\"vce-single-image-figure-inner\" style=\"width: 1024px;\"><div class=\"vce-single-image-inner vce-single-image--absolute\" style=\"width: 100%; padding-bottom: 37.9883%;\"><img fetchpriority=\"high\" decoding=\"async\" class=\"vce-single-image\"  width=\"1024\" height=\"389\" srcset=\"https:\/\/laurafinocchiaro.com.br\/site\/wp-content\/uploads\/2024\/11\/LauraFinocchiaro_header-1024x389.jpg 1024w, https:\/\/laurafinocchiaro.com.br\/site\/wp-content\/uploads\/2024\/11\/LauraFinocchiaro_header-320x122.jpg 320w, https:\/\/laurafinocchiaro.com.br\/site\/wp-content\/uploads\/2024\/11\/LauraFinocchiaro_header-480x182.jpg 480w, https:\/\/laurafinocchiaro.com.br\/site\/wp-content\/uploads\/2024\/11\/LauraFinocchiaro_header-800x304.jpg 800w\" src=\"https:\/\/laurafinocchiaro.com.br\/site\/wp-content\/uploads\/2024\/11\/LauraFinocchiaro_header-1024x389.jpg\" data-img-src=\"https:\/\/laurafinocchiaro.com.br\/site\/wp-content\/uploads\/2024\/11\/LauraFinocchiaro_header.jpg\" data-attachment-id=\"5784\"  alt=\"\" title=\"LauraFinocchiaro_header\" \/><\/div><\/div><figcaption hidden=\"\"><\/figcaption><\/figure><\/div><\/div><\/div><\/div><\/div><\/div><\/div><\/div><div class=\"vce-row-container\"><div class=\"vce-row vce-row--col-gap-30 vce-row-equal-height vce-row-content--top\" data-vce-full-width=\"true\" id=\"el-357c33a9\" data-vce-do-apply=\"all el-357c33a9\"><div class=\"vce-row-content\" data-vce-element-content=\"true\"><div class=\"vce-col vce-col--md-94p vce-col--xs-1 vce-col--xs-last vce-col--xs-first vce-col--sm-last vce-col--sm-first vce-col--md-first vce-col--lg-first vce-col--xl-first\" id=\"el-a9a80922\"><div class=\"vce-col-inner\" data-vce-do-apply=\"border margin background  el-a9a80922\"><div class=\"vce-col-content\" data-vce-element-content=\"true\" data-vce-do-apply=\"padding el-a9a80922\"><div class=\"vce-text-block\"><div class=\"vce-text-block-wrapper vce\" id=\"el-97672397\" data-vce-do-apply=\"all el-97672397\"><p><span style=\"font-size: 18pt;\"><strong><em>LAURA FINOCCHIARO LAN\u00c7A \u201cNOSSA PARCERIA\u201d<\/em><\/strong><\/span><\/p>\n<p><span style=\"font-size: 18pt;\"><strong><em>O single chega \u00e0s plataformas digitais no dia 13 de novembro<\/em><\/strong><\/span><\/p>\n<p><em><span style=\"font-size: 18pt;\"><strong>Al\u00e9m da novidade, a artista vem tendo trabalhos antigos resgatados este ano<\/strong><\/span><\/em><\/p>\n<p>A cantora, compositora, multi-instrumentista, arranjadora e produtora Laura Finocchiaro lan\u00e7a, no pr\u00f3ximo dia 13, seu novo single, \u201cNossa parceria\u201d, que chega \u00e0s plataformas digitais por&nbsp; uma dobradinha do selo Sorte Produ\u00e7\u00f5es com a distribuidora GRV. A can\u00e7\u00e3o nasceu da letra de Jarbas Mariz, enviada para Laura num bilhetinho durante a pandemia da Covid-19, em 2021. O bilhetinho s\u00f3 foi resgatado no final do ano passado e, com a colabora\u00e7\u00e3o de Jarbas e Daniel Maia, a artista criou a faixa em seu&nbsp;<em>home studio<\/em>, misturando influ\u00eancias do Sul e do Nordeste do Brasil em uma sonoridade que remete \u00e0 World Music. \u201cNossa parceria\u201d reflete a import\u00e2ncia da arte e da amizade em tempos desafiadores, tema recorrente na obra de Laura Finocchiaro, de forma original e sincera, como ela.<\/p>\n<p>\u201cEu acredito em parcerias, em sintonia, em trabalho coletivo, em afeto compartilhado. Essa can\u00e7\u00e3o tem a ver com esse sentimento pessoal, mas ao mesmo tempo universal. Por isso, essa mistura meio louca de Oriente com pegada de reggae\u201d, explica Laura, artista pioneira na combina\u00e7\u00e3o da m\u00fasica brasileira com a m\u00fasica eletr\u00f4nica.<\/p>\n<p>Esse single marca o in\u00edcio de uma nova fase na trajet\u00f3ria art\u00edstica de Laura Finocchiaro e serve como uma pr\u00e9via emocionante do relan\u00e7amento de seu ic\u00f4nico \u00e1lbum \u201cEcoglitter\u201d de 1998, que estar\u00e1 dispon\u00edvel digitalmente, pela primeira vez, logo ap\u00f3s o lan\u00e7amento de \u201cNossa parceria\u201d.&nbsp; Agora, com o avan\u00e7o das plataformas digitais, uma nova gera\u00e7\u00e3o de ouvintes poder\u00e1 descobrir esse trabalho que marcou o in\u00edcio de sua fase mais experimental.<\/p>\n<p>\u201cAo longo dos anos, minha m\u00fasica tem evolu\u00eddo, assim como eu, mas a paix\u00e3o permanece a mesma. Este single \u00e9 um reflexo do que me inspira hoje, enquanto o relan\u00e7amento do \u00e1lbum de 1998 \u00e9 uma forma de olhar para tr\u00e1s e reverenciar tudo o que constru\u00edmos at\u00e9 aqui. \u00c9 emocionante ver como a m\u00fasica ressoa com as pessoas em diferentes momentos da vida, e mal posso esperar para compartilhar esses dois projetos com o p\u00fablico\", revela Laura.<\/p>\n<p>O interessante \u00e9 que enquanto Laura prepara o terreno para o relan\u00e7amento, sementes plantadas ao longo de mais de quatro d\u00e9cadas v\u00eam dando frutos at\u00e9 agora. O ic\u00f4nico TV Colosso, programa infantil da TV Globo que fez muito sucesso nos anos 1990, est\u00e1 sendo reprisado no Canal Viva e pode ser visto tamb\u00e9m no Globoplay. E o que tem isso a ver com Laura Finocchiaro? \u00c9 dela a trilha sonora do programa estrelado pela carism\u00e1tica sheepdog Priscila, que estourou hits \u201cMalabi\u201d, \u201cPulgas\u201d e \u201cHot-dog\u201d.<\/p>\n<p>Outra semente frutificando neste ano de 2024 \u00e9 o filme \u201cOnda nova\u201d, de 1983, dirigido por Jos\u00e9 Ant\u00f4nio Garcia e \u00cdcaro Martins. O filme, que falava sobre um time de futebol feminino, tinha no elenco Carla Camurati, Caetano Veloso, Regina Cas\u00e9 e Casagrande. A m\u00fasica-tema era justamente de Laura Finocchiaro, que tamb\u00e9m aparece na tela jogando futebol. O filme foi remasterizado em 4K e sua nova vers\u00e3o foi apresentada no Festival de Lucarno, na Su\u00ed\u00e7a, em agosto passado, e exibido durante a Mostra Internacional de Cinema de S\u00e3o Paulo em outubro. &nbsp;<\/p>\n<p>E ainda tem o resgate da m\u00fasica \u201cTudo \u00e9 amor\u201d, parceria de Laura com Cazuza, faixa do \u00e1lbum \u201cBurguesia\u201d, que est\u00e1 sendo relan\u00e7ado pela gravadora Universal. A m\u00fasica tamb\u00e9m foi regravada pelo artista pernambucano Alm\u00e9rio em 2021.<\/p>\n<p><\/p>\n<p>Confira a letra de&nbsp;<strong>\u201cNossa parceria\u201d<\/strong>, de Laura Finocchiaro e Jarbas Mariz:<\/p>\n<p>\u201cT\u00f4 aqui \/ T\u00f4 aqui para escrever<\/p>\n<p>Pensamentos e palavras para voc\u00ea<\/p>\n<p>Tu \u00e9 t\u00e3o especial \/ Que eu nem sei como dizer<\/p>\n<p>Sei que voc\u00ea \u00e9 forte \/ \u00c9 forte pra danar<\/p>\n<p>Toda essa fortaleza \/ Nunca pude duvidar<\/p>\n<p>Sua alegria e o seu jeito de viver<\/p>\n<p>\u00c9 bonito de se ver e nessa nova can\u00e7\u00e3o<\/p>\n<p>\u00c9 massa poder falar de um olhar de uma vida<\/p>\n<p>De uma vida vivida \/ Poder falar de amor<\/p>\n<p>De carinho e empatia \/ Falar de uma estrela \/ De uma guerreira<\/p>\n<p>De um ser iluminado \/ Brilhante e verdadeiro<\/p>\n<p>N\u00e3o sei como falar do talento que vejo em voc\u00ea<\/p>\n<p>Viva, viva a vida \/ Viva, viva a voz<\/p>\n<p>Viva nossa correria \/ Viva nossa parceria<\/p>\n<p>Viva, viva a vida \/ E viva, viva a voz<\/p>\n<p>Viva nossa melodia \/ Viva nossa parceria.\u201d<\/p>\n<p><\/p>\n<p><strong>Mais sobre Laura Finocchiaro<\/strong><\/p>\n<p>Talentosa artista ga\u00facha, conhecida por sua carreira como cantora, compositora, guitarrista e produtora musical. Iniciou sua trajet\u00f3ria em Porto Alegre durante os movimentos musicais dos anos 1980 e ganhou destaque nacional no Rock in Rio II, abrindo shows de artistas como Prince e Santana. Em S\u00e3o Paulo, passou por palcos ic\u00f4nicos como Lira Paulistana e Madame Sat\u00e3, e atualmente \u00e9 diretora da Sorte Produ\u00e7\u00f5es, um selo musical e produtora de \u00e1udio. Laura j\u00e1 produziu trilhas sonoras para filmes, document\u00e1rios e programas de grande audi\u00eancia, incluindo \u201cTV Colosso\u201d e \u201cA Fazenda\u201d, consolidando sua import\u00e2ncia na m\u00fasica e na produ\u00e7\u00e3o cultural brasileira.<\/p>\n<p><strong>Sobre o parceiro Jarbas Mariz<\/strong><\/p>\n<p>Renomado cantor, compositor, instrumentista e letrista que come\u00e7ou sua carreira em 1968, tocando em conjuntos de baile. Ao longo de sua trajet\u00f3ria, conquistou sucesso com m\u00fasicas gravadas por artistas como Marin\u00eas, Gilberto Gil, Chico C\u00e9sar e Z\u00e9 Ramalho, com quem colaborou em \u00e1lbuns e shows durante 32 anos. Al\u00e9m de sua produ\u00e7\u00e3o musical, Jarbas tamb\u00e9m comp\u00f5e jingles e trilhas sonoras para teatro, cinema e programas de TV. Atualmente, est\u00e1 lan\u00e7ando um \u00e1lbum duplo intitulado \u201cA vida insiste em brotar\u201d, dispon\u00edvel em todas as plataformas digitais.<\/p>\n<p><strong>Ficha t\u00e9cnica<\/strong><\/p>\n<p>Laura Finocchiaro \u2013 arranjo, programa\u00e7\u00e3o, produ\u00e7\u00e3o musical, voz, guitarra, synths e grooves eletr\u00f4nicos<\/p>\n<p>Jarbas Mariz \u2013 vocal, zabumba e tri\u00e2ngulo<\/p>\n<p>Daniel Maia \u2013 guitarra solo<\/p>\n<p>Thiago dos Reis \u2013 fotografia e design da capa<\/p>\n<p>Alex Angeloni \u2013 mixagem e masteriza\u00e7\u00e3o<\/p>\n<p>Lan\u00e7amento: GRV e Sorte Produ\u00e7\u00f5es<\/p>\n<p><\/p>\n<p>LINKS:<\/p>\n<p>Pr\u00e9-save<\/p>\n<p><strong>Laura Finocchiaro<\/strong><\/p>\n<p>Canal oficial no YouTube:&nbsp;<a href=\"https:\/\/www.youtube.com\/@laurafinocchiaro\">https:\/\/www.youtube.com\/@laurafinocchiaro<\/a><\/p>\n<p>Instagram:&nbsp;<a href=\"https:\/\/www.instagram.com\/laurafinocchiaro\/\">https:\/\/www.instagram.com\/laurafinocchiaro\/<\/a><\/p>\n<p><strong>Jarbas Mariz<\/strong><\/p>\n<p>Canal oficial no YouTube:&nbsp;<a href=\"https:\/\/www.youtube.com\/@jarbasmarizoficial3683\">https:\/\/www.youtube.com\/@jarbasmarizoficial3683<\/a><\/p>\n<p>Instagram:&nbsp;<a href=\"https:\/\/www.instagram.com\/jarbasmarizoficial\/\">https:\/\/www.instagram.com\/jarbasmarizoficial\/<\/a><\/p>\n<p><strong>GRV M\u00fasica, Media &amp; Entretenimento<\/strong><\/p>\n<p>Canal oficial no YouTube:&nbsp;<a href=\"https:\/\/www.youtube.com\/@grv2014\/featured\">https:\/\/www.youtube.com\/@grv2014\/featured<\/a><\/p>\n<p>Instagram:&nbsp;<a href=\"https:\/\/www.instagram.com\/grvproducoes\/\">https:\/\/www.instagram.com\/grvproducoes\/<\/a><\/p>\n<p><a href=\"http:\/\/&quot;https:\/\/laurafinocchiaro.com.br\/site\/wp-content\/uploads\/2024\/11\/LAURA-FINOCCHIARO-LANCA.pdf&quot;\" data-wplink-url-error=\"true\">Baixar PDF<\/a><\/p><\/div><\/div><\/div><\/div><\/div><div class=\"vce-col vce-col--md-6p vce-col--xs-1 vce-col--xs-last vce-col--xs-first vce-col--sm-last vce-col--sm-first vce-col--md-last vce-col--lg-last vce-col--xl-last\" id=\"el-d955bf30\"><div class=\"vce-col-inner\" data-vce-do-apply=\"border margin background  el-d955bf30\"><div class=\"vce-col-content\" data-vce-element-content=\"true\" data-vce-do-apply=\"padding el-d955bf30\"><div><\/div><\/div><\/div><\/div><\/div><\/div><\/div><div class=\"vce-row-container\" data-vce-boxed-width=\"true\"><div class=\"vce-row vce-row--col-gap-30 vce-row-equal-height vce-row-content--top\" id=\"el-18cb1a30\" data-vce-do-apply=\"all el-18cb1a30\"><div class=\"vce-row-content\" data-vce-element-content=\"true\"><div class=\"vce-col vce-col--md-auto vce-col--xs-1 vce-col--xs-last vce-col--xs-first vce-col--sm-last vce-col--sm-first vce-col--md-first vce-col--lg-first vce-col--xl-first\" id=\"el-7420a0de\"><div class=\"vce-col-inner\" data-vce-do-apply=\"border margin background  el-7420a0de\"><div class=\"vce-col-content\" data-vce-element-content=\"true\" data-vce-do-apply=\"padding el-7420a0de\"><div><\/div><\/div><\/div><\/div><div class=\"vce-col vce-col--md-auto vce-col--xs-1 vce-col--xs-last vce-col--xs-first vce-col--sm-last vce-col--sm-first\" id=\"el-d8e0e6b5\"><div class=\"vce-col-inner\" data-vce-do-apply=\"border margin background  el-d8e0e6b5\"><div class=\"vce-col-content\" data-vce-element-content=\"true\" data-vce-do-apply=\"padding el-d8e0e6b5\"><div><\/div><\/div><\/div><\/div><div class=\"vce-col vce-col--md-auto vce-col--xs-1 vce-col--xs-last vce-col--xs-first vce-col--sm-last vce-col--sm-first vce-col--md-last vce-col--lg-last vce-col--xl-last\" id=\"el-723f7038\"><div class=\"vce-col-inner\" data-vce-do-apply=\"border margin background  el-723f7038\"><div class=\"vce-col-content\" data-vce-element-content=\"true\" data-vce-do-apply=\"padding el-723f7038\"><div><\/div><\/div><\/div><\/div><\/div><\/div><\/div><div class=\"vce-row-container\" data-vce-boxed-width=\"true\"><div class=\"vce-row vce-row--col-gap-30 vce-row-equal-height vce-row-content--top\" id=\"el-bb137cba\" data-vce-do-apply=\"all el-bb137cba\"><div class=\"vce-row-content\" data-vce-element-content=\"true\"><div class=\"vce-col vce-col--md-auto vce-col--xs-1 vce-col--xs-last vce-col--xs-first vce-col--sm-last vce-col--sm-first vce-col--md-last vce-col--lg-last vce-col--xl-last vce-col--md-first vce-col--lg-first vce-col--xl-first\" id=\"el-801ea931\"><div class=\"vce-col-inner\" data-vce-do-apply=\"border margin background  el-801ea931\"><div class=\"vce-col-content\" data-vce-element-content=\"true\" data-vce-do-apply=\"padding el-801ea931\"><div class=\"vce-single-image-container vce-single-image--align-left\"><div class=\"vce vce-single-image-wrapper\" id=\"el-d5fc13fe\" data-vce-do-apply=\"all el-d5fc13fe\"><figure><div class=\"vce-single-image-figure-inner\"><div class=\"vce-single-image-inner vce-single-image--absolute\" style=\"width: 100%;\"><\/div><\/div><figcaption hidden=\"\"><\/figcaption><\/figure><\/div><\/div><\/div><\/div><\/div><\/div><\/div><\/div><p><\/p>","protected":false},"excerpt":{"rendered":"<p>LAURA FINOCCHIARO LAN\u00c7A \u201cNOSSA PARCERIA\u201d O single chega \u00e0s plataformas digitais no dia 13 de novembro Al\u00e9m da novidade, a artista vem tendo trabalhos antigos resgatados este ano A cantora, compositora, multi-instrumentista, arranjadora e produtora Laura Finocchiaro lan\u00e7a, no pr\u00f3ximo dia 13, seu novo single, \u201cNossa parceria\u201d, que chega \u00e0s [&hellip;]<\/p>\n","protected":false},"author":6,"featured_media":0,"parent":0,"menu_order":0,"comment_status":"closed","ping_status":"closed","template":"","meta":{"footnotes":""},"class_list":["post-5767","page","type-page","status-publish","hentry"],"_links":{"self":[{"href":"https:\/\/laurafinocchiaro.com.br\/site\/wp-json\/wp\/v2\/pages\/5767","targetHints":{"allow":["GET"]}}],"collection":[{"href":"https:\/\/laurafinocchiaro.com.br\/site\/wp-json\/wp\/v2\/pages"}],"about":[{"href":"https:\/\/laurafinocchiaro.com.br\/site\/wp-json\/wp\/v2\/types\/page"}],"author":[{"embeddable":true,"href":"https:\/\/laurafinocchiaro.com.br\/site\/wp-json\/wp\/v2\/users\/6"}],"replies":[{"embeddable":true,"href":"https:\/\/laurafinocchiaro.com.br\/site\/wp-json\/wp\/v2\/comments?post=5767"}],"version-history":[{"count":10,"href":"https:\/\/laurafinocchiaro.com.br\/site\/wp-json\/wp\/v2\/pages\/5767\/revisions"}],"predecessor-version":[{"id":5785,"href":"https:\/\/laurafinocchiaro.com.br\/site\/wp-json\/wp\/v2\/pages\/5767\/revisions\/5785"}],"wp:attachment":[{"href":"https:\/\/laurafinocchiaro.com.br\/site\/wp-json\/wp\/v2\/media?parent=5767"}],"curies":[{"name":"wp","href":"https:\/\/api.w.org\/{rel}","templated":true}]}}