{"id":5379,"date":"2024-04-22T13:36:08","date_gmt":"2024-04-22T13:36:08","guid":{"rendered":"https:\/\/laurafinocchiaro.com.br\/site\/?page_id=5379"},"modified":"2024-04-22T14:12:57","modified_gmt":"2024-04-22T14:12:57","slug":"primeira-eliminatoria","status":"publish","type":"page","link":"https:\/\/laurafinocchiaro.com.br\/site\/primeira-eliminatoria\/","title":{"rendered":"Primeira eliminat\u00f3ria &#8211; Centro Cultural da Penha"},"content":{"rendered":"<div class=\"vce-row-container\"><div class=\"vce-row vce-row--col-gap-30 vce-row-equal-height vce-row-content--top\" data-vce-full-width=\"true\" id=\"el-39550c5a\" data-vce-do-apply=\"all el-39550c5a\"><div class=\"vce-content-background-container\"><\/div><div class=\"vce-row-content\" data-vce-element-content=\"true\"><div class=\"vce-col vce-col--md-auto vce-col--xs-1 vce-col--xs-last vce-col--xs-first vce-col--sm-last vce-col--sm-first vce-col--md-last vce-col--lg-last vce-col--xl-last vce-col--md-first vce-col--lg-first vce-col--xl-first\" id=\"el-50f5b5e9\"><div class=\"vce-col-inner\" data-vce-do-apply=\"border margin background  el-50f5b5e9\"><div class=\"vce-content-background-container\"><\/div><div class=\"vce-col-content\" data-vce-element-content=\"true\" data-vce-do-apply=\"padding el-50f5b5e9\"><div class=\"vce-single-image-container vce-single-image--align-left\"><div class=\"vce vce-single-image-wrapper\" id=\"el-c363bfe0\" data-vce-do-apply=\"all el-c363bfe0\"><figure><div class=\"vce-single-image-figure-inner\" style=\"width: 1024px;\"><div class=\"vce-single-image-inner vce-single-image--absolute\" style=\"width: 100%; padding-bottom: 36.4258%;\"><img fetchpriority=\"high\" decoding=\"async\" class=\"vce-single-image\"  width=\"1024\" height=\"373\" srcset=\"https:\/\/laurafinocchiaro.com.br\/site\/wp-content\/uploads\/2024\/01\/release-banner-1024x373.jpg 1024w, https:\/\/laurafinocchiaro.com.br\/site\/wp-content\/uploads\/2024\/01\/release-banner-320x117.jpg 320w, https:\/\/laurafinocchiaro.com.br\/site\/wp-content\/uploads\/2024\/01\/release-banner-480x175.jpg 480w, https:\/\/laurafinocchiaro.com.br\/site\/wp-content\/uploads\/2024\/01\/release-banner-800x292.jpg 800w\" src=\"https:\/\/laurafinocchiaro.com.br\/site\/wp-content\/uploads\/2024\/01\/release-banner-1024x373.jpg\" data-img-src=\"https:\/\/laurafinocchiaro.com.br\/site\/wp-content\/uploads\/2024\/01\/release-banner.jpg\" data-attachment-id=\"5219\"  alt=\"\" title=\"release banner\" \/><\/div><\/div><figcaption hidden=\"\"><\/figcaption><\/figure><\/div><\/div><\/div><\/div><\/div><\/div><\/div><\/div><div class=\"vce-row-container\"><div class=\"vce-row vce-row--col-gap-30 vce-row-equal-height vce-row-content--top\" data-vce-full-width=\"true\" id=\"el-357c33a9\" data-vce-do-apply=\"all el-357c33a9\"><div class=\"vce-row-content\" data-vce-element-content=\"true\"><div class=\"vce-col vce-col--md-93p vce-col--xs-1 vce-col--xs-last vce-col--xs-first vce-col--sm-last vce-col--sm-first vce-col--md-first vce-col--lg-first vce-col--xl-first\" id=\"el-a9a80922\"><div class=\"vce-col-inner\" data-vce-do-apply=\"border margin background  el-a9a80922\"><div class=\"vce-col-content\" data-vce-element-content=\"true\" data-vce-do-apply=\"padding el-a9a80922\"><div class=\"vce-text-block\"><div class=\"vce-text-block-wrapper vce\" id=\"el-97672397\" data-vce-do-apply=\"all el-97672397\"><p><strong>CENTRO CULTURAL DA PENHA RECEBE O FESTIVAL LGBTQIAP+ \u201cQUINZE MINUTOS DE FAMA COM LAURA FINOCCHIARO\u201d <\/strong><\/p>\r\n<p>O Centro Cultural da Penha recebe, em 26 de maio, a primeira eliminat\u00f3ria do Festival <a href=\"https:\/\/www.instagram.com\/festival15minutosdefama\/\"><em>Quinze minutos de fama com Laura Finocchiaro<\/em><\/a>, criado pela cantora, compositora, guitarrista, arte-educadora e produtora musical <a href=\"https:\/\/www.instagram.com\/laurafinocchiaro\/\">Laura Finocchiaro<\/a>para fortalecer a presen\u00e7a e representatividade LGBTQIAP+ na cena cultural da cidade.<\/p>\r\n<p>Nesta ocasi\u00e3o, sobem ao palco<a href=\"https:\/\/www.instagram.com\/bensipahi__\/\">Ben Sipahi<\/a>, <a href=\"https:\/\/www.instagram.com\/_math_math__\/\">M\u00e5\u0163h<\/a>.<a href=\"https:\/\/www.instagram.com\/rigonattto\/\">Rigonatto<\/a> e <a href=\"https:\/\/www.instagram.com\/rogersilper\/\">Roger Silper<\/a>, que disputam a primeira vaga para a final \u2013 a segunda, com <a href=\"https:\/\/www.instagram.com\/anuby.messias\/\">Anuby Messias<\/a>, <a href=\"https:\/\/www.instagram.com\/kuinghinaciokuing\/\">Hin\u00e1cio Kuing<\/a>, <a href=\"https:\/\/www.instagram.com\/pauloazeviche\/\">Paulo Azeviche<\/a> e <a href=\"https:\/\/www.instagram.com\/vraoficiall\/\">VR\u00c1<\/a>, ser\u00e1 definida em 9 de junhona Casa de Cultura do Butant\u00e3.<\/p>\r\n<p>Os artistas foram selecionados criteriosamente por Laura Finocchiaro e Ricardo Severo. Laura, com sua vasta experi\u00eancia em mais de 40 anos de carreira nos palco e na dire\u00e7\u00e3o e produ\u00e7\u00e3o musical dos Reality Shows do SBT, como a Casa dos Artistas, e na Record, em A Fazendae programas e novelas, bem como produtora e compositora da TV Colosso, da TV Globo. J\u00e1 Ricardo traz sua bagagem comocompositor, diretor musical, cancionista e dramaturgo, em uma carreira demais de 35 anos, in\u00fameras trilhas instrumentais para novelas da TV Globo e mais de 20 pr\u00eamios, incluindo um Kikito no Festival de Cinema de Gramado e o Pr\u00eamio SHELL de Melhor M\u00fasica para Teatro.<\/p>\r\n<p>Ricardo Severo fala sobre cada um deles:<\/p>\r\n<p>\u201cBen Sipahi faz uma poesia hip-hop com uma timbragem eletr\u00f4nica moderna, contrastando o peso das palavras com a sonoridade que remete a um espa\u00e7o on\u00edrico, criando uma narrativa rasgante e \u00fanica.\u201d<\/p>\r\n<p>\u201cM\u00e5\u0163h encontra seu som nos timbres e ritmos dos anos 1980\/1990, como um p\u00f3s-new-wave com seus ritmos eletr\u00f4nicos r\u00e1pidos, quase um synth-pop. Sua tem\u00e1tica exp\u00f5e uma certa melancolia, em contraste com a musicalidade dan\u00e7ante.\u201d<\/p>\r\n<p>\u201cRigonatto aposta num pop diferenciado e dan\u00e7ante, flertando com o house e o reggaeton, numa performance elaborada para levar todo mundo para a pista de dan\u00e7a, mas sem soar f\u00e1cil na sua mistura de m\u00fasica latina, hip-hop e dancehall.\u201d<\/p>\r\n<p>\u201cO timbre \u00fanico e rasgante de Roger Silper faz com que suas can\u00e7\u00f5es tenham ainda mais for\u00e7a. Suas letras de cunho pol\u00edtico-social provocam tanto nos arranjos ac\u00fasticos quanto nos eletr\u00f4nicos. Um artista que vai imprimir a sua marca em toda can\u00e7\u00e3o que interpretar.\u201d<\/p>\r\n<p>Durante o processo de sele\u00e7\u00e3o,como o n\u00famero de talentos ultrapassou os oito previstos, foi criada a categoria Men\u00e7\u00e3o Honrosa, para abrir espa\u00e7o e homenagear alguns artistas de alto talento que ficaram fora dessa lista.No Centro Cultural da Penha ser\u00e1 entregue a Men\u00e7\u00e3o Honrosa para <a href=\"https:\/\/www.instagram.com\/leehbernard.ofc\/\">Leeh Bernard<\/a>, de Itapecerica da Serra. Na segunda, na Casa de Cultura do Butant\u00e3, a banda <a href=\"https:\/\/www.instagram.com\/bandasonnora_oficial\/\">Sonnora<\/a> recebe a honraria. Na final, com data a ser confirmada, a Men\u00e7\u00e3o fica com <a href=\"https:\/\/www.instagram.com\/all.iceee\/\">ALL-ICE<\/a> e, por sua excepcional performance, <a href=\"https:\/\/www.instagram.com\/wrany__\/\">Wrany<\/a> recebe o t\u00edtulo de <em>Hors Concours<\/em>.<\/p>\r\n<p>\u201cEstou muito feliz pela oportunidade de escutar, conhecer. Para cada inscrito, audi\u00e7\u00e3o cuidadosae muita pesquisa, como eu fazia na TV, quando pesquisava artistas e can\u00e7\u00f5es para inserir nos programas di\u00e1rios e VTs especiais de cada participante do reality show. Sempre escolhi e escutei procurando a alma\u201d, afirma Laura sobre o processo de sele\u00e7\u00e3o.<\/p>\r\n<p>Ricardo Severo emenda: \u201cS\u00e3o vozes t\u00e3o variadas, com refer\u00eancias \u00fanicas, hist\u00f3rias originais e sonoridades t\u00e3o diferentes. Muita gente incr\u00edvel, com muito o que dizer e cantar. Procuramos escolher int\u00e9rpretes e m\u00fasicas que pudessem mostrar a enorme diversidade que existe entre esses artistas LGBTQIAP+. Esperamos que todos ou\u00e7am&nbsp;e&nbsp;se&nbsp;liguem!\u201d.<\/p>\r\n<p>O evento ser\u00e1 conduzido por Laura Finocchiaro e pelo <span>ator, performer e m\u00fasico Cristiano Meirelles, atrav\u00e9s de sua persona drag, Kiki Domale\u00e3o, em i<\/span>nterven\u00e7\u00f5es sonoras e entrevistas com os participantes.<\/p>\r\n<p>A grande final acontecer\u00e1 na Pra\u00e7a Roosevelt, zona central de S\u00e3o Paulo, em um palco montado especialmente para o evento, quando os dois finalistas apresentar\u00e3o as can\u00e7\u00f5es inscritas e o p\u00fablico se tornar\u00e1 o terceiro jurado, atrav\u00e9s de vota\u00e7\u00e3o online. O projeto tamb\u00e9m comtempla o lan\u00e7amento do novo show de Laura Finocchiaro, acompanhada por Ricardo Severo e Cristiano Meirelles, intitulado <em>Inclusive<\/em>.\u201cVamos tornar o evento inteiro um \u2018acontecimento musical\u2019, que vai conectar a minha trajet\u00f3ria com as dos participantes e com os hits que marcaram d\u00e9cadas deste movimento colorido, resgatando mem\u00f3rias musicais, envolvendo, emocionando e revelandomeu trabalho para estes artistas e para este p\u00fablico\u201d, diz Laura.<\/p>\r\n<p><em>Quinze minutos de fama com Laura Finocchiaro<\/em>, projeto vencedor do primeiro lugar do edital ProAc - linha LGBTQIA+, de 2023, \u00e9 uma realiza\u00e7\u00e3o da<a href=\"https:\/\/laurafinocchiaro.com.br\/site\/sorte-producoes\/\">Sorte Produ\u00e7\u00f5es<\/a><u> Ltda<\/u>, tem dire\u00e7\u00e3o geral de Laura Finocchiaro, idealizadora do projeto ao lado de Ana Lucia Queiroz. A produ\u00e7\u00e3o executiva \u00e9 de <a href=\"https:\/\/www.instagram.com\/lulimaproducer\/\">Luciane Lima<\/a>, produ\u00e7\u00e3o de <a href=\"https:\/\/www.instagram.com\/rodrigodearaujo\/\">Rodrigo de Ara\u00fajo<\/a>, dire\u00e7\u00e3o gr\u00e1fica e cen\u00e1rio de <a href=\"https:\/\/www.instagram.com\/martaoliveiraj\/\">Marta Oliveira<\/a>, <a href=\"https:\/\/www.instagram.com\/claudias3chapira84\/\">Claudia Schapira<\/a> na dire\u00e7\u00e3o c\u00eanica e figurinos e o m\u00fasico <a href=\"https:\/\/www.instagram.com\/oricardosevero\/\">Ricardo Severo<\/a> na produ\u00e7\u00e3o musical ao lado de Laura. O ator, performer e m\u00fasico Cristiano Meirelles, a<em> drag afro tupini queen<\/em> Kiki Domale\u00e3o, \u00e9 o personagem dos v\u00eddeos e shows do projeto.<\/p>\r\n<p>\u201cMontamos o festival para que, al\u00e9m de revelar e dar oportunidade para novos talentos, tamb\u00e9m sirva para revelar a minha obra musical, desenvolvida de forma independente h\u00e1 mais de quatro d\u00e9cadas, para um novo p\u00fablico. Por isso o festival leva o meu nome.Porque tamb\u00e9m sou uma artista que teve seus 15 minutos de fama\u201d, finaliza Laura.<\/p>\r\n<p><a href=\"https:\/\/laurafinocchiaro.com.br\/site\/wp-content\/uploads\/2024\/04\/Penha.pdf\" class=\"pdfemb-viewer\" style=\"\" data-width=\"max\" data-height=\"max\" data-toolbar=\"bottom\" data-toolbar-fixed=\"off\">Penha<\/a><\/p>\r\n<p><\/p>\r\n<p>Link para imagens: <a href=\"https:\/\/bit.ly\/3TNx3tJ\">https:\/\/bit.ly\/3TNx3tJ<\/a> | Biografia Laura Finocchiaro: <a href=\"https:\/\/bit.ly\/3Hc8YoI\">https:\/\/bit.ly\/3Hc8YoI<\/a><\/p>\r\n<p><\/p>\r\n<p><strong>SERVI\u00c7O<\/strong><\/p>\r\n<p><strong><em>Quinze minutos de fama com Laura Finocchiaro <\/em><\/strong><\/p>\r\n<p><strong>26\/5, domingo, a partir das 18h<\/strong><\/p>\r\n<p><strong>Centro Cultural da Penha<\/strong><\/p>\r\n<p>Largo do Ros\u00e1rio, 20<\/p>\r\n<p>Primeira eliminat\u00f3ria, com: Roger Silper (zona leste), Ben Sipahi (zona oeste), Rigonatto (zona norte), M\u00e5\u0163h (zona norte)<\/p>\r\n<p>Interven\u00e7\u00f5es:&nbsp; Laura Finocchiaro &amp; Cristiano Meirelles (Kiki Domale\u00e3o)<\/p>\r\n<p>Men\u00e7\u00e3o Honrosa: Leeh Bernard (Itapecerica da Serra)<\/p>\r\n<p>Entrada gratuita<\/p>\r\n<p>Livre<\/p>\r\n<p><\/p>\r\n<p><strong><u>Ficha T\u00e9cnica<\/u><\/strong><\/p>\r\n<p>Realiza\u00e7\u00e3o: Sorte Produ\u00e7\u00f5es<\/p>\r\n<p>Dire\u00e7\u00e3o geral: Laura Finocchiaro<\/p>\r\n<p>Produ\u00e7\u00e3o executiva: Luciane Lima<\/p>\r\n<p>Produ\u00e7\u00e3o: Rodrigo de Ara\u00fajo<\/p>\r\n<p>Dire\u00e7\u00e3o gr\u00e1fica e cen\u00e1rio: Marta Oliveira<\/p>\r\n<p>Dire\u00e7\u00e3o c\u00eanica e figurinos: Claudia Schapira<\/p>\r\n<p>Produ\u00e7\u00e3o musical: Laura Finocchiaro e Ricardo Severo<\/p>\r\n<p>Ator, performer e m\u00fasico (v\u00eddeos): Cristiano Meirelles (Kiki Domale\u00e3o)<\/p>\r\n<p>Comunica\u00e7\u00e3o (imprensa e m\u00eddias sociais): Vicente Negr\u00e3o Assessoria<\/p>\r\n<p>Grava\u00e7\u00e3o, transmiss\u00e3o e edi\u00e7\u00e3o: Teo Ponciano<\/p>\r\n<p>Ilumina\u00e7\u00e3o: D\u00e9cio Filho<\/p>\r\n<p>Instagram: <a href=\"https:\/\/www.instagram.com\/festival15minutosdefama\/\">@festival15minutosdefama<\/a><\/p>\r\n<p>TikTok: <a href=\"https:\/\/www.tiktok.com\/@festival15minutosdefama\">@festival15minutosdefama<\/a><\/p>\r\n<p>Facebook: <a href=\"https:\/\/www.facebook.com\/profile.php?id=61554732764981&amp;mibextid=LQQJ4d\">@festival15minutosdefama<\/a><\/p>\r\n<p>Informa\u00e7\u00f5es para imprensa:<\/p>\r\n<p>Alisson Schafaschek \u2013 alisson@vicentenegrao.com | 47 99250\u20134678<br>Biba Fonseca \u2013 biba@vicentenegrao.com | 11 99271\u20135037<\/p><\/div><\/div><\/div><\/div><\/div><div class=\"vce-col vce-col--md-7p vce-col--xs-1 vce-col--xs-last vce-col--xs-first vce-col--sm-last vce-col--sm-first vce-col--md-last vce-col--lg-last vce-col--xl-last\" id=\"el-d955bf30\"><div class=\"vce-col-inner\" data-vce-do-apply=\"border margin background  el-d955bf30\"><div class=\"vce-col-content\" data-vce-element-content=\"true\" data-vce-do-apply=\"padding el-d955bf30\"><div><\/div><\/div><\/div><\/div><\/div><\/div><\/div><div class=\"vce-row-container\" data-vce-boxed-width=\"true\"><div class=\"vce-row vce-row--col-gap-30 vce-row-equal-height vce-row-content--top\" id=\"el-18cb1a30\" data-vce-do-apply=\"all el-18cb1a30\"><div class=\"vce-row-content\" data-vce-element-content=\"true\"><div class=\"vce-col vce-col--md-auto vce-col--xs-1 vce-col--xs-last vce-col--xs-first vce-col--sm-last vce-col--sm-first vce-col--md-first vce-col--lg-first vce-col--xl-first\" id=\"el-7420a0de\"><div class=\"vce-col-inner\" data-vce-do-apply=\"border margin background  el-7420a0de\"><div class=\"vce-col-content\" data-vce-element-content=\"true\" data-vce-do-apply=\"padding el-7420a0de\"><div><\/div><\/div><\/div><\/div><div class=\"vce-col vce-col--md-auto vce-col--xs-1 vce-col--xs-last vce-col--xs-first vce-col--sm-last vce-col--sm-first\" id=\"el-d8e0e6b5\"><div class=\"vce-col-inner\" data-vce-do-apply=\"border margin background  el-d8e0e6b5\"><div class=\"vce-col-content\" data-vce-element-content=\"true\" data-vce-do-apply=\"padding el-d8e0e6b5\"><div><\/div><\/div><\/div><\/div><div class=\"vce-col vce-col--md-auto vce-col--xs-1 vce-col--xs-last vce-col--xs-first vce-col--sm-last vce-col--sm-first vce-col--md-last vce-col--lg-last vce-col--xl-last\" id=\"el-723f7038\"><div class=\"vce-col-inner\" data-vce-do-apply=\"border margin background  el-723f7038\"><div class=\"vce-col-content\" data-vce-element-content=\"true\" data-vce-do-apply=\"padding el-723f7038\"><div><\/div><\/div><\/div><\/div><\/div><\/div><\/div><div class=\"vce-row-container\" data-vce-boxed-width=\"true\"><div class=\"vce-row vce-row--col-gap-30 vce-row-equal-height vce-row-content--top\" id=\"el-bb137cba\" data-vce-do-apply=\"all el-bb137cba\"><div class=\"vce-row-content\" data-vce-element-content=\"true\"><div class=\"vce-col vce-col--md-auto vce-col--xs-1 vce-col--xs-last vce-col--xs-first vce-col--sm-last vce-col--sm-first vce-col--md-last vce-col--lg-last vce-col--xl-last vce-col--md-first vce-col--lg-first vce-col--xl-first\" id=\"el-801ea931\"><div class=\"vce-col-inner\" data-vce-do-apply=\"border margin background  el-801ea931\"><div class=\"vce-col-content\" data-vce-element-content=\"true\" data-vce-do-apply=\"padding el-801ea931\"><div class=\"vce-single-image-container vce-single-image--align-left\"><div class=\"vce vce-single-image-wrapper\" id=\"el-d5fc13fe\" data-vce-do-apply=\"all el-d5fc13fe\"><figure><div class=\"vce-single-image-figure-inner\"><div class=\"vce-single-image-inner vce-single-image--absolute\" style=\"width: 100%;\"><\/div><\/div><figcaption hidden=\"\"><\/figcaption><\/figure><\/div><\/div><\/div><\/div><\/div><\/div><\/div><\/div><p><\/p>","protected":false},"excerpt":{"rendered":"<p>CENTRO CULTURAL DA PENHA RECEBE O FESTIVAL LGBTQIAP+ \u201cQUINZE MINUTOS DE FAMA COM LAURA FINOCCHIARO\u201d O Centro Cultural da Penha recebe, em 26 de maio, a primeira eliminat\u00f3ria do Festival Quinze minutos de fama com Laura Finocchiaro, criado pela cantora, compositora, guitarrista, arte-educadora e produtora musical Laura Finocchiaropara fortalecer a [&hellip;]<\/p>\n","protected":false},"author":6,"featured_media":0,"parent":0,"menu_order":0,"comment_status":"closed","ping_status":"closed","template":"","meta":{"footnotes":""},"class_list":["post-5379","page","type-page","status-publish","hentry"],"_links":{"self":[{"href":"https:\/\/laurafinocchiaro.com.br\/site\/wp-json\/wp\/v2\/pages\/5379","targetHints":{"allow":["GET"]}}],"collection":[{"href":"https:\/\/laurafinocchiaro.com.br\/site\/wp-json\/wp\/v2\/pages"}],"about":[{"href":"https:\/\/laurafinocchiaro.com.br\/site\/wp-json\/wp\/v2\/types\/page"}],"author":[{"embeddable":true,"href":"https:\/\/laurafinocchiaro.com.br\/site\/wp-json\/wp\/v2\/users\/6"}],"replies":[{"embeddable":true,"href":"https:\/\/laurafinocchiaro.com.br\/site\/wp-json\/wp\/v2\/comments?post=5379"}],"version-history":[{"count":3,"href":"https:\/\/laurafinocchiaro.com.br\/site\/wp-json\/wp\/v2\/pages\/5379\/revisions"}],"predecessor-version":[{"id":5383,"href":"https:\/\/laurafinocchiaro.com.br\/site\/wp-json\/wp\/v2\/pages\/5379\/revisions\/5383"}],"wp:attachment":[{"href":"https:\/\/laurafinocchiaro.com.br\/site\/wp-json\/wp\/v2\/media?parent=5379"}],"curies":[{"name":"wp","href":"https:\/\/api.w.org\/{rel}","templated":true}]}}