{"id":5264,"date":"2024-01-25T16:13:32","date_gmt":"2024-01-25T16:13:32","guid":{"rendered":"https:\/\/laurafinocchiaro.com.br\/site\/?page_id=5264"},"modified":"2024-05-30T16:50:32","modified_gmt":"2024-05-30T16:50:32","slug":"festival-musical","status":"publish","type":"page","link":"https:\/\/laurafinocchiaro.com.br\/site\/festival-musical\/","title":{"rendered":""},"content":{"rendered":"<div class=\"vce-row-container\" data-vce-boxed-width=\"true\"><div class=\"vce-row vce-row--col-gap-30 vce-row-equal-height vce-row-content--top\" id=\"el-1f6d7be3\" data-vce-do-apply=\"all el-1f6d7be3\"><div class=\"vce-row-content\" data-vce-element-content=\"true\"><div class=\"vce-col vce-col--md-auto vce-col--xs-1 vce-col--xs-last vce-col--xs-first vce-col--sm-last vce-col--sm-first vce-col--md-last vce-col--lg-last vce-col--xl-last vce-col--md-first vce-col--lg-first vce-col--xl-first\" id=\"el-1bfa6a8d\"><div class=\"vce-col-inner\" data-vce-do-apply=\"border margin background  el-1bfa6a8d\"><div class=\"vce-col-content\" data-vce-element-content=\"true\" data-vce-do-apply=\"padding el-1bfa6a8d\"><div class=\"vce-text-block\"><div class=\"vce-text-block-wrapper vce\" id=\"el-08d4206e\" data-vce-do-apply=\"all el-08d4206e\"><h2>Inscri\u00e7\u00f5es abertas para o Festival Quinze Minutos de Fama com Laura Finocchiaro<\/h2>\n<p>Neste 25 de janeiro de 2024, dia em que a cidade de S\u00e3o Paulo comemora seu 470\u00ba anivers\u00e1rio, a comunidade LGBTQIAP+ ganha um presente, com a abertura das inscri\u00e7\u00f5es para o festival Quinze minutos de fama com Laura Finocchiaro.<\/p>\n<p>Com o objetivo de revelar e conectar talentos musicais LGBTQIAP+, o festival tem como meta o fortalecimento de sua presen\u00e7a e representatividade na cena cultural da cidade.<\/p>\n<p>As nscri\u00e7\u00f5es devem ser feitas \u00fanica e exclusivamente via internet, por meio do preenchimento de formul\u00e1rio eletr\u00f4nico dispon\u00edvel no<a href=\"https:\/\/docs.google.com\/forms\/d\/e\/1FAIpQLSekZ16SEKhTEX0KhpaXKsusKiFVC5I4TiD1brZdiypw_Xt5LA\/viewform?pli=1\"> link<\/a>.<\/p><\/div><\/div><div class=\"vce-text-block\"><div class=\"vce-text-block-wrapper vce\" id=\"el-e32c3769\" data-vce-do-apply=\"all el-e32c3769\"><h4>Quem pode participar<\/h4>\n<p>Quinze minutos de fama com Laura Finocchiaro \u00e9 voltado para compositores, compositoras e int\u00e9rpretes de todas as idades, que se declarem pertencentes \u00e0 comunidade LGBTQIAP+ e residentes na cidade de S\u00e3o Paulo, no formato solo, duo ou banda (com at\u00e9 cinco participantes), que devem se inscrever com duas can\u00e7\u00f5es, uma obrigatoriamente autoral e outra podendo ser uma releitura de livre escolha, nacional ou internacional, em vers\u00f5es m\u00fasica e v\u00eddeo.<\/p><\/div><\/div><div class=\"vce-text-block\"><div class=\"vce-text-block-wrapper vce\" id=\"el-879fdea4\" data-vce-do-apply=\"all el-879fdea4\"><h4>Premia\u00e7\u00f5es<\/h4>\n<p>Um j\u00fari especializado selecionar\u00e1 oito concorrentes, que v\u00e3o disputar as duas vagas para a final em duas eliminat\u00f3rias, quando o j\u00fari ganhar\u00e1 o refor\u00e7o do p\u00fablico. O artista\/grupo selecionado receber\u00e1 uma ajuda de custo no valor de R$ 500,00 para a realiza\u00e7\u00e3o de sua apresenta\u00e7\u00e3o e o vencedor do festival receber\u00e1 um pr\u00eamio em dinheiro no valor de R$ 1.000,00, al\u00e9m de seus \u201cquinze minutos de fama\u201d.<\/p><\/div><\/div><div class=\"vce-text-block\"><div class=\"vce-text-block-wrapper vce\" id=\"el-1ed4055a\" data-vce-do-apply=\"all el-1ed4055a\"><h4>Shows<\/h4>\n<p>Os shows ser\u00e3o em palcos perif\u00e9ricos: as eliminat\u00f3rias v\u00e3o acontecer em espa\u00e7os p\u00fablicos da Zona Sul e Zona Leste de S\u00e3o Paulo e a final ter\u00e1 como palco a Pra\u00e7a Roosevelt, no centro da capital paulista.<\/p>\n<p>Assista uma mensagem de Laura Finocchiaro pra voc\u00ea. E boa sorte!<\/p><\/div><\/div><\/div><\/div><\/div><\/div><\/div><\/div><div class=\"vce-row-container\"><div class=\"vce-row vce-row--col-gap-30 vce-row-equal-height vce-row-content--top\" data-vce-full-width=\"true\" id=\"el-23c13bd5\" data-vce-do-apply=\"all el-23c13bd5\"><div class=\"vce-content-background-container\"><\/div><div class=\"vce-row-content\" data-vce-element-content=\"true\"><div class=\"vce-col vce-col--md-auto vce-col--xs-1 vce-col--xs-last vce-col--xs-first vce-col--sm-last vce-col--sm-first vce-col--md-last vce-col--lg-last vce-col--xl-last vce-col--md-first vce-col--lg-first vce-col--xl-first\" id=\"el-c361bc2b\"><div class=\"vce-col-inner\" data-vce-do-apply=\"border margin background  el-c361bc2b\"><div class=\"vce-col-content\" data-vce-element-content=\"true\" data-vce-do-apply=\"padding el-c361bc2b\"><div class=\"vce-yt-video-player vce-yt-video-player--align-center vce-yt-video-player--size-853x480\"><div class=\"vce vce-yt-video-player-wrapper\" id=\"el-bfbb3278\" data-vce-do-apply=\"all el-bfbb3278\" style=\"width: 853px;\"><div class=\"vce-yt-video-player-inner\"><iframe class=\"vce-yt-video-player-iframe\" src=\"https:\/\/www.youtube.com\/embed\/ScoLUnQOBMo?autoplay=0&amp;mute=0&amp;color=red&amp;controls=1&amp;loop=0&amp;rel=0&amp;start=0&amp;cc_load_policy=0&amp;iv_load_policy=3&amp;enablejsapi=1\" width=\"640\" height=\"390\" allowfullscreen=\"\" title=\"YouTube video\"><\/iframe><\/div><\/div><\/div><div class=\"vce-yt-video-player vce-yt-video-player--align-center vce-yt-video-player--size-853x480\"><div class=\"vce vce-yt-video-player-wrapper\" id=\"el-42400f65\" data-vce-do-apply=\"all el-42400f65\" style=\"width: 853px;\"><div class=\"vce-yt-video-player-inner\"><iframe class=\"vce-yt-video-player-iframe\" src=\"https:\/\/www.youtube.com\/embed\/12_oC0tMULI?autoplay=0&amp;mute=0&amp;color=red&amp;controls=1&amp;loop=0&amp;rel=0&amp;start=0&amp;cc_load_policy=0&amp;iv_load_policy=3&amp;enablejsapi=1\" width=\"640\" height=\"390\" allowfullscreen=\"\" title=\"YouTube video\"><\/iframe><\/div><\/div><\/div><\/div><\/div><\/div><\/div><\/div><\/div><div class=\"vce-row-container\" data-vce-boxed-width=\"true\"><div class=\"vce-row vce-row--col-gap-30 vce-row-equal-height vce-row-content--top\" id=\"el-46e4b608\" data-vce-do-apply=\"all el-46e4b608\"><div class=\"vce-row-content\" data-vce-element-content=\"true\"><div class=\"vce-col vce-col--md-auto vce-col--xs-1 vce-col--xs-last vce-col--xs-first vce-col--sm-last vce-col--sm-first vce-col--md-last vce-col--lg-last vce-col--xl-last vce-col--md-first vce-col--lg-first vce-col--xl-first\" id=\"el-0206f9b0\"><div class=\"vce-col-inner\" data-vce-do-apply=\"border margin background  el-0206f9b0\"><div class=\"vce-col-content\" data-vce-element-content=\"true\" data-vce-do-apply=\"padding el-0206f9b0\"><div class=\"vce-row-container\" data-vce-boxed-width=\"true\"><div class=\"vce-row vce-row--col-gap-30 vce-row-equal-height vce-row-content--top\" id=\"el-467b174f\" data-vce-do-apply=\"all el-467b174f\"><div class=\"vce-row-content\" data-vce-element-content=\"true\"><div class=\"vce-col vce-col--md-auto vce-col--xs-1 vce-col--xs-last vce-col--xs-first vce-col--sm-last vce-col--sm-first vce-col--md-last vce-col--lg-last vce-col--xl-last vce-col--md-first vce-col--lg-first vce-col--xl-first\" id=\"el-cee2d870\"><div class=\"vce-col-inner\" data-vce-do-apply=\"border margin background  el-cee2d870\"><div class=\"vce-col-content\" data-vce-element-content=\"true\" data-vce-do-apply=\"padding el-cee2d870\"><div class=\"vce-text-block\"><div class=\"vce-text-block-wrapper vce\" id=\"el-1c67a21b\" data-vce-do-apply=\"all el-1c67a21b\"><h2 style=\"text-align: center;\"><span style=\"font-size: 16pt;\">REGULAMENTO DO FESTIVAL<\/span><\/h2>\n<p><a href=\"https:\/\/laurafinocchiaro.com.br\/site\/wp-content\/uploads\/2024\/05\/Regulamento_Festival_15min_de_Fama_com_Laura_Finocchiaro.pdf\" class=\"pdfemb-viewer\" style=\"\" data-width=\"max\" data-height=\"max\" data-toolbar=\"bottom\" data-toolbar-fixed=\"off\">Regulamento_Festival_15min_de_Fama_com_Laura_Finocchiaro<\/a><\/p><\/div><\/div><\/div><\/div><\/div><\/div><\/div><\/div><\/div><\/div><\/div><\/div><\/div><\/div><div class=\"vce-row-container\"><div class=\"vce-row vce-row--col-gap-30 vce-row-equal-height vce-row-content--top\" data-vce-full-width=\"true\" id=\"el-76ec9a0d\" data-vce-do-apply=\"all el-76ec9a0d\"><div class=\"vce-content-background-container\"><\/div><div class=\"vce-row-content\" data-vce-element-content=\"true\"><div class=\"vce-col vce-col--md-auto vce-col--xs-1 vce-col--xs-last vce-col--xs-first vce-col--sm-last vce-col--sm-first vce-col--md-first vce-col--lg-first vce-col--xl-first\" id=\"el-f04f2ecd\"><div class=\"vce-col-inner\" data-vce-do-apply=\"border margin background  el-f04f2ecd\"><div class=\"vce-col-content\" data-vce-element-content=\"true\" data-vce-do-apply=\"padding el-f04f2ecd\"><div><\/div><\/div><\/div><\/div><div class=\"vce-col vce-col--md-auto vce-col--xs-1 vce-col--xs-last vce-col--xs-first vce-col--sm-last vce-col--sm-first\" id=\"el-a43298d5\"><div class=\"vce-col-inner\" data-vce-do-apply=\"border margin background  el-a43298d5\"><div class=\"vce-col-content\" data-vce-element-content=\"true\" data-vce-do-apply=\"padding el-a43298d5\"><div><\/div><\/div><\/div><\/div><div class=\"vce-col vce-col--md-auto vce-col--xs-1 vce-col--xs-last vce-col--xs-first vce-col--sm-last vce-col--sm-first\" id=\"el-90bbf8d0\"><div class=\"vce-col-inner\" data-vce-do-apply=\"border margin background  el-90bbf8d0\"><div class=\"vce-col-content\" data-vce-element-content=\"true\" data-vce-do-apply=\"padding el-90bbf8d0\"><div><\/div><\/div><\/div><\/div><div class=\"vce-col vce-col--md-auto vce-col--xs-1 vce-col--xs-last vce-col--xs-first vce-col--sm-last vce-col--sm-first vce-col--md-last vce-col--lg-last vce-col--xl-last\" id=\"el-d3c52071\"><div class=\"vce-col-inner\" data-vce-do-apply=\"border margin background  el-d3c52071\"><div class=\"vce-col-content\" data-vce-element-content=\"true\" data-vce-do-apply=\"padding el-d3c52071\"><div><\/div><\/div><\/div><\/div><\/div><\/div><\/div><div class=\"vce-row-container\" data-vce-boxed-width=\"true\"><div class=\"vce-row vce-row--col-gap-30 vce-row-equal-height vce-row-content--top\" id=\"el-6f5dfab1\" data-vce-do-apply=\"all el-6f5dfab1\"><div class=\"vce-row-content\" data-vce-element-content=\"true\"><div class=\"vce-col vce-col--md-auto vce-col--xs-1 vce-col--xs-last vce-col--xs-first vce-col--sm-last vce-col--sm-first vce-col--md-last vce-col--lg-last vce-col--xl-last vce-col--md-first vce-col--lg-first vce-col--xl-first\" id=\"el-cca7efab\"><div class=\"vce-col-inner\" data-vce-do-apply=\"border margin background  el-cca7efab\"><div class=\"vce-col-content\" data-vce-element-content=\"true\" data-vce-do-apply=\"padding el-cca7efab\"><div class=\"vce-row-container\" data-vce-boxed-width=\"true\"><div class=\"vce-row vce-row--col-gap-30 vce-row-equal-height vce-row-content--top\" id=\"el-52ecefda\" data-vce-do-apply=\"all el-52ecefda\"><div class=\"vce-row-content\" data-vce-element-content=\"true\"><div class=\"vce-col vce-col--md-auto vce-col--xs-1 vce-col--xs-last vce-col--xs-first vce-col--sm-last vce-col--sm-first vce-col--md-last vce-col--lg-last vce-col--xl-last vce-col--md-first vce-col--lg-first vce-col--xl-first\" id=\"el-f4e62147\"><div class=\"vce-col-inner\" data-vce-do-apply=\"border margin background  el-f4e62147\"><div class=\"vce-col-content\" data-vce-element-content=\"true\" data-vce-do-apply=\"padding el-f4e62147\"><div><\/div><\/div><\/div><\/div><\/div><\/div><\/div><\/div><\/div><\/div><\/div><\/div><\/div><div class=\"vce-row-container\"><div class=\"vce-row vce-row--col-gap-30 vce-row-equal-height vce-row-content--top\" data-vce-full-width=\"true\" id=\"el-d84b3d56\" data-vce-do-apply=\"all el-d84b3d56\"><div class=\"vce-content-background-container\"><\/div><div class=\"vce-row-content\" data-vce-element-content=\"true\"><div class=\"vce-col vce-col--md-auto vce-col--xs-1 vce-col--xs-last vce-col--xs-first vce-col--sm-last vce-col--sm-first vce-col--md-last vce-col--lg-last vce-col--xl-last vce-col--md-first vce-col--lg-first vce-col--xl-first\" id=\"el-494fee87\"><div class=\"vce-col-inner\" data-vce-do-apply=\"border margin background  el-494fee87\"><div class=\"vce-col-content\" data-vce-element-content=\"true\" data-vce-do-apply=\"padding el-494fee87\"><div><\/div><\/div><\/div><\/div><\/div><\/div><\/div><div class=\"vce-row-container\"><div class=\"vce-row vce-row--col-gap-30 vce-row-equal-height vce-row-content--top\" data-vce-full-width=\"true\" id=\"el-e3f7c490\" data-vce-do-apply=\"all el-e3f7c490\"><div class=\"vce-content-background-container\"><\/div><div class=\"vce-row-content\" data-vce-element-content=\"true\"><div class=\"vce-col vce-col--md-auto vce-col--xs-1 vce-col--xs-last vce-col--xs-first vce-col--sm-last vce-col--sm-first vce-col--md-last vce-col--lg-last vce-col--xl-last vce-col--md-first vce-col--lg-first vce-col--xl-first\" id=\"el-6536b102\"><div class=\"vce-col-inner\" data-vce-do-apply=\"border margin background  el-6536b102\"><div class=\"vce-col-content\" data-vce-element-content=\"true\" data-vce-do-apply=\"padding el-6536b102\"><div><\/div><\/div><\/div><\/div><\/div><\/div><\/div><p><\/p>","protected":false},"excerpt":{"rendered":"<p>Inscri\u00e7\u00f5es abertas para o Festival Quinze Minutos de Fama com Laura Finocchiaro Neste 25 de janeiro de 2024, dia em que a cidade de S\u00e3o Paulo comemora seu 470\u00ba anivers\u00e1rio, a comunidade LGBTQIAP+ ganha um presente, com a abertura das inscri\u00e7\u00f5es para o festival Quinze minutos de fama com Laura [&hellip;]<\/p>\n","protected":false},"author":6,"featured_media":5266,"parent":0,"menu_order":0,"comment_status":"closed","ping_status":"closed","template":"","meta":{"footnotes":""},"class_list":["post-5264","page","type-page","status-publish","has-post-thumbnail","hentry"],"_links":{"self":[{"href":"https:\/\/laurafinocchiaro.com.br\/site\/wp-json\/wp\/v2\/pages\/5264","targetHints":{"allow":["GET"]}}],"collection":[{"href":"https:\/\/laurafinocchiaro.com.br\/site\/wp-json\/wp\/v2\/pages"}],"about":[{"href":"https:\/\/laurafinocchiaro.com.br\/site\/wp-json\/wp\/v2\/types\/page"}],"author":[{"embeddable":true,"href":"https:\/\/laurafinocchiaro.com.br\/site\/wp-json\/wp\/v2\/users\/6"}],"replies":[{"embeddable":true,"href":"https:\/\/laurafinocchiaro.com.br\/site\/wp-json\/wp\/v2\/comments?post=5264"}],"version-history":[{"count":6,"href":"https:\/\/laurafinocchiaro.com.br\/site\/wp-json\/wp\/v2\/pages\/5264\/revisions"}],"predecessor-version":[{"id":5461,"href":"https:\/\/laurafinocchiaro.com.br\/site\/wp-json\/wp\/v2\/pages\/5264\/revisions\/5461"}],"wp:featuredmedia":[{"embeddable":true,"href":"https:\/\/laurafinocchiaro.com.br\/site\/wp-json\/wp\/v2\/media\/5266"}],"wp:attachment":[{"href":"https:\/\/laurafinocchiaro.com.br\/site\/wp-json\/wp\/v2\/media?parent=5264"}],"curies":[{"name":"wp","href":"https:\/\/api.w.org\/{rel}","templated":true}]}}