{"id":5213,"date":"2024-01-19T18:44:51","date_gmt":"2024-01-19T18:44:51","guid":{"rendered":"https:\/\/laurafinocchiaro.com.br\/site\/?page_id=5213"},"modified":"2024-01-25T15:28:11","modified_gmt":"2024-01-25T15:28:11","slug":"release-festival-15-min-de-fama-com-lf","status":"publish","type":"page","link":"https:\/\/laurafinocchiaro.com.br\/site\/release-festival-15-min-de-fama-com-lf\/","title":{"rendered":"Release Festival 15 Minutos de Fama com LF"},"content":{"rendered":"<div class=\"vce-row-container\"><div class=\"vce-row vce-row--col-gap-30 vce-row-equal-height vce-row-content--top\" data-vce-full-width=\"true\" id=\"el-39550c5a\" data-vce-do-apply=\"all el-39550c5a\"><div class=\"vce-content-background-container\"><\/div><div class=\"vce-row-content\" data-vce-element-content=\"true\"><div class=\"vce-col vce-col--md-auto vce-col--xs-1 vce-col--xs-last vce-col--xs-first vce-col--sm-last vce-col--sm-first vce-col--md-last vce-col--lg-last vce-col--xl-last vce-col--md-first vce-col--lg-first vce-col--xl-first\" id=\"el-50f5b5e9\"><div class=\"vce-col-inner\" data-vce-do-apply=\"border margin background  el-50f5b5e9\"><div class=\"vce-content-background-container\"><\/div><div class=\"vce-col-content\" data-vce-element-content=\"true\" data-vce-do-apply=\"padding el-50f5b5e9\"><div class=\"vce-single-image-container vce-single-image--align-left\"><div class=\"vce vce-single-image-wrapper\" id=\"el-c363bfe0\" data-vce-do-apply=\"all el-c363bfe0\"><figure><div class=\"vce-single-image-figure-inner\" style=\"width: 1024px;\"><div class=\"vce-single-image-inner vce-single-image--absolute\" style=\"width: 100%; padding-bottom: 36.4258%;\"><img fetchpriority=\"high\" decoding=\"async\" class=\"vce-single-image\"  width=\"1024\" height=\"373\" srcset=\"https:\/\/laurafinocchiaro.com.br\/site\/wp-content\/uploads\/2024\/01\/release-banner-1024x373.jpg 1024w, https:\/\/laurafinocchiaro.com.br\/site\/wp-content\/uploads\/2024\/01\/release-banner-320x117.jpg 320w, https:\/\/laurafinocchiaro.com.br\/site\/wp-content\/uploads\/2024\/01\/release-banner-480x175.jpg 480w, https:\/\/laurafinocchiaro.com.br\/site\/wp-content\/uploads\/2024\/01\/release-banner-800x292.jpg 800w\" src=\"https:\/\/laurafinocchiaro.com.br\/site\/wp-content\/uploads\/2024\/01\/release-banner-1024x373.jpg\" data-img-src=\"https:\/\/laurafinocchiaro.com.br\/site\/wp-content\/uploads\/2024\/01\/release-banner.jpg\" data-attachment-id=\"5219\"  alt=\"\" title=\"release banner\" \/><\/div><\/div><figcaption hidden=\"\"><\/figcaption><\/figure><\/div><\/div><\/div><\/div><\/div><\/div><\/div><\/div><div class=\"vce-row-container\"><div class=\"vce-row vce-row--col-gap-30 vce-row-equal-height vce-row-content--top\" data-vce-full-width=\"true\" id=\"el-357c33a9\" data-vce-do-apply=\"all el-357c33a9\"><div class=\"vce-row-content\" data-vce-element-content=\"true\"><div class=\"vce-col vce-col--md-93p vce-col--xs-1 vce-col--xs-last vce-col--xs-first vce-col--sm-last vce-col--sm-first vce-col--md-first vce-col--lg-first vce-col--xl-first\" id=\"el-a9a80922\"><div class=\"vce-col-inner\" data-vce-do-apply=\"border margin background  el-a9a80922\"><div class=\"vce-col-content\" data-vce-element-content=\"true\" data-vce-do-apply=\"padding el-a9a80922\"><div class=\"vce-text-block\"><div class=\"vce-text-block-wrapper vce\" id=\"el-97672397\" data-vce-do-apply=\"all el-97672397\"><p><strong>INSCRI\u00c7\u00d5ES ABERTAS PARA O FESTIVAL \u201cQUINZE MINUTOS DE FAMA COM LAURA FINOCCHIARO\u201d <\/strong><\/p>\n<p>ade. As inscri\u00e7\u00f5es devem ser feitas \u00fanica e exclusivamente via internet, por meio do preenchimento de formul\u00e1rio eletr\u00f4nico dispon\u00edvel no link divulgado nas redes sociais oficiais do Festival, at\u00e9 25 de fevereiro. <\/p>\n<p>Quinze minutos de fama com Laura Finocchiaro \u00e9 voltado para compositores, compositoras e int\u00e9rpretes de todas as idades, que se declarem pertencentes \u00e0 comunidade LGBTQIAP+ e residentes na cidade de S\u00e3o Paulo, no formato solo, duo ou banda (com at\u00e9 cinco participantes), que devem se inscrever com duas can\u00e7\u00f5es, uma obrigatoriamente autoral e outra podendo ser uma releitura de livre escolha, nacional ou internacional, em <br>vers\u00f5es m\u00fasica e v\u00eddeo. Um j\u00fari especializado selecionar\u00e1 oito concorrentes, que v\u00e3o disputar as duas vagas para a final em duas eliminat\u00f3rias, quando o j\u00fari ganhar\u00e1 o refor\u00e7o do p\u00fablico. O artista\/grupo selecionado receber\u00e1 uma ajuda de custo no valor de R$ 500,00 para a realiza\u00e7\u00e3o de sua apresenta\u00e7\u00e3o e o vencedor do festival receber\u00e1 um pr\u00eamio em dinheiro no valor de R$ 1.000,00, al\u00e9m de seus \u201cquinze minutos de fama\u201d. Os shows ser\u00e3o em palcos perif\u00e9ricos: as eliminat\u00f3rias v\u00e3o acontecer em espa\u00e7os p\u00fablicos da Zona Sul e Zona Leste de S\u00e3o Paulo e a final ter\u00e1 como palco a Pra\u00e7a Roosevelt, no centro da capital paulista.<\/p>\n<p><br>Criado por Laura Finocchiaro, cantora, compositora, guitarrista, arte-educadora e produtora musical \u2013 que comemora seus 41 anos de carreira dando voz aos invis\u00edveis talentos da comunidade LGBTQIAP+ \u2013, e a produtora cultural Ana L\u00facia Queiroz, o festival procura, atrav\u00e9s de suas performances, desvendar rotinas, comportamentos, sentimentos e lutas desta comunidade. Apesar do mundo das artes ser um dos ambientes sociais onde as pessoas LGBTQIAP+ sofrem menos preconceito, muitas vezes as ideias centrais da maioria de suas cria\u00e7\u00f5es ainda representam um mundo que mant\u00e9m sua visibilidade restrita. <br>Trabalhando e vivendo na pra\u00e7a Roosevelt, no Centro de S\u00e3o Paulo Laura sentiu o batimento da cidade sempre nervosa, refletiu sobre as buscas e sonhos daqueles que passam por ali e se perguntou: \u201cPor que n\u00e3o tentamos nos unir? Somar? Quebrar a solid\u00e3o e o sil\u00eancio? Por que n\u00e3o sorrir e cantar coletivamente j\u00e1 que todes somos <br>segregades \u2013 cada qual \u00e0 sua maneira \u2013 e estamos em busca de afeto, aconchego e amor?\u201d. Da\u00ed surgiu a ideia <br>deste projeto. <br>Quinze minutos de fama com Laura Finocchiaro, projeto vencedor do primeiro lugar do edital Proac - linha LGBTQIA+, de 2023 ser\u00e1 produzido pela Sorte Produ\u00e7\u00f5es Ltda, com dire\u00e7\u00e3o geral de Laura Finocchiaro, produ\u00e7\u00e3o executiva de Luciane Lima, dire\u00e7\u00e3o gr\u00e1fica e cen\u00e1rio de Marta Oliveira \u2013 estas, desde que o festival era apenas uma ideia \u2013, Claudia Schapira na dire\u00e7\u00e3o c\u00eanica e figurinos e o m\u00fasico Ricardo Severo na produ\u00e7\u00e3o musical ao lado de Laura. O Embaixador da causa AIDS\/HIV\/LGBT+ Beto de Jesus foi convidado para auxiliar Laura e Severo na etapa de sele\u00e7\u00e3o e o ator, performer e m\u00fasico Cristiano Meireles, ou a Kiki, \u00e9 o personagem dos v\u00eddeos e shows do projeto. \u201cQual \u00e9 o maior plural? \u00c9 a singularidade! \u00c9 a diversidade!\u201d, canta Laura no Hino da Diversidade, parceria com os amigos Glauco Mattoso e Beto Firmino. E vai al\u00e9m: \u201cN\u00e3o h\u00e1 o que nos ven\u00e7a! A diferen\u00e7a \u00e9 viva!\u201d.<\/p>\n<p>Link para imagens: <a href=\"https:\/\/bit.ly\/3TNx3tJ\">https:\/\/bit.ly\/3TNx3tJ<\/a><br>Biografia Laura Finocchiaro: <a href=\"https:\/\/bit.ly\/3Hc8YoI\">https:\/\/bit.ly\/3Hc8YoI<\/a><br>Quinze minutos de fama com Laura Finocchiaro <br>Inscri\u00e7\u00f5es: de 25 de janeiro a 25 de fevereiro<br>Regulamento e ficha de inscri\u00e7\u00e3o: <a href=\"https:\/\/bit.ly\/3U0D3iW\">https:\/\/bit.ly\/3U0D3iW<\/a><\/p>\n<p><strong>Ficha T\u00e9cnica<\/strong><\/p>\n<p>Realiza\u00e7\u00e3o: Sorte Produ\u00e7\u00f5es<br>Dire\u00e7\u00e3o geral: Laura Finocchiaro <br>Produ\u00e7\u00e3o executiva: Luciane Lima<br>Dire\u00e7\u00e3o gr\u00e1fica e cen\u00e1rio: Marta Oliveira<br>Dire\u00e7\u00e3o c\u00eanica e figurinos: Claudia Schapira <br>Produ\u00e7\u00e3o musical: Laura Finocchiaro e Ricardo Severo <br>Ator, performer e m\u00fasico (v\u00eddeos): Cristiano Meireles<br>Comunica\u00e7\u00e3o (imprensa e m\u00eddias sociais): Vicente Negr\u00e3o Assessoria<br>Inscri\u00e7\u00f5es a partir de 25 de janeiro<\/p>\n<p><br>Instagram: @festival15minutosdefama<br>TikTok: @festival15minutosdefama<br>Facebook: @festival15minutosdefama<br>Informa\u00e7\u00f5es para imprensa:<br>Alisson Schafaschek \u2013 alisson@vicentenegrao.com | 47 99250-4678<br>Biba Fonseca \u2013 biba@vicentenegrao.com | 11 99271-5037<\/p>\n<p><a href=\"https:\/\/laurafinocchiaro.com.br\/site\/wp-content\/uploads\/2024\/01\/Festival15mindefama_inscricoes_final.pdf\" class=\"pdfemb-viewer\" style=\"\" data-width=\"max\" data-height=\"max\" data-toolbar=\"bottom\" data-toolbar-fixed=\"off\">Festival15mindefama_inscricoes_final<\/a><\/p>\n<p><\/p><\/div><\/div><\/div><\/div><\/div><div class=\"vce-col vce-col--md-7p vce-col--xs-1 vce-col--xs-last vce-col--xs-first vce-col--sm-last vce-col--sm-first vce-col--md-last vce-col--lg-last vce-col--xl-last\" id=\"el-d955bf30\"><div class=\"vce-col-inner\" data-vce-do-apply=\"border margin background  el-d955bf30\"><div class=\"vce-col-content\" data-vce-element-content=\"true\" data-vce-do-apply=\"padding el-d955bf30\"><div><\/div><\/div><\/div><\/div><\/div><\/div><\/div><div class=\"vce-row-container\" data-vce-boxed-width=\"true\"><div class=\"vce-row vce-row--col-gap-30 vce-row-equal-height vce-row-content--top\" id=\"el-18cb1a30\" data-vce-do-apply=\"all el-18cb1a30\"><div class=\"vce-row-content\" data-vce-element-content=\"true\"><div class=\"vce-col vce-col--md-auto vce-col--xs-1 vce-col--xs-last vce-col--xs-first vce-col--sm-last vce-col--sm-first vce-col--md-first vce-col--lg-first vce-col--xl-first\" id=\"el-7420a0de\"><div class=\"vce-col-inner\" data-vce-do-apply=\"border margin background  el-7420a0de\"><div class=\"vce-col-content\" data-vce-element-content=\"true\" data-vce-do-apply=\"padding el-7420a0de\"><div><\/div><\/div><\/div><\/div><div class=\"vce-col vce-col--md-auto vce-col--xs-1 vce-col--xs-last vce-col--xs-first vce-col--sm-last vce-col--sm-first\" id=\"el-d8e0e6b5\"><div class=\"vce-col-inner\" data-vce-do-apply=\"border margin background  el-d8e0e6b5\"><div class=\"vce-col-content\" data-vce-element-content=\"true\" data-vce-do-apply=\"padding el-d8e0e6b5\"><div><\/div><\/div><\/div><\/div><div class=\"vce-col vce-col--md-auto vce-col--xs-1 vce-col--xs-last vce-col--xs-first vce-col--sm-last vce-col--sm-first vce-col--md-last vce-col--lg-last vce-col--xl-last\" id=\"el-723f7038\"><div class=\"vce-col-inner\" data-vce-do-apply=\"border margin background  el-723f7038\"><div class=\"vce-col-content\" data-vce-element-content=\"true\" data-vce-do-apply=\"padding el-723f7038\"><div><\/div><\/div><\/div><\/div><\/div><\/div><\/div><div class=\"vce-row-container\" data-vce-boxed-width=\"true\"><div class=\"vce-row vce-row--col-gap-30 vce-row-equal-height vce-row-content--top\" id=\"el-bb137cba\" data-vce-do-apply=\"all el-bb137cba\"><div class=\"vce-row-content\" data-vce-element-content=\"true\"><div class=\"vce-col vce-col--md-auto vce-col--xs-1 vce-col--xs-last vce-col--xs-first vce-col--sm-last vce-col--sm-first vce-col--md-last vce-col--lg-last vce-col--xl-last vce-col--md-first vce-col--lg-first vce-col--xl-first\" id=\"el-801ea931\"><div class=\"vce-col-inner\" data-vce-do-apply=\"border margin background  el-801ea931\"><div class=\"vce-col-content\" data-vce-element-content=\"true\" data-vce-do-apply=\"padding el-801ea931\"><div class=\"vce-single-image-container vce-single-image--align-left\"><div class=\"vce vce-single-image-wrapper\" id=\"el-d5fc13fe\" data-vce-do-apply=\"all el-d5fc13fe\"><figure><div class=\"vce-single-image-figure-inner\"><div class=\"vce-single-image-inner vce-single-image--absolute\" style=\"width: 100%;\"><\/div><\/div><figcaption hidden=\"\"><\/figcaption><\/figure><\/div><\/div><\/div><\/div><\/div><\/div><\/div><\/div><p><\/p>","protected":false},"excerpt":{"rendered":"<p>INSCRI\u00c7\u00d5ES ABERTAS PARA O FESTIVAL \u201cQUINZE MINUTOS DE FAMA COM LAURA FINOCCHIARO\u201d ade. As inscri\u00e7\u00f5es devem ser feitas \u00fanica e exclusivamente via internet, por meio do preenchimento de formul\u00e1rio eletr\u00f4nico dispon\u00edvel no link divulgado nas redes sociais oficiais do Festival, at\u00e9 25 de fevereiro. Quinze minutos de fama com Laura [&hellip;]<\/p>\n","protected":false},"author":6,"featured_media":0,"parent":0,"menu_order":0,"comment_status":"closed","ping_status":"closed","template":"","meta":{"footnotes":""},"class_list":["post-5213","page","type-page","status-publish","hentry"],"_links":{"self":[{"href":"https:\/\/laurafinocchiaro.com.br\/site\/wp-json\/wp\/v2\/pages\/5213","targetHints":{"allow":["GET"]}}],"collection":[{"href":"https:\/\/laurafinocchiaro.com.br\/site\/wp-json\/wp\/v2\/pages"}],"about":[{"href":"https:\/\/laurafinocchiaro.com.br\/site\/wp-json\/wp\/v2\/types\/page"}],"author":[{"embeddable":true,"href":"https:\/\/laurafinocchiaro.com.br\/site\/wp-json\/wp\/v2\/users\/6"}],"replies":[{"embeddable":true,"href":"https:\/\/laurafinocchiaro.com.br\/site\/wp-json\/wp\/v2\/comments?post=5213"}],"version-history":[{"count":9,"href":"https:\/\/laurafinocchiaro.com.br\/site\/wp-json\/wp\/v2\/pages\/5213\/revisions"}],"predecessor-version":[{"id":5262,"href":"https:\/\/laurafinocchiaro.com.br\/site\/wp-json\/wp\/v2\/pages\/5213\/revisions\/5262"}],"wp:attachment":[{"href":"https:\/\/laurafinocchiaro.com.br\/site\/wp-json\/wp\/v2\/media?parent=5213"}],"curies":[{"name":"wp","href":"https:\/\/api.w.org\/{rel}","templated":true}]}}