{"id":5064,"date":"2023-10-18T13:46:06","date_gmt":"2023-10-18T13:46:06","guid":{"rendered":"https:\/\/laurafinocchiaro.com.br\/site\/?page_id=5064"},"modified":"2023-10-18T13:46:06","modified_gmt":"2023-10-18T13:46:06","slug":"mulher-de-purpura-2","status":"publish","type":"page","link":"https:\/\/laurafinocchiaro.com.br\/site\/mulher-de-purpura-2\/","title":{"rendered":"Mulher de P\u00farpura"},"content":{"rendered":"<div class=\"vce-row-container\"><div class=\"vce-row vce-row--col-gap-30 vce-row-content--top\" data-vce-full-width=\"true\" id=\"el-5e0b5acd\" data-vce-do-apply=\"all el-5e0b5acd\"><div class=\"vce-content-background-container\"><\/div><div class=\"vce-row-content\" data-vce-element-content=\"true\"><div class=\"vce-col vce-col--md-auto vce-col--xs-1 vce-col--xs-last vce-col--xs-first vce-col--sm-last vce-col--sm-first vce-col--md-last vce-col--lg-last vce-col--xl-last vce-col--md-first vce-col--lg-first vce-col--xl-first\" id=\"el-38562e7e\"><div class=\"vce-col-inner\" data-vce-do-apply=\"border margin background  el-38562e7e\"><div class=\"vce-content-background-container\"><\/div><div class=\"vce-col-content\" data-vce-element-content=\"true\" data-vce-do-apply=\"padding el-38562e7e\"><div class=\"vce-yt-video-player vce-yt-video-player--align-left vce-yt-video-player--size-853x480\"><div class=\"vce vce-yt-video-player-wrapper\" id=\"el-8d5033c7\" data-vce-do-apply=\"all el-8d5033c7\" style=\"width: 853px;\"><div class=\"vce-yt-video-player-inner\"><iframe class=\"vce-yt-video-player-iframe\" src=\"https:\/\/www.youtube.com\/embed\/WcRVOAeNR-8?autoplay=0&amp;mute=0&amp;color=red&amp;controls=1&amp;loop=0&amp;rel=0&amp;start=0&amp;cc_load_policy=0&amp;iv_load_policy=3&amp;enablejsapi=1\" width=\"640\" height=\"390\" allowfullscreen=\"\" title=\"YouTube video\"><\/iframe><\/div><\/div><\/div><div class=\"vce-text-block\"><div class=\"vce-text-block-wrapper vce\" id=\"el-001a735f\" data-vce-do-apply=\"all el-001a735f\"><p><span style=\"font-size: 24pt;\"><strong>Mulher de P\u00farpura&nbsp;<br><span style=\"font-size: 16pt;\">M\u00fasica: Laura Finocchiaro \/ <\/span><span style=\"font-size: 16pt;\">Letra: Ricardo Finocchiaro<\/span><\/strong><\/span><\/p><p>\u201cCorajosa, poderosa, mulher de p\u00farpura, mas com ares de cor de rosa\u201d. Os versos s\u00e3o da m\u00fasica \u201cMulher de p\u00farpura\u201d, que a multiartista Laura Finocchiaro lan\u00e7a no dia 01 de setembro, nas plataformas digitais. A can\u00e7\u00e3o inaugura parceria dela com o sobrinho Ricardo Finocchiaro, filho de Lory F, baixista e compositora nascida em setembro de 1958 e que morreu prematuramente, em agosto de 1993. Os versos foram feitos por Ricardo para a m\u00e3e, mas tamb\u00e9m t\u00eam tudo a ver com Laura, cantora, compositora, instrumentista e produtora que, h\u00e1 quatro d\u00e9cadas, batalha na trilha da m\u00fasica independente. Mulher p\u00farpura resistente ela! N\u00e3o \u00e0 toa, \u201ca can\u00e7\u00e3o \u00e9 uma homenagem a Lory F, \u00e0s roqueiras brasileiras e a todos as mulheres que lutam por um mundo melhor e mais justo para todes\u201d, como explica Laura.<\/p><p>Ricardo Finocchiaro, filho \u00fanico de Lory, \u00e9 produtor de rock, cantor, compositor, escritor e jornalista. \u201cQuando recebi a letra, percebi que n\u00e3o tinha m\u00e9trica convencional, uma coisa mais pro rock progressivo, muito profunda, com muito sentimento. O interessante foi que o rock progressivo havia sido apresentado a mim pela pr\u00f3pria Lory. Ent\u00e3o, me dediquei a fazer uma m\u00fasica que fosse grandiosa e pudesse traduzir a pot\u00eancia da m\u00fasica dela. \u2018Mulher de p\u00farpura\u2019 veio pra mim modal, com um car\u00e1ter harmonicamente progressivo, e a\u00ed resolvi fazer com que soasse mais com a vibe dos anos 1970. Pra isso, era preciso uma bateria ac\u00fastica, n\u00e3o podia ser eletr\u00f4nica como eu havia feito no arranjo inicial. J\u00e1 que eu estava em Porto Alegre, onde eu e Lory nascemos, pensei em aproveitar e procurar os m\u00fasicos que a amavam, pra botar, na can\u00e7\u00e3o, a energia das pessoas que tocaram com ela\u201d, explica Laura. E assim ela encontrou o baterista Ricardo Pinoti, que, al\u00e9m de ter tocado com a pr\u00f3pria Laura no primeiro show dela na capital ga\u00facha, em 1982, era muito amigo de Lory. A eles juntou-se tamb\u00e9m Gilberto Oliveira, que gravou a guitarra solo e o baixo ac\u00fastico. E a conex\u00e3o com Lory F. ficou ainda mais perfeita com a voz falada da multiartista Deborah Finocchiaro, irm\u00e3 ca\u00e7ula dela e de Laura, em participa\u00e7\u00e3o para l\u00e1 de especial. A m\u00fasica agradou ao p\u00fablico que assistiu aos shows de Laura Finocchiaro recentemente em Porto Alegre. \u201cFoi um \u00f3timo term\u00f4metro para medir a receptividade, que me deixou muito animada para o lan\u00e7amento\u201d, empolga-se a artista, que j\u00e1 prepara novas apresenta\u00e7\u00f5es, agora em S\u00e3o Paulo.<\/p><p>A rea\u00e7\u00e3o do p\u00fablico n\u00e3o poderia ser outra diante de uma letra forte e uma melodia que potencializa essa for\u00e7a, essa energia.<\/p><h3><\/h3><\/div><\/div><div class=\"vce-text-block\"><div class=\"vce-text-block-wrapper vce\" id=\"el-be79cfd8\" data-vce-do-apply=\"all el-be79cfd8\"><h2>Letra<\/h2><p><strong>\"Mulher de P\u00farpura\" <\/strong>(Laura Finocchiaro\/Ricardo Finocchiaro)<\/p><p><span><em>Sombra de mim essa cicatriz<\/em><\/span><\/p><p><span><em>Sol do meu vir nesse porto feliz<\/em><\/span><\/p><p><span><em>Ver essa voz, escutar esse rosto<\/em><\/span><\/p><p><span><em>Quando foi mesmo a \u00faltima vez que eu senti?<\/em><\/span><\/p><p><span><em>Minha libra, minha balan\u00e7a<\/em><\/span><\/p><p><span><em>Nem tu soube o equil\u00edbrio que me trouxe<\/em><\/span><\/p><p><span><em>F\u00faria branda, paz intensa<\/em><\/span><\/p><p><span><em>\u00c9 constante pra mim, pensar no que voc\u00ea pensa<\/em><\/span><\/p><p><span><em>\u2026 no que voc\u00ea pensa\u2026&nbsp;<\/em><\/span><\/p><p><span><em>penso no que voc\u00ea pensa\u2026<\/em><\/span><\/p><p><span><em>E essa for\u00e7a veio de ti independente, brilhante,<\/em><\/span><\/p><p><span><em>Nunca houve medo antes<\/em><\/span><\/p><p><span><em>Corajosa, poderosa, mulher de p\u00farpura<\/em><\/span><\/p><p><span><em>Mas com ares cor de rosa<\/em><\/span><\/p><p><span><em>Minha libra, meu pesar<\/em><\/span><\/p><p><span><em>E onde foi mesmo que gostaria de estar?&nbsp; &nbsp; &nbsp; &nbsp; &nbsp; &nbsp; &nbsp; &nbsp; &nbsp; &nbsp; &nbsp; &nbsp; &nbsp; &nbsp; &nbsp; &nbsp; &nbsp; &nbsp; &nbsp; &nbsp; &nbsp; &nbsp; &nbsp; &nbsp; &nbsp; &nbsp; &nbsp; &nbsp; &nbsp; &nbsp; &nbsp; &nbsp; &nbsp; &nbsp; &nbsp; &nbsp; &nbsp; &nbsp;&nbsp;<\/em><\/span><\/p><p><span><em>Ao meu lado, como nunca esteve<\/em><\/span><\/p><p><span><em>Mas sempre senti e \u00e9 assim que deve ser<\/em><\/span><\/p><p><span><em>Luz de mim, essa raiz&nbsp;<\/em><\/span><\/p><p><span><em>Sinto de ti o que deveria vir<\/em><\/span><\/p><p><span><em>E voc\u00ea est\u00e1 aqui, diferente de quando esteve<\/em><\/span><\/p><p><span><em>Haja naturalmente\u2026&nbsp;<\/em><\/span><\/p><p><span><em>n\u00e3o chore agora\u2026n\u00e3o\u2026<\/em><\/span><\/p><p><span><em>E essa for\u00e7a veio de ti independente, brilhante,<\/em><\/span><\/p><p><span><em>Nunca houve medo antes<\/em><\/span><\/p><p><span><em>Corajosa, poderosa, mulher de p\u00farpura<\/em><\/span><\/p><p><span><em>Mas com ares cor de rosa<\/em><\/span><span style=\"font-size: 12pt;\"><\/span><\/p><\/div><\/div><div class=\"vce-text-block\"><div class=\"vce-text-block-wrapper vce\" id=\"el-cc0552ae\" data-vce-do-apply=\"all el-cc0552ae\"><h2>Ficha t\u00e9cnica<\/h2><p><em>MULHER DE P\u00daRPURA (single)<\/em><\/p><p><span><em>Composi\u00e7\u00e3o: Laura Finocchiaro e Ricardo Finocchiaro<br><\/em><\/span><span><em>Locu\u00e7\u00e3o: Deborah Finocchiaro<br><\/em><\/span><span><em>Bateria: Ricardo Pinoti<br><\/em><\/span><span><em>Baixo e guitarra solo: Gilberto Oliveira<br><\/em><\/span><span><em>Arranjo e produ\u00e7\u00e3o musical, voz, guitarra base, synths e grooves: Laura Finocchiaro<br><\/em><\/span><span><em>Mixagem e masteriza\u00e7\u00e3o: Alex Angeloni<br><\/em><\/span><span><em>Fotografia: Fernanda Chemale<br><\/em><\/span><span><em>Arte: Valder Valeir\u00e3o<br><\/em><\/span><span><em>Release: Carla Paes Leme<br><\/em><\/span><span><em>Assessoria de imprensa: Sheila Gomes<\/em><\/span><span><em>&nbsp; &nbsp; &nbsp; &nbsp; &nbsp; &nbsp; &nbsp; &nbsp; &nbsp; &nbsp; &nbsp; &nbsp; &nbsp; &nbsp; &nbsp; &nbsp; &nbsp; &nbsp; &nbsp; &nbsp; &nbsp; &nbsp; &nbsp; &nbsp; &nbsp; &nbsp;&nbsp;<\/em><\/span><\/p><p><span><em>Links:&nbsp;<\/em><\/span><\/p><p><span><em><a href=\"https:\/\/linktr.ee\/laurafinocchiaro_\">https:\/\/linktr.ee\/laurafinocchiaro_<\/a>&nbsp;&nbsp;<\/em><\/span><\/p><p><span><em>Site Oficial:&nbsp; &nbsp; &nbsp; &nbsp; &nbsp; &nbsp; &nbsp; &nbsp; &nbsp; &nbsp; &nbsp; &nbsp; &nbsp; &nbsp; &nbsp; &nbsp;&nbsp;<\/em><\/span><\/p><p><a href=\"https:\/\/laurafinocchiaro.com.br\/\"><span><em>www.laurafinocchiaro.com.br<\/em><\/span><\/a><\/p><p><span><em>Selo: Sorte Produ\u00e7\u00f5es&nbsp;&nbsp;<\/em><\/span><\/p><p><span><em>Distribui\u00e7\u00e3o: Tratore<\/em><\/span><span><em>&nbsp;<\/em><\/span><\/p><p><span><em>Realiza\u00e7\u00e3o: Sorte Produ\u00e7\u00f5es&nbsp;&nbsp;<\/em><\/span><\/p><\/div><\/div><\/div><\/div><\/div><\/div><\/div><\/div><div class=\"vce-row-container\" data-vce-boxed-width=\"true\"><div class=\"vce-row vce-row--col-gap-30 vce-row-content--top\" id=\"el-f25d7fc0\" data-vce-do-apply=\"all el-f25d7fc0\"><div class=\"vce-row-content\" data-vce-element-content=\"true\"><div class=\"vce-col vce-col--md-100p vce-col--xs-1 vce-col--xs-last vce-col--xs-first vce-col--sm-last vce-col--sm-first vce-col--md-last vce-col--lg-last vce-col--xl-last vce-col--md-first vce-col--lg-first vce-col--xl-first\" id=\"el-307edc8d\"><div class=\"vce-col-inner\" data-vce-do-apply=\"border margin background  el-307edc8d\"><div class=\"vce-col-content\" data-vce-element-content=\"true\" data-vce-do-apply=\"padding el-307edc8d\"><div class=\"vce vce-separator-container vce-separator--align-center vce-separator--style-solid\" id=\"el-b03ac2f0\" data-vce-do-apply=\"margin el-b03ac2f0\"><div class=\"vce-separator vce-separator--color-bfc0c1 vce-separator--width-100 vce-separator--thickness-1\" data-vce-do-apply=\"border padding background  el-b03ac2f0\"><\/div><\/div><\/div><\/div><\/div><\/div><\/div><\/div><div class=\"vce-row-container\" data-vce-boxed-width=\"true\"><div class=\"vce-row vce-row--col-gap-30 vce-row-content--top\" id=\"el-003ba51d\" data-vce-do-apply=\"all el-003ba51d\"><div class=\"vce-row-content\" data-vce-element-content=\"true\"><div class=\"vce-col vce-col--md-100p vce-col--xs-1 vce-col--xs-last vce-col--xs-first vce-col--sm-last vce-col--sm-first vce-col--md-last vce-col--lg-last vce-col--xl-last vce-col--md-first vce-col--lg-first vce-col--xl-first\" id=\"el-7d5ce7b3\"><div class=\"vce-col-inner\" data-vce-do-apply=\"border margin background  el-7d5ce7b3\"><div class=\"vce-col-content\" data-vce-element-content=\"true\" data-vce-do-apply=\"padding el-7d5ce7b3\"><div><\/div><\/div><\/div><\/div><\/div><\/div><\/div><div class=\"vce-row-container\"><div class=\"vce-row vce-row--col-gap-30 vce-row-equal-height vce-row-content--top\" data-vce-full-width=\"true\" id=\"el-f78aa36d\" data-vce-do-apply=\"all el-f78aa36d\"><div class=\"vce-content-background-container\"><\/div><div class=\"vce-row-content\" data-vce-element-content=\"true\"><div class=\"vce-col vce-col--md-auto vce-col--xs-1 vce-col--xs-last vce-col--xs-first vce-col--sm-last vce-col--sm-first vce-col--md-last vce-col--lg-last vce-col--xl-last vce-col--md-first vce-col--lg-first vce-col--xl-first\" id=\"el-35091094\"><div class=\"vce-col-inner\" data-vce-do-apply=\"border margin background  el-35091094\"><div class=\"vce-col-content\" data-vce-element-content=\"true\" data-vce-do-apply=\"padding el-35091094\"><div class=\"vce-row-container\"><div class=\"vce-row vce-row--col-gap-30 vce-row-equal-height vce-row-content--top\" data-vce-full-width=\"true\" id=\"el-5a79cf26\" data-vce-do-apply=\"all el-5a79cf26\"><div class=\"vce-content-background-container\"><\/div><div class=\"vce-row-content\" data-vce-element-content=\"true\"><div class=\"vce-col vce-col--md-auto vce-col--xs-1 vce-col--xs-last vce-col--xs-first vce-col--sm-last vce-col--sm-first vce-col--md-last vce-col--lg-last vce-col--xl-last vce-col--md-first vce-col--lg-first vce-col--xl-first\" id=\"el-d61c76ac\"><div class=\"vce-col-inner\" data-vce-do-apply=\"border margin background  el-d61c76ac\"><div class=\"vce-col-content\" data-vce-element-content=\"true\" data-vce-do-apply=\"padding el-d61c76ac\"><div class=\"vce-row-container\"><div class=\"vce-row vce-row--col-gap-40 vce-row-content--top\" data-vce-full-width=\"true\" id=\"el-00ee0b70\" data-vce-do-apply=\"all el-00ee0b70\"><div class=\"vce-content-background-container\"><\/div><div class=\"vce-row-content\" data-vce-element-content=\"true\"><div class=\"vce-col vce-col--md-20p vce-col--xs-1 vce-col--xs-last vce-col--xs-first vce-col--sm-last vce-col--sm-first vce-col--md-first vce-col--lg-first vce-col--xl-first\" id=\"el-a644b128\"><div class=\"vce-col-inner\" data-vce-do-apply=\"border margin background  el-a644b128\"><div class=\"vce-col-content\" data-vce-element-content=\"true\" data-vce-do-apply=\"padding el-a644b128\"><div><\/div><\/div><\/div><\/div><div class=\"vce-col vce-col--md-20p vce-col--xs-1 vce-col--xs-last vce-col--xs-first vce-col--sm-last vce-col--sm-first\" id=\"el-e022aab8\"><div class=\"vce-col-inner\" data-vce-do-apply=\"border margin background  el-e022aab8\"><div class=\"vce-col-content\" data-vce-element-content=\"true\" data-vce-do-apply=\"padding el-e022aab8\"><div><\/div><\/div><\/div><\/div><div class=\"vce-col vce-col--md-20p vce-col--xs-1 vce-col--xs-last vce-col--xs-first vce-col--sm-last vce-col--sm-first vce-col--md-last vce-col--lg-last vce-col--xl-last\" id=\"el-cb0567dd\"><div class=\"vce-col-inner\" data-vce-do-apply=\"border margin background  el-cb0567dd\"><div class=\"vce-col-content\" data-vce-element-content=\"true\" data-vce-do-apply=\"padding el-cb0567dd\"><div><\/div><\/div><\/div><\/div><\/div><\/div><\/div><\/div><\/div><\/div><\/div><\/div><\/div><\/div><\/div><\/div><\/div><\/div><\/div><div class=\"vce-row-container\" data-vce-boxed-width=\"true\"><div class=\"vce-row vce-row--col-gap-30 vce-row-equal-height vce-row-content--top\" id=\"el-a0f3b15b\" data-vce-do-apply=\"all el-a0f3b15b\"><div class=\"vce-row-content\" data-vce-element-content=\"true\"><div class=\"vce-col vce-col--md-auto vce-col--xs-1 vce-col--xs-last vce-col--xs-first vce-col--sm-last vce-col--sm-first vce-col--md-last vce-col--lg-last vce-col--xl-last vce-col--md-first vce-col--lg-first vce-col--xl-first\" id=\"el-ba2ae356\"><div class=\"vce-col-inner\" data-vce-do-apply=\"border margin background  el-ba2ae356\"><div class=\"vce-col-content\" data-vce-element-content=\"true\" data-vce-do-apply=\"padding el-ba2ae356\"><div><\/div><\/div><\/div><\/div><\/div><\/div><\/div><p><\/p>","protected":false},"excerpt":{"rendered":"<p>Mulher de P\u00farpura&nbsp;M\u00fasica: Laura Finocchiaro \/ Letra: Ricardo Finocchiaro\u201cCorajosa, poderosa, mulher de p\u00farpura, mas com ares de cor de rosa\u201d. Os versos s\u00e3o da m\u00fasica \u201cMulher de p\u00farpura\u201d, que a multiartista Laura Finocchiaro lan\u00e7a no dia 01 de setembro, nas plataformas digitais. A can\u00e7\u00e3o inaugura parceria dela com o sobrinho [&hellip;]<\/p>\n","protected":false},"author":6,"featured_media":0,"parent":0,"menu_order":0,"comment_status":"closed","ping_status":"closed","template":"","meta":{"footnotes":""},"class_list":["post-5064","page","type-page","status-publish","hentry"],"_links":{"self":[{"href":"https:\/\/laurafinocchiaro.com.br\/site\/wp-json\/wp\/v2\/pages\/5064","targetHints":{"allow":["GET"]}}],"collection":[{"href":"https:\/\/laurafinocchiaro.com.br\/site\/wp-json\/wp\/v2\/pages"}],"about":[{"href":"https:\/\/laurafinocchiaro.com.br\/site\/wp-json\/wp\/v2\/types\/page"}],"author":[{"embeddable":true,"href":"https:\/\/laurafinocchiaro.com.br\/site\/wp-json\/wp\/v2\/users\/6"}],"replies":[{"embeddable":true,"href":"https:\/\/laurafinocchiaro.com.br\/site\/wp-json\/wp\/v2\/comments?post=5064"}],"version-history":[{"count":1,"href":"https:\/\/laurafinocchiaro.com.br\/site\/wp-json\/wp\/v2\/pages\/5064\/revisions"}],"predecessor-version":[{"id":5070,"href":"https:\/\/laurafinocchiaro.com.br\/site\/wp-json\/wp\/v2\/pages\/5064\/revisions\/5070"}],"wp:attachment":[{"href":"https:\/\/laurafinocchiaro.com.br\/site\/wp-json\/wp\/v2\/media?parent=5064"}],"curies":[{"name":"wp","href":"https:\/\/api.w.org\/{rel}","templated":true}]}}