{"id":5062,"date":"2023-10-18T12:15:01","date_gmt":"2023-10-18T12:15:01","guid":{"rendered":"https:\/\/laurafinocchiaro.com.br\/site\/?page_id=5062"},"modified":"2023-10-18T13:30:56","modified_gmt":"2023-10-18T13:30:56","slug":"tudo-e-amor-2","status":"publish","type":"page","link":"https:\/\/laurafinocchiaro.com.br\/site\/tudo-e-amor-2\/","title":{"rendered":"Tudo \u00e9 amor"},"content":{"rendered":"<div class=\"vce-row-container\"><div class=\"vce-row vce-row--col-gap-30 vce-row-content--top\" data-vce-full-width=\"true\" id=\"el-5e0b5acd\" data-vce-do-apply=\"all el-5e0b5acd\"><div class=\"vce-content-background-container\"><\/div><div class=\"vce-row-content\" data-vce-element-content=\"true\"><div class=\"vce-col vce-col--md-auto vce-col--xs-1 vce-col--xs-last vce-col--xs-first vce-col--sm-last vce-col--sm-first vce-col--md-last vce-col--lg-last vce-col--xl-last vce-col--md-first vce-col--lg-first vce-col--xl-first\" id=\"el-38562e7e\"><div class=\"vce-col-inner\" data-vce-do-apply=\"border margin background  el-38562e7e\"><div class=\"vce-content-background-container\"><\/div><div class=\"vce-col-content\" data-vce-element-content=\"true\" data-vce-do-apply=\"padding el-38562e7e\"><div class=\"vce-yt-video-player vce-yt-video-player--align-left vce-yt-video-player--size-853x480\"><div class=\"vce vce-yt-video-player-wrapper\" id=\"el-8d5033c7\" data-vce-do-apply=\"all el-8d5033c7\" style=\"width: 853px;\"><div class=\"vce-yt-video-player-inner\"><iframe class=\"vce-yt-video-player-iframe\" src=\"https:\/\/www.youtube.com\/embed\/vMk7AEMx0JE?autoplay=0&amp;mute=0&amp;color=red&amp;controls=1&amp;loop=0&amp;rel=0&amp;start=0&amp;cc_load_policy=0&amp;iv_load_policy=3&amp;enablejsapi=1\" width=\"640\" height=\"390\" allowfullscreen=\"\" title=\"YouTube video\"><\/iframe><\/div><\/div><\/div><div class=\"vce-text-block\"><div class=\"vce-text-block-wrapper vce\" id=\"el-27cef9a8\" data-vce-do-apply=\"all el-27cef9a8\"><h2>Tudo \u00e9 amor (Laura Finocchiaro e Cazuza)<\/h2><p>Vers\u00e3o gravada em julho de 2021 no Jam House Studio com Alexandre Vallad\u00e3o (guitarras e arranjo) + Sergio Nacif (bateria) + Jorge Vallad\u00e3o (baixo, mixagem e masteriza\u00e7\u00e3o).<\/p><p>Capa Single: Valder Valeir\u00e3o <br>Video Lyric editado por Laura Finocchiaro <br>Lan\u00e7amento: Sorte Produ\u00e7\u00f5es<\/p><p>Release oficial do single:<\/p><p><strong>LAURA FINOCCHIARO LAN\u00c7A SUA VERS\u00c3O DEFINITIVA DE \u201cTUDO \u00c9 AMOR\u201d<\/strong><\/p><p>Parceria dela com Cazuza, a can\u00e7\u00e3o chega \u00e0s plataformas de streaming em 1\u00ba\/12, Dia Mundial de Luta contra a Aids<\/p><p>A cantora, compositora e multi-instrumentista Laura Finocchiaro aproveita o Dia Mundial de Luta contra a Aids, em 1\u00ba de dezembro, para lan\u00e7ar nas plataformas de streaming sua terceira vers\u00e3o de \u201cTudo \u00e9 amor\u201d, que ela fez com Cazuza. \u201cDecidi regravar esta can\u00e7\u00e3o porque considero sua mensagem sempre atual e necess\u00e1ria. Ao mesmo tempo, queria prestar uma homenagem para Cazuza e para minha irm\u00e3 Lory F, v\u00edtimas de AIDS no in\u00edcio dos anos 1990, explica Laura.<\/p><p>Pensando em voltar \u00e0s suas ra\u00edzes fincadas no rock\u2019n\u2019roll, a artista tamb\u00e9m estava buscando uma sonoridade mais roqueira, eletroac\u00fastica, viva, inspirada nos anos 1970. Com a ajuda de Alexandre Vallad\u00e3o, que gravou as guitarras e se encarregou da dire\u00e7\u00e3o musical, chegou \u00e0 vers\u00e3o desejada. O power trio de m\u00fasicos feras completou-se com o irm\u00e3o de Alexandre no baixo, na mixagem e na masteriza\u00e7\u00e3o, Jorge Vallad\u00e3o, e o baterista Sergio Naciff. Com 18 \u00e1lbuns lan\u00e7ados, Laura Finocchiaro gravou a voz, os teclados e a guitarra em \u201cTudo \u00e9 amor\u201d, que tem produ\u00e7\u00e3o musical dela. \u201cTamb\u00e9m gravei este single pensando na sonoridade de meu pr\u00f3ximo \u00e1lbum autoral, que pretendo lan\u00e7ar em 2024 e que vai fazer parte da trilogia iniciada com o lan\u00e7amento de \u2018Oxig\u00eanio\u2019 em 2021\u201d, revela.<\/p><p>O single \u201cTudo \u00e9 amor\u201d chegar\u00e1 \u00e0s plataformas musicais produzida e lan\u00e7ada pelo selo Sorte Produ\u00e7\u00f5es, da pr\u00f3pria Laura, e ser\u00e1 distribu\u00edda pela Tratore. Gravada em 2021, no Rio de Janeiro, no est\u00fadio Jam House Studio, a can\u00e7\u00e3o foi mixada e masterizada por Jorge Vallad\u00e3o.<\/p><p><strong>A hist\u00f3ria de \u201cTudo \u00e9 amor\u201d<\/strong><\/p><p>Gravada pelo parceiro no \u00e1lbum \u201cBurguesia\u201d e por Ney Matogrosso em \u201cQuem n\u00e3o vive tem medo da morte\u201d, \u201cTudo \u00e9 amor\u201d tem vida longa. O encontro com Cazuza foi em 1988, quando ele foi assistir a um show de Laura no famoso, clube underground de S\u00e3o Paulo. Ele gostou tanto que foi ao camarim abra\u00e7\u00e1-la e elogiar o trabalho dela.<\/p><p>\u201cImagina minha euforia! Eu havia iniciado minha carreira em 1982, em Porto Alegre, e, seis anos depois, em S\u00e3o Paulo, era aplaudida e reconhecida pelo maior poeta roqueiro que este pa\u00eds j\u00e1 teve\u201d, empolga-se Laura FInocchiaro. Semanas depois, uma amiga comum liga para Laura e diz que Cazuza queria fazer uma can\u00e7\u00e3o com ela para incluir no novo \u00e1lbum dele. \u201dUrgente. Ele j\u00e1 est\u00e1 em est\u00fadio\", alertou. Laura s\u00f3 acreditou que era verdade no segundo telefonema que recebeu cobrando a m\u00fasica. A\u00ed, comp\u00f4s a melodia para a letra que Cazuza havia escrito e batizado com o nome de \u201cTudo \u00e9 amor\u201d.<\/p><p>Para completar a hist\u00f3ria, vale lembrar que Laura Finocchiaro gravou \"Tudo \u00e9 amor\" no primeiro LP dela em 1992, ap\u00f3s participar da segunda edi\u00e7\u00e3o do Rock in Rio, e depois regravou no CD \"Lauras\", lan\u00e7ado em 2008. E mais: recentemente, a can\u00e7\u00e3o inspirou o cantor e compositor pernambucano Alm\u00e9rio a batizar seu \u00e1lbum s\u00f3 com composi\u00e7\u00f5es de Cazuza.<\/p><p>As pedras rolam, e o rock segue firme e forte. Assim como \u201cTudo \u00e9 amor\u201d. J\u00e1 o amor... ah... ele venceu e est\u00e1 mais vivo do que nunca! <\/p><p>*Release escrito por Carla Paes Leme<\/p><\/div><\/div><div class=\"vce-text-block\"><div class=\"vce-text-block-wrapper vce\" id=\"el-be79cfd8\" data-vce-do-apply=\"all el-be79cfd8\"><h2>Letra<\/h2><p><strong>\"Tudo \u00e9 amor\" <\/strong>(Laura Finocchiaro \/ Cazuza)<\/p><div jsname=\"U8S5sf\" class=\"ujudUb\"><span jsname=\"YS01Ge\">Um homem pode se afobar<\/span><br aria-hidden=\"true\"><span jsname=\"YS01Ge\">E pegar o caminho errado<\/span><br aria-hidden=\"true\"><span jsname=\"YS01Ge\">Homem que \u00e9 homem volta atr\u00e1s<\/span><br aria-hidden=\"true\"><span jsname=\"YS01Ge\">Mas n\u00e3o se arrepende de nada<\/span><br aria-hidden=\"true\"><span jsname=\"YS01Ge\">Sabe que a vida \u00e9 pra lutar<\/span><br aria-hidden=\"true\"><span jsname=\"YS01Ge\">Contra um drag\u00e3o invis\u00edvel<\/span><br aria-hidden=\"true\"><span jsname=\"YS01Ge\">Que mata os sonhos mais banais<\/span><br aria-hidden=\"true\"><span jsname=\"YS01Ge\">Que acha que \u00e9 tudo imposs\u00edvel<\/span><\/div><div jsname=\"U8S5sf\"><\/div><div jsname=\"U8S5sf\" class=\"ujudUb\"><span jsname=\"YS01Ge\">Um homem que veio do p\u00f3<\/span><br aria-hidden=\"true\"><span jsname=\"YS01Ge\">\u00c9 o que transforma o p\u00f3 em ouro<\/span><br aria-hidden=\"true\"><span jsname=\"YS01Ge\">Um homem foi criado s\u00f3<\/span><br aria-hidden=\"true\"><span jsname=\"YS01Ge\">Mas vive em fun\u00e7\u00e3o do outro<\/span><br aria-hidden=\"true\"><span jsname=\"YS01Ge\">Na natureza onde ele \u00e9 rei<\/span><br aria-hidden=\"true\"><span jsname=\"YS01Ge\">No universo onde n\u00e3o \u00e9 nada<\/span><br aria-hidden=\"true\"><span jsname=\"YS01Ge\">Na incerteza e no prazer<\/span><br aria-hidden=\"true\"><span jsname=\"YS01Ge\">Na ilus\u00e3o de ser amado<\/span><\/div><div jsname=\"U8S5sf\"><\/div><div jsname=\"U8S5sf\" class=\"ujudUb\"><span jsname=\"YS01Ge\">Tudo \u00e9 amor<\/span><br aria-hidden=\"true\"><span jsname=\"YS01Ge\">Mesmo se for por carma<\/span><br aria-hidden=\"true\"><span jsname=\"YS01Ge\">Tudo \u00e9 amor<\/span><br aria-hidden=\"true\"><span jsname=\"YS01Ge\">Pretens\u00e3o descarada<\/span><\/div><div jsname=\"U8S5sf\"><\/div><div jsname=\"U8S5sf\" class=\"ujudUb\"><span jsname=\"YS01Ge\">Um homem nasce pra cagar<\/span><br aria-hidden=\"true\"><span jsname=\"YS01Ge\">Nas regras desse para\u00edso<\/span><br aria-hidden=\"true\"><span jsname=\"YS01Ge\">Um homem deve procurar<\/span><br aria-hidden=\"true\"><span jsname=\"YS01Ge\">A fruta que foi proibida<\/span><br aria-hidden=\"true\"><span jsname=\"YS01Ge\">No meio dessa multid\u00e3o<\/span><br aria-hidden=\"true\"><span jsname=\"YS01Ge\">Na escurid\u00e3o e na agonia<\/span><br aria-hidden=\"true\"><span jsname=\"YS01Ge\">Poder chamar algu\u00e9m de irm\u00e3o<\/span><br aria-hidden=\"true\"><span jsname=\"YS01Ge\">E ter um sono bem tranquilo<\/span><\/div><div jsname=\"U8S5sf\"><\/div><div jsname=\"U8S5sf\" class=\"ujudUb\"><span jsname=\"YS01Ge\">Tudo \u00e9 amor<\/span><br aria-hidden=\"true\"><span jsname=\"YS01Ge\">Mesmo se for por carma<\/span><br aria-hidden=\"true\"><span jsname=\"YS01Ge\">Tudo \u00e9 amor<\/span><br aria-hidden=\"true\"><span jsname=\"YS01Ge\">Pretens\u00e3o descarada<\/span><\/div><div jsname=\"U8S5sf\"><\/div><div jsname=\"U8S5sf\" class=\"ujudUb\"><span jsname=\"YS01Ge\">Um homem nasce pra brincar<\/span><br aria-hidden=\"true\"><span jsname=\"YS01Ge\">E n\u00e3o pra esculhambar a vida<\/span><br aria-hidden=\"true\"><span jsname=\"YS01Ge\">Um homem nasce pra curar<\/span><br aria-hidden=\"true\"><span jsname=\"YS01Ge\">E cutucar a ferida<\/span><br aria-hidden=\"true\"><span jsname=\"YS01Ge\">Mesmo se for pra transformar<\/span><br aria-hidden=\"true\"><span jsname=\"YS01Ge\">Num inferno um c\u00e9u conformista<\/span><br aria-hidden=\"true\"><span jsname=\"YS01Ge\">Mesmo se for pra guerrear<\/span><br aria-hidden=\"true\"><span jsname=\"YS01Ge\">Escolha as armas mais bonitas<\/span><\/div><div jsname=\"U8S5sf\"><\/div><div jsname=\"U8S5sf\" class=\"ujudUb WRZytc\"><span jsname=\"YS01Ge\">Tudo \u00e9 amor<\/span><\/div><\/div><\/div><\/div><\/div><\/div><\/div><\/div><\/div><div class=\"vce-row-container\" data-vce-boxed-width=\"true\"><div class=\"vce-row vce-row--col-gap-30 vce-row-content--top\" id=\"el-f25d7fc0\" data-vce-do-apply=\"all el-f25d7fc0\"><div class=\"vce-row-content\" data-vce-element-content=\"true\"><div class=\"vce-col vce-col--md-100p vce-col--xs-1 vce-col--xs-last vce-col--xs-first vce-col--sm-last vce-col--sm-first vce-col--md-last vce-col--lg-last vce-col--xl-last vce-col--md-first vce-col--lg-first vce-col--xl-first\" id=\"el-307edc8d\"><div class=\"vce-col-inner\" data-vce-do-apply=\"border margin background  el-307edc8d\"><div class=\"vce-col-content\" data-vce-element-content=\"true\" data-vce-do-apply=\"padding el-307edc8d\"><div class=\"vce vce-separator-container vce-separator--align-center vce-separator--style-solid\" id=\"el-b03ac2f0\" data-vce-do-apply=\"margin el-b03ac2f0\"><div class=\"vce-separator vce-separator--color-bfc0c1 vce-separator--width-100 vce-separator--thickness-1\" data-vce-do-apply=\"border padding background  el-b03ac2f0\"><\/div><\/div><\/div><\/div><\/div><\/div><\/div><\/div><div class=\"vce-row-container\" data-vce-boxed-width=\"true\"><div class=\"vce-row vce-row--col-gap-30 vce-row-content--top\" id=\"el-003ba51d\" data-vce-do-apply=\"all el-003ba51d\"><div class=\"vce-row-content\" data-vce-element-content=\"true\"><div class=\"vce-col vce-col--md-100p vce-col--xs-1 vce-col--xs-last vce-col--xs-first vce-col--sm-last vce-col--sm-first vce-col--md-last vce-col--lg-last vce-col--xl-last vce-col--md-first vce-col--lg-first vce-col--xl-first\" id=\"el-7d5ce7b3\"><div class=\"vce-col-inner\" data-vce-do-apply=\"border margin background  el-7d5ce7b3\"><div class=\"vce-col-content\" data-vce-element-content=\"true\" data-vce-do-apply=\"padding el-7d5ce7b3\"><div><\/div><\/div><\/div><\/div><\/div><\/div><\/div><div class=\"vce-row-container\"><div class=\"vce-row vce-row--col-gap-30 vce-row-equal-height vce-row-content--top\" data-vce-full-width=\"true\" id=\"el-f78aa36d\" data-vce-do-apply=\"all el-f78aa36d\"><div class=\"vce-content-background-container\"><\/div><div class=\"vce-row-content\" data-vce-element-content=\"true\"><div class=\"vce-col vce-col--md-auto vce-col--xs-1 vce-col--xs-last vce-col--xs-first vce-col--sm-last vce-col--sm-first vce-col--md-last vce-col--lg-last vce-col--xl-last vce-col--md-first vce-col--lg-first vce-col--xl-first\" id=\"el-35091094\"><div class=\"vce-col-inner\" data-vce-do-apply=\"border margin background  el-35091094\"><div class=\"vce-col-content\" data-vce-element-content=\"true\" data-vce-do-apply=\"padding el-35091094\"><div class=\"vce-row-container\"><div class=\"vce-row vce-row--col-gap-30 vce-row-equal-height vce-row-content--top\" data-vce-full-width=\"true\" id=\"el-5a79cf26\" data-vce-do-apply=\"all el-5a79cf26\"><div class=\"vce-content-background-container\"><\/div><div class=\"vce-row-content\" data-vce-element-content=\"true\"><div class=\"vce-col vce-col--md-auto vce-col--xs-1 vce-col--xs-last vce-col--xs-first vce-col--sm-last vce-col--sm-first vce-col--md-last vce-col--lg-last vce-col--xl-last vce-col--md-first vce-col--lg-first vce-col--xl-first\" id=\"el-d61c76ac\"><div class=\"vce-col-inner\" data-vce-do-apply=\"border margin background  el-d61c76ac\"><div class=\"vce-col-content\" data-vce-element-content=\"true\" data-vce-do-apply=\"padding el-d61c76ac\"><div class=\"vce-row-container\"><div class=\"vce-row vce-row--col-gap-40 vce-row-content--top\" data-vce-full-width=\"true\" id=\"el-00ee0b70\" data-vce-do-apply=\"all el-00ee0b70\"><div class=\"vce-content-background-container\"><\/div><div class=\"vce-row-content\" data-vce-element-content=\"true\"><div class=\"vce-col vce-col--md-20p vce-col--xs-1 vce-col--xs-last vce-col--xs-first vce-col--sm-last vce-col--sm-first vce-col--md-first vce-col--lg-first vce-col--xl-first\" id=\"el-a644b128\"><div class=\"vce-col-inner\" data-vce-do-apply=\"border margin background  el-a644b128\"><div class=\"vce-col-content\" data-vce-element-content=\"true\" data-vce-do-apply=\"padding el-a644b128\"><div><\/div><\/div><\/div><\/div><div class=\"vce-col vce-col--md-20p vce-col--xs-1 vce-col--xs-last vce-col--xs-first vce-col--sm-last vce-col--sm-first\" id=\"el-e022aab8\"><div class=\"vce-col-inner\" data-vce-do-apply=\"border margin background  el-e022aab8\"><div class=\"vce-col-content\" data-vce-element-content=\"true\" data-vce-do-apply=\"padding el-e022aab8\"><div><\/div><\/div><\/div><\/div><div class=\"vce-col vce-col--md-20p vce-col--xs-1 vce-col--xs-last vce-col--xs-first vce-col--sm-last vce-col--sm-first vce-col--md-last vce-col--lg-last vce-col--xl-last\" id=\"el-cb0567dd\"><div class=\"vce-col-inner\" data-vce-do-apply=\"border margin background  el-cb0567dd\"><div class=\"vce-col-content\" data-vce-element-content=\"true\" data-vce-do-apply=\"padding el-cb0567dd\"><div><\/div><\/div><\/div><\/div><\/div><\/div><\/div><\/div><\/div><\/div><\/div><\/div><\/div><\/div><\/div><\/div><\/div><\/div><\/div><div class=\"vce-row-container\" data-vce-boxed-width=\"true\"><div class=\"vce-row vce-row--col-gap-30 vce-row-equal-height vce-row-content--top\" id=\"el-a0f3b15b\" data-vce-do-apply=\"all el-a0f3b15b\"><div class=\"vce-row-content\" data-vce-element-content=\"true\"><div class=\"vce-col vce-col--md-auto vce-col--xs-1 vce-col--xs-last vce-col--xs-first vce-col--sm-last vce-col--sm-first vce-col--md-last vce-col--lg-last vce-col--xl-last vce-col--md-first vce-col--lg-first vce-col--xl-first\" id=\"el-ba2ae356\"><div class=\"vce-col-inner\" data-vce-do-apply=\"border margin background  el-ba2ae356\"><div class=\"vce-col-content\" data-vce-element-content=\"true\" data-vce-do-apply=\"padding el-ba2ae356\"><div><\/div><\/div><\/div><\/div><\/div><\/div><\/div><p><\/p>","protected":false},"excerpt":{"rendered":"<p>Tudo \u00e9 amor (Laura Finocchiaro e Cazuza)Vers\u00e3o gravada em julho de 2021 no Jam House Studio com Alexandre Vallad\u00e3o (guitarras e arranjo) + Sergio Nacif (bateria) + Jorge Vallad\u00e3o (baixo, mixagem e masteriza\u00e7\u00e3o).Capa Single: Valder Valeir\u00e3o Video Lyric editado por Laura Finocchiaro Lan\u00e7amento: Sorte Produ\u00e7\u00f5esRelease oficial do single:LAURA FINOCCHIARO LAN\u00c7A [&hellip;]<\/p>\n","protected":false},"author":6,"featured_media":0,"parent":0,"menu_order":0,"comment_status":"closed","ping_status":"closed","template":"","meta":{"footnotes":""},"class_list":["post-5062","page","type-page","status-publish","hentry"],"_links":{"self":[{"href":"https:\/\/laurafinocchiaro.com.br\/site\/wp-json\/wp\/v2\/pages\/5062","targetHints":{"allow":["GET"]}}],"collection":[{"href":"https:\/\/laurafinocchiaro.com.br\/site\/wp-json\/wp\/v2\/pages"}],"about":[{"href":"https:\/\/laurafinocchiaro.com.br\/site\/wp-json\/wp\/v2\/types\/page"}],"author":[{"embeddable":true,"href":"https:\/\/laurafinocchiaro.com.br\/site\/wp-json\/wp\/v2\/users\/6"}],"replies":[{"embeddable":true,"href":"https:\/\/laurafinocchiaro.com.br\/site\/wp-json\/wp\/v2\/comments?post=5062"}],"version-history":[{"count":6,"href":"https:\/\/laurafinocchiaro.com.br\/site\/wp-json\/wp\/v2\/pages\/5062\/revisions"}],"predecessor-version":[{"id":5069,"href":"https:\/\/laurafinocchiaro.com.br\/site\/wp-json\/wp\/v2\/pages\/5062\/revisions\/5069"}],"wp:attachment":[{"href":"https:\/\/laurafinocchiaro.com.br\/site\/wp-json\/wp\/v2\/media?parent=5062"}],"curies":[{"name":"wp","href":"https:\/\/api.w.org\/{rel}","templated":true}]}}