{"id":4750,"date":"2022-11-21T22:50:31","date_gmt":"2022-11-21T22:50:31","guid":{"rendered":"https:\/\/laurafinocchiaro.com.br\/site\/?page_id=4750"},"modified":"2022-11-22T19:59:54","modified_gmt":"2022-11-22T19:59:54","slug":"release-tudo-e-amor","status":"publish","type":"page","link":"https:\/\/laurafinocchiaro.com.br\/site\/release-tudo-e-amor\/","title":{"rendered":"Release Tudo \u00e9 amor"},"content":{"rendered":"<div class=\"vce-row-container\" data-vce-boxed-width=\"true\"><div class=\"vce-row vce-row--col-gap-30 vce-row-equal-height vce-row-content--top\" id=\"el-39550c5a\" data-vce-do-apply=\"all el-39550c5a\"><div class=\"vce-row-content\" data-vce-element-content=\"true\"><div class=\"vce-col vce-col--md-auto vce-col--xs-1 vce-col--xs-last vce-col--xs-first vce-col--sm-last vce-col--sm-first vce-col--md-last vce-col--lg-last vce-col--xl-last vce-col--md-first vce-col--lg-first vce-col--xl-first\" id=\"el-50f5b5e9\"><div class=\"vce-col-inner\" data-vce-do-apply=\"border margin background  el-50f5b5e9\"><div class=\"vce-col-content\" data-vce-element-content=\"true\" data-vce-do-apply=\"padding el-50f5b5e9\"><div class=\"vce-text-block\"><div class=\"vce-text-block-wrapper vce\" id=\"el-544d6f8e\" data-vce-do-apply=\"all el-544d6f8e\">\n<figure class=\"wp-block-image size-large\"><img fetchpriority=\"high\" decoding=\"async\" src=\"https:\/\/laurafinocchiaro.com.br\/site\/wp-content\/uploads\/2022\/11\/bannerRelease22-11.jpg\" alt=\"\" class=\"aligncenter wp-image-4754 size-full\" width=\"1250\" height=\"656\" srcset=\"https:\/\/laurafinocchiaro.com.br\/site\/wp-content\/uploads\/2022\/11\/bannerRelease22-11.jpg 1250w, https:\/\/laurafinocchiaro.com.br\/site\/wp-content\/uploads\/2022\/11\/bannerRelease22-11-300x157.jpg 300w, https:\/\/laurafinocchiaro.com.br\/site\/wp-content\/uploads\/2022\/11\/bannerRelease22-11-1024x537.jpg 1024w, https:\/\/laurafinocchiaro.com.br\/site\/wp-content\/uploads\/2022\/11\/bannerRelease22-11-768x403.jpg 768w, https:\/\/laurafinocchiaro.com.br\/site\/wp-content\/uploads\/2022\/11\/bannerRelease22-11-320x168.jpg 320w, https:\/\/laurafinocchiaro.com.br\/site\/wp-content\/uploads\/2022\/11\/bannerRelease22-11-480x252.jpg 480w, https:\/\/laurafinocchiaro.com.br\/site\/wp-content\/uploads\/2022\/11\/bannerRelease22-11-800x420.jpg 800w\" sizes=\"(max-width: 1250px) 100vw, 1250px\" \/><\/figure>\n\n<h2 class=\"wp-block-heading\"><a href=\"https:\/\/laurafinocchiaro.com.br\/site\/wp-content\/uploads\/2022\/11\/release-TUDO-E-AMOR.pdf\"><span style=\"color: #ff00ff;\">Release Tudo \u00e9 amor <\/span><\/a><a href=\"https:\/\/laurafinocchiaro.com.br\/site\/wp-content\/uploads\/2022\/11\/release-TUDO-E-AMOR3.pdf\"><span style=\"color: #ff00ff;\"><span style=\"font-size: 14pt;\">Baixar<\/span><\/span><\/a><\/h2>\n<h2><a href=\"https:\/\/laurafinocchiaro.com.br\/site\/wp-content\/uploads\/2022\/11\/release-TUDO-E-AMOR3.pdf\" class=\"pdfemb-viewer\" style=\"\" data-width=\"max\" data-height=\"max\" data-toolbar=\"bottom\" data-toolbar-fixed=\"off\">release TUDO \u00c9 AMOR3<\/a><br>Fotos de divulga\u00e7\u00e3o<\/h2>\n<p>Fotos: Marian Starosta<\/p>\n\n<div>Foto 1 - <a href=\"https:\/\/laurafinocchiaro.com.br\/site\/wp-content\/uploads\/2022\/11\/Laura-Finocchiaro-LFLS_Foto-div.Marian-Starosta_3-scaled.jpg\">Baixar<\/a><br>Foto 2 - <a href=\"https:\/\/laurafinocchiaro.com.br\/site\/wp-content\/uploads\/2022\/11\/Laura-Finocchiaro-LFLS_Foto-div.Marian-Starosta_4-scaled.jpg\">Baixar<\/a><\/div>\n<div>Foto 3 - <a href=\"https:\/\/laurafinocchiaro.com.br\/site\/wp-content\/uploads\/2022\/11\/Laura-Finocchiaro-LFLS_Foto-div.Marian-Starosta_6-scaled.jpg\">Baixar<\/a><\/div>\n<div>Foto 4 - <a href=\"https:\/\/laurafinocchiaro.com.br\/site\/wp-content\/uploads\/2022\/11\/Laura-Finocchiaro-LFLS_Foto-div.Marian-Starosta_8-scaled.jpg\">Baixar<\/a><\/div>\n<\/div><\/div><div class=\"vce-text-block\"><div class=\"vce-text-block-wrapper vce\" id=\"el-e8e49942\" data-vce-do-apply=\"all el-e8e49942\">\n<div class=\"wp-block-file\"><a href=\"https:\/\/laurafinocchiaro.com.br\/site\/wp-content\/uploads\/2021\/06\/CAPA-DO-CD1.jpeg\" class=\"wp-block-file__button\" download=\"\">Capa-<\/a><a href=\"https:\/\/laurafinocchiaro.com.br\/site\/wp-content\/uploads\/2022\/11\/Tudo-e-amor_Laura-Finocchiaro_2022_Capa_low-1.jpg\">Baixar<\/a><\/div>\n\n<div><\/div>\n<\/div><\/div><\/div><\/div><\/div><\/div><\/div><\/div><p><\/p>","protected":false},"excerpt":{"rendered":"<p>Release Tudo \u00e9 amor Baixar Fotos de divulga\u00e7\u00e3o Fotos: Marian Starosta<\/p>\n","protected":false},"author":6,"featured_media":0,"parent":0,"menu_order":0,"comment_status":"closed","ping_status":"closed","template":"","meta":{"footnotes":""},"class_list":["post-4750","page","type-page","status-publish","hentry"],"_links":{"self":[{"href":"https:\/\/laurafinocchiaro.com.br\/site\/wp-json\/wp\/v2\/pages\/4750","targetHints":{"allow":["GET"]}}],"collection":[{"href":"https:\/\/laurafinocchiaro.com.br\/site\/wp-json\/wp\/v2\/pages"}],"about":[{"href":"https:\/\/laurafinocchiaro.com.br\/site\/wp-json\/wp\/v2\/types\/page"}],"author":[{"embeddable":true,"href":"https:\/\/laurafinocchiaro.com.br\/site\/wp-json\/wp\/v2\/users\/6"}],"replies":[{"embeddable":true,"href":"https:\/\/laurafinocchiaro.com.br\/site\/wp-json\/wp\/v2\/comments?post=4750"}],"version-history":[{"count":15,"href":"https:\/\/laurafinocchiaro.com.br\/site\/wp-json\/wp\/v2\/pages\/4750\/revisions"}],"predecessor-version":[{"id":4786,"href":"https:\/\/laurafinocchiaro.com.br\/site\/wp-json\/wp\/v2\/pages\/4750\/revisions\/4786"}],"wp:attachment":[{"href":"https:\/\/laurafinocchiaro.com.br\/site\/wp-json\/wp\/v2\/media?parent=4750"}],"curies":[{"name":"wp","href":"https:\/\/api.w.org\/{rel}","templated":true}]}}