{"id":4660,"date":"2021-11-10T19:51:09","date_gmt":"2021-11-10T19:51:09","guid":{"rendered":"http:\/\/laurafinocchiaro.com.br\/site\/?page_id=4660"},"modified":"2021-11-10T20:41:07","modified_gmt":"2021-11-10T20:41:07","slug":"release-oxigenio","status":"publish","type":"page","link":"https:\/\/laurafinocchiaro.com.br\/site\/release-oxigenio\/","title":{"rendered":"Release &#8220;Oxig\u00eanio&#8221;"},"content":{"rendered":"<div class=\"vce-row-container\"><div class=\"vce-row vce-row--col-gap-30 vce-row-equal-height vce-row-content--top vcv-state--show-resizer\" data-vce-full-width=\"true\" id=\"el-39550c5a\" data-vce-do-apply=\"all el-39550c5a\"><div class=\"vce-content-background-container\"><\/div><div class=\"vce-row-content\" data-vce-element-content=\"true\"><div class=\"vce-col vce-col--md-auto vce-col--xs-1 vce-col--xs-last vce-col--xs-first vce-col--sm-last vce-col--sm-first vce-col--md-last vce-col--lg-last vce-col--xl-last vce-col--md-first vce-col--lg-first vce-col--xl-first\" id=\"el-50f5b5e9\"><div class=\"vce-col-inner\" data-vce-do-apply=\"border margin background  el-50f5b5e9\"><div class=\"vce-content-background-container\"><\/div><div class=\"vce-col-content\" data-vce-element-content=\"true\" data-vce-do-apply=\"padding el-50f5b5e9\"><div class=\"vce-text-block\"><div class=\"vce-text-block-wrapper vce\" id=\"el-544d6f8e\" data-vce-do-apply=\"all el-544d6f8e\">\n<figure class=\"wp-block-image size-large\">\n<p><img fetchpriority=\"high\" decoding=\"async\" src=\"https:\/\/laurafinocchiaro.com.br\/site\/wp-content\/uploads\/2021\/11\/oxigenio-header-1.jpg\" alt=\"\" class=\"aligncenter wp-image-4662 size-full\" width=\"1920\" height=\"555\" srcset=\"https:\/\/laurafinocchiaro.com.br\/site\/wp-content\/uploads\/2021\/11\/oxigenio-header-1.jpg 1920w, https:\/\/laurafinocchiaro.com.br\/site\/wp-content\/uploads\/2021\/11\/oxigenio-header-1-600x173.jpg 600w, https:\/\/laurafinocchiaro.com.br\/site\/wp-content\/uploads\/2021\/11\/oxigenio-header-1-300x87.jpg 300w, https:\/\/laurafinocchiaro.com.br\/site\/wp-content\/uploads\/2021\/11\/oxigenio-header-1-1024x296.jpg 1024w, https:\/\/laurafinocchiaro.com.br\/site\/wp-content\/uploads\/2021\/11\/oxigenio-header-1-768x222.jpg 768w, https:\/\/laurafinocchiaro.com.br\/site\/wp-content\/uploads\/2021\/11\/oxigenio-header-1-1536x444.jpg 1536w\" sizes=\"(max-width: 1920px) 100vw, 1920px\" \/><\/p>\n<\/figure>\n\n<h2 class=\"wp-block-heading\"><span style=\"color: #ff00ff;\">Release Oxig\u00eanio <a href=\"https:\/\/laurafinocchiaro.com.br\/site\/wp-content\/uploads\/2021\/11\/release.pdf\"><span style=\"font-size: 14pt;\">Baixar<\/span><\/a><br><\/span><\/h2>\n<h2><span style=\"color: #ff00ff;\"> <a href=\"https:\/\/laurafinocchiaro.com.br\/site\/wp-content\/uploads\/2021\/11\/release.pdf\" class=\"pdfemb-viewer\" style=\"\" data-width=\"max\" data-height=\"max\" data-toolbar=\"bottom\" data-toolbar-fixed=\"off\">release<\/a><\/span><br><br>Fotos de divulga\u00e7\u00e3o - Marion Starosa<\/h2>\n\n<div class=\"wp-block-file\"><span style=\"font-size: 14pt;\"><a href=\"https:\/\/laurafinocchiaro.com.br\/site\/wp-content\/uploads\/2021\/11\/oxi-1-1.jpeg\">1-Baixar<\/a><\/span><\/div>\n<p><span style=\"font-size: 14pt;\"><\/span><\/p>\n<div class=\"wp-block-file\"><span style=\"font-size: 14pt;\"><a href=\"https:\/\/laurafinocchiaro.com.br\/site\/wp-content\/uploads\/2021\/11\/oxi-1-5.jpeg\">2-Baixar<\/a><\/span><\/div>\n<div class=\"wp-block-file\"><span style=\"font-size: 14pt;\"><a href=\"https:\/\/laurafinocchiaro.com.br\/site\/wp-content\/uploads\/2021\/11\/oxi-1-3.jpeg\">3-Baixar<\/a><br><br><\/span><a href=\"https:\/\/laurafinocchiaro.com.br\/site\/wp-content\/uploads\/2021\/11\/oxi-1-4.jpeg\"><span style=\"font-size: 14pt;\">4-Baixar<\/span><\/a><\/div>\n<p><span style=\"font-size: 14pt;\"><\/span><\/p>\n<\/div><\/div><\/div><\/div><\/div><\/div><\/div><\/div><div class=\"vce-row-container\"><div class=\"vce-row vce-row--col-gap-30 vce-row-equal-height vce-row-content--top\" data-vce-full-width=\"true\" id=\"el-357c33a9\" data-vce-do-apply=\"all el-357c33a9\"><div class=\"vce-row-content\" data-vce-element-content=\"true\"><div class=\"vce-col vce-col--md-auto vce-col--xs-1 vce-col--xs-last vce-col--xs-first vce-col--sm-last vce-col--sm-first vce-col--md-last vce-col--lg-last vce-col--xl-last vce-col--md-first vce-col--lg-first vce-col--xl-first\" id=\"el-d955bf30\"><div class=\"vce-col-inner\" data-vce-do-apply=\"border margin background  el-d955bf30\"><div class=\"vce-col-content\" data-vce-element-content=\"true\" data-vce-do-apply=\"padding el-d955bf30\"><div class=\"vce-text-block\"><div class=\"vce-text-block-wrapper vce\" id=\"el-98f7acd0\" data-vce-do-apply=\"all el-98f7acd0\"><p><span style=\"font-size: 18pt;\">Texto de Ricardo Pereira (jornalista) sobre Oxig\u00eanio:<\/span><\/p>\n<p><\/p>\n<p><em><span style=\"font-size: 12pt;\">N\u00e3o sou cr\u00edtico musical. Sou jornalista e gosto de m\u00fasica... principalmente de rock. E foi atrav\u00e9s do rock que ouvi pela primeira vez a rebeldia de Laura Finocchiaro. O cen\u00e1rio era o Maracan\u00e3. Palco do Rock in Rio 2. O mundo se espantava com a Guerra do Golfo mostrada ao vivo pela rede CNN. Mas outros torpedos recheados de paz e amor eram disparados das guitarras distorcidas que encantavam milhares de pessoas durante nove dias. E um dos shows de abertura era daquela menina que eu descobrira ga\u00facha, por ter feito um perfil para a programa\u00e7\u00e3o da TV Globo mas que no palco era s\u00edmbolo daquele rock paulista, agressivo, provocante e diferente ! \u00d4rra Meu !<\/span><\/em><\/p>\n<p><\/p>\n<p><em><span style=\"font-size: 12pt;\">Trinta anos depois, eu me reencontro com a obra de Laura. Agora trazendo Oxig\u00eanio para esses dias de ares t\u00e3o irrespir\u00e1veis... Ela n\u00e3o vacilou. Partiu pra cima da pandemia com a melhor vacina que poderia ter: a sua m\u00fasica. O novo \u00e1lbum nos leva \u00e0 v\u00e1rias viagens no meio de tudo isso que estamos vivendo. H\u00e1 movimentos musicais de todas as matrizes que um n\u00e3o-especialista como eu n\u00e3o saberia identificar. Mas \u00e9 poss\u00edvel se deixar envolver pelas misturas de rock, eletr\u00f4nico, funk e dance. Ser\u00e1 que defini bem ? Ou\u00e7am !!!!<\/span><\/em><\/p>\n<p><em><span style=\"font-size: 12pt;\">A primeira can\u00e7\u00e3o \u00e9 um rock-desabafo contra o \u201cV\u00edrus\u201d. E denuncia que h\u00e1 outros v\u00edrus que se alimentaram dessa trag\u00e9dia para crescer e nos amea\u00e7ar: \u201cN\u00e3o sabe se comportar, \u00e9 grosseiro. N\u00e3o tem compaix\u00e3o, \u00e9 covarde...\u201d Precisa ser mais clara ? Tens raz\u00e3o, guria, n\u00e3o s\u00e3o poucos os v\u00edrus mas o que queremos com a sua m\u00fasica \u00e9 que esses v\u00edrus se explodam...<\/span><\/em><\/p>\n<p><\/p>\n<p><em><span style=\"font-size: 12pt;\">\u201cQuem somos n\u00f3s nessa escurid\u00e3o\u201d, pergunta ela em \u201cAsfixia\u201d.... com certeza foi um tempo de redescobrimento diante do impasse de n\u00e3o sair de casa para evitar a contamina\u00e7\u00e3o. Cada um de n\u00f3s, que teve a chance de parar, encontrou um novo desafio. Eu voei baixo. Comecei a cozinhar... Laura se arriscou em voos mais ousados e teve a coragem de produzir um disco em casa, sozinha com seus instrumentos, suas inspira\u00e7\u00f5es, seus medos e o seu talento. \u00c9 uma grande exposi\u00e7\u00e3o de si mesma. Mas \u00e9, ao mesmo tempo, um documento de uma \u00e9poca que todos n\u00f3s nos identificamos. S\u00e3o tempos de saudade ( \u201cQuem mandou levar a minha paz ?\u201d), revolta, resist\u00eancia e amor...<\/span><\/em><\/p>\n<p><\/p>\n<p><em><span style=\"font-size: 12pt;\">E \u00e9 do amor que Laura tira a linda can\u00e7\u00e3o para a sua companheira Maria Esperidi\u00e3o \u2013 \u201cMulher Maria\u201d. Em alguns versos, a defini\u00e7\u00e3o simples por\u00e9m verdadeira do que ilumina o sentimento : \u201cMulher Maria real\u00e7a o dia\u201d. E da cumplicidade do casal : \u201cMulher que segura, que orienta.\u201d&nbsp;&nbsp;<\/span><\/em><\/p>\n<p><em><span style=\"font-size: 12pt;\">As lutas identit\u00e1rias, sempre presentes na voz rasgada e curtida de Laura, reafirmam as suas convic\u00e7\u00f5es e desafiam os padr\u00f5es estabelecidos. Em um momento emocionante do \u00e1lbum, ela nos conta a hist\u00f3ria da luta de <strong>\u201cAmora\u201d<\/strong>, uma retirante nordestina. \u201cEstilha\u00e7os no ch\u00e3o\u201d de um Brasil de d\u00e9cadas atr\u00e1s, que se mantem, infelizmente, vivo e atual na nossa hist\u00f3ria.<\/span><\/em><\/p>\n<p><em><span style=\"font-size: 12pt;\">Mas h\u00e1 momentos para deixar o corpo dan\u00e7ar sem compromisso (\"Chap\u00e9u\") e tamb\u00e9m com alguma rebeldia ( \u201cMinas Sonoras\u201d ) , onde Laura e suas amigas Ana e Patr\u00edcia s\u00e3o&nbsp; compositoras e cantoras fortes mas sem perder ( nunca!) a do\u00e7ura. A mensagem \u00e9 simples e direta : a luta de todas \u00e9 pela arte.<\/span><\/em><\/p>\n<p><\/p>\n<p><em><span style=\"font-size: 12pt;\">Mas , meninas, n\u00e3o \u00e9 s\u00f3 de voc\u00eas ! \u00c9 nossa tamb\u00e9m ! E \u201cOxig\u00eanio\u201d de Laura Finocchiaro chega para desintoxicar o ambiente e realimentar essa esperan\u00e7a !<\/span><\/em><\/p>\n<p><\/p>\n<p><em><span style=\"font-size: 12pt;\">Rio de Janeiro, 8 de novembro de 2021<\/span><\/em><\/p>\n<p><\/p>\n<p><em><span style=\"font-size: 12pt;\">Ricardo Pereira<\/span><\/em><\/p><\/div><\/div><\/div><\/div><\/div><\/div><\/div><\/div><p><\/p>","protected":false},"excerpt":{"rendered":"<p>Release Oxig\u00eanio Baixar Fotos de divulga\u00e7\u00e3o &#8211; Marion Starosa Texto de Ricardo Pereira (jornalista) sobre Oxig\u00eanio: N\u00e3o sou cr\u00edtico musical. Sou jornalista e gosto de m\u00fasica&#8230; principalmente de rock. E foi atrav\u00e9s do rock que ouvi pela primeira vez a rebeldia de Laura Finocchiaro. O cen\u00e1rio era o Maracan\u00e3. Palco [&hellip;]<\/p>\n","protected":false},"author":6,"featured_media":0,"parent":0,"menu_order":0,"comment_status":"closed","ping_status":"closed","template":"","meta":{"footnotes":""},"class_list":["post-4660","page","type-page","status-publish","hentry"],"_links":{"self":[{"href":"https:\/\/laurafinocchiaro.com.br\/site\/wp-json\/wp\/v2\/pages\/4660","targetHints":{"allow":["GET"]}}],"collection":[{"href":"https:\/\/laurafinocchiaro.com.br\/site\/wp-json\/wp\/v2\/pages"}],"about":[{"href":"https:\/\/laurafinocchiaro.com.br\/site\/wp-json\/wp\/v2\/types\/page"}],"author":[{"embeddable":true,"href":"https:\/\/laurafinocchiaro.com.br\/site\/wp-json\/wp\/v2\/users\/6"}],"replies":[{"embeddable":true,"href":"https:\/\/laurafinocchiaro.com.br\/site\/wp-json\/wp\/v2\/comments?post=4660"}],"version-history":[{"count":11,"href":"https:\/\/laurafinocchiaro.com.br\/site\/wp-json\/wp\/v2\/pages\/4660\/revisions"}],"predecessor-version":[{"id":4686,"href":"https:\/\/laurafinocchiaro.com.br\/site\/wp-json\/wp\/v2\/pages\/4660\/revisions\/4686"}],"wp:attachment":[{"href":"https:\/\/laurafinocchiaro.com.br\/site\/wp-json\/wp\/v2\/media?parent=4660"}],"curies":[{"name":"wp","href":"https:\/\/api.w.org\/{rel}","templated":true}]}}