{"id":4114,"date":"2021-07-23T21:26:21","date_gmt":"2021-07-23T21:26:21","guid":{"rendered":"http:\/\/laurafinocchiaro.com.br\/site\/?page_id=4114"},"modified":"2021-07-25T14:10:49","modified_gmt":"2021-07-25T14:10:49","slug":"release-virus","status":"publish","type":"page","link":"https:\/\/laurafinocchiaro.com.br\/site\/release-virus\/","title":{"rendered":"Release &#8220;V\u00edrus&#8221;"},"content":{"rendered":"<div class=\"vce-row-container\" data-vce-boxed-width=\"true\"><div class=\"vce-row vce-row--col-gap-30 vce-row-equal-height vce-row-content--top\" id=\"el-39550c5a\" data-vce-do-apply=\"all el-39550c5a\"><div class=\"vce-content-background-container\"><\/div><div class=\"vce-row-content\" data-vce-element-content=\"true\"><div class=\"vce-col vce-col--md-auto vce-col--xs-1 vce-col--xs-last vce-col--xs-first vce-col--sm-last vce-col--sm-first vce-col--md-last vce-col--lg-last vce-col--xl-last vce-col--md-first vce-col--lg-first vce-col--xl-first\" id=\"el-50f5b5e9\"><div class=\"vce-col-inner\" data-vce-do-apply=\"border margin background  el-50f5b5e9\"><div class=\"vce-content-background-container\"><\/div><div class=\"vce-col-content\" data-vce-element-content=\"true\" data-vce-do-apply=\"padding el-50f5b5e9\"><div class=\"vce-text-block\"><div class=\"vce-text-block-wrapper vce\" id=\"el-544d6f8e\" data-vce-do-apply=\"all el-544d6f8e\">\n<figure class=\"wp-block-image size-large\">\n<p><img fetchpriority=\"high\" decoding=\"async\" src=\"https:\/\/laurafinocchiaro.com.br\/site\/wp-content\/uploads\/2021\/07\/virus-header.jpg\" alt=\"\" class=\"aligncenter wp-image-4125 size-full\" width=\"1920\" height=\"555\" srcset=\"https:\/\/laurafinocchiaro.com.br\/site\/wp-content\/uploads\/2021\/07\/virus-header.jpg 1920w, https:\/\/laurafinocchiaro.com.br\/site\/wp-content\/uploads\/2021\/07\/virus-header-600x173.jpg 600w, https:\/\/laurafinocchiaro.com.br\/site\/wp-content\/uploads\/2021\/07\/virus-header-300x87.jpg 300w, https:\/\/laurafinocchiaro.com.br\/site\/wp-content\/uploads\/2021\/07\/virus-header-1024x296.jpg 1024w, https:\/\/laurafinocchiaro.com.br\/site\/wp-content\/uploads\/2021\/07\/virus-header-768x222.jpg 768w, https:\/\/laurafinocchiaro.com.br\/site\/wp-content\/uploads\/2021\/07\/virus-header-1536x444.jpg 1536w\" sizes=\"(max-width: 1920px) 100vw, 1920px\" \/><\/p>\n<\/figure>\n\n<h2 class=\"wp-block-heading\"><span style=\"color: #ff00ff;\">Release V\u00edrus <a href=\"https:\/\/laurafinocchiaro.com.br\/site\/wp-content\/uploads\/2021\/07\/Release-VIRUS-CPL.pdf\"><span style=\"font-size: 14pt;\">Baixar<\/span><\/a><\/span><br><a href=\"https:\/\/laurafinocchiaro.com.br\/site\/wp-content\/uploads\/2021\/07\/Release-VIRUS-CPL.pdf\" class=\"pdfemb-viewer\" style=\"\" data-width=\"max\" data-height=\"max\" data-toolbar=\"bottom\" data-toolbar-fixed=\"off\">Release V\u00cdRUS CPL<\/a><br>Fotos de divulga\u00e7\u00e3o<\/h2>\n\n<div class=\"wp-block-file\"><a href=\"https:\/\/laurafinocchiaro.com.br\/site\/wp-content\/uploads\/2021\/06\/ASFIXIA_CAPA-SINGLE_LAURA-FINOCCHIARO_Foto_Marian-Starosta.jpeg\" class=\"wp-block-file__button\" download=\"\">1-Baixar<\/a><\/div>\n\n<div class=\"wp-block-file\"><a href=\"https:\/\/laurafinocchiaro.com.br\/site\/wp-content\/uploads\/2021\/07\/20210607_MS_1299.jpg\" class=\"wp-block-file__button\" download=\"\">2-Baixar<\/a><\/div>\n\n<div class=\"wp-block-file\"><a href=\"https:\/\/laurafinocchiaro.com.br\/site\/wp-content\/uploads\/2021\/07\/20210607_MS_1314.jpg\" class=\"wp-block-file__button\" download=\"\">3- Baixar<\/a><\/div>\n<\/div><\/div><\/div><\/div><\/div><\/div><\/div><\/div><p><\/p>","protected":false},"excerpt":{"rendered":"<p>Release V\u00edrus BaixarFotos de divulga\u00e7\u00e3o<\/p>\n","protected":false},"author":6,"featured_media":0,"parent":0,"menu_order":0,"comment_status":"closed","ping_status":"closed","template":"","meta":{"footnotes":""},"class_list":["post-4114","page","type-page","status-publish","hentry"],"_links":{"self":[{"href":"https:\/\/laurafinocchiaro.com.br\/site\/wp-json\/wp\/v2\/pages\/4114","targetHints":{"allow":["GET"]}}],"collection":[{"href":"https:\/\/laurafinocchiaro.com.br\/site\/wp-json\/wp\/v2\/pages"}],"about":[{"href":"https:\/\/laurafinocchiaro.com.br\/site\/wp-json\/wp\/v2\/types\/page"}],"author":[{"embeddable":true,"href":"https:\/\/laurafinocchiaro.com.br\/site\/wp-json\/wp\/v2\/users\/6"}],"replies":[{"embeddable":true,"href":"https:\/\/laurafinocchiaro.com.br\/site\/wp-json\/wp\/v2\/comments?post=4114"}],"version-history":[{"count":10,"href":"https:\/\/laurafinocchiaro.com.br\/site\/wp-json\/wp\/v2\/pages\/4114\/revisions"}],"predecessor-version":[{"id":4310,"href":"https:\/\/laurafinocchiaro.com.br\/site\/wp-json\/wp\/v2\/pages\/4114\/revisions\/4310"}],"wp:attachment":[{"href":"https:\/\/laurafinocchiaro.com.br\/site\/wp-json\/wp\/v2\/media?parent=4114"}],"curies":[{"name":"wp","href":"https:\/\/api.w.org\/{rel}","templated":true}]}}