{"id":3650,"date":"2021-07-04T20:30:44","date_gmt":"2021-07-04T20:30:44","guid":{"rendered":"http:\/\/laurafinocchiaro.com.br\/site\/?page_id=3650"},"modified":"2021-07-13T22:23:00","modified_gmt":"2021-07-13T22:23:00","slug":"hino-a-diversidade-2021","status":"publish","type":"page","link":"https:\/\/laurafinocchiaro.com.br\/site\/hino-a-diversidade-2021\/","title":{"rendered":"Hino \u00e0 diversidade (2021)"},"content":{"rendered":"<div class=\"vce-row-container\"><div class=\"vce-row vce-row--col-gap-30 vce-row-content--top\" data-vce-full-width=\"true\" id=\"el-5e0b5acd\" data-vce-do-apply=\"all el-5e0b5acd\"><div class=\"vce-content-background-container\"><\/div><div class=\"vce-row-content\" data-vce-element-content=\"true\"><div class=\"vce-col vce-col--md-100p vce-col--xs-1 vce-col--xs-last vce-col--xs-first vce-col--sm-last vce-col--sm-first vce-col--md-last vce-col--lg-last vce-col--xl-last vce-col--md-first vce-col--lg-first vce-col--xl-first\" id=\"el-38562e7e\"><div class=\"vce-col-inner\" data-vce-do-apply=\"border margin background  el-38562e7e\"><div class=\"vce-col-content\" data-vce-element-content=\"true\" data-vce-do-apply=\"padding el-38562e7e\"><div class=\"vce-yt-video-player vce-yt-video-player--align-center vce-yt-video-player--size-853x480\"><div class=\"vce vce-yt-video-player-wrapper\" id=\"el-b2b17d44\" style=\"width: 853px;\" data-vce-do-apply=\"all el-b2b17d44\"><div class=\"vce-yt-video-player-inner\"><iframe class=\"vce-yt-video-player-iframe\" src=\"https:\/\/www.youtube.com\/embed\/5k1S-dDud2Y?autoplay=0&amp;mute=0&amp;color=red&amp;controls=1&amp;loop=0&amp;rel=0&amp;start=0&amp;cc_load_policy=0&amp;iv_load_policy=3\" allowfullscreen=\"\" width=\"640\" height=\"390\"><\/iframe><\/div><\/div><\/div><div class=\"vce-text-block\"><div class=\"vce-text-block-wrapper vce\" id=\"el-cf23561f\" data-vce-do-apply=\"all el-cf23561f\"><p><strong>&nbsp;<\/strong><\/p><p><span style=\"font-size: 24pt;\"><strong>Single: Hino \u00e0 diversidade (2021)<br><\/strong><\/span><\/p><p>LAURA FINOCCHIARO RELAN\u00c7A \u201cHINO \u00c0 DIVERSIDADE\u201d EM SUA MILIT\u00c2NCIA POR RESPEITO A TODA FORMA DE AMAR<\/p><p>Vinte anos depois de a cantora e compositora Laura Finocchiaro lan\u00e7ar o \u201cHino \u00e0 diversidade\u201d na Parada Gay de SP, ao lado de Elza Soares e Edson Cordeiro, ela relan\u00e7a o single no pr\u00f3ximo domingo, dia 27, v\u00e9spera do Dia Internacional do Orgulho LGBTQIA+. A faixa faz parte do \u00e1lbum \u201cOxig\u00eanio\u201d, a ser lan\u00e7ado no segundo semestre, e \u00e9 a \u00fanica que n\u00e3o foi composta durante a pandemia. \u00c9 uma parceria de Laura com Roberto Firmino e Glauco Mattoso, poeta do underground paulistano. <br>\u201cSou uma militante do amor. Somos todos um s\u00f3. Minha milit\u00e2ncia \u00e9 pelo amor, pela justi\u00e7a social\u201d, explica a parceira de Cazuza em \u201cTudo \u00e9 amor\u201d, que, ali\u00e1s, d\u00e1 nome ao novo \u00e1lbum do cantor pernambucano Alm\u00e9rio.<\/p><p>Lan\u00e7ado pelo selo da pr\u00f3pria artista, Sorte Produ\u00e7oes e distribu\u00eddo pela CD Baby, o single com essa nova roupagem do HINO \u00c0 DIVERSIDADE foi produzida por Hans Z, que tamb\u00e9m gravou todos os synths e chamou Bozo Barreti para escrever as cordas. Artur Rodrigues gravou a flauta picollo e Laura Finocchiaro assina o arranjo de base, as guitarras, a voz e o coro.<\/p><p>A arte da capa \u00e9 de Valder Valeirao sobre fotografia de Marian Starosta.<\/p><p>Se joga! Enjoy it! Abrace a diferen\u00e7a!<\/p><p><\/p><h3><\/h3><\/div><\/div><\/div><\/div><\/div><\/div><\/div><\/div><div class=\"vce-row-container\"><div class=\"vce-row vce-row--col-gap-30 vce-row-content--top\" data-vce-full-width=\"true\" id=\"el-f25d7fc0\" data-vce-do-apply=\"all el-f25d7fc0\"><div class=\"vce-content-background-container\"><\/div><div class=\"vce-row-content\" data-vce-element-content=\"true\"><div class=\"vce-col vce-col--md-100p vce-col--xs-1 vce-col--xs-last vce-col--xs-first vce-col--sm-last vce-col--sm-first vce-col--md-last vce-col--lg-last vce-col--xl-last vce-col--md-first vce-col--lg-first vce-col--xl-first\" id=\"el-307edc8d\"><div class=\"vce-col-inner\" data-vce-do-apply=\"border margin background  el-307edc8d\"><div class=\"vce-col-content\" data-vce-element-content=\"true\" data-vce-do-apply=\"padding el-307edc8d\"><div class=\"vce vce-separator-container vce-separator--align-center vce-separator--style-solid\" id=\"el-b03ac2f0\" data-vce-do-apply=\"margin el-b03ac2f0\"><div class=\"vce-separator vce-separator--color-bfc0c1 vce-separator--width-100 vce-separator--thickness-1\" data-vce-do-apply=\"border padding background  el-b03ac2f0\"><\/div><\/div><div class=\"vce-row-container\"><div class=\"vce-row vce-row--col-gap-30 vce-row-equal-height vce-row-content--top\" data-vce-full-width=\"true\" id=\"el-925a56eb\" data-vce-do-apply=\"all el-925a56eb\"><div class=\"vce-content-background-container\"><\/div><div class=\"vce-row-content\" data-vce-element-content=\"true\"><div class=\"vce-col vce-col--md-auto vce-col--xs-1 vce-col--xs-last vce-col--xs-first vce-col--sm-last vce-col--sm-first vce-col--md-last vce-col--lg-last vce-col--xl-last vce-col--md-first vce-col--lg-first vce-col--xl-first\" id=\"el-60c1bbde\"><div class=\"vce-col-inner\" data-vce-do-apply=\"border margin background  el-60c1bbde\"><div class=\"vce-col-content\" data-vce-element-content=\"true\" data-vce-do-apply=\"padding el-60c1bbde\"><div class=\"vce-row-container\"><div class=\"vce-row vce-row--col-gap-40 vce-row-content--top\" data-vce-full-width=\"true\" id=\"el-e3768bbe\" data-vce-do-apply=\"all el-e3768bbe\"><div class=\"vce-content-background-container\"><\/div><div class=\"vce-row-content\" data-vce-element-content=\"true\"><div class=\"vce-col vce-col--md-20p vce-col--xs-1 vce-col--xs-last vce-col--xs-first vce-col--sm-last vce-col--sm-first vce-col--md-first vce-col--lg-first vce-col--xl-first\" id=\"el-58fc5454\"><div class=\"vce-col-inner\" data-vce-do-apply=\"border margin background  el-58fc5454\"><div class=\"vce-col-content\" data-vce-element-content=\"true\" data-vce-do-apply=\"padding el-58fc5454\"><div class=\"vce-single-image-container vce-single-image--align-left\"><div class=\"vce vce-single-image-wrapper\" id=\"el-2f19a89b\" data-vce-do-apply=\"all el-2f19a89b\"><figure><a href=\"https:\/\/music.apple.com\/br\/album\/hino-%C3%A0-diversidade-single\/1573333107\" title=\"\" target=\"_blank\" class=\"vce-single-image-inner vce-single-image--absolute\" style=\"padding-bottom: 102.308%; width: 130px;\" rel=\"noopener\"><img decoding=\"async\" class=\"vce-single-image \"  width=\"130\" height=\"133\"  src=\"https:\/\/laurafinocchiaro.com.br\/site\/wp-content\/uploads\/2018\/03\/apple.png\"  data-img-src=\"https:\/\/laurafinocchiaro.com.br\/site\/wp-content\/uploads\/2018\/03\/apple.png\" alt=\"\" title=\"apple\" \/><noscript>\n        <img decoding=\"async\" class=\"vce-single-image\" src=\"https:\/\/laurafinocchiaro.com.br\/site\/wp-content\/uploads\/2018\/03\/apple.png\" width=\"130\" height=\"133\" alt=\"\" title=\"apple\" \/>\n      <\/noscript><\/a><figcaption hidden=\"\"><\/figcaption><\/figure><\/div><\/div><\/div><\/div><\/div><div class=\"vce-col vce-col--md-20p vce-col--xs-1 vce-col--xs-last vce-col--xs-first vce-col--sm-last vce-col--sm-first\" id=\"el-26705744\"><div class=\"vce-col-inner\" data-vce-do-apply=\"border margin background  el-26705744\"><div class=\"vce-col-content\" data-vce-element-content=\"true\" data-vce-do-apply=\"padding el-26705744\"><div class=\"vce-single-image-container vce-single-image--align-center\"><div class=\"vce vce-single-image-wrapper\" id=\"el-0fa4a9ad\" data-vce-do-apply=\"all el-0fa4a9ad\"><figure><a href=\"https:\/\/open.spotify.com\/album\/5SmVF5QyfUkaX6QbertOlV\" title=\"\" target=\"_blank\" class=\"vce-single-image-inner vce-single-image--absolute\" style=\"padding-bottom: 102.308%; width: 130px;\" rel=\"noopener\"><img decoding=\"async\" class=\"vce-single-image \"  width=\"130\" height=\"133\"  src=\"https:\/\/laurafinocchiaro.com.br\/site\/wp-content\/uploads\/2018\/03\/sporfy.png\"  data-img-src=\"https:\/\/laurafinocchiaro.com.br\/site\/wp-content\/uploads\/2018\/03\/sporfy.png\" alt=\"\" title=\"sporfy\" \/><noscript>\n        <img loading=\"lazy\" decoding=\"async\" class=\"vce-single-image\" src=\"https:\/\/laurafinocchiaro.com.br\/site\/wp-content\/uploads\/2018\/03\/sporfy.png\" width=\"130\" height=\"133\" alt=\"\" title=\"sporfy\" \/>\n      <\/noscript><\/a><figcaption hidden=\"\"><\/figcaption><\/figure><\/div><\/div><\/div><\/div><\/div><div class=\"vce-col vce-col--md-20p vce-col--xs-1 vce-col--xs-last vce-col--xs-first vce-col--sm-last vce-col--sm-first vce-col--md-last vce-col--lg-last vce-col--xl-last\" id=\"el-16a3cb48\"><div class=\"vce-col-inner\" data-vce-do-apply=\"border margin background  el-16a3cb48\"><div class=\"vce-col-content\" data-vce-element-content=\"true\" data-vce-do-apply=\"padding el-16a3cb48\"><div class=\"vce-single-image-container vce-single-image--align-left\"><div class=\"vce vce-single-image-wrapper\" id=\"el-1f862a66\" data-vce-do-apply=\"all el-1f862a66\"><figure><a href=\"https:\/\/www.deezer.com\/br\/artist\/1263532\" title=\"\" target=\"_blank\" class=\"vce-single-image-inner vce-single-image--absolute\" style=\"padding-bottom: 102.308%; width: 130px;\" rel=\"noopener\"><img loading=\"lazy\" decoding=\"async\" class=\"vce-single-image \"  width=\"130\" height=\"133\"  src=\"https:\/\/laurafinocchiaro.com.br\/site\/wp-content\/uploads\/2018\/03\/deezer.png\"  data-img-src=\"https:\/\/laurafinocchiaro.com.br\/site\/wp-content\/uploads\/2018\/03\/deezer.png\" alt=\"\" title=\"deezer\" \/><noscript>\n        <img loading=\"lazy\" decoding=\"async\" class=\"vce-single-image\" src=\"https:\/\/laurafinocchiaro.com.br\/site\/wp-content\/uploads\/2018\/03\/deezer.png\" width=\"130\" height=\"133\" alt=\"\" title=\"deezer\" \/>\n      <\/noscript><\/a><figcaption hidden=\"\"><\/figcaption><\/figure><\/div><\/div><\/div><\/div><\/div><\/div><\/div><\/div><\/div><\/div><\/div><\/div><\/div><\/div><\/div><\/div><\/div><\/div><\/div><\/div><div class=\"vce-row-container\" data-vce-boxed-width=\"true\"><div class=\"vce-row vce-row--col-gap-30 vce-row-content--top\" id=\"el-003ba51d\" data-vce-do-apply=\"all el-003ba51d\"><div class=\"vce-row-content\" data-vce-element-content=\"true\"><div class=\"vce-col vce-col--md-100p vce-col--xs-1 vce-col--xs-last vce-col--xs-first vce-col--sm-last vce-col--sm-first vce-col--md-last vce-col--lg-last vce-col--xl-last vce-col--md-first vce-col--lg-first vce-col--xl-first\" id=\"el-7d5ce7b3\"><div class=\"vce-col-inner\" data-vce-do-apply=\"border margin background  el-7d5ce7b3\"><div class=\"vce-col-content\" data-vce-element-content=\"true\" data-vce-do-apply=\"padding el-7d5ce7b3\"><\/div><\/div><\/div><\/div><\/div><\/div><div class=\"vce-row-container\" data-vce-boxed-width=\"true\"><div class=\"vce-row vce-row--col-gap-30 vce-row-equal-height vce-row-content--top vcv-state--show-resizer\" id=\"el-8a652196\" data-vce-do-apply=\"all el-8a652196\"><div class=\"vce-row-content\" data-vce-element-content=\"true\"><div class=\"vce-col vce-col--md-auto vce-col--xs-1 vce-col--xs-last vce-col--xs-first vce-col--sm-last vce-col--sm-first vce-col--md-last vce-col--lg-last vce-col--xl-last vce-col--md-first vce-col--lg-first vce-col--xl-first\" id=\"el-bb40573d\"><div class=\"vce-col-inner\" data-vce-do-apply=\"border margin background  el-bb40573d\"><div class=\"vce-col-content\" data-vce-element-content=\"true\" data-vce-do-apply=\"padding el-bb40573d\"><\/div><\/div><\/div><\/div><\/div><\/div>\n<p><\/p>","protected":false},"excerpt":{"rendered":"<p>&nbsp;Single: Hino \u00e0 diversidade (2021)LAURA FINOCCHIARO RELAN\u00c7A \u201cHINO \u00c0 DIVERSIDADE\u201d EM SUA MILIT\u00c2NCIA POR RESPEITO A TODA FORMA DE AMARVinte anos depois de a cantora e compositora Laura Finocchiaro lan\u00e7ar o \u201cHino \u00e0 diversidade\u201d na Parada Gay de SP, ao lado de Elza Soares e Edson Cordeiro, ela relan\u00e7a o [&hellip;]<\/p>\n","protected":false},"author":6,"featured_media":0,"parent":0,"menu_order":0,"comment_status":"closed","ping_status":"closed","template":"","meta":{"footnotes":""},"class_list":["post-3650","page","type-page","status-publish","hentry"],"_links":{"self":[{"href":"https:\/\/laurafinocchiaro.com.br\/site\/wp-json\/wp\/v2\/pages\/3650","targetHints":{"allow":["GET"]}}],"collection":[{"href":"https:\/\/laurafinocchiaro.com.br\/site\/wp-json\/wp\/v2\/pages"}],"about":[{"href":"https:\/\/laurafinocchiaro.com.br\/site\/wp-json\/wp\/v2\/types\/page"}],"author":[{"embeddable":true,"href":"https:\/\/laurafinocchiaro.com.br\/site\/wp-json\/wp\/v2\/users\/6"}],"replies":[{"embeddable":true,"href":"https:\/\/laurafinocchiaro.com.br\/site\/wp-json\/wp\/v2\/comments?post=3650"}],"version-history":[{"count":5,"href":"https:\/\/laurafinocchiaro.com.br\/site\/wp-json\/wp\/v2\/pages\/3650\/revisions"}],"predecessor-version":[{"id":3844,"href":"https:\/\/laurafinocchiaro.com.br\/site\/wp-json\/wp\/v2\/pages\/3650\/revisions\/3844"}],"wp:attachment":[{"href":"https:\/\/laurafinocchiaro.com.br\/site\/wp-json\/wp\/v2\/media?parent=3650"}],"curies":[{"name":"wp","href":"https:\/\/api.w.org\/{rel}","templated":true}]}}