{"id":3636,"date":"2021-07-04T19:54:55","date_gmt":"2021-07-04T19:54:55","guid":{"rendered":"http:\/\/laurafinocchiaro.com.br\/site\/?page_id=3636"},"modified":"2021-07-13T22:28:15","modified_gmt":"2021-07-13T22:28:15","slug":"minas-sonoras-2","status":"publish","type":"page","link":"https:\/\/laurafinocchiaro.com.br\/site\/minas-sonoras-2\/","title":{"rendered":"Minas Sonoras"},"content":{"rendered":"<div class=\"vce-row-container\"><div class=\"vce-row vce-row--col-gap-30 vce-row-content--top\" data-vce-full-width=\"true\" id=\"el-f25d7fc0\" data-vce-do-apply=\"all el-f25d7fc0\"><div class=\"vce-content-background-container\"><\/div><div class=\"vce-row-content\" data-vce-element-content=\"true\"><div class=\"vce-col vce-col--md-100p vce-col--xs-1 vce-col--xs-last vce-col--xs-first vce-col--sm-last vce-col--sm-first vce-col--md-last vce-col--lg-last vce-col--xl-last vce-col--md-first vce-col--lg-first vce-col--xl-first\" id=\"el-307edc8d\"><div class=\"vce-col-inner\" data-vce-do-apply=\"border margin background  el-307edc8d\"><div class=\"vce-content-background-container\"><\/div><div class=\"vce-col-content\" data-vce-element-content=\"true\" data-vce-do-apply=\"padding el-307edc8d\"><div class=\"vce vce-separator-container vce-separator--align-center vce-separator--style-solid\" id=\"el-b03ac2f0\" data-vce-do-apply=\"margin el-b03ac2f0\"><div class=\"vce-separator vce-separator--color-bfc0c1 vce-separator--width-100 vce-separator--thickness-1\" data-vce-do-apply=\"border padding background  el-b03ac2f0\"><\/div><\/div><div class=\"vce-yt-video-player vce-yt-video-player--align-center vce-yt-video-player--size-853x480\"><div class=\"vce vce-yt-video-player-wrapper\" id=\"el-3c33e066\" style=\"width: 853px;\" data-vce-do-apply=\"all el-3c33e066\"><div class=\"vce-yt-video-player-inner\"><iframe class=\"vce-yt-video-player-iframe\" src=\"https:\/\/www.youtube.com\/embed\/oVCEX2J1CmM?autoplay=0&amp;mute=0&amp;color=red&amp;controls=1&amp;loop=0&amp;rel=0&amp;start=0&amp;cc_load_policy=0&amp;iv_load_policy=3\" allowfullscreen=\"\" width=\"640\" height=\"390\"><\/iframe><\/div><\/div><\/div><div class=\"vce-text-block\"><div class=\"vce-text-block-wrapper vce\" id=\"el-35f7c531\" data-vce-do-apply=\"all el-35f7c531\"><p>\u201cMinas sonoras\u201d \u00e9 parte do \u00e1lbum de in\u00e9ditas que Laura Finocchiaro est\u00e1 produzindo em seu home studio e que ser\u00e1 lan\u00e7ado em dois volumes: um no primeiro trimestre de 2021 e outro no segundo semestre de 2021. J\u00e1 foram produzidas e lan\u00e7adas can\u00e7\u00f5es como \u201cA vagar\u201d \u2013 parceria in\u00e9dita de Laura com o poeta Jorge Salom\u00e3o, que morreu no in\u00edcio de mar\u00e7o \u2013 e \u201cAsfixia\u201d \u2013 can\u00e7\u00e3o musicada por ela com letra do jornalista e compositor cearense Fl\u00e1vio Paiva \u2013, ambas dispon\u00edveis em todas as plataformas digitais.<\/p><p><span style=\"font-size: 24pt;\">Ficha t\u00e9cnica<\/span><br>Selo: Sorte Produ\u00e7\u00f5es<br>Distribui\u00e7\u00e3o: Tratore<br>Composi\u00e7\u00e3o: Laura Finocchiaro e Ana Martins<br>Letra: Ana Martins<br>M\u00fasica: Laura Finocchiaro<br>Arranjo Musical: Laura Finocchiaro<br>Produ\u00e7\u00e3o Musical: Laura Finocchiaro<br>Berimbau, Cuica, Synths, Grooves, Baixo, Teclados, Guitarras,<br>Voz Central: Laura Finocchiaro<br>Vocal (esquerda): Ana Martins<br>Vocal (direita): Patricia Mellodi<br>Mixagem: Francisco Patricio<br>Masteriza\u00e7\u00e3o: Carlos Freitas<\/p><p><\/p><p>MINAS SONORAS<br>(Laura Finocchiaro e Ana Martins)<br><br>Tivemos que lutar<br>Que arrega\u00e7ar nossas mangas<br>Tivemos que nos unir <br>Pra n\u00e3o chorar as pitangas<br>Tivemos que espernear<br>Que mostrar os nossos dentes<br>Tivemos que nos unir<br>Para salvar muita gente.<br><br>Juntas somos mais fortes<br>Juntas ningu\u00e9m nos segura<br>Juntas somos sonoras<br>Sem perder a ternura<br><br>Louras, morenas, grisalhas<br>Nos palcos, nas pra\u00e7as, na rua<br>Juntas somos sonoras <br>Sem perder a do\u00e7ura<br>a do\u00e7ura ... a do\u00e7ura<br>a do\u00e7ura ... Minas Sonoras<br><br>Noite e dia no batente<br>Para que o mundo evolua<br>Juntas somos sonoras<br>Juntas fazemos cultura<br>Nossa luta \u00e9 di\u00e1ria<br>Nossa briga \u00e9 eterna<br>E apesar de tanto tempo<br>Ela ainda \u00e9 moderna<br>Se quiser lutar comigo<br>Chega e escuta nossa ideia<br>Venha ser Mina Sonora<br>A luta \u00e9 minha, \u00e9 sua e \u00e9 dela<br>Se quiser lutar comigo<br>Chega e escuta nossa ideia<br>Venha ser Mina Sonora<br>A luta \u00e9 minha, \u00e9 sua e \u00e9 dela<br>... \u00e9 dela... e \u00e9 minha,<br>e \u00e9 sua... e \u00e9 dela...<br>a luta... Minas Sonoras...<br>Logomarca: Evelyn Silva<br>Fotos de capa: Marian Starosta<br>Diagrama\u00e7\u00e3o visual da capa: Patricia Mellodi<\/p><\/div><\/div><\/div><\/div><\/div><\/div><\/div><\/div><div class=\"vce-row-container\"><div class=\"vce-row vce-row--col-gap-30 vce-row-equal-height vce-row-content--top\" data-vce-full-width=\"true\" id=\"el-c747eb21\" data-vce-do-apply=\"all el-c747eb21\"><div class=\"vce-content-background-container\"><\/div><div class=\"vce-row-content\" data-vce-element-content=\"true\"><div class=\"vce-col vce-col--md-auto vce-col--xs-1 vce-col--xs-last vce-col--xs-first vce-col--sm-last vce-col--sm-first vce-col--md-last vce-col--lg-last vce-col--xl-last vce-col--md-first vce-col--lg-first vce-col--xl-first\" id=\"el-b0a1c3d9\"><div class=\"vce-col-inner\" data-vce-do-apply=\"border margin background  el-b0a1c3d9\"><div class=\"vce-col-content\" data-vce-element-content=\"true\" data-vce-do-apply=\"padding el-b0a1c3d9\"><div class=\"vce-row-container\"><div class=\"vce-row vce-row--col-gap-30 vce-row-equal-height vce-row-content--top\" data-vce-full-width=\"true\" id=\"el-d465985c\" data-vce-do-apply=\"all el-d465985c\"><div class=\"vce-content-background-container\"><\/div><div class=\"vce-row-content\" data-vce-element-content=\"true\"><div class=\"vce-col vce-col--md-auto vce-col--xs-1 vce-col--xs-last vce-col--xs-first vce-col--sm-last vce-col--sm-first vce-col--md-last vce-col--lg-last vce-col--xl-last vce-col--md-first vce-col--lg-first vce-col--xl-first\" id=\"el-413b1717\"><div class=\"vce-col-inner\" data-vce-do-apply=\"border margin background  el-413b1717\"><div class=\"vce-col-content\" data-vce-element-content=\"true\" data-vce-do-apply=\"padding el-413b1717\"><div class=\"vce-row-container\"><div class=\"vce-row vce-row--col-gap-40 vce-row-content--top vcv-state--show-resizer\" data-vce-full-width=\"true\" id=\"el-b33c5fb4\" data-vce-do-apply=\"all el-b33c5fb4\"><div class=\"vce-content-background-container\"><\/div><div class=\"vce-row-content\" data-vce-element-content=\"true\"><div class=\"vce-col vce-col--md-20p vce-col--xs-1 vce-col--xs-last vce-col--xs-first vce-col--sm-last vce-col--sm-first vce-col--md-first vce-col--lg-first vce-col--xl-first\" id=\"el-16dd35ac\"><div class=\"vce-col-inner\" data-vce-do-apply=\"border margin background  el-16dd35ac\"><div class=\"vce-col-content\" data-vce-element-content=\"true\" data-vce-do-apply=\"padding el-16dd35ac\"><div class=\"vce-single-image-container vce-single-image--align-left\"><div class=\"vce vce-single-image-wrapper\" id=\"el-9bef79fa\" data-vce-do-apply=\"all el-9bef79fa\"><figure><a href=\"https:\/\/music.apple.com\/br\/album\/minas-sonoras-feat-ana-martins-patricia-mellodi-single\/1539832837\" title=\"\" target=\"_blank\" class=\"vce-single-image-inner vce-single-image--absolute\" style=\"padding-bottom: 102.308%; width: 130px;\" rel=\"noopener\"><img decoding=\"async\" class=\"vce-single-image \"  width=\"130\" height=\"133\"  src=\"https:\/\/laurafinocchiaro.com.br\/site\/wp-content\/uploads\/2018\/03\/apple.png\"  data-img-src=\"https:\/\/laurafinocchiaro.com.br\/site\/wp-content\/uploads\/2018\/03\/apple.png\" alt=\"\" title=\"apple\" \/><noscript>\n        <img decoding=\"async\" class=\"vce-single-image\" src=\"https:\/\/laurafinocchiaro.com.br\/site\/wp-content\/uploads\/2018\/03\/apple.png\" width=\"130\" height=\"133\" alt=\"\" title=\"apple\" \/>\n      <\/noscript><\/a><figcaption hidden=\"\"><\/figcaption><\/figure><\/div><\/div><\/div><\/div><\/div><div class=\"vce-col vce-col--md-20p vce-col--xs-1 vce-col--xs-last vce-col--xs-first vce-col--sm-last vce-col--sm-first\" id=\"el-a1c1b0c0\"><div class=\"vce-col-inner\" data-vce-do-apply=\"border margin background  el-a1c1b0c0\"><div class=\"vce-col-content\" data-vce-element-content=\"true\" data-vce-do-apply=\"padding el-a1c1b0c0\"><div class=\"vce-single-image-container vce-single-image--align-center\"><div class=\"vce vce-single-image-wrapper\" id=\"el-078aea45\" data-vce-do-apply=\"all el-078aea45\"><figure><a href=\"https:\/\/open.spotify.com\/album\/5v8MDeK8kxP9tCUcsDw82y\" title=\"\" target=\"_blank\" class=\"vce-single-image-inner vce-single-image--absolute\" style=\"padding-bottom: 102.308%; width: 130px;\" rel=\"noopener\"><img decoding=\"async\" class=\"vce-single-image \"  width=\"130\" height=\"133\"  src=\"https:\/\/laurafinocchiaro.com.br\/site\/wp-content\/uploads\/2018\/03\/sporfy.png\"  data-img-src=\"https:\/\/laurafinocchiaro.com.br\/site\/wp-content\/uploads\/2018\/03\/sporfy.png\" alt=\"\" title=\"sporfy\" \/><noscript>\n        <img loading=\"lazy\" decoding=\"async\" class=\"vce-single-image\" src=\"https:\/\/laurafinocchiaro.com.br\/site\/wp-content\/uploads\/2018\/03\/sporfy.png\" width=\"130\" height=\"133\" alt=\"\" title=\"sporfy\" \/>\n      <\/noscript><\/a><figcaption hidden=\"\"><\/figcaption><\/figure><\/div><\/div><\/div><\/div><\/div><div class=\"vce-col vce-col--md-20p vce-col--xs-1 vce-col--xs-last vce-col--xs-first vce-col--sm-last vce-col--sm-first vce-col--md-last vce-col--lg-last vce-col--xl-last\" id=\"el-071eb14a\"><div class=\"vce-col-inner\" data-vce-do-apply=\"border margin background  el-071eb14a\"><div class=\"vce-col-content\" data-vce-element-content=\"true\" data-vce-do-apply=\"padding el-071eb14a\"><div class=\"vce-single-image-container vce-single-image--align-left\"><div class=\"vce vce-single-image-wrapper\" id=\"el-93111763\" data-vce-do-apply=\"all el-93111763\"><figure><a href=\"https:\/\/www.deezer.com\/br\/album\/185847262\" title=\"\" target=\"_blank\" class=\"vce-single-image-inner vce-single-image--absolute\" style=\"padding-bottom: 102.308%; width: 130px;\" rel=\"noopener\"><img loading=\"lazy\" decoding=\"async\" class=\"vce-single-image \"  width=\"130\" height=\"133\"  src=\"https:\/\/laurafinocchiaro.com.br\/site\/wp-content\/uploads\/2018\/03\/deezer.png\"  data-img-src=\"https:\/\/laurafinocchiaro.com.br\/site\/wp-content\/uploads\/2018\/03\/deezer.png\" alt=\"\" title=\"deezer\" \/><noscript>\n        <img loading=\"lazy\" decoding=\"async\" class=\"vce-single-image\" src=\"https:\/\/laurafinocchiaro.com.br\/site\/wp-content\/uploads\/2018\/03\/deezer.png\" width=\"130\" height=\"133\" alt=\"\" title=\"deezer\" \/>\n      <\/noscript><\/a><figcaption hidden=\"\"><\/figcaption><\/figure><\/div><\/div><\/div><\/div><\/div><\/div><\/div><\/div><\/div><\/div><\/div><\/div><\/div><\/div><\/div><\/div><\/div><\/div><\/div><\/div>\n<p><\/p>","protected":false},"excerpt":{"rendered":"<p>\u201cMinas sonoras\u201d \u00e9 parte do \u00e1lbum de in\u00e9ditas que Laura Finocchiaro est\u00e1 produzindo em seu home studio e que ser\u00e1 lan\u00e7ado em dois volumes: um no primeiro trimestre de 2021 e outro no segundo semestre de 2021. J\u00e1 foram produzidas e lan\u00e7adas can\u00e7\u00f5es como \u201cA vagar\u201d \u2013 parceria in\u00e9dita de [&hellip;]<\/p>\n","protected":false},"author":6,"featured_media":0,"parent":0,"menu_order":0,"comment_status":"closed","ping_status":"closed","template":"","meta":{"footnotes":""},"class_list":["post-3636","page","type-page","status-publish","hentry"],"_links":{"self":[{"href":"https:\/\/laurafinocchiaro.com.br\/site\/wp-json\/wp\/v2\/pages\/3636","targetHints":{"allow":["GET"]}}],"collection":[{"href":"https:\/\/laurafinocchiaro.com.br\/site\/wp-json\/wp\/v2\/pages"}],"about":[{"href":"https:\/\/laurafinocchiaro.com.br\/site\/wp-json\/wp\/v2\/types\/page"}],"author":[{"embeddable":true,"href":"https:\/\/laurafinocchiaro.com.br\/site\/wp-json\/wp\/v2\/users\/6"}],"replies":[{"embeddable":true,"href":"https:\/\/laurafinocchiaro.com.br\/site\/wp-json\/wp\/v2\/comments?post=3636"}],"version-history":[{"count":6,"href":"https:\/\/laurafinocchiaro.com.br\/site\/wp-json\/wp\/v2\/pages\/3636\/revisions"}],"predecessor-version":[{"id":3847,"href":"https:\/\/laurafinocchiaro.com.br\/site\/wp-json\/wp\/v2\/pages\/3636\/revisions\/3847"}],"wp:attachment":[{"href":"https:\/\/laurafinocchiaro.com.br\/site\/wp-json\/wp\/v2\/media?parent=3636"}],"curies":[{"name":"wp","href":"https:\/\/api.w.org\/{rel}","templated":true}]}}