{"id":3628,"date":"2021-07-04T19:28:25","date_gmt":"2021-07-04T19:28:25","guid":{"rendered":"http:\/\/laurafinocchiaro.com.br\/site\/?page_id=3628"},"modified":"2023-10-19T13:58:33","modified_gmt":"2023-10-19T13:58:33","slug":"princesinha-devorada","status":"publish","type":"page","link":"https:\/\/laurafinocchiaro.com.br\/site\/princesinha-devorada\/","title":{"rendered":"Princesinha devorada"},"content":{"rendered":"<div class=\"vce-row-container\"><div class=\"vce-row vce-row--col-gap-30 vce-row-content--top\" data-vce-full-width=\"true\" id=\"el-f25d7fc0\" data-vce-do-apply=\"all el-f25d7fc0\"><div class=\"vce-content-background-container\"><\/div><div class=\"vce-row-content\" data-vce-element-content=\"true\"><div class=\"vce-col vce-col--md-100p vce-col--xs-1 vce-col--xs-last vce-col--xs-first vce-col--sm-last vce-col--sm-first vce-col--md-last vce-col--lg-last vce-col--xl-last vce-col--md-first vce-col--lg-first vce-col--xl-first\" id=\"el-307edc8d\"><div class=\"vce-col-inner\" data-vce-do-apply=\"border margin background  el-307edc8d\"><div class=\"vce-col-content\" data-vce-element-content=\"true\" data-vce-do-apply=\"padding el-307edc8d\"><div class=\"vce vce-separator-container vce-separator--align-center vce-separator--style-solid\" id=\"el-b03ac2f0\" data-vce-do-apply=\"margin el-b03ac2f0\"><div class=\"vce-separator vce-separator--color-bfc0c1 vce-separator--width-100 vce-separator--thickness-1\" data-vce-do-apply=\"border padding background  el-b03ac2f0\"><\/div><\/div><div class=\"vce-yt-video-player vce-yt-video-player--align-center vce-yt-video-player--size-853x480\"><div class=\"vce vce-yt-video-player-wrapper\" id=\"el-3c33e066\" data-vce-do-apply=\"all el-3c33e066\" style=\"width: 853px;\"><div class=\"vce-yt-video-player-inner\"><iframe class=\"vce-yt-video-player-iframe\" src=\"https:\/\/www.youtube.com\/embed\/nq8kEkVbiTo?autoplay=0&amp;mute=0&amp;color=red&amp;controls=1&amp;loop=0&amp;rel=0&amp;start=0&amp;cc_load_policy=0&amp;iv_load_policy=3&amp;enablejsapi=1\" width=\"640\" height=\"390\" allowfullscreen=\"\" title=\"YouTube video\"><\/iframe><\/div><\/div><\/div><div class=\"vce-text-block\"><div class=\"vce-text-block-wrapper vce\" id=\"el-35f7c531\" data-vce-do-apply=\"all el-35f7c531\"><p>Produzido e lan\u00e7ado pelo selo Sorte Produ\u00e7\u00f5es, com distribui\u00e7\u00e3o para as plataformas digitais pela Tratore, o EP <em>Princesinha Devorada <\/em>\u2013<em>&nbsp;Single + Tracks for DJ Mix<\/em>&nbsp;\u00e9 o 10\u00ba disco da cantora, compositora, guitarrista, produtora e arte-educadora Laura Finocchiaro.<\/p><p>A m\u00fasica <em>Princesinha Devorada,<\/em> composta pela artista, tem letra de Jos\u00e9 Caminha e Artur Rodrigues&nbsp;e foi gravada originalmente ao vivo no \u00e1lbum <em>ON-OFF<\/em> (2018). Agora retorna em ritmo de \u201cbossa-tamborz\u00e3o\u201d, em um EP&nbsp;voltado principalmente para DJs e interessados em produzir ou remixar can\u00e7\u00f5es. Com sete&nbsp;faixas, o EP virtual disponibiliza o single mixado com a voz de Laura e as demais faixas abertas, que comp\u00f5em a linha do arranjo dessa vers\u00e3o funk-bossa da can\u00e7\u00e3o.<\/p><p>Princesinha Devorada<\/p><p>Compositores: Laura Finocchiaro e Jos\u00e9 Caminha<\/p><p><span style=\"font-size: 12pt;\"><em>Essa \u00e9 pra voc\u00ea Rio de Janeiro<\/em><\/span><\/p><p><span style=\"font-size: 12pt;\"><em>N\u00e3o h\u00e1 tristezas em mim, nem saudade sem fim<\/em><\/span><br><span style=\"font-size: 12pt;\"><em>Que n\u00e3o caibam numa l\u00e1grima<\/em><\/span><br><span style=\"font-size: 12pt;\"><em>Choro o cinema sem fim<\/em><\/span><br><span style=\"font-size: 12pt;\"><em>Shopping ilha \u2026..?<\/em><\/span><br><span style=\"font-size: 12pt;\"><em>Pego a balsa esque\u00e7o a m\u00e1goa<\/em><\/span><br><span style=\"font-size: 12pt;\"><em>Gl\u00f3ria meu time ganhou<\/em><\/span><br><span style=\"font-size: 12pt;\"><em>Marac\u00e1 lindo show<\/em><\/span><br><span style=\"font-size: 12pt;\"><em>Paci\u00eancia zumbi F\u00e1tima<\/em><\/span><br><span style=\"font-size: 12pt;\"><em>E o Rio foi pra<\/em><\/span><br><span style=\"font-size: 12pt;\"><em>Nossa Senhora nasceu um futuro me deu<\/em><\/span><br><span style=\"font-size: 12pt;\"><em>Qual presente \u00f3 futuro \u00f3 Guanabara<\/em><\/span><\/p><p><span style=\"font-size: 12pt;\"><em>E a Luiza perdeu sua voz<\/em><\/span><br><span style=\"font-size: 12pt;\"><em>E choveu \u2026..<\/em><\/span><br><span style=\"font-size: 12pt;\"><em>Na avenida tamb\u00e9m<\/em><\/span><br><span style=\"font-size: 12pt;\"><em>Segue o povo na batalha<\/em><\/span><br><span style=\"font-size: 12pt;\"><em>Olha isso Cristo Redentor<\/em><\/span><br><span style=\"font-size: 12pt;\"><em>E o metr\u00f4 e o trem<\/em><\/span><br><span style=\"font-size: 12pt;\"><em>N\u00e3o est\u00e3o nada bem<\/em><\/span><br><span style=\"font-size: 12pt;\"><em>Feriado esquece a praia<\/em><\/span><\/p><p><span style=\"font-size: 12pt;\"><em>Vejo a cidade do Rio<\/em><\/span><br><span style=\"font-size: 12pt;\"><em>Brilho luzes, vazio<\/em><\/span><br><span style=\"font-size: 12pt;\"><em>Princesinha devorada<\/em><\/span><br><span style=\"font-size: 12pt;\"><em>Nada tem os encantos<\/em><\/span><br><span style=\"font-size: 12pt;\"><em>De Copacabana<\/em><\/span><br><span style=\"font-size: 12pt;\"><em>Diz \u2026 as estrelas se v\u00e3o<\/em><\/span><br><span style=\"font-size: 12pt;\"><em>Ai Nossa Senhora das pl\u00e1sticas<\/em><\/span><br><span style=\"font-size: 12pt;\"><em>E a Beatriz, maravilhadas<\/em><\/span><br><span style=\"font-size: 12pt;\"><em>Perdeu o barquinho e o avi\u00e3o<\/em><\/span><br><span style=\"font-size: 12pt;\"><em>Foi enquadrada no 107<\/em><\/span><\/p><p><span style=\"font-size: 12pt;\"><em>Abaixa o riso Alem\u00e3o<\/em><\/span><br><span style=\"font-size: 12pt;\"><em>E a garota desempregada<\/em><\/span><br><span style=\"font-size: 12pt;\"><em>Desafinou, errou o tom<\/em><\/span><br><span style=\"font-size: 12pt;\"><em>Quis ser atriz, virou chacrete<\/em><\/span><br><span style=\"font-size: 12pt;\"><em>Pega carona em cambur\u00e3o<\/em><\/span><\/p><\/div><\/div><div class=\"vce-text-block\"><div class=\"vce-text-block-wrapper vce\" id=\"el-acd7b69f\" data-vce-do-apply=\"all el-acd7b69f\"><h2>V\u00eddeo do single<\/h2><\/div><\/div><div class=\"vce-yt-video-player vce-yt-video-player--align-left vce-yt-video-player--size-853x480\"><div class=\"vce vce-yt-video-player-wrapper\" id=\"el-0e13e73e\" data-vce-do-apply=\"all el-0e13e73e\" style=\"width: 853px;\"><div class=\"vce-yt-video-player-inner\"><iframe class=\"vce-yt-video-player-iframe\" src=\"https:\/\/www.youtube.com\/embed\/5hVQoiLOXOY?autoplay=0&amp;mute=0&amp;color=red&amp;controls=1&amp;loop=0&amp;rel=0&amp;start=0&amp;cc_load_policy=0&amp;iv_load_policy=3&amp;enablejsapi=1\" width=\"640\" height=\"390\" allowfullscreen=\"\" title=\"YouTube video\"><\/iframe><\/div><\/div><\/div><div class=\"vce-yt-video-player vce-yt-video-player--align-left vce-yt-video-player--size-853x480\"><div class=\"vce vce-yt-video-player-wrapper\" id=\"el-c109ee19\" data-vce-do-apply=\"all el-c109ee19\" style=\"width: 853px;\"><div class=\"vce-yt-video-player-inner\"><iframe class=\"vce-yt-video-player-iframe\" src=\"https:\/\/www.youtube.com\/embed\/ENsUf_SavQ0?autoplay=0&amp;mute=0&amp;color=red&amp;controls=1&amp;loop=0&amp;rel=0&amp;start=0&amp;cc_load_policy=0&amp;iv_load_policy=3&amp;enablejsapi=1\" width=\"640\" height=\"390\" allowfullscreen=\"\" title=\"YouTube video\"><\/iframe><\/div><\/div><\/div><\/div><\/div><\/div><\/div><\/div><\/div><div class=\"vce-row-container\" data-vce-boxed-width=\"true\"><div class=\"vce-row vce-row--col-gap-30 vce-row-content--top\" id=\"el-003ba51d\" data-vce-do-apply=\"all el-003ba51d\"><div class=\"vce-row-content\" data-vce-element-content=\"true\"><div class=\"vce-col vce-col--md-100p vce-col--xs-1 vce-col--xs-last vce-col--xs-first vce-col--sm-last vce-col--sm-first vce-col--md-last vce-col--lg-last vce-col--xl-last vce-col--md-first vce-col--lg-first vce-col--xl-first\" id=\"el-7d5ce7b3\"><div class=\"vce-col-inner\" data-vce-do-apply=\"border margin background  el-7d5ce7b3\"><div class=\"vce-col-content\" data-vce-element-content=\"true\" data-vce-do-apply=\"padding el-7d5ce7b3\"><div class=\"vce-text-block\"><div class=\"vce-text-block-wrapper vce\" id=\"el-60af15fc\" data-vce-do-apply=\"all el-60af15fc\"><strong>Ou\u00e7a tamb\u00e9m em:<\/strong><\/div><\/div><\/div><\/div><\/div><\/div><\/div><\/div><div class=\"vce-row-container\"><div class=\"vce-row vce-row--col-gap-40 vce-row-content--top\" data-vce-full-width=\"true\" id=\"el-4fe71716\" data-vce-do-apply=\"all el-4fe71716\"><div class=\"vce-content-background-container\"><\/div><div class=\"vce-row-content\" data-vce-element-content=\"true\"><div class=\"vce-col vce-col--md-20p vce-col--xs-1 vce-col--xs-last vce-col--xs-first vce-col--sm-last vce-col--sm-first vce-col--md-first vce-col--lg-first vce-col--xl-first\" id=\"el-3f426464\"><div class=\"vce-col-inner\" data-vce-do-apply=\"border margin background  el-3f426464\"><div class=\"vce-col-content\" data-vce-element-content=\"true\" data-vce-do-apply=\"padding el-3f426464\"><div class=\"vce-single-image-container vce-single-image--align-left\"><div class=\"vce vce-single-image-wrapper\" id=\"el-706f0a47\" data-vce-do-apply=\"all el-706f0a47\"><figure><div class=\"vce-single-image-figure-inner\" style=\"width: 130px;\"><a href=\"https:\/\/apple.co\/2Jku7kz\" title=\"\" target=\"_blank\" class=\"vce-single-image-inner vce-single-image--absolute\" style=\"width: 100%; padding-bottom: 102.308%;\" rel=\"noopener\"><img decoding=\"async\" class=\"vce-single-image\"  width=\"130\" height=\"133\" srcset=\"https:\/\/laurafinocchiaro.com.br\/site\/wp-content\/uploads\/2023\/10\/apple-130x133.png 130w\" src=\"https:\/\/laurafinocchiaro.com.br\/site\/wp-content\/uploads\/2023\/10\/apple-130x133.png\" data-img-src=\"https:\/\/laurafinocchiaro.com.br\/site\/wp-content\/uploads\/2018\/03\/apple.png\" data-attachment-id=\"2362\"  alt=\"\" title=\"apple\" \/><\/a><\/div><figcaption hidden=\"\"><\/figcaption><\/figure><\/div><\/div><\/div><\/div><\/div><div class=\"vce-col vce-col--md-20p vce-col--xs-1 vce-col--xs-last vce-col--xs-first vce-col--sm-last vce-col--sm-first\" id=\"el-e2abc324\"><div class=\"vce-col-inner\" data-vce-do-apply=\"border margin background  el-e2abc324\"><div class=\"vce-col-content\" data-vce-element-content=\"true\" data-vce-do-apply=\"padding el-e2abc324\"><div class=\"vce-single-image-container vce-single-image--align-center\"><div class=\"vce vce-single-image-wrapper\" id=\"el-a0425cee\" data-vce-do-apply=\"all el-a0425cee\"><figure><div class=\"vce-single-image-figure-inner\" style=\"width: 130px;\"><a href=\"https:\/\/spoti.fi\/2JaPQYJ\" title=\"\" target=\"_blank\" class=\"vce-single-image-inner vce-single-image--absolute\" style=\"width: 100%; padding-bottom: 102.308%;\" rel=\"noopener\"><img decoding=\"async\" class=\"vce-single-image\"  width=\"130\" height=\"133\" srcset=\"https:\/\/laurafinocchiaro.com.br\/site\/wp-content\/uploads\/2023\/10\/sporfy-130x133.png 130w\" src=\"https:\/\/laurafinocchiaro.com.br\/site\/wp-content\/uploads\/2023\/10\/sporfy-130x133.png\" data-img-src=\"https:\/\/laurafinocchiaro.com.br\/site\/wp-content\/uploads\/2018\/03\/sporfy.png\" data-attachment-id=\"2365\"  alt=\"\" title=\"sporfy\" \/><\/a><\/div><figcaption hidden=\"\"><\/figcaption><\/figure><\/div><\/div><\/div><\/div><\/div><div class=\"vce-col vce-col--md-20p vce-col--xs-1 vce-col--xs-last vce-col--xs-first vce-col--sm-last vce-col--sm-first vce-col--md-last vce-col--lg-last vce-col--xl-last\" id=\"el-77efb7a0\"><div class=\"vce-col-inner\" data-vce-do-apply=\"border margin background  el-77efb7a0\"><div class=\"vce-col-content\" data-vce-element-content=\"true\" data-vce-do-apply=\"padding el-77efb7a0\"><div class=\"vce-single-image-container vce-single-image--align-left\"><div class=\"vce vce-single-image-wrapper\" id=\"el-da3883e2\" data-vce-do-apply=\"all el-da3883e2\"><figure><div class=\"vce-single-image-figure-inner\" style=\"width: 130px;\"><a href=\"https:\/\/bit.ly\/2JaRKZs\" title=\"\" target=\"_blank\" class=\"vce-single-image-inner vce-single-image--absolute\" style=\"width: 100%; padding-bottom: 102.308%;\" rel=\"noopener\"><img decoding=\"async\" class=\"vce-single-image\"  width=\"130\" height=\"133\" srcset=\"https:\/\/laurafinocchiaro.com.br\/site\/wp-content\/uploads\/2023\/10\/deezer-130x133.png 130w\" src=\"https:\/\/laurafinocchiaro.com.br\/site\/wp-content\/uploads\/2023\/10\/deezer-130x133.png\" data-img-src=\"https:\/\/laurafinocchiaro.com.br\/site\/wp-content\/uploads\/2018\/03\/deezer.png\" data-attachment-id=\"2363\"  alt=\"\" title=\"deezer\" \/><\/a><\/div><figcaption hidden=\"\"><\/figcaption><\/figure><\/div><\/div><\/div><\/div><\/div><\/div><\/div><\/div>\n<p><\/p>","protected":false},"excerpt":{"rendered":"<p>Produzido e lan\u00e7ado pelo selo Sorte Produ\u00e7\u00f5es, com distribui\u00e7\u00e3o para as plataformas digitais pela Tratore, o EP Princesinha Devorada \u2013&nbsp;Single + Tracks for DJ Mix&nbsp;\u00e9 o 10\u00ba disco da cantora, compositora, guitarrista, produtora e arte-educadora Laura Finocchiaro.A m\u00fasica Princesinha Devorada, composta pela artista, tem letra de Jos\u00e9 Caminha e Artur [&hellip;]<\/p>\n","protected":false},"author":6,"featured_media":0,"parent":0,"menu_order":0,"comment_status":"closed","ping_status":"closed","template":"","meta":{"footnotes":""},"class_list":["post-3628","page","type-page","status-publish","hentry"],"_links":{"self":[{"href":"https:\/\/laurafinocchiaro.com.br\/site\/wp-json\/wp\/v2\/pages\/3628","targetHints":{"allow":["GET"]}}],"collection":[{"href":"https:\/\/laurafinocchiaro.com.br\/site\/wp-json\/wp\/v2\/pages"}],"about":[{"href":"https:\/\/laurafinocchiaro.com.br\/site\/wp-json\/wp\/v2\/types\/page"}],"author":[{"embeddable":true,"href":"https:\/\/laurafinocchiaro.com.br\/site\/wp-json\/wp\/v2\/users\/6"}],"replies":[{"embeddable":true,"href":"https:\/\/laurafinocchiaro.com.br\/site\/wp-json\/wp\/v2\/comments?post=3628"}],"version-history":[{"count":13,"href":"https:\/\/laurafinocchiaro.com.br\/site\/wp-json\/wp\/v2\/pages\/3628\/revisions"}],"predecessor-version":[{"id":5090,"href":"https:\/\/laurafinocchiaro.com.br\/site\/wp-json\/wp\/v2\/pages\/3628\/revisions\/5090"}],"wp:attachment":[{"href":"https:\/\/laurafinocchiaro.com.br\/site\/wp-json\/wp\/v2\/media?parent=3628"}],"curies":[{"name":"wp","href":"https:\/\/api.w.org\/{rel}","templated":true}]}}