{"id":3620,"date":"2021-07-04T18:55:39","date_gmt":"2021-07-04T18:55:39","guid":{"rendered":"http:\/\/laurafinocchiaro.com.br\/site\/?page_id=3620"},"modified":"2021-07-13T22:09:10","modified_gmt":"2021-07-13T22:09:10","slug":"asfixia","status":"publish","type":"page","link":"https:\/\/laurafinocchiaro.com.br\/site\/asfixia\/","title":{"rendered":"Asfixia"},"content":{"rendered":"<div class=\"vce-row-container\"><div class=\"vce-row vce-row--col-gap-30 vce-row-content--top\" data-vce-full-width=\"true\" id=\"el-5e0b5acd\" data-vce-do-apply=\"all el-5e0b5acd\"><div class=\"vce-content-background-container\"><\/div><div class=\"vce-row-content\" data-vce-element-content=\"true\"><div class=\"vce-col vce-col--md-100p vce-col--xs-1 vce-col--xs-last vce-col--xs-first vce-col--sm-last vce-col--sm-first vce-col--md-last vce-col--lg-last vce-col--xl-last vce-col--md-first vce-col--lg-first vce-col--xl-first\" id=\"el-38562e7e\"><div class=\"vce-col-inner\" data-vce-do-apply=\"border margin background  el-38562e7e\"><div class=\"vce-content-background-container\"><\/div><div class=\"vce-col-content\" data-vce-element-content=\"true\" data-vce-do-apply=\"padding el-38562e7e\"><div class=\"vce-yt-video-player vce-yt-video-player--align-center vce-yt-video-player--size-853x480\"><div class=\"vce vce-yt-video-player-wrapper\" id=\"el-b2b17d44\" style=\"width: 853px;\" data-vce-do-apply=\"all el-b2b17d44\"><div class=\"vce-yt-video-player-inner\"><iframe class=\"vce-yt-video-player-iframe\" src=\"https:\/\/www.youtube.com\/embed\/q1jWSDJINRY?autoplay=0&amp;mute=0&amp;color=red&amp;controls=1&amp;loop=0&amp;rel=0&amp;start=0&amp;cc_load_policy=0&amp;iv_load_policy=3\" allowfullscreen=\"\" width=\"640\" height=\"390\"><\/iframe><\/div><\/div><\/div><div class=\"vce-text-block\"><div class=\"vce-text-block-wrapper vce\" id=\"el-cf23561f\" data-vce-do-apply=\"all el-cf23561f\"><p><strong>&nbsp;<\/strong><\/p><p><span style=\"font-size: 24pt;\"><strong>Single: ASFIXIA<\/strong><\/span><\/p><p><strong>Dura<\/strong><strong>\u00e7\u00e3<\/strong><strong>o: 4:15<\/strong><\/p><p><strong>Selo: Sorte Produ\u00e7\u00f5<\/strong><strong>es<\/strong><\/p><p><strong>Lan<\/strong><strong>\u00e7<\/strong><strong>amento Maio 2021<\/strong><\/p><p><strong>&nbsp;<\/strong><\/p><p><span style=\"font-size: 24pt;\"><strong>Ficha T<\/strong><strong>\u00e9<\/strong><strong>cnica:<\/strong><\/span><\/p><p><strong>Laura Finocchiaro (Arranjo, produ<\/strong><strong>\u00e7\u00e3o musical, Voz, Vocal, Guitarra, Execu\u00e7\u00e3o e programa\u00e7\u00e3o: Baixo, Synths, Bateria e loops eletr<\/strong><strong>\u00f4<\/strong><strong>nicos<\/strong><\/p><p><strong>Mixagem: Francisco Patricio <\/strong><\/p><p><strong>Masteriza\u00e7\u00e3o: Carlos Freitas <\/strong><\/p><p><strong>&nbsp;<\/strong><\/p><p><strong>Asfixia<\/strong><\/p><p><strong>(Laura Finocchiaro \/ Fl<\/strong><strong>\u00e1<\/strong><strong>vio Paiva)<\/strong><\/p><p><strong>&nbsp;<\/strong><\/p><p><strong>O ar acabou pra mim em Wuham<\/strong><\/p><p><strong>Acabou em Nova Iorque<\/strong><\/p><p><strong>J\u00e1 n<\/strong><strong>\u00e3o respiro nas ruas de S\u00e3o Paulo<\/strong><\/p><p><strong>Falta ar no cruzamento das fronteiras<\/strong><\/p><p><strong>Desse tempo calculado em adeus<\/strong><\/p><p><strong>&nbsp;<\/strong><\/p><p><strong>Sei que voc\u00ea me chama de algum lugar<\/strong><\/p><p><strong>Mas n\u00e3<\/strong><strong>o consigo entender nada<\/strong><\/p><p><strong>Em casa, com medo de sonhar<\/strong><\/p><p><strong>Lembro do dia em que provei<\/strong><\/p><p><strong>A dor do seu sil<\/strong><strong>\u00ea<\/strong><strong>ncio final<\/strong><\/p><p><strong>&nbsp;<\/strong><\/p><p><strong>Falta tu, falta eu<\/strong><\/p><p><strong>Quem somos n<\/strong><strong>\u00f3<\/strong><strong>s<\/strong><\/p><p><strong>Nessa solid<\/strong><strong>\u00e3<\/strong><strong>o<\/strong><\/p><p><strong>&nbsp;<\/strong><\/p><p><strong>Falta eu, falta tu<\/strong><\/p><p><strong>Quem somos n<\/strong><strong>\u00f3<\/strong><strong>s<\/strong><\/p><p><strong>Nessa escurid\u00e3<\/strong><strong>o<\/strong><\/p><p><strong>&nbsp;<\/strong><\/p><p><strong>E morto, de olhos arregalados<\/strong><\/p><p><strong>N<\/strong><strong>\u00e3<\/strong><strong>o vejo nada, n<\/strong><strong>\u00e3o saio de mim<\/strong><\/p><p><strong>Mas recuso a rejei\u00e7\u00e3<\/strong><strong>o<\/strong><\/p><p><strong>Da m<\/strong><strong>\u00e1<\/strong><strong>scara apertada<\/strong><\/p><p><strong>Que estilha\u00e7a o seu nariz<\/strong><\/p><p><strong>&nbsp;<\/strong><\/p><p><strong>N<\/strong><strong>\u00e3o desapareci nas sombras<\/strong><\/p><p><strong>Da arte, do amor, de tudo que cura<\/strong><\/p><p><strong>Sei que ainda posso escapar<\/strong><\/p><p><strong>Do meu generoso ego<\/strong><strong>\u00ed<\/strong><strong>smo<\/strong><\/p><p><strong>E me reconhecer na sua respira\u00e7\u00e3<\/strong><strong>o<\/strong><\/p><p><strong>Laura Finocchiaro na M<\/strong><strong>\u00eddia (lan<\/strong><strong>\u00e7<\/strong><strong>amento singles <\/strong><strong>\u201c<\/strong><strong>A Vagar<\/strong><strong>\u201d + \u201c<\/strong><strong>Asfixia<\/strong><strong>\u201d \/ 2020):<\/strong><\/p><h3><\/h3><\/div><\/div><\/div><\/div><\/div><\/div><\/div><\/div><div class=\"vce-row-container\" data-vce-boxed-width=\"true\"><div class=\"vce-row vce-row--col-gap-30 vce-row-content--top\" id=\"el-f25d7fc0\" data-vce-do-apply=\"all el-f25d7fc0\"><div class=\"vce-row-content\" data-vce-element-content=\"true\"><div class=\"vce-col vce-col--md-100p vce-col--xs-1 vce-col--xs-last vce-col--xs-first vce-col--sm-last vce-col--sm-first vce-col--md-last vce-col--lg-last vce-col--xl-last vce-col--md-first vce-col--lg-first vce-col--xl-first\" id=\"el-307edc8d\"><div class=\"vce-col-inner\" data-vce-do-apply=\"border margin background  el-307edc8d\"><div class=\"vce-col-content\" data-vce-element-content=\"true\" data-vce-do-apply=\"padding el-307edc8d\"><div class=\"vce vce-separator-container vce-separator--align-center vce-separator--style-solid\" id=\"el-b03ac2f0\" data-vce-do-apply=\"margin el-b03ac2f0\"><div class=\"vce-separator vce-separator--color-bfc0c1 vce-separator--width-100 vce-separator--thickness-1\" data-vce-do-apply=\"border padding background  el-b03ac2f0\"><\/div><\/div><\/div><\/div><\/div><\/div><\/div><\/div><div class=\"vce-row-container\" data-vce-boxed-width=\"true\"><div class=\"vce-row vce-row--col-gap-30 vce-row-content--top\" id=\"el-003ba51d\" data-vce-do-apply=\"all el-003ba51d\"><div class=\"vce-row-content\" data-vce-element-content=\"true\"><div class=\"vce-col vce-col--md-100p vce-col--xs-1 vce-col--xs-last vce-col--xs-first vce-col--sm-last vce-col--sm-first vce-col--md-last vce-col--lg-last vce-col--xl-last vce-col--md-first vce-col--lg-first vce-col--xl-first\" id=\"el-7d5ce7b3\"><div class=\"vce-col-inner\" data-vce-do-apply=\"border margin background  el-7d5ce7b3\"><div class=\"vce-col-content\" data-vce-element-content=\"true\" data-vce-do-apply=\"padding el-7d5ce7b3\"><div class=\"vce-text-block\"><div class=\"vce-text-block-wrapper vce\" id=\"el-60af15fc\" data-vce-do-apply=\"all el-60af15fc\"><strong>Ou\u00e7a tamb\u00e9m em:<\/strong><\/div><\/div><\/div><\/div><\/div><\/div><\/div><\/div><div class=\"vce-row-container\"><div class=\"vce-row vce-row--col-gap-30 vce-row-equal-height vce-row-content--top\" data-vce-full-width=\"true\" id=\"el-f78aa36d\" data-vce-do-apply=\"all el-f78aa36d\"><div class=\"vce-content-background-container\"><\/div><div class=\"vce-row-content\" data-vce-element-content=\"true\"><div class=\"vce-col vce-col--md-auto vce-col--xs-1 vce-col--xs-last vce-col--xs-first vce-col--sm-last vce-col--sm-first vce-col--md-last vce-col--lg-last vce-col--xl-last vce-col--md-first vce-col--lg-first vce-col--xl-first\" id=\"el-35091094\"><div class=\"vce-col-inner\" data-vce-do-apply=\"border margin background  el-35091094\"><div class=\"vce-col-content\" data-vce-element-content=\"true\" data-vce-do-apply=\"padding el-35091094\"><div class=\"vce-row-container\"><div class=\"vce-row vce-row--col-gap-30 vce-row-equal-height vce-row-content--top\" data-vce-full-width=\"true\" id=\"el-5a79cf26\" data-vce-do-apply=\"all el-5a79cf26\"><div class=\"vce-content-background-container\"><\/div><div class=\"vce-row-content\" data-vce-element-content=\"true\"><div class=\"vce-col vce-col--md-auto vce-col--xs-1 vce-col--xs-last vce-col--xs-first vce-col--sm-last vce-col--sm-first vce-col--md-last vce-col--lg-last vce-col--xl-last vce-col--md-first vce-col--lg-first vce-col--xl-first\" id=\"el-d61c76ac\"><div class=\"vce-col-inner\" data-vce-do-apply=\"border margin background  el-d61c76ac\"><div class=\"vce-col-content\" data-vce-element-content=\"true\" data-vce-do-apply=\"padding el-d61c76ac\"><div class=\"vce-row-container\"><div class=\"vce-row vce-row--col-gap-40 vce-row-content--top vcv-state--show-resizer\" data-vce-full-width=\"true\" id=\"el-00ee0b70\" data-vce-do-apply=\"all el-00ee0b70\"><div class=\"vce-content-background-container\"><\/div><div class=\"vce-row-content\" data-vce-element-content=\"true\"><div class=\"vce-col vce-col--md-20p vce-col--xs-1 vce-col--xs-last vce-col--xs-first vce-col--sm-last vce-col--sm-first vce-col--md-first vce-col--lg-first vce-col--xl-first\" id=\"el-a644b128\"><div class=\"vce-col-inner\" data-vce-do-apply=\"border margin background  el-a644b128\"><div class=\"vce-col-content\" data-vce-element-content=\"true\" data-vce-do-apply=\"padding el-a644b128\"><div class=\"vce-single-image-container vce-single-image--align-left\"><div class=\"vce vce-single-image-wrapper\" id=\"el-5368d7fd\" data-vce-do-apply=\"all el-5368d7fd\"><figure><a href=\"https:\/\/music.apple.com\/br\/album\/asfixia-single\/1512004476\" title=\"\" target=\"_blank\" class=\"vce-single-image-inner vce-single-image--absolute\" style=\"padding-bottom: 102.308%; width: 130px;\" rel=\"noopener\"><img decoding=\"async\" class=\"vce-single-image \"  width=\"130\" height=\"133\"  src=\"https:\/\/laurafinocchiaro.com.br\/site\/wp-content\/uploads\/2018\/03\/apple.png\"  data-img-src=\"https:\/\/laurafinocchiaro.com.br\/site\/wp-content\/uploads\/2018\/03\/apple.png\" alt=\"\" title=\"apple\" \/><noscript>\n        <img decoding=\"async\" class=\"vce-single-image\" src=\"https:\/\/laurafinocchiaro.com.br\/site\/wp-content\/uploads\/2018\/03\/apple.png\" width=\"130\" height=\"133\" alt=\"\" title=\"apple\" \/>\n      <\/noscript><\/a><figcaption hidden=\"\"><\/figcaption><\/figure><\/div><\/div><\/div><\/div><\/div><div class=\"vce-col vce-col--md-20p vce-col--xs-1 vce-col--xs-last vce-col--xs-first vce-col--sm-last vce-col--sm-first\" id=\"el-e022aab8\"><div class=\"vce-col-inner\" data-vce-do-apply=\"border margin background  el-e022aab8\"><div class=\"vce-col-content\" data-vce-element-content=\"true\" data-vce-do-apply=\"padding el-e022aab8\"><div class=\"vce-single-image-container vce-single-image--align-center\"><div class=\"vce vce-single-image-wrapper\" id=\"el-e3372f04\" data-vce-do-apply=\"all el-e3372f04\"><figure><a href=\"https:\/\/open.spotify.com\/album\/2mYn9IlIIt5C9WouyLNthd\" title=\"\" target=\"_blank\" class=\"vce-single-image-inner vce-single-image--absolute\" style=\"padding-bottom: 102.308%; width: 130px;\" rel=\"noopener\"><img decoding=\"async\" class=\"vce-single-image \"  width=\"130\" height=\"133\"  src=\"https:\/\/laurafinocchiaro.com.br\/site\/wp-content\/uploads\/2018\/03\/sporfy.png\"  data-img-src=\"https:\/\/laurafinocchiaro.com.br\/site\/wp-content\/uploads\/2018\/03\/sporfy.png\" alt=\"\" title=\"sporfy\" \/><noscript>\n        <img loading=\"lazy\" decoding=\"async\" class=\"vce-single-image\" src=\"https:\/\/laurafinocchiaro.com.br\/site\/wp-content\/uploads\/2018\/03\/sporfy.png\" width=\"130\" height=\"133\" alt=\"\" title=\"sporfy\" \/>\n      <\/noscript><\/a><figcaption hidden=\"\"><\/figcaption><\/figure><\/div><\/div><\/div><\/div><\/div><div class=\"vce-col vce-col--md-20p vce-col--xs-1 vce-col--xs-last vce-col--xs-first vce-col--sm-last vce-col--sm-first vce-col--md-last vce-col--lg-last vce-col--xl-last\" id=\"el-cb0567dd\"><div class=\"vce-col-inner\" data-vce-do-apply=\"border margin background  el-cb0567dd\"><div class=\"vce-col-content\" data-vce-element-content=\"true\" data-vce-do-apply=\"padding el-cb0567dd\"><div class=\"vce-single-image-container vce-single-image--align-left\"><div class=\"vce vce-single-image-wrapper\" id=\"el-f950d2ee\" data-vce-do-apply=\"all el-f950d2ee\"><figure><a href=\"https:\/\/www.deezer.com\/br\/album\/146942432\" title=\"\" target=\"_blank\" class=\"vce-single-image-inner vce-single-image--absolute\" style=\"padding-bottom: 102.308%; width: 130px;\" rel=\"noopener\"><img loading=\"lazy\" decoding=\"async\" class=\"vce-single-image \"  width=\"130\" height=\"133\"  src=\"https:\/\/laurafinocchiaro.com.br\/site\/wp-content\/uploads\/2018\/03\/deezer.png\"  data-img-src=\"https:\/\/laurafinocchiaro.com.br\/site\/wp-content\/uploads\/2018\/03\/deezer.png\" alt=\"\" title=\"deezer\" \/><noscript>\n        <img loading=\"lazy\" decoding=\"async\" class=\"vce-single-image\" src=\"https:\/\/laurafinocchiaro.com.br\/site\/wp-content\/uploads\/2018\/03\/deezer.png\" width=\"130\" height=\"133\" alt=\"\" title=\"deezer\" \/>\n      <\/noscript><\/a><figcaption hidden=\"\"><\/figcaption><\/figure><\/div><\/div><\/div><\/div><\/div><\/div><\/div><\/div><\/div><\/div><\/div><\/div><\/div><\/div><\/div><\/div><\/div><\/div><\/div><\/div>\n<p><\/p>","protected":false},"excerpt":{"rendered":"<p>&nbsp;Single: ASFIXIADura\u00e7\u00e3o: 4:15Selo: Sorte Produ\u00e7\u00f5esLan\u00e7amento Maio 2021&nbsp;Ficha T\u00e9cnica:Laura Finocchiaro (Arranjo, produ\u00e7\u00e3o musical, Voz, Vocal, Guitarra, Execu\u00e7\u00e3o e programa\u00e7\u00e3o: Baixo, Synths, Bateria e loops eletr\u00f4nicosMixagem: Francisco Patricio Masteriza\u00e7\u00e3o: Carlos Freitas &nbsp;Asfixia(Laura Finocchiaro \/ Fl\u00e1vio Paiva)&nbsp;O ar acabou pra mim em WuhamAcabou em Nova IorqueJ\u00e1 n\u00e3o respiro nas ruas de S\u00e3o PauloFalta [&hellip;]<\/p>\n","protected":false},"author":6,"featured_media":0,"parent":0,"menu_order":0,"comment_status":"closed","ping_status":"closed","template":"","meta":{"footnotes":""},"class_list":["post-3620","page","type-page","status-publish","hentry"],"_links":{"self":[{"href":"https:\/\/laurafinocchiaro.com.br\/site\/wp-json\/wp\/v2\/pages\/3620","targetHints":{"allow":["GET"]}}],"collection":[{"href":"https:\/\/laurafinocchiaro.com.br\/site\/wp-json\/wp\/v2\/pages"}],"about":[{"href":"https:\/\/laurafinocchiaro.com.br\/site\/wp-json\/wp\/v2\/types\/page"}],"author":[{"embeddable":true,"href":"https:\/\/laurafinocchiaro.com.br\/site\/wp-json\/wp\/v2\/users\/6"}],"replies":[{"embeddable":true,"href":"https:\/\/laurafinocchiaro.com.br\/site\/wp-json\/wp\/v2\/comments?post=3620"}],"version-history":[{"count":8,"href":"https:\/\/laurafinocchiaro.com.br\/site\/wp-json\/wp\/v2\/pages\/3620\/revisions"}],"predecessor-version":[{"id":3840,"href":"https:\/\/laurafinocchiaro.com.br\/site\/wp-json\/wp\/v2\/pages\/3620\/revisions\/3840"}],"wp:attachment":[{"href":"https:\/\/laurafinocchiaro.com.br\/site\/wp-json\/wp\/v2\/media?parent=3620"}],"curies":[{"name":"wp","href":"https:\/\/api.w.org\/{rel}","templated":true}]}}