{"id":3476,"date":"2021-06-26T20:00:55","date_gmt":"2021-06-26T20:00:55","guid":{"rendered":"http:\/\/laurafinocchiaro.com.br\/site\/?page_id=3476"},"modified":"2021-07-25T14:33:09","modified_gmt":"2021-07-25T14:33:09","slug":"release-hino-diversidade","status":"publish","type":"page","link":"https:\/\/laurafinocchiaro.com.br\/site\/release-hino-diversidade\/","title":{"rendered":"Release Hino \u00e0 diversidade"},"content":{"rendered":"<div class=\"vce-row-container\" data-vce-boxed-width=\"true\"><div class=\"vce-row vce-row--col-gap-30 vce-row-equal-height vce-row-content--top\" id=\"el-39550c5a\" data-vce-do-apply=\"all el-39550c5a\"><div class=\"vce-row-content\" data-vce-element-content=\"true\"><div class=\"vce-col vce-col--md-auto vce-col--xs-1 vce-col--xs-last vce-col--xs-first vce-col--sm-last vce-col--sm-first vce-col--md-last vce-col--lg-last vce-col--xl-last vce-col--md-first vce-col--lg-first vce-col--xl-first\" id=\"el-50f5b5e9\"><div class=\"vce-col-inner\" data-vce-do-apply=\"border margin background  el-50f5b5e9\"><div class=\"vce-col-content\" data-vce-element-content=\"true\" data-vce-do-apply=\"padding el-50f5b5e9\"><div class=\"vce-text-block\"><div class=\"vce-text-block-wrapper vce\" id=\"el-544d6f8e\" data-vce-do-apply=\"all el-544d6f8e\">\n<figure class=\"wp-block-image size-large\"><img fetchpriority=\"high\" decoding=\"async\" src=\"https:\/\/laurafinocchiaro.com.br\/site\/wp-content\/uploads\/2021\/06\/asfixia-capa-evento-2.jpg\" alt=\"\" class=\"aligncenter wp-image-3483 size-full\" width=\"1250\" height=\"656\" srcset=\"https:\/\/laurafinocchiaro.com.br\/site\/wp-content\/uploads\/2021\/06\/asfixia-capa-evento-2.jpg 1250w, https:\/\/laurafinocchiaro.com.br\/site\/wp-content\/uploads\/2021\/06\/asfixia-capa-evento-2-300x157.jpg 300w, https:\/\/laurafinocchiaro.com.br\/site\/wp-content\/uploads\/2021\/06\/asfixia-capa-evento-2-1024x537.jpg 1024w, https:\/\/laurafinocchiaro.com.br\/site\/wp-content\/uploads\/2021\/06\/asfixia-capa-evento-2-768x403.jpg 768w\" sizes=\"(max-width: 1250px) 100vw, 1250px\" \/><\/figure>\n\n<h2 class=\"wp-block-heading\"><span style=\"color: #ff00ff;\">Release Hino \u00e0 diversidade <a href=\"https:\/\/laurafinocchiaro.com.br\/site\/wp-content\/uploads\/2021\/07\/Release-Hino-a-diversidade-CPL.pdf\"><span style=\"font-size: 14pt;\">Baixar<\/span><\/a><\/span><br><a href=\"https:\/\/laurafinocchiaro.com.br\/site\/wp-content\/uploads\/2021\/07\/Release-Hino-a-diversidade-CPL.pdf\" class=\"pdfemb-viewer\" style=\"\" data-width=\"max\" data-height=\"max\" data-toolbar=\"bottom\" data-toolbar-fixed=\"off\">Release Hino \u00e0 diversidade CPL<\/a><br>Fotos de divulga\u00e7\u00e3o<\/h2>\n\n<div class=\"wp-block-file\"><a href=\"https:\/\/laurafinocchiaro.com.br\/site\/wp-content\/uploads\/2021\/06\/Laura_Finocchiaro_by_Roberta_Guimaraes21-scaled.jpg\" class=\"wp-block-file__button\" download=\"\">Laura Finocchiaro-Baixar<\/a><\/div>\n\n<div class=\"wp-block-file\"><a href=\"https:\/\/laurafinocchiaro.com.br\/site\/wp-content\/uploads\/2021\/06\/Ciro-Barcellos1.jpeg\" class=\"wp-block-file__button\" download=\"\">Ciro Barcellos-Baixar<\/a><\/div>\n\n<div class=\"wp-block-file\"><a href=\"https:\/\/laurafinocchiaro.com.br\/site\/wp-content\/uploads\/2021\/06\/Joao-Luiz-Vieira1.jpeg\" class=\"wp-block-file__button\" download=\"\">Jo\u00e3o Luiz Vieira-Baixar<\/a><\/div>\n<div><\/div>\n<\/div><\/div><div class=\"vce-text-block\"><div class=\"vce-text-block-wrapper vce\" id=\"el-e8e49942\" data-vce-do-apply=\"all el-e8e49942\">\n<div class=\"wp-block-file\"><a href=\"https:\/\/laurafinocchiaro.com.br\/site\/wp-content\/uploads\/2021\/06\/CAPA-DO-CD1.jpeg\" class=\"wp-block-file__button\" download=\"\">Capa-Baixar<\/a><\/div>\n\n<div><\/div>\n<\/div><\/div><\/div><\/div><\/div><\/div><\/div><\/div><p><\/p>","protected":false},"excerpt":{"rendered":"<p>Release Hino \u00e0 diversidade BaixarFotos de divulga\u00e7\u00e3o<\/p>\n","protected":false},"author":6,"featured_media":0,"parent":0,"menu_order":0,"comment_status":"closed","ping_status":"closed","template":"","meta":{"footnotes":""},"class_list":["post-3476","page","type-page","status-publish","hentry"],"_links":{"self":[{"href":"https:\/\/laurafinocchiaro.com.br\/site\/wp-json\/wp\/v2\/pages\/3476","targetHints":{"allow":["GET"]}}],"collection":[{"href":"https:\/\/laurafinocchiaro.com.br\/site\/wp-json\/wp\/v2\/pages"}],"about":[{"href":"https:\/\/laurafinocchiaro.com.br\/site\/wp-json\/wp\/v2\/types\/page"}],"author":[{"embeddable":true,"href":"https:\/\/laurafinocchiaro.com.br\/site\/wp-json\/wp\/v2\/users\/6"}],"replies":[{"embeddable":true,"href":"https:\/\/laurafinocchiaro.com.br\/site\/wp-json\/wp\/v2\/comments?post=3476"}],"version-history":[{"count":6,"href":"https:\/\/laurafinocchiaro.com.br\/site\/wp-json\/wp\/v2\/pages\/3476\/revisions"}],"predecessor-version":[{"id":4313,"href":"https:\/\/laurafinocchiaro.com.br\/site\/wp-json\/wp\/v2\/pages\/3476\/revisions\/4313"}],"wp:attachment":[{"href":"https:\/\/laurafinocchiaro.com.br\/site\/wp-json\/wp\/v2\/media?parent=3476"}],"curies":[{"name":"wp","href":"https:\/\/api.w.org\/{rel}","templated":true}]}}