{"id":2859,"date":"2018-12-20T17:35:03","date_gmt":"2018-12-20T17:35:03","guid":{"rendered":"http:\/\/laurafinocchiaro.com.br\/site\/?page_id=2859"},"modified":"2025-09-16T12:35:00","modified_gmt":"2025-09-16T12:35:00","slug":"2859-2","status":"publish","type":"page","link":"https:\/\/laurafinocchiaro.com.br\/site\/","title":{"rendered":""},"content":{"rendered":"<div class=\"vce-row-container\"><div class=\"vce-row vce-row--col-gap-30 vce-row-equal-height vce-row-content--top\" data-vce-full-width=\"true\" id=\"el-0220d37e\" data-vce-do-apply=\"all el-0220d37e\"><div class=\"vce-content-background-container\"><\/div><div class=\"vce-row-content\" data-vce-element-content=\"true\"><div class=\"vce-col vce-col--xs-100p vce-col--xs-visible vce-col--xs-last vce-col--xs-first vce-col--sm-100p vce-col--sm-visible vce-col--sm-last vce-col--sm-first vce-col--md-auto vce-col--md-visible vce-col--md-last vce-col--md-first vce-col--lg-auto vce-col--lg-visible vce-col--lg-last vce-col--lg-first vce-col--xl-auto vce-col--xl-visible vce-col--xl-last vce-col--xl-first\" id=\"el-a53e3910\"><div class=\"vce-col-inner\" data-vce-do-apply=\"border margin background  el-a53e3910\"><div class=\"vce-col-content\" data-vce-element-content=\"true\" data-vce-do-apply=\"padding el-a53e3910\"><div class=\"vce-single-image-container vce-single-image--align-center\"><div class=\"vce vce-single-image-wrapper\" id=\"el-33274204\" data-vce-do-apply=\"all el-33274204\"><figure><div class=\"vce-single-image-figure-inner\" style=\"width: 1024px;\"><div class=\"vce-single-image-inner vce-single-image--absolute\" style=\"width: 100%; padding-bottom: 53.2227%;\"><img fetchpriority=\"high\" decoding=\"async\" class=\"vce-single-image\"  width=\"1024\" height=\"545\" srcset=\"https:\/\/laurafinocchiaro.com.br\/site\/wp-content\/uploads\/2021\/06\/capaSite-1024x546.jpg 1024w, https:\/\/laurafinocchiaro.com.br\/site\/wp-content\/uploads\/2025\/09\/capaSite-320x170.jpg 320w, https:\/\/laurafinocchiaro.com.br\/site\/wp-content\/uploads\/2025\/09\/capaSite-480x255.jpg 480w, https:\/\/laurafinocchiaro.com.br\/site\/wp-content\/uploads\/2025\/09\/capaSite-800x426.jpg 800w\" src=\"https:\/\/laurafinocchiaro.com.br\/site\/wp-content\/uploads\/2021\/06\/capaSite-1024x546.jpg\" data-img-src=\"https:\/\/laurafinocchiaro.com.br\/site\/wp-content\/uploads\/2021\/06\/capaSite.jpg\" data-attachment-id=\"3524\"  alt=\"\" title=\"capaSite\" \/><\/div><\/div><figcaption hidden=\"\"><\/figcaption><\/figure><\/div><\/div><div class=\"vce-single-image-container vce-single-image--align-center\"><div class=\"vce vce-single-image-wrapper\" id=\"el-4d038e1b\" data-vce-do-apply=\"all el-4d038e1b\"><figure><div class=\"vce-single-image-figure-inner\" style=\"width: 250px;\"><div class=\"vce-single-image-inner vce-single-image--absolute\" style=\"width: 100%; padding-bottom: 25.2%;\"><img decoding=\"async\" class=\"vce-single-image\"  width=\"250\" height=\"63\" srcset=\"https:\/\/laurafinocchiaro.com.br\/site\/wp-content\/uploads\/2025\/09\/cropped-logo_pink-e1624821811170-250x63.png 250w\" src=\"https:\/\/laurafinocchiaro.com.br\/site\/wp-content\/uploads\/2025\/09\/cropped-logo_pink-e1624821811170-250x63.png\" data-img-src=\"https:\/\/laurafinocchiaro.com.br\/site\/wp-content\/uploads\/2018\/02\/cropped-logo_pink-e1624821811170.png\" data-attachment-id=\"2306\"  alt=\"\" title=\"cropped-logo_pink.png\" \/><\/div><\/div><figcaption hidden=\"\"><\/figcaption><\/figure><\/div><\/div><div class=\"vce-text-block\"><div class=\"vce-text-block-wrapper vce\" id=\"el-a604c0e4\" data-vce-do-apply=\"all el-a604c0e4\"><p>Laura Finocchiaro \u00e9 cantora, compositora, guitarrista, arte-educadora e produtora musical. Estreou em Porto Alegre, na esteira dos movimentos musicais que surgiram nos anos 1980. Em S\u00e3o Paulo transitou por diversos palcos que projetaram novos talentos como o Lira Paulistana, o Madame Sat\u00e3 e a F\u00e1brica do Som, da TV Cultura. Foi revelada nacionalmente no festival Rock in Rio II, quando abriu os shows de Prince e Santana. <a href=\"http:\/\/laurafinocchiaro.com.br\/site\/bio\/\">Saiba mais na Bio...<\/a><\/p><\/div><\/div><\/div><\/div><\/div><\/div><\/div><\/div><div class=\"vce-row-container\"><div class=\"vce-row vce-row--xl--has-col-background vce-row--col-gap-30 vce-row-equal-height vce-row-content--top\" data-vce-full-width=\"true\" id=\"el-dbdfe92e\" data-vce-do-apply=\"all el-dbdfe92e\"><div class=\"vce-content-background-container\"><\/div><div class=\"vce-row-content\" data-vce-element-content=\"true\"><div class=\"vce-col vce-element--xl--has-background vce-col--md-auto vce-col--xs-1 vce-col--xs-last vce-col--xs-first vce-col--sm-last vce-col--sm-first vce-col--md-last vce-col--lg-last vce-col--xl-last vce-col--md-first vce-col--lg-first vce-col--xl-first\" id=\"el-0e62f35d\"><div class=\"vce-col-inner\" data-vce-do-apply=\"border margin background  el-0e62f35d\"><div class=\"vce-content-background-container\"><\/div><div class=\"vce-col-content\" data-vce-element-content=\"true\" data-vce-do-apply=\"padding el-0e62f35d\"><div class=\"vce vce-separator-container vce-separator--align-center vce-separator--style-solid\" id=\"el-90b082e2\" data-vce-do-apply=\"margin el-90b082e2\"><div class=\"vce-separator vce-separator--color-bfc0c1 vce-separator--width-60 vce-separator--thickness-1\" data-vce-do-apply=\"border padding background  el-90b082e2\"><\/div><\/div><div class=\"vce-text-block\"><div class=\"vce-text-block-wrapper vce\" id=\"el-6f132124\" data-vce-do-apply=\"all el-6f132124\"><h2 style=\"text-align: center;\">Agenda<\/h2><\/div><\/div><\/div><\/div><\/div><\/div><\/div><\/div><div class=\"vce-row-container\"><div class=\"vce-row vce-row--col-gap-30 vce-row-equal-height vce-row-content--top\" data-vce-full-width=\"true\" id=\"el-8dd227eb\" data-vce-do-apply=\"all el-8dd227eb\"><div class=\"vce-content-background-container\"><\/div><div class=\"vce-row-content\" data-vce-element-content=\"true\"><div class=\"vce-col vce-col--md-auto vce-col--xs-1 vce-col--xs-last vce-col--xs-first vce-col--sm-last vce-col--sm-first vce-col--md-last vce-col--lg-last vce-col--xl-last vce-col--md-first vce-col--lg-first vce-col--xl-first\" id=\"el-e2f2ca9a\"><div class=\"vce-col-inner\" data-vce-do-apply=\"border margin background  el-e2f2ca9a\"><div class=\"vce-content-background-container\"><\/div><div class=\"vce-col-content\" data-vce-element-content=\"true\" data-vce-do-apply=\"padding el-e2f2ca9a\"><div class=\"vce-text-block\"><div class=\"vce-text-block-wrapper vce\" id=\"el-79c970a7\" data-vce-do-apply=\"all el-79c970a7\"><h2 style=\"text-align: center;\">Pre-save de\"Malabi\"<\/h2>\n<h4 style=\"text-align: center;\">Lan\u00e7amento \u00e9 no pr\u00f3ximo dia 12 de outubro. <a href=\"https:\/\/laurafinocchiaro.com.br\/site\/pre-save-malabi\/\">Pre-Save<\/a><\/h4>\n<p><img decoding=\"async\" src=\"https:\/\/laurafinocchiaro.com.br\/site\/wp-content\/uploads\/2025\/09\/malabi-arte.jpeg\" alt=\"\" width=\"250\" height=\"257\" class=\"aligncenter  wp-image-6246\"><\/p>\n<h2><\/h2>\n<h2><img loading=\"lazy\" decoding=\"async\" src=\"https:\/\/laurafinocchiaro.com.br\/site\/wp-content\/uploads\/2025\/02\/brasil-de-laura.jpg\" alt=\"\" width=\"429\" height=\"534\" class=\"aligncenter size-full wp-image-6018\" srcset=\"https:\/\/laurafinocchiaro.com.br\/site\/wp-content\/uploads\/2025\/02\/brasil-de-laura.jpg 429w, https:\/\/laurafinocchiaro.com.br\/site\/wp-content\/uploads\/2025\/02\/brasil-de-laura-241x300.jpg 241w, https:\/\/laurafinocchiaro.com.br\/site\/wp-content\/uploads\/2025\/02\/brasil-de-laura-320x398.jpg 320w\" sizes=\"(max-width: 429px) 100vw, 429px\" \/><\/h2>\n<h2 style=\"text-align: center;\"><span style=\"font-size: 18pt;\">Todas as quintas, \u00e0s 23h, tem \"O Brasil de Laura\" programa de r\u00e1dio produzido e apresentado por Laura Finocchiaro na <a href=\"https:\/\/www.antenazero.com\/\">R\u00e1dio Antena Zero<\/a><\/span><\/h2><\/div><\/div><\/div><\/div><\/div><\/div><\/div><\/div><div class=\"vce-row-container\" data-vce-boxed-width=\"true\"><div class=\"vce-row vce-row--col-gap-30 vce-row-equal-height vce-row-content--top\" id=\"el-8f11483c\" data-vce-do-apply=\"all el-8f11483c\"><div class=\"vce-row-content\" data-vce-element-content=\"true\"><div class=\"vce-col vce-col--md-auto vce-col--xs-1 vce-col--xs-last vce-col--xs-first vce-col--sm-last vce-col--sm-first vce-col--md-last vce-col--lg-last vce-col--xl-last vce-col--md-first vce-col--lg-first vce-col--xl-first\" id=\"el-ff674e37\"><div class=\"vce-col-inner\" data-vce-do-apply=\"border margin background  el-ff674e37\"><div class=\"vce-col-content\" data-vce-element-content=\"true\" data-vce-do-apply=\"padding el-ff674e37\"><div class=\"vce-button--style-basic-container vce-button--style-basic-container--align-center\"><span class=\"vce-button--style-basic-wrapper vce\" id=\"el-68a10a21\" data-vce-do-apply=\"margin el-68a10a21\"><a class=\"vce-button vce-button--style-basic vce-button--style-basic--border-rounded vce-button--style-basic--size-medium vce-button--style-basic--color-b-252-0-150--fff\" href=\"http:\/\/laurafinocchiaro.com.br\/site\/category\/agenda\/http:\/\/laurafinocchiaro.com.br\/site\/category\/agenda\/\" title=\"\" data-vce-do-apply=\"padding border background  el-68a10a21\">VER AGENDA COMPLETA<\/a><\/span><\/div><div class=\"vce vce-separator-container vce-separator--align-center vce-separator--style-solid\" id=\"el-68b73649\" data-vce-do-apply=\"margin el-68b73649\"><div class=\"vce-separator vce-separator--color-bfc0c1 vce-separator--width-60 vce-separator--thickness-1\" data-vce-do-apply=\"border padding background  el-68b73649\"><\/div><\/div><\/div><\/div><\/div><\/div><\/div><\/div><div class=\"vce-row-container\" data-vce-boxed-width=\"true\"><div class=\"vce-row vce-row--col-gap-30 vce-row-equal-height vce-row-content--top\" id=\"el-26d3f104\" data-vce-do-apply=\"all el-26d3f104\"><div class=\"vce-row-content\" data-vce-element-content=\"true\"><div class=\"vce-col vce-col--md-auto vce-col--xs-1 vce-col--xs-last vce-col--xs-first vce-col--sm-last vce-col--sm-first vce-col--md-last vce-col--lg-last vce-col--xl-last vce-col--md-first vce-col--lg-first vce-col--xl-first\" id=\"el-19994179\"><div class=\"vce-col-inner\" data-vce-do-apply=\"border margin background  el-19994179\"><div class=\"vce-col-content\" data-vce-element-content=\"true\" data-vce-do-apply=\"padding el-19994179\"><div class=\"vcv-row-control-wrapper\"><\/div><\/div><\/div><\/div><\/div><\/div><\/div><div class=\"vce-row-container\" data-vce-boxed-width=\"true\"><div class=\"vce-row vce-row--col-gap-30 vce-row-equal-height vce-row-content--top\" id=\"el-db39792d\" data-vce-do-apply=\"all el-db39792d\"><div class=\"vce-row-content\" data-vce-element-content=\"true\"><div class=\"vce-col vce-col--md-auto vce-col--xs-1 vce-col--xs-last vce-col--xs-first vce-col--sm-last vce-col--sm-first vce-col--md-last vce-col--lg-last vce-col--xl-last vce-col--md-first vce-col--lg-first vce-col--xl-first\" id=\"el-dd04f7d3\"><div class=\"vce-col-inner\" data-vce-do-apply=\"border margin background  el-dd04f7d3\"><div class=\"vce-col-content\" data-vce-element-content=\"true\" data-vce-do-apply=\"padding el-dd04f7d3\"><div class=\"vcv-row-control-wrapper\"><\/div><\/div><\/div><\/div><\/div><\/div><\/div><p><\/p>","protected":false},"excerpt":{"rendered":"<p>Laura Finocchiaro \u00e9 cantora, compositora, guitarrista, arte-educadora e produtora musical. Estreou em Porto Alegre, na esteira dos movimentos musicais que surgiram nos anos 1980. Em S\u00e3o Paulo transitou por diversos palcos que projetaram novos talentos como o Lira Paulistana, o Madame Sat\u00e3 e a F\u00e1brica do Som, da TV Cultura. [&hellip;]<\/p>\n","protected":false},"author":6,"featured_media":0,"parent":0,"menu_order":0,"comment_status":"closed","ping_status":"closed","template":"","meta":{"footnotes":""},"class_list":["post-2859","page","type-page","status-publish","hentry"],"_links":{"self":[{"href":"https:\/\/laurafinocchiaro.com.br\/site\/wp-json\/wp\/v2\/pages\/2859","targetHints":{"allow":["GET"]}}],"collection":[{"href":"https:\/\/laurafinocchiaro.com.br\/site\/wp-json\/wp\/v2\/pages"}],"about":[{"href":"https:\/\/laurafinocchiaro.com.br\/site\/wp-json\/wp\/v2\/types\/page"}],"author":[{"embeddable":true,"href":"https:\/\/laurafinocchiaro.com.br\/site\/wp-json\/wp\/v2\/users\/6"}],"replies":[{"embeddable":true,"href":"https:\/\/laurafinocchiaro.com.br\/site\/wp-json\/wp\/v2\/comments?post=2859"}],"version-history":[{"count":104,"href":"https:\/\/laurafinocchiaro.com.br\/site\/wp-json\/wp\/v2\/pages\/2859\/revisions"}],"predecessor-version":[{"id":6249,"href":"https:\/\/laurafinocchiaro.com.br\/site\/wp-json\/wp\/v2\/pages\/2859\/revisions\/6249"}],"wp:attachment":[{"href":"https:\/\/laurafinocchiaro.com.br\/site\/wp-json\/wp\/v2\/media?parent=2859"}],"curies":[{"name":"wp","href":"https:\/\/api.w.org\/{rel}","templated":true}]}}