{"id":2471,"date":"2018-03-02T00:25:46","date_gmt":"2018-03-02T00:25:46","guid":{"rendered":"http:\/\/laurafinocchiaro.com.br\/site\/?page_id=2471"},"modified":"2021-07-28T17:13:30","modified_gmt":"2021-07-28T17:13:30","slug":"tashi-dele-mantras-de-roda","status":"publish","type":"page","link":"https:\/\/laurafinocchiaro.com.br\/site\/tashi-dele-mantras-de-roda\/","title":{"rendered":"Tashi Del\u00ea Mantras de Roda"},"content":{"rendered":"<div class=\"vce-row-container\"><div class=\"vce-row vce-row--col-gap-30 vce-row-content--top\" data-vce-full-width=\"true\" id=\"el-41d06d9a\" data-vce-do-apply=\"all el-41d06d9a\"><div class=\"vce-content-background-container\"><\/div><div class=\"vce-row-content\" data-vce-element-content=\"true\"><div class=\"vce-col vce-col--md-100p vce-col--xs-1 vce-col--xs-last vce-col--xs-first vce-col--sm-last vce-col--sm-first vce-col--md-last vce-col--lg-last vce-col--xl-last vce-col--md-first vce-col--lg-first vce-col--xl-first\" id=\"el-dd9794bb\"><div class=\"vce-col-inner\" data-vce-do-apply=\"border margin background  el-dd9794bb\"><div class=\"vce-content-background-container\"><\/div><div class=\"vce-col-content\" data-vce-element-content=\"true\" data-vce-do-apply=\"padding el-dd9794bb\"><div class=\"vce-text-block\"><div class=\"vce-text-block-wrapper vce\" id=\"el-fca71f0f\" data-vce-do-apply=\"all el-fca71f0f\"><\/div><\/div><div class=\"vce-yt-video-player vce-yt-video-player--align-center vce-yt-video-player--size-853x480\"><div class=\"vce vce-yt-video-player-wrapper\" id=\"el-301ad1cd\" style=\"width: 853px;\" data-vce-do-apply=\"all el-301ad1cd\"><div class=\"vce-yt-video-player-inner\"><iframe class=\"vce-yt-video-player-iframe\" src=\"https:\/\/www.youtube.com\/embed\/mCGoJIzXw4E?autoplay=0&amp;mute=0&amp;color=red&amp;controls=1&amp;loop=0&amp;rel=0&amp;start=0&amp;cc_load_policy=0&amp;iv_load_policy=3\" allowfullscreen=\"\" width=\"640\" height=\"390\"><\/iframe><\/div><\/div><\/div><\/div><\/div><\/div><div class=\"vce-col vce-col--md-100p vce-col--xs-1 vce-col--xs-last vce-col--xs-first vce-col--sm-last vce-col--sm-first vce-col--md-last vce-col--lg-last vce-col--xl-last vce-col--md-first vce-col--lg-first vce-col--xl-first\" id=\"el-ada9d721\"><div class=\"vce-col-inner\" data-vce-do-apply=\"border margin background  el-ada9d721\"><div class=\"vce-col-content\" data-vce-element-content=\"true\" data-vce-do-apply=\"padding el-ada9d721\"><div class=\"vce vce-separator-container vce-separator--align-center vce-separator--style-solid\" id=\"el-f4f189d5\" data-vce-do-apply=\"margin el-f4f189d5\"><div class=\"vce-separator vce-separator--color-bfc0c1 vce-separator--width-100 vce-separator--thickness-1\" data-vce-do-apply=\"border padding background  el-f4f189d5\"><\/div><\/div><\/div><\/div><\/div><\/div><\/div><\/div><div class=\"vce-row-container\"><div class=\"vce-row vce-row--col-gap-30 vce-row-content--top\" data-vce-full-width=\"true\" id=\"el-74c48893\" data-vce-do-apply=\"all el-74c48893\"><div class=\"vce-content-background-container\"><\/div><div class=\"vce-row-content\" data-vce-element-content=\"true\"><div class=\"vce-col vce-col--md-100p vce-col--xs-1 vce-col--xs-last vce-col--xs-first vce-col--sm-last vce-col--sm-first vce-col--md-last vce-col--lg-last vce-col--xl-last vce-col--md-first vce-col--lg-first vce-col--xl-first\" id=\"el-a8999532\"><div class=\"vce-col-inner\" data-vce-do-apply=\"border margin background  el-a8999532\"><div class=\"vce-col-content\" data-vce-element-content=\"true\" data-vce-do-apply=\"padding el-a8999532\"><div class=\"vce-text-block\"><div class=\"vce-text-block-wrapper vce\" id=\"el-37bf8758\" data-vce-do-apply=\"all el-37bf8758\"><p>Apresenta mantras de cura, escritos h\u00e1 cerca de 2.500 anos por Buda Shakiamuni, transcritos por Lama Gangchen Tulko Rimpoche, com m\u00fasica e arranjo de Laura Finocchiaro.<\/p><h2 id=\"u2975-11\" style=\"text-align: left;\"><strong><span id=\"u2975-10\" class=\"SubTitulos\">Ficha T\u00e9cnica<\/span><\/strong><\/h2><p id=\"u2975-15\" style=\"text-align: left;\"><strong><span id=\"u2975-13\" class=\"Bold-Ficha-tecnica\">Engenheiros de Grava\u00e7\u00e3o:<\/span><\/strong><span id=\"u2975-14\">&nbsp;Buga Som e Buguinha<\/span><\/p><p id=\"u2975-18\" style=\"text-align: left;\"><strong><span id=\"u2975-16\" class=\"Bold-Ficha-tecnica\">Apoio T\u00e9cnico:<\/span><\/strong><span id=\"u2975-17\"><strong>&nbsp;<\/strong>Teo Ponciano<\/span><\/p><p id=\"u2975-21\" style=\"text-align: left;\"><strong><span id=\"u2975-19\" class=\"Bold-Ficha-tecnica\">Engenheiro de Mixagem:<\/span><\/strong><span id=\"u2975-20\"><strong>&nbsp;<\/strong>Buguinha<\/span><\/p><p id=\"u2975-24\" style=\"text-align: left;\"><strong><span id=\"u2975-22\" class=\"Bold-Ficha-tecnica\">Masteriza\u00e7\u00e3o:<\/span><\/strong><span id=\"u2975-23\"><strong>&nbsp;<\/strong>Mad Zoo<\/span><\/p><p id=\"u2975-30\" style=\"text-align: left;\"><strong><span id=\"u2975-25\" class=\"Bold-Ficha-tecnica\">Dire\u00e7\u00e3o geral, produ\u00e7\u00e3o musical e executiva:<\/span><\/strong><span id=\"u2975-29\"><strong>&nbsp;<\/strong> Laura Finocchiaro<\/span><\/p><p id=\"u2975-36\" style=\"text-align: left;\"><strong><span id=\"u2975-31\" class=\"Bold-Ficha-tecnica\">Co-produ\u00e7\u00e3o musical:<\/span><\/strong><span id=\"u2975-35\"><strong>&nbsp;<\/strong>Jos\u00e9 Luiz Zambianchi e Teo Ponciano<\/span><\/p><p id=\"u2975-39\" style=\"text-align: left;\"><strong><span id=\"u2975-37\" class=\"Bold-Ficha-tecnica\">Colabora\u00e7\u00e3o musical:<\/span><\/strong><span id=\"u2975-38\">&nbsp;Mario Afonso Iii, Marcus Santurys<\/span><\/p><p id=\"u2975-42\" style=\"text-align: left;\"><strong><span id=\"u2975-40\" class=\"Bold-Ficha-tecnica\">Apoio:<\/span><\/strong><span id=\"u2975-41\"><strong>&nbsp;<\/strong>Est\u00fadio de som \u201cEmerson Boy\u201d<\/span><\/p><p style=\"text-align: left;\"><strong><span id=\"u2975-43\" class=\"Bold-Ficha-tecnica\">Incentivo cultural:<\/span><\/strong><strong>&nbsp;<\/strong>Centro de Dharma da Paz Shide Choe Tsog<\/p><h2 id=\"u2975-50\" style=\"text-align: left;\"><strong><span id=\"u2975-49\" class=\"SubTitulos\">M\u00fasicos<\/span><\/strong><\/h2><p id=\"u2975-54\" style=\"text-align: left;\"><strong><span id=\"u2975-52\" class=\"Bold-Ficha-tecnica\">Laura Finocchiaro:<\/span><\/strong><span id=\"u2975-53\">&nbsp;Composi\u00e7\u00f5es, Arranjos, Programa\u00e7\u00f5es, Vozes, Cavaquinho, Efeitos<\/span><\/p><p id=\"u2975-57\" style=\"text-align: left;\"><strong><span id=\"u2975-55\" class=\"Bold-Ficha-tecnica\">Jos\u00e9 Luiz Zambianchi:<\/span><\/strong><span id=\"u2975-56\">&nbsp;Arranjos Adicionais, Teclados, Percuss\u00f5es Adicionais<\/span><\/p><p id=\"u2975-60\" style=\"text-align: left;\"><strong><span id=\"u2975-58\" class=\"Bold-Ficha-tecnica\">Teo Ponciano:<\/span><\/strong><span id=\"u2975-59\"><strong>&nbsp;<\/strong>Djembe, Tabla, Xequer\u00ea, Pratos, Cymbals, Gongo<\/span><\/p><p id=\"u2975-63\" style=\"text-align: left;\"><strong><span id=\"u2975-61\" class=\"Bold-Ficha-tecnica\">Mario Afonso III:<\/span><\/strong><span id=\"u2975-62\"><strong>&nbsp;<\/strong>Sax Soprano, Sax Bar\u00edtono, Flauta em D\u00f3, Flauta em Sol, Vozes, Darbouk, Sementes da Amaz\u00f4nia<\/span><\/p><p style=\"text-align: left;\"><strong><span id=\"u2975-64\" class=\"Bold-Ficha-tecnica\">Marcus Santurys:<\/span><\/strong><span>&nbsp;Sitar, Campanarium, Bodhr\u00e1n, Bendir, Riqq, Tibetan Bowls, Tabla, Darbouk, Caxixe.<\/span><\/p><h2 id=\"u2975-71\" style=\"text-align: left;\"><strong><span id=\"u2975-70\" class=\"SubTitulos\">Produ\u00e7\u00e3o adicional na roda de improviso da faixa 9, Mantra de Tara Sarasvati<\/span><\/strong><\/h2><p id=\"u2975-75\" style=\"text-align: left;\"><strong><span id=\"u2975-73\" class=\"Bold-Ficha-tecnica\">Laura Finocchiaro:<\/span><\/strong><span id=\"u2975-74\">&nbsp;Voz, Cavaquinho<\/span><\/p><p id=\"u2975-78\" style=\"text-align: left;\"><strong><span id=\"u2975-76\" class=\"Bold-Ficha-tecnica\">Jos\u00e9 Luiz Zambianchi:<\/span><\/strong><span id=\"u2975-77\"><strong>&nbsp;<\/strong>Caxixe<\/span><\/p><p id=\"u2975-81\" style=\"text-align: left;\"><strong><span id=\"u2975-79\" class=\"Bold-Ficha-tecnica\">Teo Ponciano:<\/span><\/strong><span id=\"u2975-80\"><strong>&nbsp;<\/strong>Djembe<\/span><\/p><p id=\"u2975-84\" style=\"text-align: left;\"><strong><span id=\"u2975-82\" class=\"Bold-Ficha-tecnica\">Emerson Boy:<\/span><\/strong><span id=\"u2975-83\">&nbsp;Cavaquinho<\/span><\/p><p id=\"u2975-87\" style=\"text-align: left;\"><strong><span id=\"u2975-85\" class=\"Bold-Ficha-tecnica\">Chico Mem\u00f3ria:<\/span><\/strong><span id=\"u2975-86\">&nbsp;Viol\u00e3o<\/span><\/p><p id=\"u2975-90\" style=\"text-align: left;\"><strong><span id=\"u2975-88\" class=\"Bold-Ficha-tecnica\">Alex Ribeiro:<\/span><\/strong><span id=\"u2975-89\"><strong>&nbsp;<\/strong>Trompete<\/span><\/p><p id=\"u2975-93\" style=\"text-align: left;\"><strong><span id=\"u2975-91\" class=\"Bold-Ficha-tecnica\">Mario Afonso III:<\/span><\/strong><span id=\"u2975-92\"><strong>&nbsp;<\/strong>Sax Bar\u00edtono<\/span><\/p><p id=\"u2975-99\" style=\"text-align: left;\"><strong><span id=\"u2975-94\" class=\"Bold-Ficha-tecnica\">Marcus Santurys:<\/span><\/strong><span id=\"u2975-98\">&nbsp;Sitar<\/span><\/p><h2 id=\"u2975-101\"><strong><span id=\"u2975-100\" class=\"SubTitulos\">Produ\u00e7\u00e3o adicional na roda de improviso da faixa 5, Mantra de Maritze<\/span><\/strong><\/h2><p id=\"u2975-105\"><strong><span id=\"u2975-103\" class=\"Bold-Ficha-tecnica\">Jos\u00e9 Luiz Zambianchi:<\/span><\/strong><span id=\"u2975-104\">&nbsp;Cria\u00e7\u00e3o, Arranjo e Cavaco<\/span><\/p><p id=\"u2975-108\"><strong><span id=\"u2975-106\" class=\"Bold-Ficha-tecnica\">Laura Finocchiaro:<\/span><\/strong><span id=\"u2975-107\"><strong>&nbsp;<\/strong>Voz, Pratos<\/span><\/p><p><strong><span id=\"u2975-109\" class=\"Bold-Ficha-tecnica\">Teo Ponciano:<\/span><\/strong><span><strong>&nbsp;<\/strong>Darbouk<\/span><\/p><h2 id=\"u2975-114\" style=\"text-align: left;\"><strong><span id=\"u2975-113\" class=\"SubTitulos\">M\u00fasicas \u2013 Autorias &amp; Int\u00e9rprete:<\/span><\/strong><\/h2><p id=\"u2975-117\" style=\"text-align: left;\"><strong>1. MANTRA DE BUDA SHAKYAMUNI<\/strong><\/p><p id=\"u2975-119\" style=\"text-align: left;\">Mantra: Buda Shakyamuni \/ M\u00fasica: Lama Gangchen Rimpoche \/ Int\u00e9rprete: Laura Finocchiaro<\/p><p id=\"u2975-121\" style=\"text-align: left;\"><strong>2. PEDIDO DE B\u00caN\u00c7\u00c3OS<\/strong><\/p><p id=\"u2975-123\" style=\"text-align: left;\">Mantra: Buda Shakyamuni \/ M\u00fasica: Lama Gangchen Rimpoche \/ Int\u00e9rprete: Laura Finocchiaro<\/p><p id=\"u2975-125\" style=\"text-align: left;\"><strong>3. MANTRA DO GURU RA\u00cdZ<\/strong><\/p><p id=\"u2975-127\" style=\"text-align: left;\">Mantra: Buda Shakyamuni \/ M\u00fasica: Lama Gangchen Rimpoche \/ Int\u00e9rprete: Laura Finocchiaro<\/p><p id=\"u2975-129\" style=\"text-align: left;\"><strong>4. MANTRA DE TARA VERDE<\/strong><\/p><p id=\"u2975-131\" style=\"text-align: left;\">Mantra: Buda Shakyamuni \/ M\u00fasica: Laura Finocchiaro \/ Int\u00e9rprete: Laura Finocchiaro<\/p><p id=\"u2975-133\" style=\"text-align: left;\"><strong>5. MANTRA DE MARITZE<\/strong><\/p><p id=\"u2975-135\" style=\"text-align: left;\">Mantra: Buda Shakyamuni \/ M\u00fasica: Laura Finocchiaro \/ Int\u00e9rprete: Laura Finocchiaro<span id=\"u2975-68\"><\/span><\/p><\/div><\/div><\/div><\/div><\/div><div class=\"vce-col vce-col--md-100p vce-col--xs-1 vce-col--xs-last vce-col--xs-first vce-col--sm-last vce-col--sm-first vce-col--md-last vce-col--lg-last vce-col--xl-last vce-col--md-first vce-col--lg-first vce-col--xl-first\" id=\"el-60032b3b\"><div class=\"vce-col-inner\" data-vce-do-apply=\"border margin background  el-60032b3b\"><div class=\"vce-col-content\" data-vce-element-content=\"true\" data-vce-do-apply=\"padding el-60032b3b\"><div class=\"vce-yt-video-player vce-yt-video-player--align-center vce-yt-video-player--size-853x480\"><div class=\"vce vce-yt-video-player-wrapper\" id=\"el-dd4e93e8\" style=\"width: 853px;\" data-vce-do-apply=\"all el-dd4e93e8\"><div class=\"vce-yt-video-player-inner\"><iframe class=\"vce-yt-video-player-iframe\" src=\"https:\/\/www.youtube.com\/embed\/osLhhCJJtFY?autoplay=0&amp;mute=0&amp;color=red&amp;controls=1&amp;loop=0&amp;rel=0&amp;start=0&amp;cc_load_policy=0&amp;iv_load_policy=3\" allowfullscreen=\"\" width=\"640\" height=\"390\"><\/iframe><\/div><\/div><\/div><div class=\"vce-text-block\"><div class=\"vce-text-block-wrapper vce\" id=\"el-a3e612c5\" data-vce-do-apply=\"all el-a3e612c5\"><\/div><\/div><\/div><\/div><\/div><\/div><\/div><\/div><div class=\"vce-row-container\"><div class=\"vce-row vce-row--col-gap-30 vce-row-content--top\" data-vce-full-width=\"true\" id=\"el-c3b109b1\" data-vce-do-apply=\"all el-c3b109b1\"><div class=\"vce-content-background-container\"><\/div><div class=\"vce-row-content\" data-vce-element-content=\"true\"><div class=\"vce-col vce-col--md-100p vce-col--xs-1 vce-col--xs-last vce-col--xs-first vce-col--sm-last vce-col--sm-first vce-col--md-last vce-col--lg-last vce-col--xl-last vce-col--md-first vce-col--lg-first vce-col--xl-first\" id=\"el-81d30409\"><div class=\"vce-col-inner\" data-vce-do-apply=\"border margin background  el-81d30409\"><div class=\"vce-col-content\" data-vce-element-content=\"true\" data-vce-do-apply=\"padding el-81d30409\"><div class=\"vce-text-block\"><div class=\"vce-text-block-wrapper vce\" id=\"el-05d83932\" data-vce-do-apply=\"all el-05d83932\"><p id=\"u2975-137\" style=\"text-align: left;\"><strong>6. MANTRA DE MAITREYA<\/strong><\/p><p id=\"u2975-139\" style=\"text-align: left;\">Mantra: Buda Shakyamuni \/ M\u00fasica: Laura Finocchiaro \/ Int\u00e9rprete: Laura Finocchiaro<\/p><p id=\"u2975-141\" style=\"text-align: left;\"><strong>7. MANTRA DE ZAMBALA<\/strong><\/p><p id=\"u2975-143\" style=\"text-align: left;\">Mantra: Buda Shakyamuni \/ M\u00fasica: Laura Finocchiaro \/ Int\u00e9rprete: Laura Finocchiaro<\/p><p id=\"u2975-145\" style=\"text-align: left;\"><strong>8. HOMEM CRISTAL<\/strong><\/p><p id=\"u2975-147\" style=\"text-align: left;\">Laura Finocchiaro &amp; Leca Machado \/ Int\u00e9rprete: Laura Finocchiaro<\/p><p id=\"u2975-149\" style=\"text-align: left;\"><strong>9. MANTRA DE TARA SARASVATI<\/strong><\/p><p id=\"u2975-151\" style=\"text-align: left;\">Mantra: Buda Shakyamuni \/ M\u00fasica: Laura Finocchiaro \/ Int\u00e9rprete: Laura Finocchiaro<\/p><p id=\"u2975-153\" style=\"text-align: left;\"><strong>10. O TAO DO CAVALO<\/strong><\/p><p id=\"u2975-157\" style=\"text-align: left;\">Laura Finocchiaro &amp; T\u00e9o Ponciano<\/p><h2 id=\"u2975-159\"><strong><span id=\"u2975-158\" class=\"SubTitulos\">Agradecimentos e Apoio<\/span><\/strong><\/h2><p id=\"u2975-164\">Lama Gangchen Rimpoche, Lama Michel, Suzy Cap\u00f3, Bel C\u00e9sar, Jefferson L. Alves, Beth S\u00e1 Freire, Zenir de Lima Robledo, Liana Obata, e a todos que vibraram freq\u00fc\u00eancias positivas para a realiza\u00e7\u00e3o deste projeto.<span id=\"u2975-68\"><\/span><\/p><\/div><\/div><\/div><\/div><\/div><div class=\"vce-col vce-col--md-100p vce-col--xs-1 vce-col--xs-last vce-col--xs-first vce-col--sm-last vce-col--sm-first vce-col--md-last vce-col--lg-last vce-col--xl-last vce-col--md-first vce-col--lg-first vce-col--xl-first\" id=\"el-25ade006\"><div class=\"vce-col-inner\" data-vce-do-apply=\"border margin background  el-25ade006\"><div class=\"vce-col-content\" data-vce-element-content=\"true\" data-vce-do-apply=\"padding el-25ade006\"><div class=\"vce vce-separator-container vce-separator--align-center vce-separator--style-solid\" id=\"el-94dfc034\" data-vce-do-apply=\"margin el-94dfc034\"><div class=\"vce-separator vce-separator--color-bfc0c1 vce-separator--width-100 vce-separator--thickness-1\" data-vce-do-apply=\"border padding background  el-94dfc034\"><\/div><\/div><div class=\"vce-text-block\"><div class=\"vce-text-block-wrapper vce\" id=\"el-dca198fc\" data-vce-do-apply=\"all el-dca198fc\"><strong>Ou\u00e7a tamb\u00e9m em:<\/strong><\/div><\/div><\/div><\/div><\/div><\/div><\/div><\/div><div class=\"vce-row-container\"><div class=\"vce-row vce-row--col-gap-40 vce-row-content--top\" data-vce-full-width=\"true\" id=\"el-0127dd09\" data-vce-do-apply=\"all el-0127dd09\"><div class=\"vce-content-background-container\"><\/div><div class=\"vce-row-content\" data-vce-element-content=\"true\"><div class=\"vce-col vce-col--md-20p vce-col--xs-1 vce-col--xs-last vce-col--xs-first vce-col--sm-last vce-col--sm-first vce-col--md-first vce-col--lg-first vce-col--xl-first\" id=\"el-19da9c77\"><div class=\"vce-col-inner\" data-vce-do-apply=\"border margin background  el-19da9c77\"><div class=\"vce-col-content\" data-vce-element-content=\"true\" data-vce-do-apply=\"padding el-19da9c77\"><div class=\"vce-single-image-container vce-single-image--align-left\"><div class=\"vce vce-single-image-wrapper\" id=\"el-7e3d0f3a\" data-vce-do-apply=\"all el-7e3d0f3a\"><figure><a href=\"https:\/\/music.apple.com\/br\/album\/tashi-del%C3%AA-mantras-de-roda\/262179441\" title=\"\" target=\"_blank\" class=\"vce-single-image-inner vce-single-image--absolute\" style=\"padding-bottom: 102.308%; width: 130px;\" rel=\"noopener\"><img decoding=\"async\" class=\"vce-single-image \"  width=\"130\" height=\"133\"  src=\"https:\/\/laurafinocchiaro.com.br\/site\/wp-content\/uploads\/2018\/03\/apple.png\"  data-img-src=\"https:\/\/laurafinocchiaro.com.br\/site\/wp-content\/uploads\/2018\/03\/apple.png\" alt=\"\" title=\"apple\" \/><noscript>\n        <img decoding=\"async\" class=\"vce-single-image\" src=\"https:\/\/laurafinocchiaro.com.br\/site\/wp-content\/uploads\/2018\/03\/apple.png\" width=\"130\" height=\"133\" alt=\"\" title=\"apple\" \/>\n      <\/noscript><\/a><figcaption hidden=\"\"><\/figcaption><\/figure><\/div><\/div><\/div><\/div><\/div><div class=\"vce-col vce-col--md-20p vce-col--xs-1 vce-col--xs-last vce-col--xs-first vce-col--sm-last vce-col--sm-first\" id=\"el-27883c11\"><div class=\"vce-col-inner\" data-vce-do-apply=\"border margin background  el-27883c11\"><div class=\"vce-col-content\" data-vce-element-content=\"true\" data-vce-do-apply=\"padding el-27883c11\"><div class=\"vce-single-image-container vce-single-image--align-left\"><div class=\"vce vce-single-image-wrapper\" id=\"el-6901c6fe\" data-vce-do-apply=\"all el-6901c6fe\"><figure><a href=\"https:\/\/open.spotify.com\/album\/0cBJqQf9j39WY8QeHeCmoC\" title=\"\" target=\"_blank\" class=\"vce-single-image-inner vce-single-image--absolute\" style=\"padding-bottom: 102.308%; width: 130px;\" rel=\"noopener\"><img decoding=\"async\" class=\"vce-single-image \"  width=\"130\" height=\"133\"  src=\"https:\/\/laurafinocchiaro.com.br\/site\/wp-content\/uploads\/2018\/03\/sporfy.png\"  data-img-src=\"https:\/\/laurafinocchiaro.com.br\/site\/wp-content\/uploads\/2018\/03\/sporfy.png\" alt=\"\" title=\"sporfy\" \/><noscript>\n        <img loading=\"lazy\" decoding=\"async\" class=\"vce-single-image\" src=\"https:\/\/laurafinocchiaro.com.br\/site\/wp-content\/uploads\/2018\/03\/sporfy.png\" width=\"130\" height=\"133\" alt=\"\" title=\"sporfy\" \/>\n      <\/noscript><\/a><figcaption hidden=\"\"><\/figcaption><\/figure><\/div><\/div><\/div><\/div><\/div><div class=\"vce-col vce-col--md-20p vce-col--xs-1 vce-col--xs-last vce-col--xs-first vce-col--sm-last vce-col--sm-first vce-col--md-last vce-col--lg-last vce-col--xl-last\" id=\"el-de43853b\"><div class=\"vce-col-inner\" data-vce-do-apply=\"border margin background  el-de43853b\"><div class=\"vce-col-content\" data-vce-element-content=\"true\" data-vce-do-apply=\"padding el-de43853b\"><div class=\"vce-single-image-container vce-single-image--align-left\"><div class=\"vce vce-single-image-wrapper\" id=\"el-e1ed04eb\" data-vce-do-apply=\"all el-e1ed04eb\"><figure><a href=\"https:\/\/www.deezer.com\/br\/album\/1104741\" title=\"\" target=\"_blank\" class=\"vce-single-image-inner vce-single-image--absolute\" style=\"padding-bottom: 102.308%; width: 130px;\" rel=\"noopener\"><img loading=\"lazy\" decoding=\"async\" class=\"vce-single-image \"  width=\"130\" height=\"133\"  src=\"https:\/\/laurafinocchiaro.com.br\/site\/wp-content\/uploads\/2018\/03\/deezer.png\"  data-img-src=\"https:\/\/laurafinocchiaro.com.br\/site\/wp-content\/uploads\/2018\/03\/deezer.png\" alt=\"\" title=\"deezer\" \/><noscript>\n        <img loading=\"lazy\" decoding=\"async\" class=\"vce-single-image\" src=\"https:\/\/laurafinocchiaro.com.br\/site\/wp-content\/uploads\/2018\/03\/deezer.png\" width=\"130\" height=\"133\" alt=\"\" title=\"deezer\" \/>\n      <\/noscript><\/a><figcaption hidden=\"\"><\/figcaption><\/figure><\/div><\/div><\/div><\/div><\/div><\/div><\/div><\/div>\n<p><\/p>","protected":false},"excerpt":{"rendered":"<p>Apresenta mantras de cura, escritos h\u00e1 cerca de 2.500 anos por Buda Shakiamuni, transcritos por Lama Gangchen Tulko Rimpoche, com m\u00fasica e arranjo de Laura Finocchiaro.Ficha T\u00e9cnicaEngenheiros de Grava\u00e7\u00e3o:&nbsp;Buga Som e BuguinhaApoio T\u00e9cnico:&nbsp;Teo PoncianoEngenheiro de Mixagem:&nbsp;BuguinhaMasteriza\u00e7\u00e3o:&nbsp;Mad ZooDire\u00e7\u00e3o geral, produ\u00e7\u00e3o musical e executiva:&nbsp; Laura FinocchiaroCo-produ\u00e7\u00e3o musical:&nbsp;Jos\u00e9 Luiz Zambianchi e Teo PoncianoColabora\u00e7\u00e3o [&hellip;]<\/p>\n","protected":false},"author":6,"featured_media":0,"parent":0,"menu_order":0,"comment_status":"closed","ping_status":"closed","template":"","meta":{"footnotes":""},"class_list":["post-2471","page","type-page","status-publish","hentry"],"_links":{"self":[{"href":"https:\/\/laurafinocchiaro.com.br\/site\/wp-json\/wp\/v2\/pages\/2471","targetHints":{"allow":["GET"]}}],"collection":[{"href":"https:\/\/laurafinocchiaro.com.br\/site\/wp-json\/wp\/v2\/pages"}],"about":[{"href":"https:\/\/laurafinocchiaro.com.br\/site\/wp-json\/wp\/v2\/types\/page"}],"author":[{"embeddable":true,"href":"https:\/\/laurafinocchiaro.com.br\/site\/wp-json\/wp\/v2\/users\/6"}],"replies":[{"embeddable":true,"href":"https:\/\/laurafinocchiaro.com.br\/site\/wp-json\/wp\/v2\/comments?post=2471"}],"version-history":[{"count":17,"href":"https:\/\/laurafinocchiaro.com.br\/site\/wp-json\/wp\/v2\/pages\/2471\/revisions"}],"predecessor-version":[{"id":4318,"href":"https:\/\/laurafinocchiaro.com.br\/site\/wp-json\/wp\/v2\/pages\/2471\/revisions\/4318"}],"wp:attachment":[{"href":"https:\/\/laurafinocchiaro.com.br\/site\/wp-json\/wp\/v2\/media?parent=2471"}],"curies":[{"name":"wp","href":"https:\/\/api.w.org\/{rel}","templated":true}]}}