{"id":17,"date":"2016-09-05T09:00:29","date_gmt":"2016-09-05T09:00:29","guid":{"rendered":"http:\/\/ld-wp.template-help.com\/wordpress_58988-sample\/?page_id=17"},"modified":"2024-12-13T14:12:42","modified_gmt":"2024-12-13T14:12:42","slug":"contato","status":"publish","type":"page","link":"https:\/\/laurafinocchiaro.com.br\/site\/contato\/","title":{"rendered":""},"content":{"rendered":"<div class=\"vce-row-container\"><div class=\"vce-row vce-row--col-gap-30 vce-row-content--top\" data-vce-full-width=\"true\" id=\"el-b9d1ca38\" data-vce-do-apply=\"all el-b9d1ca38\"><div class=\"vce-content-background-container\"><\/div><div class=\"vce-row-content\" data-vce-element-content=\"true\"><div class=\"vce-col vce-col--md-50p vce-col--xs-1 vce-col--xs-last vce-col--xs-first vce-col--sm-last vce-col--sm-first vce-col--md-first vce-col--lg-first vce-col--xl-first\" id=\"el-6cfdc458\"><div class=\"vce-col-inner\" data-vce-do-apply=\"border margin background  el-6cfdc458\"><div class=\"vce-col-content\" data-vce-element-content=\"true\" data-vce-do-apply=\"padding el-6cfdc458\"><div class=\"vce-text-block\"><div class=\"vce-text-block-wrapper vce\" id=\"el-ccac88c7\" data-vce-do-apply=\"all el-ccac88c7\">\n<div class=\"wpcf7 no-js\" id=\"wpcf7-f5-o1\" lang=\"en-US\" dir=\"ltr\" data-wpcf7-id=\"5\">\n<div class=\"screen-reader-response\"><p role=\"status\" aria-live=\"polite\" aria-atomic=\"true\"><\/p> <ul><\/ul><\/div>\n<form action=\"\/site\/wp-json\/wp\/v2\/pages\/17#wpcf7-f5-o1\" method=\"post\" class=\"wpcf7-form init\" aria-label=\"Contact form\" novalidate=\"novalidate\" data-status=\"init\">\n<fieldset class=\"hidden-fields-container\"><input type=\"hidden\" name=\"_wpcf7\" value=\"5\" \/><input type=\"hidden\" name=\"_wpcf7_version\" value=\"6.1.1\" \/><input type=\"hidden\" name=\"_wpcf7_locale\" value=\"en_US\" \/><input type=\"hidden\" name=\"_wpcf7_unit_tag\" value=\"wpcf7-f5-o1\" \/><input type=\"hidden\" name=\"_wpcf7_container_post\" value=\"0\" \/><input type=\"hidden\" name=\"_wpcf7_posted_data_hash\" value=\"\" \/>\n<\/fieldset>\n<p><label> Nome (obrigat\u00f3rio)<br \/>\n<span class=\"wpcf7-form-control-wrap\" data-name=\"your-name\"><input size=\"40\" maxlength=\"400\" class=\"wpcf7-form-control wpcf7-text wpcf7-validates-as-required\" aria-required=\"true\" aria-invalid=\"false\" value=\"\" type=\"text\" name=\"your-name\" \/><\/span> <\/label>\n<\/p>\n<p><label> E-mail (obrigat\u00f3rio)<br \/>\n<span class=\"wpcf7-form-control-wrap\" data-name=\"your-email\"><input size=\"40\" maxlength=\"400\" class=\"wpcf7-form-control wpcf7-email wpcf7-validates-as-required wpcf7-text wpcf7-validates-as-email\" aria-required=\"true\" aria-invalid=\"false\" value=\"\" type=\"email\" name=\"your-email\" \/><\/span> <\/label>\n<\/p>\n<p><label> Assunto<br \/>\n<span class=\"wpcf7-form-control-wrap\" data-name=\"your-subject\"><input size=\"40\" maxlength=\"400\" class=\"wpcf7-form-control wpcf7-text\" aria-invalid=\"false\" value=\"\" type=\"text\" name=\"your-subject\" \/><\/span> <\/label>\n<\/p>\n<p><label> Mensagem<br \/>\n<span class=\"wpcf7-form-control-wrap\" data-name=\"your-message\"><textarea cols=\"40\" rows=\"10\" maxlength=\"2000\" class=\"wpcf7-form-control wpcf7-textarea\" aria-invalid=\"false\" name=\"your-message\"><\/textarea><\/span> <\/label>\n<\/p>\n<p><input class=\"wpcf7-form-control wpcf7-submit has-spinner\" type=\"submit\" value=\"ENVIAR\" \/>\n<\/p><p style=\"display: none !important;\" class=\"akismet-fields-container\" data-prefix=\"_wpcf7_ak_\"><label>&#916;<textarea name=\"_wpcf7_ak_hp_textarea\" cols=\"45\" rows=\"8\" maxlength=\"100\"><\/textarea><\/label><input type=\"hidden\" id=\"ak_js_1\" name=\"_wpcf7_ak_js\" value=\"60\"\/><script>document.getElementById( \"ak_js_1\" ).setAttribute( \"value\", ( new Date() ).getTime() );<\/script><\/p><div class=\"wpcf7-response-output\" aria-hidden=\"true\"><\/div>\n<\/form>\n<\/div>\n<\/div><\/div><\/div><\/div><\/div><div class=\"vce-col vce-col--md-50p vce-col--xs-1 vce-col--xs-last vce-col--xs-first vce-col--sm-last vce-col--sm-first vce-col--md-last vce-col--lg-last vce-col--xl-last\" id=\"el-789eeab8\"><div class=\"vce-col-inner\" data-vce-do-apply=\"border margin background  el-789eeab8\"><div class=\"vce-col-content\" data-vce-element-content=\"true\" data-vce-do-apply=\"padding el-789eeab8\"><div class=\"vce-text-block\"><div class=\"vce-text-block-wrapper vce\" id=\"el-43a50b19\" data-vce-do-apply=\"all el-43a50b19\"><p><b style=\"color: inherit; font-size: 37px;\">Sorte Produ\u00e7\u00f5es<\/b><\/p><div id=\"pu10205\" class=\"clearfix colelem\"><div id=\"pu10208-4\" class=\"clearfix grpelem\"><div id=\"u10208-4\" class=\"clearfix colelem\" data-muse-uid=\"U10208\" data-muse-type=\"txt_frame\" data-ibe-flags=\"txtStyleSrc\"><h5><strong><span class=\"textos\">Trilha Sonora + Produ\u00e7\u00e3o Musical Dire\u00e7\u00e3o Musical + Arte Educa\u00e7\u00e3o Eventos + Shows<\/span><\/strong><\/h5><p><strong>a\/c: Laura Finocchiaro<\/strong><\/p><p><a href=\"mailto:sorteprod@uol.com.br\">sorteprod@uol.com.br<\/a><strong><\/strong><\/p><\/div><div id=\"u58346-14\" class=\"clearfix colelem\" data-muse-uid=\"U58346\" data-muse-type=\"txt_frame\" data-ibe-flags=\"txtStyleSrc\"><p id=\"u58346-12\"><span class=\"textos\"><a class=\"nonblock\" href=\"mailto:mancuzo.entretenimento@gmail.com\"><\/a><\/span><\/p><\/div><\/div><\/div><\/div><\/div><\/div><\/div><\/div><\/div><\/div><\/div><div class=\"vce-row-container\" data-vce-boxed-width=\"true\"><div class=\"vce-row vce-row--col-gap-30 vce-row-equal-height vce-row-content--top\" id=\"el-91b7cccc\" data-vce-do-apply=\"all el-91b7cccc\"><div class=\"vce-row-content\" data-vce-element-content=\"true\"><div class=\"vce-col vce-col--md-auto vce-col--xs-1 vce-col--xs-last vce-col--xs-first vce-col--sm-last vce-col--sm-first vce-col--md-last vce-col--lg-last vce-col--xl-last vce-col--md-first vce-col--lg-first vce-col--xl-first\" id=\"el-f237291a\"><div class=\"vce-col-inner\" data-vce-do-apply=\"border margin background  el-f237291a\"><div class=\"vce-col-content\" data-vce-element-content=\"true\" data-vce-do-apply=\"padding el-f237291a\"><div><\/div><\/div><\/div><\/div><\/div><\/div><\/div><p><\/p>","protected":false},"excerpt":{"rendered":"<p>Sorte Produ\u00e7\u00f5esTrilha Sonora + Produ\u00e7\u00e3o Musical Dire\u00e7\u00e3o Musical + Arte Educa\u00e7\u00e3o Eventos + Showsa\/c: Laura Finocchiarosorteprod@uol.com.br<\/p>\n","protected":false},"author":1,"featured_media":3314,"parent":0,"menu_order":0,"comment_status":"closed","ping_status":"closed","template":"","meta":{"footnotes":""},"class_list":["post-17","page","type-page","status-publish","has-post-thumbnail","hentry"],"_links":{"self":[{"href":"https:\/\/laurafinocchiaro.com.br\/site\/wp-json\/wp\/v2\/pages\/17","targetHints":{"allow":["GET"]}}],"collection":[{"href":"https:\/\/laurafinocchiaro.com.br\/site\/wp-json\/wp\/v2\/pages"}],"about":[{"href":"https:\/\/laurafinocchiaro.com.br\/site\/wp-json\/wp\/v2\/types\/page"}],"author":[{"embeddable":true,"href":"https:\/\/laurafinocchiaro.com.br\/site\/wp-json\/wp\/v2\/users\/1"}],"replies":[{"embeddable":true,"href":"https:\/\/laurafinocchiaro.com.br\/site\/wp-json\/wp\/v2\/comments?post=17"}],"version-history":[{"count":51,"href":"https:\/\/laurafinocchiaro.com.br\/site\/wp-json\/wp\/v2\/pages\/17\/revisions"}],"predecessor-version":[{"id":5907,"href":"https:\/\/laurafinocchiaro.com.br\/site\/wp-json\/wp\/v2\/pages\/17\/revisions\/5907"}],"wp:featuredmedia":[{"embeddable":true,"href":"https:\/\/laurafinocchiaro.com.br\/site\/wp-json\/wp\/v2\/media\/3314"}],"wp:attachment":[{"href":"https:\/\/laurafinocchiaro.com.br\/site\/wp-json\/wp\/v2\/media?parent=17"}],"curies":[{"name":"wp","href":"https:\/\/api.w.org\/{rel}","templated":true}]}}