{"id":1498,"date":"2017-12-07T18:20:42","date_gmt":"2017-12-07T18:20:42","guid":{"rendered":"http:\/\/laurafinocchiaro.com.br\/site\/?page_id=1498"},"modified":"2021-10-27T14:04:28","modified_gmt":"2021-10-27T14:04:28","slug":"lory-finocchiaro","status":"publish","type":"page","link":"https:\/\/laurafinocchiaro.com.br\/site\/lory-finocchiaro\/","title":{"rendered":""},"content":{"rendered":"<div class=\"vce-row-container\"><div class=\"vce-row vce-row--col-gap-30 vce-row-content--top vcv-state--show-resizer\" data-vce-full-width=\"true\" id=\"el-10f68097\" data-vce-do-apply=\"all el-10f68097\"><div class=\"vce-content-background-container\"><\/div><div class=\"vce-row-content\" data-vce-element-content=\"true\"><div class=\"vce-col vce-col--md-100p vce-col--xs-1 vce-col--xs-last vce-col--xs-first vce-col--sm-last vce-col--sm-first vce-col--md-last vce-col--lg-last vce-col--xl-last vce-col--md-first vce-col--lg-first vce-col--xl-first\" id=\"el-40d4dff4\"><div class=\"vce-col-inner\" data-vce-do-apply=\"border margin background  el-40d4dff4\"><div class=\"vce-content-background-container\"><\/div><div class=\"vce-col-content\" data-vce-element-content=\"true\" data-vce-do-apply=\"padding el-40d4dff4\"><div class=\"vce-text-block\"><div class=\"vce-text-block-wrapper vce\" id=\"el-ee66ba1e\" data-vce-do-apply=\"all el-ee66ba1e\"><h2><strong>Lory Finocchiaro<\/strong><\/h2><p>Lory F. nasceu em Porto Alegre no dia 24 de setembro de 1958. Baixista, cantora, compositora, produtora musical e desenhista, deixou muitas composi\u00e7\u00f5es in\u00e9ditas, gravadas em fitas K7,&nbsp; al\u00e9m de um \u00fanico CD \u2013 Lory F. Band \u2013 produzido por ela, com composi\u00e7\u00f5es suas e de sua banda \u2013 a F. Band. Vision\u00e1ria e multim\u00eddia, Lory viveu&nbsp; intensamente seus 34 anos. Depois de muito sexo, drogas e rock\u2019n roll, nos deixou no dia 11 de agosto de 1993, v\u00edtima de AIDS.<\/p><h2 style=\"text-align: left;\"><strong>Conhe\u00e7a mais Lory F. <br><\/strong><\/h2><p style=\"text-align: left;\">Conhe\u00e7a a vida e obra musical de Lory F, irm\u00e3 de Laura, que deixou um legado para a m\u00fasica brasileira, apesar de sua passagem r\u00e1pida por ela. Marcando a hist\u00f3ria do rock ga\u00facho, Lory e sua m\u00fasica seguem vivas e ativas na lembran\u00e7a de sua fam\u00edlia, amigos, f\u00e3s e todos que tiveram a sorte de cruzar seu caminho em algum momento de sua trajet\u00f3ria. Este ano, a Casa de Cultura M\u00e1rio Quintana, de Porto Alegre, batizou um dos seus palcos de \"Lory F\", em reconhecimento por sua breve, por\u00e9m intensa, contribui\u00e7\u00e3o art\u00edstica.<\/p><p><iframe src=\"https:\/\/w.soundcloud.com\/player\/?url=https%3A\/\/api.soundcloud.com\/playlists\/167058981&amp;color=%23ff5500&amp;auto_play=false&amp;hide_related=false&amp;show_comments=true&amp;show_user=true&amp;show_reposts=false&amp;show_teaser=true&amp;visual=true\" scrolling=\"no\" width=\"100%\" height=\"450\" frameborder=\"no\"><\/iframe><\/p><p><iframe title=\"Document\u00e1rio &quot;Sinal de Alerta - Lory F.&quot;\" width=\"750\" height=\"422\" src=\"https:\/\/www.youtube.com\/embed\/0DDXxtuDRd4?feature=oembed\" frameborder=\"0\" allow=\"accelerometer; autoplay; clipboard-write; encrypted-media; gyroscope; picture-in-picture\" allowfullscreen><\/iframe><\/p><h1><strong>LETRAS<\/strong><\/h1><h3 id=\"u4135-2\"><strong>Baleada Noturna<\/strong><\/h3><p id=\"u4135-4\"><strong>(Lory Finocchiaro)<\/strong><\/p><p>Voc\u00ea vai ser<\/p><p>obrigado a me escutar<\/p><p>N\u00e3o foi \u00e0 toa que eu<\/p><p>ganhei todos aqueles n\u00fameros<\/p><p>N\u00e3o foi nada f\u00e1cil<\/p><p>Minha pele tive que arriscar<\/p><p>e a sa\u00fade mental quase quis<\/p><p>me abandonar<\/p><p>N\u00e3o me olhe deste jeito<\/p><p>\u00e9 melhor nem olhar<\/p><p>todo mundo tem defeito<\/p><p>N\u00e3o me venha espionar<\/p><p>a curiosidade j\u00e1 deixou<\/p><p>muita gente hist\u00e9rica<\/p><p>A mentira e a lux\u00faria<\/p><p>fazem parte da ind\u00fastria b\u00e9lica<\/p><p>isonero a pol\u00edtica, odeio a pol\u00edcia<\/p><p>e a corrup\u00e7\u00e3o<\/p><p>Essa falta de tato deles<\/p><p>com a popula\u00e7\u00e3o<\/p><p>N\u00e3o me olhe deste jeito<\/p><p>\u00c9 melhor nem olhar<\/p><p>Todo mundo tem defeito<\/p><p>N\u00e3o me venha espionar<\/p><h3 id=\"u4155-2\"><strong>Pro Amor Viver em Paz<\/strong><\/h3><p id=\"u4155-4\"><strong>(Lory Finocchiaro)<\/strong><\/p><p>Voc\u00ea me envolveu<\/p><p>como uma pluma<\/p><p>me deixei levar<\/p><p>eu acreditei<\/p><p>e apostei no jogo<\/p><p>de se apaixonar<\/p><p>mil vezes errei<\/p><p>tentando lembrar<\/p><p>como \u00e9 que se faz<\/p><p>pro amor viver em paz<\/p><p>pro amor viver em paz<\/p><p>mas quando a gente<\/p><p>j\u00e1 tem o seu jeito<\/p><p>que nem o pr\u00f3prio tempo<\/p><p>pode mudar<\/p><p>algu\u00e9m come\u00e7a<\/p><p>a ver nisso um defeito<\/p><p>todo romance se dissipa no ar<\/p><h3 id=\"u4167-2\"><strong>For\u00e7as<\/strong><\/h3><p id=\"u4167-4\"><strong>(Lory Finocchiaro \/ Ricardo Cordeiro)<\/strong><\/p><p>A \u00fanica coisa que quanto mais se d\u00e1<\/p><p>Mais se tem \u00e9 o amor que vem<\/p><p>Quando se ama por inteiro<\/p><p>Pode esquecer o poder e o dinheiro<\/p><p>Mas se acima de tudo<\/p><p>Voc\u00ea s\u00f3 pensa em grana<\/p><p>Jamais vai saber do poder<\/p><p>Do amor al\u00e9m da cama<\/p><p>Beleza n\u00e3o traz felicidade<\/p><p>Mas dinheiro \u00e9 fundamental<\/p><p>No caso da mis\u00e9ria e fome<\/p><p>N\u00e3o existe o bem sem o mal<\/p><p>As for\u00e7as do esp\u00edrito e mat\u00e9ria<\/p><p>N\u00e3o s\u00e3o para entrar em choque<\/p><p>E sim prum equil\u00edbrio<\/p><p>Livre do azar e da sorte<\/p><p>Mas se acima de tudo<\/p><h3 id=\"u4152-2\"><strong>Get together<\/strong><\/h3><p id=\"u4152-4\"><strong>(F. Band \/ Edu K.)<\/strong><\/p><p>Get up!<\/p><p>Badlly off! Turn on easy money<\/p><p>Show down! Don't blame me<\/p><p>Get out! Don't joke with me<\/p><p>It's a hard life<\/p><p>It's not easy<\/p><p>It's not funny<\/p><p>What's love<\/p><p>I've got sperm and you got money<\/p><p>Oh get together<\/p><p>But give me your love<\/p><p>Oh get together<\/p><p>But give your love<\/p><p>Oh get together<\/p><p>But give me your money<\/p><p>Oh get together Never, never messed up<\/p><p>It's a hard life<\/p><h3 id=\"u4161-2\" style=\"text-align: left;\"><strong>Wasting Time<\/strong><\/h3><p id=\"u4161-4\" style=\"text-align: left;\"><strong>(Lory Finocchiaro \/ Ricardo Cordeiro)<\/strong><\/p><p>You set me on fire<\/p><p>Is it love or desire<\/p><p>You fuck my brain<\/p><p>with your ass on my face<\/p><p>If you luck look for fun<\/p><p>you don't need no reason<\/p><p>I want your body<\/p><p>but not your heart<\/p><p>wasting time<\/p><p>is now or right now<\/p><p>wasting time<\/p><p>is now or right now<\/p><p>watch the time<\/p><p>don't be late<\/p><p>don't be late<\/p><p>it's just simple emotions<\/p><p>don't you think anymore<\/p><p>no questions,no answer<\/p><p>just feel the vibrations<\/p><p>searching for power<\/p><p>as you like to do<\/p><p>i want your body<\/p><p>but not your heart<\/p><h3 id=\"u4168-2\" style=\"text-align: left;\"><strong>Fera Solit\u00e1ria<\/strong><\/h3><p id=\"u4168-4\" style=\"text-align: left;\"><strong>(Lory Finocchiaro \/ Ricardo Cordeiro)<\/strong><\/p><p>De voc\u00ea t\u00f4 dependendo<\/p><p>Voc\u00ea fica s\u00f3 se quer<\/p><p>Vou continuar observando<\/p><p>Tudo o, que voc\u00ea fizer<\/p><p>N\u00e3o imagina nada<\/p><p>N\u00e3o precisa nem falar<\/p><p>Ou dizer coisa com coisa<\/p><p>\u00c9 s\u00f3 voc\u00ea querer amar<\/p><p>Pra que querer fugir<\/p><p>Do que pode te fazer feliz<\/p><p>N\u00e3o deixa o cora\u00e7\u00e3o fingir<\/p><p>E ou\u00e7a o que seu corpo diz<\/p><p>N\u00e3o custa voc\u00ea desligar<\/p><p>O seu sistema de defesa<\/p><p>Sou uma fera solit\u00e1ria<\/p><p>Aprisionada pela presa<\/p><h3 id=\"u4154-2\" style=\"text-align: left;\"><strong>Time Runaway<\/strong><\/h3><p id=\"u4154-4\" style=\"text-align: left;\"><strong>(Lory Finocchiaro)<\/strong><\/p><p>It feels Friday<\/p><p>Everybody's cold<\/p><p>Yesterday I was one<\/p><p>Today I'm another<\/p><p>And you ask me why<\/p><p>Maibe It's the moonlight<\/p><p>Like the wind all changes<\/p><p>I die all the time<\/p><p>I'm change over too<\/p><p>Hey,don't get used to<\/p><p>As a time runaway<\/p><p>Catchin' new feelings<\/p><p>I think you taste so savory<\/p><p>Oh,I'm so crazy for you<\/p><p>I could take you to the sky<\/p><p>But only if you stop playing<\/p><p>with me<\/p><h3 id=\"u4162-2\" style=\"text-align: left;\"><strong>Vantagem<\/strong><\/h3><p id=\"u4162-4\" style=\"text-align: left;\"><strong>(Lory Finocchiaro)<\/strong><\/p><p>Vantagem pra aproveitar<\/p><p>\u00c9 s\u00f3 come\u00e7ar<\/p><p>Como para gozar<\/p><p>Como para mentir<\/p><p>Vantagem<\/p><p>Abuso e ousadia<\/p><p>Tira de mim este trem<\/p><p>Sanguessuga \u00e9 covardia<\/p><p>Isso \u00e9 falta de assunto<\/p><p>Vira a folha que eu mudo<\/p><p>Calo e n\u00e3o escuto<\/p><p>Isso \u00e9 falta de assunto<\/p><p>Vira a folha que eu mudo<\/p><p>Calo e n\u00e3o escuto<\/p><p>A gente finge que n\u00e3o tira<\/p><p>Vantagem<\/p><p>Em qualquer situa\u00e7\u00e3o<\/p><p>\u00c9 como brindar<\/p><p>\u00c0 nossa sorte<\/p><p>\u00c0 vida e a morte<\/p><p>De algu\u00e9m que est\u00e1<\/p><p>Querendo tirar<\/p><p>Vantagem<\/p><p>Da nata do lixo<\/p><p>Do mijo do povo<\/p><p>Do pouco que temos<\/p><p>Do r\u00e9u e do louco<\/p><p>Vantagem da nata do lixo...<\/p><h3 style=\"text-align: left;\"><strong>Bebidas Fuertes<\/strong><\/h3><div id=\"ppu171\" class=\"clearfix grpelem\" style=\"text-align: left;\"><div id=\"pu171\" class=\"clearfix grpelem\"><div id=\"pu4134\" class=\"clearfix colelem\"><div id=\"u4176-37\" class=\"clearfix grpelem\" data-muse-uid=\"U4176\" data-muse-type=\"txt_frame\" data-ibe-flags=\"txtStyleSrc\"><p id=\"u4176-4\"><strong>(Lory Finocchiaro \/ Ricardo Cordeiro)<\/strong><\/p><p>Bourbon,Gim,Tequila<\/p><p>Yo prefiro bebidas fuertes<\/p><p>Pero mujeres suaves<\/p><p>Me gusta las ma\u00f1anas<\/p><p>Pero trabajo di noche<\/p><p>Yo no consigo dormir<\/p><p>Witness is on my eyes<\/p><p>Cosas que hacen dormir<\/p><p>Mismo sin querer<\/p><p>Emborracho mi corazon<\/p><p>Perdido yo en el placer<\/p><p>Toda la verdad<\/p><p>La realidad es sue\u00f1o<\/p><p>Por que si no il si cambia<\/p><p>La eternidad pronto pronto.<\/p><\/div><\/div><\/div><\/div><\/div><\/div><\/div><\/div><\/div><\/div><\/div><\/div>\n<p><\/p>","protected":false},"excerpt":{"rendered":"<p>Lory FinocchiaroLory F. nasceu em Porto Alegre no dia 24 de setembro de 1958. Baixista, cantora, compositora, produtora musical e desenhista, deixou muitas composi\u00e7\u00f5es in\u00e9ditas, gravadas em fitas K7,&nbsp; al\u00e9m de um \u00fanico CD \u2013 Lory F. Band \u2013 produzido por ela, com composi\u00e7\u00f5es suas e de sua banda \u2013 [&hellip;]<\/p>\n","protected":false},"author":5,"featured_media":3573,"parent":0,"menu_order":0,"comment_status":"closed","ping_status":"closed","template":"","meta":{"footnotes":""},"class_list":["post-1498","page","type-page","status-publish","has-post-thumbnail","hentry"],"_links":{"self":[{"href":"https:\/\/laurafinocchiaro.com.br\/site\/wp-json\/wp\/v2\/pages\/1498","targetHints":{"allow":["GET"]}}],"collection":[{"href":"https:\/\/laurafinocchiaro.com.br\/site\/wp-json\/wp\/v2\/pages"}],"about":[{"href":"https:\/\/laurafinocchiaro.com.br\/site\/wp-json\/wp\/v2\/types\/page"}],"author":[{"embeddable":true,"href":"https:\/\/laurafinocchiaro.com.br\/site\/wp-json\/wp\/v2\/users\/5"}],"replies":[{"embeddable":true,"href":"https:\/\/laurafinocchiaro.com.br\/site\/wp-json\/wp\/v2\/comments?post=1498"}],"version-history":[{"count":81,"href":"https:\/\/laurafinocchiaro.com.br\/site\/wp-json\/wp\/v2\/pages\/1498\/revisions"}],"predecessor-version":[{"id":4653,"href":"https:\/\/laurafinocchiaro.com.br\/site\/wp-json\/wp\/v2\/pages\/1498\/revisions\/4653"}],"wp:featuredmedia":[{"embeddable":true,"href":"https:\/\/laurafinocchiaro.com.br\/site\/wp-json\/wp\/v2\/media\/3573"}],"wp:attachment":[{"href":"https:\/\/laurafinocchiaro.com.br\/site\/wp-json\/wp\/v2\/media?parent=1498"}],"curies":[{"name":"wp","href":"https:\/\/api.w.org\/{rel}","templated":true}]}}